{"id":4871,"date":"2026-03-13T18:50:04","date_gmt":"2026-03-13T17:50:04","guid":{"rendered":"https:\/\/skishop.no\/?page_id=4871"},"modified":"2026-03-13T18:53:43","modified_gmt":"2026-03-13T17:53:43","slug":"messaging-terms-for-sms","status":"publish","type":"page","link":"https:\/\/skishop.no\/da\/privatlivets-fred\/meddelelsesudtryk-for-sms\/","title":{"rendered":"Meddelelsesbetingelser for SMS."},"content":{"rendered":"<div data-elementor-type=\"wp-page\" data-elementor-id=\"4871\" class=\"elementor elementor-4871\" data-elementor-post-type=\"page\">\n\t\t\t\t<div data-particle_enable=\"false\" data-particle-mobile-disabled=\"false\" class=\"elementor-element elementor-element-c1569f6 e-flex e-con-boxed e-con e-parent\" data-id=\"c1569f6\" data-element_type=\"container\" data-e-type=\"container\">\n\t\t\t\t\t<div class=\"e-con-inner\">\n\t\t\t\t<div class=\"elementor-element elementor-element-8a8e893 elementor-widget elementor-widget-text-editor\" data-id=\"8a8e893\" data-element_type=\"widget\" data-e-type=\"widget\" data-widget_type=\"text-editor.default\">\n\t\t\t\t\t\t\t\t\t<p data-pm-slice=\"1 1 []\">Skishopno<\/p><p>24 Vestmovegen Trysil Innlandet NO 2420<\/p><p>Info@skishop.no<\/p><p><blockquote class=\"wp-embedded-content\" data-secret=\"imbWwW1TRB\"><a href=\"https:\/\/skishop.no\/da\/privatlivets-fred\/\">Fortrolighedspolitik<\/a><\/blockquote><iframe loading=\"lazy\" class=\"wp-embedded-content\" sandbox=\"allow-scripts\" security=\"restricted\" style=\"position: absolute; visibility: hidden;\" title=\"\u00abFortrolighedspolitik\u00bb - Trysil Skishop\" src=\"https:\/\/skishop.no\/personvern\/embed\/#?secret=7vV17KifiX#?secret=imbWwW1TRB\" data-secret=\"imbWwW1TRB\" width=\"500\" height=\"282\" frameborder=\"0\" marginwidth=\"0\" marginheight=\"0\" scrolling=\"no\"><\/iframe><\/p><h1>Vilk\u00e5r og betingelser for beskeder<\/h1><p>Skishopno | 24 Vestmovegen Trysil Innlandet NO 2420<\/p><h2>Generelt<\/h2><p>N\u00e5r du tilmelder dig tjenesten, sender vi dig en besked for at bekr\u00e6fte din tilmelding.<\/p><p>Ved at v\u00e6lge beskeder accepterer du at modtage tilbagevendende automatiseret markedsf\u00f8ring og informative tekstbeskeder fra Skishopno. Automatiske beskeder kan sendes ved hj\u00e6lp af et automatisk telefonopkaldssystem til det mobiltelefonnummer, du angav, da du tilmeldte dig, eller ethvert andet nummer, du angiver.<\/p><p>Beskedfrekvensen varierer, og yderligere mobilbeskeder kan blive sendt med j\u00e6vne mellemrum baseret p\u00e5 din interaktion med Skishopno. Skishopno forbeholder sig ret til at \u00e6ndre frekvensen af sendte beskeder til enhver tid for at \u00f8ge eller mindske det samlede antal sendte beskeder. Skishopno forbeholder sig ogs\u00e5 ret til at \u00e6ndre kortnummeret eller telefonnummeret eller den alfanumeriske afsender, hvor beskeder sendes.<\/p><p>Dine s\u00e6dvanlige besked- og datatakster kan g\u00e6lde. Hvis du har sp\u00f8rgsm\u00e5l om din sms- eller dataplan, er det bedst at kontakte din mobiludbyder. Din mobiludbyder er ikke ansvarlig for forsinkede eller ikke-leverede beskeder.<\/p><p>Dit samtykke til at modtage markedsf\u00f8ringsmeddelelser er ikke en betingelse for k\u00f8b.<\/p><h2>Transport\u00f8rer<\/h2><p>Transport\u00f8rer er ikke ansvarlige for forsinkede eller ikke-leverede meddelelser.<\/p><h2>Annullering<\/h2><p>Beskeder vil indeholde instruktioner om at afmelde sig enten ved at skrive STOP eller via et inkluderet link. N\u00e5r du har afmeldt dig, sender vi dig en besked for at bekr\u00e6fte, at du er blevet afmeldt, og at der ikke vil blive sendt flere beskeder. Hvis du gerne vil modtage beskeder fra Skishopno igen, skal du bare tilmelde dig, som du gjorde f\u00f8rste gang, og Skishopno vil begynde at sende beskeder til dig igen.<\/p><h2>Info<\/h2><p>For support vedr\u00f8rende vores tjenester kan du til enhver tid sende os en e-mail p\u00e5 Info@skishop.no eller, hvis det underst\u00f8ttes, sende en sms med teksten \u00bbHELP\u00bb til vores beskeder, og vi vil svare med instruktioner om, hvordan du afmelder dig. Hvis vi inkluderer et link i meddelelser, vi sender dig fra Skishopno, kan du ogs\u00e5 f\u00e5 adgang til instruktioner om, hvordan du afmelder dig, og vores virksomhedsoplysninger ved at f\u00f8lge dette link.<\/p><h2>Overf\u00f8rsel af nummer<\/h2><p>Du accepterer, at f\u00f8r du \u00e6ndrer dit mobilnummer eller overf\u00f8rer dit mobilnummer til en anden person, vil du enten svare \u00bbSTOP\u00bb fra det oprindelige nummer, afmelde dig ved hj\u00e6lp af det link, der er inkluderet i vores meddelelser (hvis der findes et), eller underrette os om dit gamle nummer p\u00e5 Info@skishop.no. Pligten til at informere os p\u00e5 baggrund af ovenst\u00e5ende begivenheder er en betingelse for at bruge denne tjeneste til at modtage beskeder.<\/p><h2>Fortrolighedspolitik<\/h2><p>Hvis du har sp\u00f8rgsm\u00e5l om dine data eller vores privatlivspraksis, kan du bes\u00f8ge vores https:\/\/skishop.no\/personvern\/.<\/p><h2>\u00c6ndringer i meddelelsesvilk\u00e5r<\/h2><p>Vi forbeholder os ret til at \u00e6ndre eller afslutte vores beskedprogram til enhver tid. Vi forbeholder os ogs\u00e5 ret til at opdatere disse meddelelsesvilk\u00e5r til enhver tid. S\u00e5danne \u00e6ndringer vil tr\u00e6de i kraft umiddelbart efter offentligg\u00f8relsen. Hvis du ikke er enig i en \u00e6ndring af disse meddelelsesvilk\u00e5r, skal du annullere din tilmelding til vores meddelelsesprogram. Din fortsatte tilmelding efter s\u00e5danne \u00e6ndringer udg\u00f8r din accept af s\u00e5danne \u00e6ndringer.<\/p><p>\u00a0<\/p>\t\t\t\t\t\t\t\t<\/div>\n\t\t\t\t\t<\/div>\n\t\t\t\t<\/div>\n\t\t\t\t<\/div>","protected":false},"excerpt":{"rendered":"<p>Skishopno 24 Vestmovegen Trysil Innlandet NO 2420 Info@skishop.no Personvern Messaging Terms &amp; Conditions Skishopno | 24 Vestmovegen Trysil Innlandet NO 2420 General When you opt-in to the service, we will send you a message to confirm your signup. By opting into messages, you agree to receive recurring automated marketing and informational text messages from Skishopno. [&hellip;]<\/p>\n","protected":false},"author":1,"featured_media":0,"parent":1833,"menu_order":0,"comment_status":"closed","ping_status":"closed","template":"","meta":{"site-sidebar-layout":"no-sidebar","site-content-layout":"page-builder","ast-site-content-layout":"full-width-container","site-content-style":"default","site-sidebar-style":"default","ast-global-header-display":"","ast-banner-title-visibility":"","ast-main-header-display":"","ast-hfb-above-header-display":"","ast-hfb-below-header-display":"","ast-hfb-mobile-header-display":"","site-post-title":"","ast-breadcrumbs-content":"","ast-featured-img":"disabled","footer-sml-layout":"","ast-disable-related-posts":"","theme-transparent-header-meta":"","adv-header-id-meta":"","stick-header-meta":"","header-above-stick-meta":"","header-main-stick-meta":"","header-below-stick-meta":"","astra-migrate-meta-layouts":"set","ast-page-background-enabled":"default","ast-page-background-meta":{"desktop":{"background-color":"var(--ast-global-color-4)","background-image":"","background-repeat":"repeat","background-position":"center center","background-size":"auto","background-attachment":"scroll","background-type":"","background-media":"","overlay-type":"","overlay-color":"","overlay-opacity":"","overlay-gradient":""},"tablet":{"background-color":"","background-image":"","background-repeat":"repeat","background-position":"center center","background-size":"auto","background-attachment":"scroll","background-type":"","background-media":"","overlay-type":"","overlay-color":"","overlay-opacity":"","overlay-gradient":""},"mobile":{"background-color":"","background-image":"","background-repeat":"repeat","background-position":"center center","background-size":"auto","background-attachment":"scroll","background-type":"","background-media":"","overlay-type":"","overlay-color":"","overlay-opacity":"","overlay-gradient":""}},"ast-content-background-meta":{"desktop":{"background-color":"var(--ast-global-color-5)","background-image":"","background-repeat":"repeat","background-position":"center center","background-size":"auto","background-attachment":"scroll","background-type":"","background-media":"","overlay-type":"","overlay-color":"","overlay-opacity":"","overlay-gradient":""},"tablet":{"background-color":"var(--ast-global-color-5)","background-image":"","background-repeat":"repeat","background-position":"center center","background-size":"auto","background-attachment":"scroll","background-type":"","background-media":"","overlay-type":"","overlay-color":"","overlay-opacity":"","overlay-gradient":""},"mobile":{"background-color":"var(--ast-global-color-5)","background-image":"","background-repeat":"repeat","background-position":"center center","background-size":"auto","background-attachment":"scroll","background-type":"","background-media":"","overlay-type":"","overlay-color":"","overlay-opacity":"","overlay-gradient":""}},"footnotes":""},"class_list":["post-4871","page","type-page","status-publish","hentry"],"yoast_head":"<!-- This site is optimized with the Yoast SEO Premium plugin v27.2 (Yoast SEO v27.5) - https:\/\/yoast.com\/product\/yoast-seo-premium-wordpress\/ -->\n<title>Messaging Terms for SMS. - Trysil Skishop<\/title>\n<meta name=\"description\" content=\"Trysil Skishop -\" \/>\n<meta name=\"robots\" content=\"index, follow, max-snippet:-1, max-image-preview:large, max-video-preview:-1\" \/>\n<link rel=\"canonical\" href=\"https:\/\/skishop.no\/da\/privatlivets-fred\/meddelelsesudtryk-for-sms\/\" \/>\n<meta property=\"og:locale\" content=\"da_DK\" \/>\n<meta property=\"og:type\" content=\"article\" \/>\n<meta property=\"og:title\" content=\"Messaging Terms for SMS.\" \/>\n<meta property=\"og:description\" content=\"Trysil Skishop -\" \/>\n<meta property=\"og:url\" content=\"https:\/\/skishop.no\/da\/privatlivets-fred\/meddelelsesudtryk-for-sms\/\" \/>\n<meta property=\"og:site_name\" content=\"Trysil Skishop\" \/>\n<meta property=\"article:publisher\" content=\"https:\/\/www.facebook.com\/TrysilSkishop\/\" \/>\n<meta property=\"article:modified_time\" content=\"2026-03-13T17:53:43+00:00\" \/>\n<meta property=\"og:image\" content=\"https:\/\/skishop.no\/wp-content\/uploads\/2025\/09\/Skishop-e1773158831889.jpg\" \/>\n\t<meta property=\"og:image:width\" content=\"964\" \/>\n\t<meta property=\"og:image:height\" content=\"643\" \/>\n\t<meta property=\"og:image:type\" content=\"image\/webp\" \/>\n<meta name=\"twitter:card\" content=\"summary_large_image\" \/>\n<meta name=\"twitter:label1\" content=\"Estimeret l\u00e6setid\" \/>\n\t<meta name=\"twitter:data1\" content=\"3 minutter\" \/>\n<script type=\"application\/ld+json\" class=\"yoast-schema-graph\">{\"@context\":\"https:\\\/\\\/schema.org\",\"@graph\":[{\"@type\":\"Article\",\"@id\":\"https:\\\/\\\/skishop.no\\\/personvern\\\/messaging-terms-for-sms\\\/#article\",\"isPartOf\":{\"@id\":\"https:\\\/\\\/skishop.no\\\/personvern\\\/messaging-terms-for-sms\\\/\"},\"author\":{\"name\":\"\",\"@id\":\"https:\\\/\\\/skishop.no\\\/#\\\/schema\\\/person\\\/e1116c92488e263d9a1324f1bd5d2dcb\"},\"headline\":\"Messaging Terms for SMS.\",\"datePublished\":\"2026-03-13T17:50:04+00:00\",\"dateModified\":\"2026-03-13T17:53:43+00:00\",\"mainEntityOfPage\":{\"@id\":\"https:\\\/\\\/skishop.no\\\/personvern\\\/messaging-terms-for-sms\\\/\"},\"wordCount\":501,\"publisher\":{\"@id\":\"https:\\\/\\\/skishop.no\\\/#organization\"},\"inLanguage\":\"da-DK\"},{\"@type\":\"WebPage\",\"@id\":\"https:\\\/\\\/skishop.no\\\/personvern\\\/messaging-terms-for-sms\\\/\",\"url\":\"https:\\\/\\\/skishop.no\\\/personvern\\\/messaging-terms-for-sms\\\/\",\"name\":\"Messaging Terms for SMS. - Trysil Skishop\",\"isPartOf\":{\"@id\":\"https:\\\/\\\/skishop.no\\\/#website\"},\"datePublished\":\"2026-03-13T17:50:04+00:00\",\"dateModified\":\"2026-03-13T17:53:43+00:00\",\"description\":\"Trysil Skishop -\",\"breadcrumb\":{\"@id\":\"https:\\\/\\\/skishop.no\\\/personvern\\\/messaging-terms-for-sms\\\/#breadcrumb\"},\"inLanguage\":\"da-DK\",\"potentialAction\":[{\"@type\":\"ReadAction\",\"target\":[\"https:\\\/\\\/skishop.no\\\/personvern\\\/messaging-terms-for-sms\\\/\"]}]},{\"@type\":\"BreadcrumbList\",\"@id\":\"https:\\\/\\\/skishop.no\\\/personvern\\\/messaging-terms-for-sms\\\/#breadcrumb\",\"itemListElement\":[{\"@type\":\"ListItem\",\"position\":1,\"name\":\"Hjem\",\"item\":\"https:\\\/\\\/skishop.no\\\/\"},{\"@type\":\"ListItem\",\"position\":2,\"name\":\"Personvern\",\"item\":\"https:\\\/\\\/skishop.no\\\/da\\\/privatlivets-fred\\\/\"},{\"@type\":\"ListItem\",\"position\":3,\"name\":\"Messaging Terms for SMS.\"}]},{\"@type\":\"WebSite\",\"@id\":\"https:\\\/\\\/skishop.no\\\/#website\",\"url\":\"https:\\\/\\\/skishop.no\\\/\",\"name\":\"Trysil Skishop\",\"description\":\"Trysils billigste skiutleie\",\"publisher\":{\"@id\":\"https:\\\/\\\/skishop.no\\\/#organization\"},\"alternateName\":\"Trysil ski leie\",\"potentialAction\":[{\"@type\":\"SearchAction\",\"target\":{\"@type\":\"EntryPoint\",\"urlTemplate\":\"https:\\\/\\\/skishop.no\\\/?s={search_term_string}\"},\"query-input\":{\"@type\":\"PropertyValueSpecification\",\"valueRequired\":true,\"valueName\":\"search_term_string\"}}],\"inLanguage\":\"da-DK\"},{\"@type\":\"Organization\",\"@id\":\"https:\\\/\\\/skishop.no\\\/#organization\",\"name\":\"Trysil Skishop\",\"alternateName\":\"Trysil Skishop AS\",\"url\":\"https:\\\/\\\/skishop.no\\\/\",\"logo\":{\"@type\":\"ImageObject\",\"inLanguage\":\"da-DK\",\"@id\":\"https:\\\/\\\/skishop.no\\\/#\\\/schema\\\/logo\\\/image\\\/\",\"url\":\"https:\\\/\\\/skishop.no\\\/wp-content\\\/uploads\\\/2025\\\/09\\\/Site-icon-1.webp\",\"contentUrl\":\"https:\\\/\\\/skishop.no\\\/wp-content\\\/uploads\\\/2025\\\/09\\\/Site-icon-1.webp\",\"width\":468,\"height\":389,\"caption\":\"Trysil Skishop\"},\"image\":{\"@id\":\"https:\\\/\\\/skishop.no\\\/#\\\/schema\\\/logo\\\/image\\\/\"},\"sameAs\":[\"https:\\\/\\\/www.facebook.com\\\/TrysilSkishop\\\/\",\"https:\\\/\\\/www.instagram.com\\\/skishop.no\"],\"description\":\"Trysil Skishop er Trysilfjellets rimeligste ski- og sykkelutleie, som tilbyr utleie av ski- og sykkelutstyr av h\u00f8y kvalitet til lave priser. De holder til p\u00e5 Trysil Shellsenter, ca. 2 km f\u00f8r Trysil Turistsenter, med enkel parkering rett utenfor. Skishop tilbyr ogs\u00e5 skiutstyrservice \u00e5ret rundt, hvor de forbereder ski til vintersesongen med profesjonell slipemaskin og erfarne teknikere. Stedet gir rask og effektiv service slik at kunder raskt kan komme seg ut i bakken eller p\u00e5 tur. Om sommeren kan man leie sykler av h\u00f8y kvalitet hos dem, og de har ogs\u00e5 en sportsbutikk med n\u00f8dvendig utstyr for ski- og sykkelturer. Trysil Skishop har ogs\u00e5 samarbeidspartnere som gir rabatter til deres gjester. De er kjent for \u00e5 kombinere lave priser med like h\u00f8y standard p\u00e5 utstyret som andre utleiesteder i omr\u00e5det.\",\"email\":\"Info@skishop.no\",\"telephone\":\"+4791929291\",\"legalName\":\"Trysil Skishop AS\",\"foundingDate\":\"1999-01-01\",\"vatID\":\"981 443 489\",\"numberOfEmployees\":{\"@type\":\"QuantitativeValue\",\"minValue\":\"11\",\"maxValue\":\"50\"},\"publishingPrinciples\":\"https:\\\/\\\/skishop.no\\\/ofte-stile-sporsmal\\\/\"},{\"@type\":\"Person\",\"@id\":\"https:\\\/\\\/skishop.no\\\/#\\\/schema\\\/person\\\/e1116c92488e263d9a1324f1bd5d2dcb\",\"name\":\"\",\"sameAs\":[\"https:\\\/\\\/skishop.no\"],\"url\":\"https:\\\/\\\/skishop.no\\\/da\\\/author\\\/infoskishop-no\\\/\"}]}<\/script>\n<!-- \/ Yoast SEO Premium plugin. -->","yoast_head_json":{"title":"Meddelelsesvilk\u00e5r for SMS. - Trysil Skishop","description":"Trysil Skishop -","robots":{"index":"index","follow":"follow","max-snippet":"max-snippet:-1","max-image-preview":"max-image-preview:large","max-video-preview":"max-video-preview:-1"},"canonical":"https:\/\/skishop.no\/da\/privatlivets-fred\/meddelelsesudtryk-for-sms\/","og_locale":"da_DK","og_type":"article","og_title":"Messaging Terms for SMS.","og_description":"Trysil Skishop -","og_url":"https:\/\/skishop.no\/da\/privatlivets-fred\/meddelelsesudtryk-for-sms\/","og_site_name":"Trysil Skishop","article_publisher":"https:\/\/www.facebook.com\/TrysilSkishop\/","article_modified_time":"2026-03-13T17:53:43+00:00","og_image":[{"width":964,"height":643,"url":"https:\/\/skishop.no\/wp-content\/uploads\/2025\/09\/Skishop-e1773158831889.jpg","type":"image\/webp"}],"twitter_card":"summary_large_image","twitter_misc":{"Estimeret l\u00e6setid":"3 minutter"},"schema":{"@context":"https:\/\/schema.org","@graph":[{"@type":"Article","@id":"https:\/\/skishop.no\/personvern\/messaging-terms-for-sms\/#article","isPartOf":{"@id":"https:\/\/skishop.no\/personvern\/messaging-terms-for-sms\/"},"author":{"name":"","@id":"https:\/\/skishop.no\/#\/schema\/person\/e1116c92488e263d9a1324f1bd5d2dcb"},"headline":"Messaging Terms for SMS.","datePublished":"2026-03-13T17:50:04+00:00","dateModified":"2026-03-13T17:53:43+00:00","mainEntityOfPage":{"@id":"https:\/\/skishop.no\/personvern\/messaging-terms-for-sms\/"},"wordCount":501,"publisher":{"@id":"https:\/\/skishop.no\/#organization"},"inLanguage":"da-DK"},{"@type":"WebPage","@id":"https:\/\/skishop.no\/personvern\/messaging-terms-for-sms\/","url":"https:\/\/skishop.no\/personvern\/messaging-terms-for-sms\/","name":"Meddelelsesvilk\u00e5r for SMS. - Trysil Skishop","isPartOf":{"@id":"https:\/\/skishop.no\/#website"},"datePublished":"2026-03-13T17:50:04+00:00","dateModified":"2026-03-13T17:53:43+00:00","description":"Trysil Skishop -","breadcrumb":{"@id":"https:\/\/skishop.no\/personvern\/messaging-terms-for-sms\/#breadcrumb"},"inLanguage":"da-DK","potentialAction":[{"@type":"ReadAction","target":["https:\/\/skishop.no\/personvern\/messaging-terms-for-sms\/"]}]},{"@type":"BreadcrumbList","@id":"https:\/\/skishop.no\/personvern\/messaging-terms-for-sms\/#breadcrumb","itemListElement":[{"@type":"ListItem","position":1,"name":"Hjem","item":"https:\/\/skishop.no\/"},{"@type":"ListItem","position":2,"name":"Personvern","item":"https:\/\/skishop.no\/da\/privatlivets-fred\/"},{"@type":"ListItem","position":3,"name":"Messaging Terms for SMS."}]},{"@type":"WebSite","@id":"https:\/\/skishop.no\/#website","url":"https:\/\/skishop.no\/","name":"Trysil Skishop","description":"Trysils billigste skiudlejning","publisher":{"@id":"https:\/\/skishop.no\/#organization"},"alternateName":"Trysil ski leie","potentialAction":[{"@type":"SearchAction","target":{"@type":"EntryPoint","urlTemplate":"https:\/\/skishop.no\/?s={search_term_string}"},"query-input":{"@type":"PropertyValueSpecification","valueRequired":true,"valueName":"search_term_string"}}],"inLanguage":"da-DK"},{"@type":"Organization","@id":"https:\/\/skishop.no\/#organization","name":"Trysil Skishop","alternateName":"Trysil Skishop AS","url":"https:\/\/skishop.no\/","logo":{"@type":"ImageObject","inLanguage":"da-DK","@id":"https:\/\/skishop.no\/#\/schema\/logo\/image\/","url":"https:\/\/skishop.no\/wp-content\/uploads\/2025\/09\/Site-icon-1.webp","contentUrl":"https:\/\/skishop.no\/wp-content\/uploads\/2025\/09\/Site-icon-1.webp","width":468,"height":389,"caption":"Trysil Skishop"},"image":{"@id":"https:\/\/skishop.no\/#\/schema\/logo\/image\/"},"sameAs":["https:\/\/www.facebook.com\/TrysilSkishop\/","https:\/\/www.instagram.com\/skishop.no"],"description":"Trysil Skishop er Trysilfjellets mest prisvenlige ski- og cykeludlejning, der tilbyder leje af ski- og cykeludstyr af h\u00f8j kvalitet til lave priser. De ligger ved Trysil Shellsenter, ca. 2 km f\u00f8r Trysil Turistsenter, og det er nemt at parkere lige udenfor. Skishop tilbyder ogs\u00e5 service p\u00e5 skiudstyr \u00e5ret rundt, hvor de forbereder skiene til vinters\u00e6sonen med en professionel slibemaskine og erfarne teknikere. Stedet giver hurtig og effektiv service, s\u00e5 kunderne hurtigt kan komme ud p\u00e5 pisterne eller p\u00e5 tur. Om sommeren kan man leje cykler af h\u00f8j kvalitet hos dem, og de har ogs\u00e5 en sportsbutik med det n\u00f8dvendige udstyr til ski- og cykelture. Trysil Skishop har ogs\u00e5 partnere, som tilbyder rabatter til deres g\u00e6ster. De er kendt for at kombinere lave priser med samme h\u00f8je udstyrsstandard som andre udlejningscentre i omr\u00e5det.","email":"Info@skishop.no","telephone":"+4791929291","legalName":"Trysil Skishop AS","foundingDate":"1999-01-01","vatID":"981 443 489","numberOfEmployees":{"@type":"QuantitativeValue","minValue":"11","maxValue":"50"},"publishingPrinciples":"https:\/\/skishop.no\/ofte-stile-sporsmal\/"},{"@type":"Person","@id":"https:\/\/skishop.no\/#\/schema\/person\/e1116c92488e263d9a1324f1bd5d2dcb","name":"","sameAs":["https:\/\/skishop.no"],"url":"https:\/\/skishop.no\/da\/author\/infoskishop-no\/"}]}},"_links":{"self":[{"href":"https:\/\/skishop.no\/da\/wp-json\/wp\/v2\/pages\/4871","targetHints":{"allow":["GET"]}}],"collection":[{"href":"https:\/\/skishop.no\/da\/wp-json\/wp\/v2\/pages"}],"about":[{"href":"https:\/\/skishop.no\/da\/wp-json\/wp\/v2\/types\/page"}],"author":[{"embeddable":true,"href":"https:\/\/skishop.no\/da\/wp-json\/wp\/v2\/users\/1"}],"replies":[{"embeddable":true,"href":"https:\/\/skishop.no\/da\/wp-json\/wp\/v2\/comments?post=4871"}],"version-history":[{"count":5,"href":"https:\/\/skishop.no\/da\/wp-json\/wp\/v2\/pages\/4871\/revisions"}],"predecessor-version":[{"id":4878,"href":"https:\/\/skishop.no\/da\/wp-json\/wp\/v2\/pages\/4871\/revisions\/4878"}],"up":[{"embeddable":true,"href":"https:\/\/skishop.no\/da\/wp-json\/wp\/v2\/pages\/1833"}],"wp:attachment":[{"href":"https:\/\/skishop.no\/da\/wp-json\/wp\/v2\/media?parent=4871"}],"curies":[{"name":"wp","href":"https:\/\/api.w.org\/{rel}","templated":true}]}}