{"id":8571,"date":"2026-03-18T14:45:46","date_gmt":"2026-03-18T13:45:46","guid":{"rendered":"https:\/\/skishop.no\/?post_type=product&#038;p=8571"},"modified":"2026-05-06T17:32:17","modified_gmt":"2026-05-06T16:32:17","slug":"villain-m-svart-9917660835187884","status":"publish","type":"product","link":"https:\/\/skishop.no\/da\/product\/skurk-m-sort-9917660835187884\/","title":{"rendered":"Skurk-M Sort"},"content":{"rendered":"<p data-start=\"29\" data-end=\"188\">Glem alle begr\u00e6nsninger, og v\u00e6r eventyrlysten med Kilpi VILLAIN-M softshell-bukser, der er perfekte til udend\u00f8rs aktiviteter, vandreture eller endda havearbejde.<\/p>\n<p data-start=\"190\" data-end=\"424\">De er fremstillet af slidst\u00e6rk, v\u00e6vet softshell med ripstop-struktur og giver ikke kun styrke, men ogs\u00e5 god modstandsdygtighed over for slid og skader.<br data-start=\"317\" data-end=\"320\" \/>Materialets elasticitet, den ergonomiske pasform og kilekonstruktionen sikrer god bev\u00e6gelsesfrihed.<\/p>\n<p data-start=\"426\" data-end=\"664\">Takket v\u00e6re den klassiske metalknaplukning, den elastiske linning og de praktiske slidser i siden er bukserne et ideelt valg til hverdagens eventyr.<br data-start=\"584\" data-end=\"587\" \/>To lommer og en l\u00e5rlomme med lynl\u00e5s giver masser af plads til sm\u00e5ting.<\/p>\n<p data-start=\"666\" data-end=\"855\">Kanten kan justeres med metalknapper og en krog til sn\u00f8ring.<br data-start=\"742\" data-end=\"745\" \/>Udsatte omr\u00e5der som kn\u00e6ene og inders\u00f8mmen nederst p\u00e5 benene er forst\u00e6rket med et dobbelt lag slidst\u00e6rkt materiale.<\/p>\n<p data-start=\"857\" data-end=\"1012\">Kilpi VILLAIN-M vandrebukser giver beskyttelse selv under kr\u00e6vende forhold takket v\u00e6re den pr\u00e6cise forarbejdning. De giver dig mulighed for virkelig at nyde hvert \u00f8jeblik ude i naturen.<\/p>","protected":false},"excerpt":{"rendered":"<div class=\"flex flex-col text-sm pb-25\">\n<section class=\"text-token-text-primary w-full focus:outline-none [--shadow-height:45px] has-data-writing-block:pointer-events-none has-data-writing-block:-mt-(--shadow-height) has-data-writing-block:pt-(--shadow-height) [&amp;:has([data-writing-block])&gt;*]:pointer-events-auto scroll-mt-[calc(var(--header-height)+min(200px,max(70px,20svh)))]\" dir=\"auto\" data-turn-id=\"request-WEB:eff5ee37-b783-451f-8bd2-ae8ab161644c-2\" data-testid=\"conversation-turn-6\" data-scroll-anchor=\"true\" data-turn=\"assistant\">\n<div class=\"text-base my-auto mx-auto pb-10 [--thread-content-margin:var(--thread-content-margin-xs,calc(var(--spacing)*4))] @w-sm\/main:[--thread-content-margin:var(--thread-content-margin-sm,calc(var(--spacing)*6))] @w-lg\/main:[--thread-content-margin:var(--thread-content-margin-lg,calc(var(--spacing)*16))] px-(--thread-content-margin)\">\n<div class=\"[--thread-content-max-width:40rem] @w-lg\/main:[--thread-content-max-width:48rem] mx-auto max-w-(--thread-content-max-width) flex-1 group\/turn-messages focus-visible:outline-hidden relative flex w-full min-w-0 flex-col agent-turn\">\n<div class=\"flex max-w-full flex-col gap-4 grow\">\n<div class=\"min-h-8 text-message relative flex w-full flex-col items-end gap-2 text-start break-words whitespace-normal outline-none keyboard-focused:focus-ring [.text-message+&amp;]:mt-1\" dir=\"auto\" tabindex=\"0\" data-message-author-role=\"assistant\" data-message-id=\"b14981ca-eec9-4b04-bca2-1532e4aad58b\" data-message-model-slug=\"gpt-5-3\" data-turn-start-message=\"true\">\n<div class=\"flex w-full flex-col gap-1 empty:hidden\">\n<div class=\"markdown prose dark:prose-invert w-full wrap-break-word light markdown-new-styling\">\n<p data-start=\"1042\" data-end=\"1209\" data-is-last-node=\"\" data-is-only-node=\"\">Slitesterk og fleksibel softshellbukse for menn, laget for tur og utend\u00f8rsbruk, med god bevegelsesfrihet, praktiske lommer og ekstra forsterkninger p\u00e5 utsatte omr\u00e5der.<\/p>\n<\/div>\n<\/div>\n<\/div>\n<div class=\"puik-root not-prose not-markdown\" data-theme=\"light\">\n<div class=\"general-agent-cot-root\"><\/div>\n<\/div>\n<\/div>\n<div class=\"z-0 flex min-h-[46px] justify-start\"><\/div>\n<div class=\"mt-3 w-full empty:hidden\">\n<div class=\"text-center\"><\/div>\n<\/div>\n<\/div>\n<\/div>\n<\/section>\n<\/div>\n<div class=\"pointer-events-none h-px w-px absolute bottom-0\" aria-hidden=\"true\" data-edge=\"true\"><\/div>\n","protected":false},"featured_media":8818,"template":"","meta":{"site-sidebar-layout":"default","site-content-layout":"","ast-site-content-layout":"default","site-content-style":"default","site-sidebar-style":"default","ast-global-header-display":"","ast-banner-title-visibility":"","ast-main-header-display":"","ast-hfb-above-header-display":"","ast-hfb-below-header-display":"","ast-hfb-mobile-header-display":"","site-post-title":"","ast-breadcrumbs-content":"","ast-featured-img":"","footer-sml-layout":"","ast-disable-related-posts":"","theme-transparent-header-meta":"default","adv-header-id-meta":"","stick-header-meta":"","header-above-stick-meta":"","header-main-stick-meta":"","header-below-stick-meta":"","astra-migrate-meta-layouts":"set","ast-page-background-enabled":"default","ast-page-background-meta":{"desktop":{"background-color":"var(--ast-global-color-4)","background-image":"","background-repeat":"repeat","background-position":"center center","background-size":"auto","background-attachment":"scroll","background-type":"","background-media":"","overlay-type":"","overlay-color":"","overlay-opacity":"","overlay-gradient":""},"tablet":{"background-color":"","background-image":"","background-repeat":"repeat","background-position":"center center","background-size":"auto","background-attachment":"scroll","background-type":"","background-media":"","overlay-type":"","overlay-color":"","overlay-opacity":"","overlay-gradient":""},"mobile":{"background-color":"","background-image":"","background-repeat":"repeat","background-position":"center center","background-size":"auto","background-attachment":"scroll","background-type":"","background-media":"","overlay-type":"","overlay-color":"","overlay-opacity":"","overlay-gradient":""}},"ast-content-background-meta":{"desktop":{"background-color":"var(--ast-global-color-5)","background-image":"","background-repeat":"repeat","background-position":"center center","background-size":"auto","background-attachment":"scroll","background-type":"","background-media":"","overlay-type":"","overlay-color":"","overlay-opacity":"","overlay-gradient":""},"tablet":{"background-color":"var(--ast-global-color-5)","background-image":"","background-repeat":"repeat","background-position":"center center","background-size":"auto","background-attachment":"scroll","background-type":"","background-media":"","overlay-type":"","overlay-color":"","overlay-opacity":"","overlay-gradient":""},"mobile":{"background-color":"var(--ast-global-color-5)","background-image":"","background-repeat":"repeat","background-position":"center center","background-size":"auto","background-attachment":"scroll","background-type":"","background-media":"","overlay-type":"","overlay-color":"","overlay-opacity":"","overlay-gradient":""}}},"product_brand":[921],"product_cat":[144,922],"product_tag":[],"class_list":{"0":"post-8571","1":"product","2":"type-product","3":"status-publish","4":"has-post-thumbnail","6":"product_brand-kilpi","7":"product_cat-10002-bukser","8":"product_cat-herre-10002-bukser-2","9":"pa_8369-l","10":"pa_8369-m","11":"pa_8369-s","12":"pa_8369-xl","13":"pa_8369-xxl","14":"pa_variant-l","15":"pa_variant-m","16":"pa_variant-s","17":"pa_variant-xl","18":"pa_variant-xxl","19":"desktop-align-center","20":"tablet-align-left","21":"mobile-align-left","23":"first","24":"instock","25":"sale","26":"taxable","27":"shipping-taxable","28":"purchasable","29":"product-type-variable"},"yoast_head":"<!-- This site is optimized with the Yoast SEO Premium plugin v27.2 (Yoast SEO v27.5) - https:\/\/yoast.com\/product\/yoast-seo-premium-wordpress\/ -->\n<title>Villain-M Svart - Trysil Skishop<\/title>\n<meta name=\"description\" content=\"Villain-M Svart Trysil Skishop\" \/>\n<meta name=\"robots\" content=\"index, follow, max-snippet:-1, max-image-preview:large, max-video-preview:-1\" \/>\n<link rel=\"canonical\" href=\"https:\/\/skishop.no\/da\/product\/skurk-m-sort-9917660835187884\/\" \/>\n<meta property=\"og:locale\" content=\"da_DK\" \/>\n<meta property=\"og:type\" content=\"article\" \/>\n<meta property=\"og:title\" content=\"Villain-M Svart % - Trysil Skishop\" \/>\n<meta property=\"og:description\" content=\"-\" \/>\n<meta property=\"og:url\" content=\"https:\/\/skishop.no\/da\/product\/skurk-m-sort-9917660835187884\/\" \/>\n<meta property=\"og:site_name\" content=\"Trysil Skishop\" \/>\n<meta property=\"article:publisher\" content=\"https:\/\/www.facebook.com\/TrysilSkishop\/\" \/>\n<meta property=\"article:modified_time\" content=\"2026-05-06T16:32:17+00:00\" \/>\n<meta property=\"og:image\" content=\"https:\/\/skishop.no\/wp-content\/uploads\/2026\/03\/WM0411KIBLK_VILLAIN-M_01_f2d38a8a-b863-4574-8d4e-6fd35a209ea3.webp\" \/>\n\t<meta property=\"og:image:width\" content=\"640\" \/>\n\t<meta property=\"og:image:height\" content=\"800\" \/>\n\t<meta property=\"og:image:type\" content=\"image\/webp\" \/>\n<meta name=\"twitter:card\" content=\"summary_large_image\" \/>\n<meta name=\"twitter:label1\" content=\"Est. reading time\" \/>\n\t<meta name=\"twitter:data1\" content=\"1 minut\" \/>\n<script type=\"application\/ld+json\" class=\"yoast-schema-graph\">{\"@context\":\"https:\\\/\\\/schema.org\",\"@graph\":[{\"@type\":\"WebPage\",\"@id\":\"https:\\\/\\\/skishop.no\\\/produkt\\\/villain-m-svart-9917660835187884\\\/\",\"url\":\"https:\\\/\\\/skishop.no\\\/produkt\\\/villain-m-svart-9917660835187884\\\/\",\"name\":\"Villain-M Svart - Trysil Skishop\",\"isPartOf\":{\"@id\":\"https:\\\/\\\/skishop.no\\\/#website\"},\"primaryImageOfPage\":{\"@id\":\"https:\\\/\\\/skishop.no\\\/produkt\\\/villain-m-svart-9917660835187884\\\/#primaryimage\"},\"image\":{\"@id\":\"https:\\\/\\\/skishop.no\\\/produkt\\\/villain-m-svart-9917660835187884\\\/#primaryimage\"},\"thumbnailUrl\":\"https:\\\/\\\/skishop.no\\\/wp-content\\\/uploads\\\/2026\\\/03\\\/WM0411KIBLK_VILLAIN-M_01_f2d38a8a-b863-4574-8d4e-6fd35a209ea3.jpg\",\"datePublished\":\"2026-03-18T13:45:46+00:00\",\"dateModified\":\"2026-05-06T16:32:17+00:00\",\"description\":\"Villain-M Svart Trysil Skishop\",\"breadcrumb\":{\"@id\":\"https:\\\/\\\/skishop.no\\\/produkt\\\/villain-m-svart-9917660835187884\\\/#breadcrumb\"},\"inLanguage\":\"da-DK\",\"potentialAction\":[{\"@type\":\"ReadAction\",\"target\":[\"https:\\\/\\\/skishop.no\\\/produkt\\\/villain-m-svart-9917660835187884\\\/\"]}]},{\"@type\":\"ImageObject\",\"inLanguage\":\"da-DK\",\"@id\":\"https:\\\/\\\/skishop.no\\\/produkt\\\/villain-m-svart-9917660835187884\\\/#primaryimage\",\"url\":\"https:\\\/\\\/skishop.no\\\/wp-content\\\/uploads\\\/2026\\\/03\\\/WM0411KIBLK_VILLAIN-M_01_f2d38a8a-b863-4574-8d4e-6fd35a209ea3.jpg\",\"contentUrl\":\"https:\\\/\\\/skishop.no\\\/wp-content\\\/uploads\\\/2026\\\/03\\\/WM0411KIBLK_VILLAIN-M_01_f2d38a8a-b863-4574-8d4e-6fd35a209ea3.jpg\",\"width\":960,\"height\":1200},{\"@type\":\"BreadcrumbList\",\"@id\":\"https:\\\/\\\/skishop.no\\\/produkt\\\/villain-m-svart-9917660835187884\\\/#breadcrumb\",\"itemListElement\":[{\"@type\":\"ListItem\",\"position\":1,\"name\":\"Hjem\",\"item\":\"https:\\\/\\\/skishop.no\\\/\"},{\"@type\":\"ListItem\",\"position\":2,\"name\":\"Butikk\",\"item\":\"https:\\\/\\\/skishop.no\\\/butikk\\\/\"},{\"@type\":\"ListItem\",\"position\":3,\"name\":\"Villain-M Svart\"}]},{\"@type\":\"WebSite\",\"@id\":\"https:\\\/\\\/skishop.no\\\/#website\",\"url\":\"https:\\\/\\\/skishop.no\\\/\",\"name\":\"Trysil Skishop\",\"description\":\"Trysils billigste skiutleie\",\"publisher\":{\"@id\":\"https:\\\/\\\/skishop.no\\\/#organization\"},\"alternateName\":\"Trysil ski leie\",\"potentialAction\":[{\"@type\":\"SearchAction\",\"target\":{\"@type\":\"EntryPoint\",\"urlTemplate\":\"https:\\\/\\\/skishop.no\\\/?s={search_term_string}\"},\"query-input\":{\"@type\":\"PropertyValueSpecification\",\"valueRequired\":true,\"valueName\":\"search_term_string\"}}],\"inLanguage\":\"da-DK\"},{\"@type\":\"Organization\",\"@id\":\"https:\\\/\\\/skishop.no\\\/#organization\",\"name\":\"Trysil Skishop\",\"alternateName\":\"Trysil Skishop AS\",\"url\":\"https:\\\/\\\/skishop.no\\\/\",\"logo\":{\"@type\":\"ImageObject\",\"inLanguage\":\"da-DK\",\"@id\":\"https:\\\/\\\/skishop.no\\\/#\\\/schema\\\/logo\\\/image\\\/\",\"url\":\"https:\\\/\\\/skishop.no\\\/wp-content\\\/uploads\\\/2025\\\/09\\\/Site-icon-1.webp\",\"contentUrl\":\"https:\\\/\\\/skishop.no\\\/wp-content\\\/uploads\\\/2025\\\/09\\\/Site-icon-1.webp\",\"width\":468,\"height\":389,\"caption\":\"Trysil Skishop\"},\"image\":{\"@id\":\"https:\\\/\\\/skishop.no\\\/#\\\/schema\\\/logo\\\/image\\\/\"},\"sameAs\":[\"https:\\\/\\\/www.facebook.com\\\/TrysilSkishop\\\/\",\"https:\\\/\\\/www.instagram.com\\\/skishop.no\"],\"description\":\"Trysil Skishop er Trysilfjellets rimeligste ski- og sykkelutleie, som tilbyr utleie av ski- og sykkelutstyr av h\u00f8y kvalitet til lave priser. De holder til p\u00e5 Trysil Shellsenter, ca. 2 km f\u00f8r Trysil Turistsenter, med enkel parkering rett utenfor. Skishop tilbyr ogs\u00e5 skiutstyrservice \u00e5ret rundt, hvor de forbereder ski til vintersesongen med profesjonell slipemaskin og erfarne teknikere. Stedet gir rask og effektiv service slik at kunder raskt kan komme seg ut i bakken eller p\u00e5 tur. Om sommeren kan man leie sykler av h\u00f8y kvalitet hos dem, og de har ogs\u00e5 en sportsbutikk med n\u00f8dvendig utstyr for ski- og sykkelturer. Trysil Skishop har ogs\u00e5 samarbeidspartnere som gir rabatter til deres gjester. De er kjent for \u00e5 kombinere lave priser med like h\u00f8y standard p\u00e5 utstyret som andre utleiesteder i omr\u00e5det.\",\"email\":\"Info@skishop.no\",\"telephone\":\"+4791929291\",\"legalName\":\"Trysil Skishop AS\",\"foundingDate\":\"1999-01-01\",\"vatID\":\"981 443 489\",\"numberOfEmployees\":{\"@type\":\"QuantitativeValue\",\"minValue\":\"11\",\"maxValue\":\"50\"},\"publishingPrinciples\":\"https:\\\/\\\/skishop.no\\\/ofte-stile-sporsmal\\\/\"}]}<\/script>\n<!-- \/ Yoast SEO Premium plugin. -->","yoast_head_json":{"title":"Skurk-M Svart - Trysil Skishop","description":"Villain-M Svart Trysil Skishop","robots":{"index":"index","follow":"follow","max-snippet":"max-snippet:-1","max-image-preview":"max-image-preview:large","max-video-preview":"max-video-preview:-1"},"canonical":"https:\/\/skishop.no\/da\/product\/skurk-m-sort-9917660835187884\/","og_locale":"da_DK","og_type":"article","og_title":"Villain-M Svart % - Trysil Skishop","og_description":"-","og_url":"https:\/\/skishop.no\/da\/product\/skurk-m-sort-9917660835187884\/","og_site_name":"Trysil Skishop","article_publisher":"https:\/\/www.facebook.com\/TrysilSkishop\/","article_modified_time":"2026-05-06T16:32:17+00:00","og_image":[{"width":640,"height":800,"url":"https:\/\/skishop.no\/wp-content\/uploads\/2026\/03\/WM0411KIBLK_VILLAIN-M_01_f2d38a8a-b863-4574-8d4e-6fd35a209ea3.webp","type":"image\/webp"}],"twitter_card":"summary_large_image","twitter_misc":{"Est. reading time":"1 minut"},"schema":{"@context":"https:\/\/schema.org","@graph":[{"@type":"WebPage","@id":"https:\/\/skishop.no\/produkt\/villain-m-svart-9917660835187884\/","url":"https:\/\/skishop.no\/produkt\/villain-m-svart-9917660835187884\/","name":"Skurk-M Svart - Trysil Skishop","isPartOf":{"@id":"https:\/\/skishop.no\/#website"},"primaryImageOfPage":{"@id":"https:\/\/skishop.no\/produkt\/villain-m-svart-9917660835187884\/#primaryimage"},"image":{"@id":"https:\/\/skishop.no\/produkt\/villain-m-svart-9917660835187884\/#primaryimage"},"thumbnailUrl":"https:\/\/skishop.no\/wp-content\/uploads\/2026\/03\/WM0411KIBLK_VILLAIN-M_01_f2d38a8a-b863-4574-8d4e-6fd35a209ea3.jpg","datePublished":"2026-03-18T13:45:46+00:00","dateModified":"2026-05-06T16:32:17+00:00","description":"Villain-M Svart Trysil Skishop","breadcrumb":{"@id":"https:\/\/skishop.no\/produkt\/villain-m-svart-9917660835187884\/#breadcrumb"},"inLanguage":"da-DK","potentialAction":[{"@type":"ReadAction","target":["https:\/\/skishop.no\/produkt\/villain-m-svart-9917660835187884\/"]}]},{"@type":"ImageObject","inLanguage":"da-DK","@id":"https:\/\/skishop.no\/produkt\/villain-m-svart-9917660835187884\/#primaryimage","url":"https:\/\/skishop.no\/wp-content\/uploads\/2026\/03\/WM0411KIBLK_VILLAIN-M_01_f2d38a8a-b863-4574-8d4e-6fd35a209ea3.jpg","contentUrl":"https:\/\/skishop.no\/wp-content\/uploads\/2026\/03\/WM0411KIBLK_VILLAIN-M_01_f2d38a8a-b863-4574-8d4e-6fd35a209ea3.jpg","width":960,"height":1200},{"@type":"BreadcrumbList","@id":"https:\/\/skishop.no\/produkt\/villain-m-svart-9917660835187884\/#breadcrumb","itemListElement":[{"@type":"ListItem","position":1,"name":"Hjem","item":"https:\/\/skishop.no\/"},{"@type":"ListItem","position":2,"name":"Butikk","item":"https:\/\/skishop.no\/butikk\/"},{"@type":"ListItem","position":3,"name":"Villain-M Svart"}]},{"@type":"WebSite","@id":"https:\/\/skishop.no\/#website","url":"https:\/\/skishop.no\/","name":"Trysil Skishop","description":"Trysils billigste skiudlejning","publisher":{"@id":"https:\/\/skishop.no\/#organization"},"alternateName":"Trysil ski leie","potentialAction":[{"@type":"SearchAction","target":{"@type":"EntryPoint","urlTemplate":"https:\/\/skishop.no\/?s={search_term_string}"},"query-input":{"@type":"PropertyValueSpecification","valueRequired":true,"valueName":"search_term_string"}}],"inLanguage":"da-DK"},{"@type":"Organization","@id":"https:\/\/skishop.no\/#organization","name":"Trysil Skishop","alternateName":"Trysil Skishop AS","url":"https:\/\/skishop.no\/","logo":{"@type":"ImageObject","inLanguage":"da-DK","@id":"https:\/\/skishop.no\/#\/schema\/logo\/image\/","url":"https:\/\/skishop.no\/wp-content\/uploads\/2025\/09\/Site-icon-1.webp","contentUrl":"https:\/\/skishop.no\/wp-content\/uploads\/2025\/09\/Site-icon-1.webp","width":468,"height":389,"caption":"Trysil Skishop"},"image":{"@id":"https:\/\/skishop.no\/#\/schema\/logo\/image\/"},"sameAs":["https:\/\/www.facebook.com\/TrysilSkishop\/","https:\/\/www.instagram.com\/skishop.no"],"description":"Trysil Skishop er Trysilfjellets mest prisvenlige ski- og cykeludlejning, der tilbyder leje af ski- og cykeludstyr af h\u00f8j kvalitet til lave priser. De ligger ved Trysil Shellsenter, ca. 2 km f\u00f8r Trysil Turistsenter, og det er nemt at parkere lige udenfor. Skishop tilbyder ogs\u00e5 service p\u00e5 skiudstyr \u00e5ret rundt, hvor de forbereder skiene til vinters\u00e6sonen med en professionel slibemaskine og erfarne teknikere. Stedet giver hurtig og effektiv service, s\u00e5 kunderne hurtigt kan komme ud p\u00e5 pisterne eller p\u00e5 tur. Om sommeren kan man leje cykler af h\u00f8j kvalitet hos dem, og de har ogs\u00e5 en sportsbutik med det n\u00f8dvendige udstyr til ski- og cykelture. Trysil Skishop har ogs\u00e5 partnere, som tilbyder rabatter til deres g\u00e6ster. De er kendt for at kombinere lave priser med samme h\u00f8je udstyrsstandard som andre udlejningscentre i omr\u00e5det.","email":"Info@skishop.no","telephone":"+4791929291","legalName":"Trysil Skishop AS","foundingDate":"1999-01-01","vatID":"981 443 489","numberOfEmployees":{"@type":"QuantitativeValue","minValue":"11","maxValue":"50"},"publishingPrinciples":"https:\/\/skishop.no\/ofte-stile-sporsmal\/"}]}},"_links":{"self":[{"href":"https:\/\/skishop.no\/da\/wp-json\/wp\/v2\/product\/8571","targetHints":{"allow":["GET"]}}],"collection":[{"href":"https:\/\/skishop.no\/da\/wp-json\/wp\/v2\/product"}],"about":[{"href":"https:\/\/skishop.no\/da\/wp-json\/wp\/v2\/types\/product"}],"version-history":[{"count":1,"href":"https:\/\/skishop.no\/da\/wp-json\/wp\/v2\/product\/8571\/revisions"}],"predecessor-version":[{"id":8585,"href":"https:\/\/skishop.no\/da\/wp-json\/wp\/v2\/product\/8571\/revisions\/8585"}],"wp:featuredmedia":[{"embeddable":true,"href":"https:\/\/skishop.no\/da\/wp-json\/wp\/v2\/media\/8818"}],"wp:attachment":[{"href":"https:\/\/skishop.no\/da\/wp-json\/wp\/v2\/media?parent=8571"}],"wp:term":[{"taxonomy":"product_brand","embeddable":true,"href":"https:\/\/skishop.no\/da\/wp-json\/wp\/v2\/product_brand?post=8571"},{"taxonomy":"product_cat","embeddable":true,"href":"https:\/\/skishop.no\/da\/wp-json\/wp\/v2\/product_cat?post=8571"},{"taxonomy":"product_tag","embeddable":true,"href":"https:\/\/skishop.no\/da\/wp-json\/wp\/v2\/product_tag?post=8571"}],"curies":[{"name":"wp","href":"https:\/\/api.w.org\/{rel}","templated":true}]}}