{"id":8690,"date":"2026-03-19T14:59:51","date_gmt":"2026-03-19T13:59:51","guid":{"rendered":"https:\/\/skishop.no\/?post_type=product&#038;p=8690"},"modified":"2026-05-06T17:37:32","modified_gmt":"2026-05-06T16:37:32","slug":"nordim-w-rosa-9917660835187936","status":"publish","type":"product","link":"https:\/\/skishop.no\/da\/product\/nordim-w-pink-9917660835187936\/","title":{"rendered":"Nordim-W Pink"},"content":{"rendered":"<p data-start=\"29\" data-end=\"337\">Kilpi NORDIM-W er en l\u00f8bejakke til kvinder, som ogs\u00e5 er velegnet til langrend eller andre intensive aktiviteter i temperaturer omkring og over frysepunktet. Jakken kombinerer forskellige materialer, der er funktionelt og ergonomisk placeret, s\u00e5 du kan fokusere fuldt ud p\u00e5 din pr\u00e6station uden at begr\u00e6nse din mobilitet.<\/p>\n<p data-start=\"339\" data-end=\"592\">SIBERIUM softshell-fronten giver optimal beskyttelse mod vind og kulde, mens elastisk fleece p\u00e5 ryggen holder dig varm og transporterer fugt v\u00e6k fra kroppen. Paneler under armene og p\u00e5 \u00e6rmerne forbedrer \u00e5ndbarheden og ventilationen under h\u00f8j aktivitet.<\/p>\n<p data-start=\"594\" data-end=\"792\">NORDIM-W har to lynl\u00e5slommer med netindsatser, som reducerer v\u00e6gten og samtidig giver ventilation. En lynl\u00e5slomme bagp\u00e5 giver plads til en mobiltelefon eller andre sm\u00e5ting under tr\u00e6ningen.<\/p>\n<p data-start=\"794\" data-end=\"1047\">De forl\u00e6ngede \u00e6rmer har huller til tommelfingrene og elastiske manchetter. Den forl\u00e6ngede ryg med silikoneprint forhindrer jakken i at glide op og beskytter mod kulde. Klare reflekterende elementer p\u00e5 bagsiden af skuldrene og ved lynl\u00e5sen foran giver god synlighed i m\u00f8rket.<\/p>\n<p data-start=\"1049\" data-end=\"1095\">Kilpi NORDIM-W f\u00e5s i flere farver.<\/p>","protected":false},"excerpt":{"rendered":"<p>Teknisk og let tr\u00e6ningsjakke til kvinder, perfekt til l\u00f8b og langrend, med god vindbeskyttelse, ventilation og h\u00f8j bev\u00e6gelsesfrihed.<\/p>","protected":false},"featured_media":8793,"template":"","meta":{"site-sidebar-layout":"default","site-content-layout":"","ast-site-content-layout":"default","site-content-style":"default","site-sidebar-style":"default","ast-global-header-display":"","ast-banner-title-visibility":"","ast-main-header-display":"","ast-hfb-above-header-display":"","ast-hfb-below-header-display":"","ast-hfb-mobile-header-display":"","site-post-title":"","ast-breadcrumbs-content":"","ast-featured-img":"","footer-sml-layout":"","ast-disable-related-posts":"","theme-transparent-header-meta":"default","adv-header-id-meta":"","stick-header-meta":"","header-above-stick-meta":"","header-main-stick-meta":"","header-below-stick-meta":"","astra-migrate-meta-layouts":"set","ast-page-background-enabled":"default","ast-page-background-meta":{"desktop":{"background-color":"var(--ast-global-color-4)","background-image":"","background-repeat":"repeat","background-position":"center center","background-size":"auto","background-attachment":"scroll","background-type":"","background-media":"","overlay-type":"","overlay-color":"","overlay-opacity":"","overlay-gradient":""},"tablet":{"background-color":"","background-image":"","background-repeat":"repeat","background-position":"center center","background-size":"auto","background-attachment":"scroll","background-type":"","background-media":"","overlay-type":"","overlay-color":"","overlay-opacity":"","overlay-gradient":""},"mobile":{"background-color":"","background-image":"","background-repeat":"repeat","background-position":"center center","background-size":"auto","background-attachment":"scroll","background-type":"","background-media":"","overlay-type":"","overlay-color":"","overlay-opacity":"","overlay-gradient":""}},"ast-content-background-meta":{"desktop":{"background-color":"var(--ast-global-color-5)","background-image":"","background-repeat":"repeat","background-position":"center center","background-size":"auto","background-attachment":"scroll","background-type":"","background-media":"","overlay-type":"","overlay-color":"","overlay-opacity":"","overlay-gradient":""},"tablet":{"background-color":"var(--ast-global-color-5)","background-image":"","background-repeat":"repeat","background-position":"center center","background-size":"auto","background-attachment":"scroll","background-type":"","background-media":"","overlay-type":"","overlay-color":"","overlay-opacity":"","overlay-gradient":""},"mobile":{"background-color":"var(--ast-global-color-5)","background-image":"","background-repeat":"repeat","background-position":"center center","background-size":"auto","background-attachment":"scroll","background-type":"","background-media":"","overlay-type":"","overlay-color":"","overlay-opacity":"","overlay-gradient":""}}},"product_brand":[921],"product_cat":[85,88],"product_tag":[],"class_list":{"0":"post-8690","1":"product","2":"type-product","3":"status-publish","4":"has-post-thumbnail","6":"product_brand-kilpi","7":"product_cat-10001-jakker","8":"product_cat-dame","9":"pa_8369-90","10":"pa_8369-92","11":"pa_8369-94","12":"pa_8369-95","13":"pa_8369-96","14":"pa_variant-1103","15":"pa_variant-1104","16":"pa_variant-1105","17":"pa_variant-1106","18":"pa_variant-1112","19":"desktop-align-center","20":"tablet-align-left","21":"mobile-align-left","23":"first","24":"instock","25":"sale","26":"taxable","27":"shipping-taxable","28":"purchasable","29":"product-type-variable"},"yoast_head":"<!-- This site is optimized with the Yoast SEO Premium plugin v27.2 (Yoast SEO v27.5) - https:\/\/yoast.com\/product\/yoast-seo-premium-wordpress\/ -->\n<title>Nordim-W Rosa - Trysil Skishop<\/title>\n<meta name=\"description\" content=\"Nordim-W Rosa Trysil Skishop\" \/>\n<meta name=\"robots\" content=\"index, follow, max-snippet:-1, max-image-preview:large, max-video-preview:-1\" \/>\n<link rel=\"canonical\" href=\"https:\/\/skishop.no\/da\/product\/nordim-w-pink-9917660835187936\/\" \/>\n<meta property=\"og:locale\" content=\"da_DK\" \/>\n<meta property=\"og:type\" content=\"article\" \/>\n<meta property=\"og:title\" content=\"Nordim-W Rosa % - Trysil Skishop\" \/>\n<meta property=\"og:description\" content=\"-\" \/>\n<meta property=\"og:url\" content=\"https:\/\/skishop.no\/da\/product\/nordim-w-pink-9917660835187936\/\" \/>\n<meta property=\"og:site_name\" content=\"Trysil Skishop\" \/>\n<meta property=\"article:publisher\" content=\"https:\/\/www.facebook.com\/TrysilSkishop\/\" \/>\n<meta property=\"article:modified_time\" content=\"2026-05-06T16:37:32+00:00\" \/>\n<meta property=\"og:image\" content=\"https:\/\/skishop.no\/wp-content\/uploads\/2025\/09\/Skishop-e1773158831889.jpg\" \/>\n\t<meta property=\"og:image:width\" content=\"964\" \/>\n\t<meta property=\"og:image:height\" content=\"643\" \/>\n\t<meta property=\"og:image:type\" content=\"image\/webp\" \/>\n<meta name=\"twitter:card\" content=\"summary_large_image\" \/>\n<meta name=\"twitter:label1\" content=\"Est. reading time\" \/>\n\t<meta name=\"twitter:data1\" content=\"2 minutter\" \/>\n<script type=\"application\/ld+json\" class=\"yoast-schema-graph\">{\"@context\":\"https:\\\/\\\/schema.org\",\"@graph\":[{\"@type\":\"WebPage\",\"@id\":\"https:\\\/\\\/skishop.no\\\/produkt\\\/nordim-w-rosa-9917660835187936\\\/\",\"url\":\"https:\\\/\\\/skishop.no\\\/produkt\\\/nordim-w-rosa-9917660835187936\\\/\",\"name\":\"Nordim-W Rosa - Trysil Skishop\",\"isPartOf\":{\"@id\":\"https:\\\/\\\/skishop.no\\\/#website\"},\"primaryImageOfPage\":{\"@id\":\"https:\\\/\\\/skishop.no\\\/produkt\\\/nordim-w-rosa-9917660835187936\\\/#primaryimage\"},\"image\":{\"@id\":\"https:\\\/\\\/skishop.no\\\/produkt\\\/nordim-w-rosa-9917660835187936\\\/#primaryimage\"},\"thumbnailUrl\":\"https:\\\/\\\/skishop.no\\\/wp-content\\\/uploads\\\/2026\\\/03\\\/kilpi-nordim-w-2324-bezecka-bunda-7.webp\",\"datePublished\":\"2026-03-19T13:59:51+00:00\",\"dateModified\":\"2026-05-06T16:37:32+00:00\",\"description\":\"Nordim-W Rosa Trysil Skishop\",\"breadcrumb\":{\"@id\":\"https:\\\/\\\/skishop.no\\\/produkt\\\/nordim-w-rosa-9917660835187936\\\/#breadcrumb\"},\"inLanguage\":\"da-DK\",\"potentialAction\":[{\"@type\":\"ReadAction\",\"target\":[\"https:\\\/\\\/skishop.no\\\/produkt\\\/nordim-w-rosa-9917660835187936\\\/\"]}]},{\"@type\":\"ImageObject\",\"inLanguage\":\"da-DK\",\"@id\":\"https:\\\/\\\/skishop.no\\\/produkt\\\/nordim-w-rosa-9917660835187936\\\/#primaryimage\",\"url\":\"https:\\\/\\\/skishop.no\\\/wp-content\\\/uploads\\\/2026\\\/03\\\/kilpi-nordim-w-2324-bezecka-bunda-7.webp\",\"contentUrl\":\"https:\\\/\\\/skishop.no\\\/wp-content\\\/uploads\\\/2026\\\/03\\\/kilpi-nordim-w-2324-bezecka-bunda-7.webp\",\"width\":600,\"height\":600},{\"@type\":\"BreadcrumbList\",\"@id\":\"https:\\\/\\\/skishop.no\\\/produkt\\\/nordim-w-rosa-9917660835187936\\\/#breadcrumb\",\"itemListElement\":[{\"@type\":\"ListItem\",\"position\":1,\"name\":\"Hjem\",\"item\":\"https:\\\/\\\/skishop.no\\\/\"},{\"@type\":\"ListItem\",\"position\":2,\"name\":\"Butikk\",\"item\":\"https:\\\/\\\/skishop.no\\\/butikk\\\/\"},{\"@type\":\"ListItem\",\"position\":3,\"name\":\"Nordim-W Rosa\"}]},{\"@type\":\"WebSite\",\"@id\":\"https:\\\/\\\/skishop.no\\\/#website\",\"url\":\"https:\\\/\\\/skishop.no\\\/\",\"name\":\"Trysil Skishop\",\"description\":\"Trysils billigste skiutleie\",\"publisher\":{\"@id\":\"https:\\\/\\\/skishop.no\\\/#organization\"},\"alternateName\":\"Trysil ski leie\",\"potentialAction\":[{\"@type\":\"SearchAction\",\"target\":{\"@type\":\"EntryPoint\",\"urlTemplate\":\"https:\\\/\\\/skishop.no\\\/?s={search_term_string}\"},\"query-input\":{\"@type\":\"PropertyValueSpecification\",\"valueRequired\":true,\"valueName\":\"search_term_string\"}}],\"inLanguage\":\"da-DK\"},{\"@type\":\"Organization\",\"@id\":\"https:\\\/\\\/skishop.no\\\/#organization\",\"name\":\"Trysil Skishop\",\"alternateName\":\"Trysil Skishop AS\",\"url\":\"https:\\\/\\\/skishop.no\\\/\",\"logo\":{\"@type\":\"ImageObject\",\"inLanguage\":\"da-DK\",\"@id\":\"https:\\\/\\\/skishop.no\\\/#\\\/schema\\\/logo\\\/image\\\/\",\"url\":\"https:\\\/\\\/skishop.no\\\/wp-content\\\/uploads\\\/2025\\\/09\\\/Site-icon-1.webp\",\"contentUrl\":\"https:\\\/\\\/skishop.no\\\/wp-content\\\/uploads\\\/2025\\\/09\\\/Site-icon-1.webp\",\"width\":468,\"height\":389,\"caption\":\"Trysil Skishop\"},\"image\":{\"@id\":\"https:\\\/\\\/skishop.no\\\/#\\\/schema\\\/logo\\\/image\\\/\"},\"sameAs\":[\"https:\\\/\\\/www.facebook.com\\\/TrysilSkishop\\\/\",\"https:\\\/\\\/www.instagram.com\\\/skishop.no\"],\"description\":\"Trysil Skishop er Trysilfjellets rimeligste ski- og sykkelutleie, som tilbyr utleie av ski- og sykkelutstyr av h\u00f8y kvalitet til lave priser. De holder til p\u00e5 Trysil Shellsenter, ca. 2 km f\u00f8r Trysil Turistsenter, med enkel parkering rett utenfor. Skishop tilbyr ogs\u00e5 skiutstyrservice \u00e5ret rundt, hvor de forbereder ski til vintersesongen med profesjonell slipemaskin og erfarne teknikere. Stedet gir rask og effektiv service slik at kunder raskt kan komme seg ut i bakken eller p\u00e5 tur. Om sommeren kan man leie sykler av h\u00f8y kvalitet hos dem, og de har ogs\u00e5 en sportsbutikk med n\u00f8dvendig utstyr for ski- og sykkelturer. Trysil Skishop har ogs\u00e5 samarbeidspartnere som gir rabatter til deres gjester. De er kjent for \u00e5 kombinere lave priser med like h\u00f8y standard p\u00e5 utstyret som andre utleiesteder i omr\u00e5det.\",\"email\":\"Info@skishop.no\",\"telephone\":\"+4791929291\",\"legalName\":\"Trysil Skishop AS\",\"foundingDate\":\"1999-01-01\",\"vatID\":\"981 443 489\",\"numberOfEmployees\":{\"@type\":\"QuantitativeValue\",\"minValue\":\"11\",\"maxValue\":\"50\"},\"publishingPrinciples\":\"https:\\\/\\\/skishop.no\\\/ofte-stile-sporsmal\\\/\"}]}<\/script>\n<!-- \/ Yoast SEO Premium plugin. -->","yoast_head_json":{"title":"Nordim-W Pink - Trysil Skishop","description":"Nordim-W Pink Trysil Skishop","robots":{"index":"index","follow":"follow","max-snippet":"max-snippet:-1","max-image-preview":"max-image-preview:large","max-video-preview":"max-video-preview:-1"},"canonical":"https:\/\/skishop.no\/da\/product\/nordim-w-pink-9917660835187936\/","og_locale":"da_DK","og_type":"article","og_title":"Nordim-W Rosa % - Trysil Skishop","og_description":"-","og_url":"https:\/\/skishop.no\/da\/product\/nordim-w-pink-9917660835187936\/","og_site_name":"Trysil Skishop","article_publisher":"https:\/\/www.facebook.com\/TrysilSkishop\/","article_modified_time":"2026-05-06T16:37:32+00:00","og_image":[{"width":964,"height":643,"url":"https:\/\/skishop.no\/wp-content\/uploads\/2025\/09\/Skishop-e1773158831889.jpg","type":"image\/webp"}],"twitter_card":"summary_large_image","twitter_misc":{"Est. reading time":"2 minutter"},"schema":{"@context":"https:\/\/schema.org","@graph":[{"@type":"WebPage","@id":"https:\/\/skishop.no\/produkt\/nordim-w-rosa-9917660835187936\/","url":"https:\/\/skishop.no\/produkt\/nordim-w-rosa-9917660835187936\/","name":"Nordim-W Pink - Trysil Skishop","isPartOf":{"@id":"https:\/\/skishop.no\/#website"},"primaryImageOfPage":{"@id":"https:\/\/skishop.no\/produkt\/nordim-w-rosa-9917660835187936\/#primaryimage"},"image":{"@id":"https:\/\/skishop.no\/produkt\/nordim-w-rosa-9917660835187936\/#primaryimage"},"thumbnailUrl":"https:\/\/skishop.no\/wp-content\/uploads\/2026\/03\/kilpi-nordim-w-2324-bezecka-bunda-7.webp","datePublished":"2026-03-19T13:59:51+00:00","dateModified":"2026-05-06T16:37:32+00:00","description":"Nordim-W Pink Trysil Skishop","breadcrumb":{"@id":"https:\/\/skishop.no\/produkt\/nordim-w-rosa-9917660835187936\/#breadcrumb"},"inLanguage":"da-DK","potentialAction":[{"@type":"ReadAction","target":["https:\/\/skishop.no\/produkt\/nordim-w-rosa-9917660835187936\/"]}]},{"@type":"ImageObject","inLanguage":"da-DK","@id":"https:\/\/skishop.no\/produkt\/nordim-w-rosa-9917660835187936\/#primaryimage","url":"https:\/\/skishop.no\/wp-content\/uploads\/2026\/03\/kilpi-nordim-w-2324-bezecka-bunda-7.webp","contentUrl":"https:\/\/skishop.no\/wp-content\/uploads\/2026\/03\/kilpi-nordim-w-2324-bezecka-bunda-7.webp","width":600,"height":600},{"@type":"BreadcrumbList","@id":"https:\/\/skishop.no\/produkt\/nordim-w-rosa-9917660835187936\/#breadcrumb","itemListElement":[{"@type":"ListItem","position":1,"name":"Hjem","item":"https:\/\/skishop.no\/"},{"@type":"ListItem","position":2,"name":"Butikk","item":"https:\/\/skishop.no\/butikk\/"},{"@type":"ListItem","position":3,"name":"Nordim-W Rosa"}]},{"@type":"WebSite","@id":"https:\/\/skishop.no\/#website","url":"https:\/\/skishop.no\/","name":"Trysil Skishop","description":"Trysils billigste skiudlejning","publisher":{"@id":"https:\/\/skishop.no\/#organization"},"alternateName":"Trysil ski leie","potentialAction":[{"@type":"SearchAction","target":{"@type":"EntryPoint","urlTemplate":"https:\/\/skishop.no\/?s={search_term_string}"},"query-input":{"@type":"PropertyValueSpecification","valueRequired":true,"valueName":"search_term_string"}}],"inLanguage":"da-DK"},{"@type":"Organization","@id":"https:\/\/skishop.no\/#organization","name":"Trysil Skishop","alternateName":"Trysil Skishop AS","url":"https:\/\/skishop.no\/","logo":{"@type":"ImageObject","inLanguage":"da-DK","@id":"https:\/\/skishop.no\/#\/schema\/logo\/image\/","url":"https:\/\/skishop.no\/wp-content\/uploads\/2025\/09\/Site-icon-1.webp","contentUrl":"https:\/\/skishop.no\/wp-content\/uploads\/2025\/09\/Site-icon-1.webp","width":468,"height":389,"caption":"Trysil Skishop"},"image":{"@id":"https:\/\/skishop.no\/#\/schema\/logo\/image\/"},"sameAs":["https:\/\/www.facebook.com\/TrysilSkishop\/","https:\/\/www.instagram.com\/skishop.no"],"description":"Trysil Skishop er Trysilfjellets mest prisvenlige ski- og cykeludlejning, der tilbyder leje af ski- og cykeludstyr af h\u00f8j kvalitet til lave priser. De ligger ved Trysil Shellsenter, ca. 2 km f\u00f8r Trysil Turistsenter, og det er nemt at parkere lige udenfor. Skishop tilbyder ogs\u00e5 service p\u00e5 skiudstyr \u00e5ret rundt, hvor de forbereder skiene til vinters\u00e6sonen med en professionel slibemaskine og erfarne teknikere. Stedet giver hurtig og effektiv service, s\u00e5 kunderne hurtigt kan komme ud p\u00e5 pisterne eller p\u00e5 tur. Om sommeren kan man leje cykler af h\u00f8j kvalitet hos dem, og de har ogs\u00e5 en sportsbutik med det n\u00f8dvendige udstyr til ski- og cykelture. Trysil Skishop har ogs\u00e5 partnere, som tilbyder rabatter til deres g\u00e6ster. De er kendt for at kombinere lave priser med samme h\u00f8je udstyrsstandard som andre udlejningscentre i omr\u00e5det.","email":"Info@skishop.no","telephone":"+4791929291","legalName":"Trysil Skishop AS","foundingDate":"1999-01-01","vatID":"981 443 489","numberOfEmployees":{"@type":"QuantitativeValue","minValue":"11","maxValue":"50"},"publishingPrinciples":"https:\/\/skishop.no\/ofte-stile-sporsmal\/"}]}},"_links":{"self":[{"href":"https:\/\/skishop.no\/da\/wp-json\/wp\/v2\/product\/8690","targetHints":{"allow":["GET"]}}],"collection":[{"href":"https:\/\/skishop.no\/da\/wp-json\/wp\/v2\/product"}],"about":[{"href":"https:\/\/skishop.no\/da\/wp-json\/wp\/v2\/types\/product"}],"version-history":[{"count":2,"href":"https:\/\/skishop.no\/da\/wp-json\/wp\/v2\/product\/8690\/revisions"}],"predecessor-version":[{"id":8701,"href":"https:\/\/skishop.no\/da\/wp-json\/wp\/v2\/product\/8690\/revisions\/8701"}],"wp:featuredmedia":[{"embeddable":true,"href":"https:\/\/skishop.no\/da\/wp-json\/wp\/v2\/media\/8793"}],"wp:attachment":[{"href":"https:\/\/skishop.no\/da\/wp-json\/wp\/v2\/media?parent=8690"}],"wp:term":[{"taxonomy":"product_brand","embeddable":true,"href":"https:\/\/skishop.no\/da\/wp-json\/wp\/v2\/product_brand?post=8690"},{"taxonomy":"product_cat","embeddable":true,"href":"https:\/\/skishop.no\/da\/wp-json\/wp\/v2\/product_cat?post=8690"},{"taxonomy":"product_tag","embeddable":true,"href":"https:\/\/skishop.no\/da\/wp-json\/wp\/v2\/product_tag?post=8690"}],"curies":[{"name":"wp","href":"https:\/\/api.w.org\/{rel}","templated":true}]}}