{"id":4871,"date":"2026-03-13T18:50:04","date_gmt":"2026-03-13T17:50:04","guid":{"rendered":"https:\/\/skishop.no\/?page_id=4871"},"modified":"2026-03-13T18:53:43","modified_gmt":"2026-03-13T17:53:43","slug":"messaging-terms-for-sms","status":"publish","type":"page","link":"https:\/\/skishop.no\/de\/datenschutz\/messaging-begriffe-fur-sms\/","title":{"rendered":"Begriffe f\u00fcr SMS-Nachrichten."},"content":{"rendered":"<div data-elementor-type=\"wp-page\" data-elementor-id=\"4871\" class=\"elementor elementor-4871\" data-elementor-post-type=\"page\">\n\t\t\t\t<div data-particle_enable=\"false\" data-particle-mobile-disabled=\"false\" class=\"elementor-element elementor-element-c1569f6 e-flex e-con-boxed e-con e-parent\" data-id=\"c1569f6\" data-element_type=\"container\" data-e-type=\"container\">\n\t\t\t\t\t<div class=\"e-con-inner\">\n\t\t\t\t<div class=\"elementor-element elementor-element-8a8e893 elementor-widget elementor-widget-text-editor\" data-id=\"8a8e893\" data-element_type=\"widget\" data-e-type=\"widget\" data-widget_type=\"text-editor.default\">\n\t\t\t\t\t\t\t\t\t<p data-pm-slice=\"1 1 []\">Skishopno<\/p><p>24 Vestmovegen Trysil Innlandet NO 2420<\/p><p>Info@skishop.no<\/p><p><blockquote class=\"wp-embedded-content\" data-secret=\"imbWwW1TRB\"><a href=\"https:\/\/skishop.no\/de\/datenschutz\/\">Datenschutzbestimmungen<\/a><\/blockquote><iframe loading=\"lazy\" class=\"wp-embedded-content\" sandbox=\"allow-scripts\" security=\"restricted\" style=\"position: absolute; visibility: hidden;\" title=\"\u00abDatenschutzerkl\u00e4rung\u00bb - Trysil Skishop\" src=\"https:\/\/skishop.no\/personvern\/embed\/#?secret=7vV17KifiX#?secret=imbWwW1TRB\" data-secret=\"imbWwW1TRB\" width=\"500\" height=\"282\" frameborder=\"0\" marginwidth=\"0\" marginheight=\"0\" scrolling=\"no\"><\/iframe><\/p><h1>Allgemeine Gesch\u00e4ftsbedingungen f\u00fcr Messaging<\/h1><p>Skishopno | 24 Vestmovegen Trysil Innlandet NO 2420<\/p><h2>Allgemein<\/h2><p>Wenn Sie sich f\u00fcr den Service anmelden, senden wir Ihnen eine Nachricht zur Best\u00e4tigung Ihrer Anmeldung.<\/p><p>Indem Sie sich f\u00fcr den Erhalt von Nachrichten entscheiden, erkl\u00e4ren Sie sich damit einverstanden, dass Sie regelm\u00e4\u00dfig automatische Marketing- und Informations-SMS von Skishopno erhalten. Automatisierte Nachrichten k\u00f6nnen \u00fcber ein automatisches Telefonw\u00e4hlsystem an die von Ihnen bei der Anmeldung angegebene Mobiltelefonnummer oder an eine andere von Ihnen angegebene Nummer gesendet werden.<\/p><p>Die H\u00e4ufigkeit der Nachrichten variiert, und es k\u00f6nnen regelm\u00e4\u00dfig zus\u00e4tzliche mobile Nachrichten gesendet werden, je nachdem, wie Sie mit Skishopno interagieren. Skishopno beh\u00e4lt sich das Recht vor, die H\u00e4ufigkeit der gesendeten Nachrichten jederzeit zu \u00e4ndern, um die Gesamtzahl der gesendeten Nachrichten zu erh\u00f6hen oder zu verringern. Skishopno beh\u00e4lt sich au\u00dferdem das Recht vor, die Kurzwahlnummer oder die Telefonnummer oder den alphanumerischen Absender zu \u00e4ndern, an den die Nachrichten gesendet werden.<\/p><p>Es k\u00f6nnen Ihre \u00fcblichen Nachrichten- und Datentarife gelten. Wenn Sie Fragen zu Ihrem SMS- oder Datentarif haben, wenden Sie sich am besten an Ihren Mobilfunkanbieter. Ihr Mobilfunkanbieter ist nicht f\u00fcr versp\u00e4tete oder nicht zugestellte Nachrichten verantwortlich.<\/p><p>Ihre Zustimmung zum Erhalt von Marketingnachrichten ist keine Bedingung f\u00fcr den Kauf.<\/p><h2>Spediteure<\/h2><p>Zusteller haften nicht f\u00fcr versp\u00e4tete oder nicht zugestellte Nachrichten.<\/p><h2>Stornierung<\/h2><p>Die Nachrichten enthalten Anweisungen, wie Sie sich abmelden k\u00f6nnen, entweder durch eine SMS an STOP oder \u00fcber einen enthaltenen Link. Nachdem Sie sich abgemeldet haben, senden wir Ihnen eine Nachricht, um zu best\u00e4tigen, dass Sie sich abgemeldet haben und keine weiteren Nachrichten mehr erhalten werden. Wenn Sie wieder Nachrichten von Skishopno erhalten m\u00f6chten, melden Sie sich einfach wie beim ersten Mal an und Skishopno wird Ihnen wieder Nachrichten schicken.<\/p><h2>Info<\/h2><p>Wenn Sie Unterst\u00fctzung in Bezug auf unsere Dienste ben\u00f6tigen, senden Sie uns eine E-Mail an Info@skishop.no oder, falls unterst\u00fctzt, senden Sie eine SMS an unsere Nachrichten und wir antworten Ihnen mit Anweisungen, wie Sie sich abmelden k\u00f6nnen. Wenn wir in den Nachrichten, die wir Ihnen von Skishopno senden, einen Link einf\u00fcgen, k\u00f6nnen Sie \u00fcber diesen Link auch Anweisungen zur Abmeldung und Informationen \u00fcber unser Unternehmen abrufen.<\/p><h2>\u00dcbertragung der Nummer<\/h2><p>Sie erkl\u00e4ren sich damit einverstanden, dass Sie, bevor Sie Ihre Handynummer \u00e4ndern oder Ihre Handynummer an eine andere Person weitergeben, entweder von der urspr\u00fcnglichen Nummer aus \u00bbSTOP\u00bb antworten, sich \u00fcber den in unseren Nachrichten enthaltenen Link abmelden (falls ein solcher vorhanden ist) oder uns Ihre alte Nummer unter Info@skishop.no mitteilen. Die Pflicht, uns aufgrund der oben genannten Ereignisse zu informieren, ist eine Bedingung f\u00fcr die Nutzung dieses Dienstes zum Empfang von Nachrichten.<\/p><h2>Datenschutzbestimmungen<\/h2><p>Wenn Sie Fragen zu Ihren Daten oder unseren Datenschutzpraktiken haben, besuchen Sie bitte unsere Website https:\/\/skishop.no\/personvern\/.<\/p><h2>\u00c4nderungen der Benachrichtigungsbedingungen<\/h2><p>Wir behalten uns das Recht vor, unser Messaging-Programm jederzeit zu \u00e4ndern oder zu beenden. Wir behalten uns auch das Recht vor, diese Messaging-Bedingungen jederzeit zu aktualisieren. Solche \u00c4nderungen werden sofort nach ihrer Ver\u00f6ffentlichung wirksam. Wenn Sie mit einer \u00c4nderung dieser Messaging-Bedingungen nicht einverstanden sind, sollten Sie Ihre Anmeldung bei unserem Messaging-Programm k\u00fcndigen. Wenn Sie sich nach solchen \u00c4nderungen weiterhin anmelden, bedeutet dies, dass Sie die \u00c4nderungen akzeptieren.<\/p><p>\u00a0<\/p>\t\t\t\t\t\t\t\t<\/div>\n\t\t\t\t\t<\/div>\n\t\t\t\t<\/div>\n\t\t\t\t<\/div>","protected":false},"excerpt":{"rendered":"<p>Skishopno 24 Vestmovegen Trysil Innlandet NO 2420 Info@skishop.no Personvern Messaging Terms &amp; Conditions Skishopno | 24 Vestmovegen Trysil Innlandet NO 2420 General When you opt-in to the service, we will send you a message to confirm your signup. By opting into messages, you agree to receive recurring automated marketing and informational text messages from Skishopno. [&hellip;]<\/p>\n","protected":false},"author":1,"featured_media":0,"parent":1833,"menu_order":0,"comment_status":"closed","ping_status":"closed","template":"","meta":{"site-sidebar-layout":"no-sidebar","site-content-layout":"page-builder","ast-site-content-layout":"full-width-container","site-content-style":"default","site-sidebar-style":"default","ast-global-header-display":"","ast-banner-title-visibility":"","ast-main-header-display":"","ast-hfb-above-header-display":"","ast-hfb-below-header-display":"","ast-hfb-mobile-header-display":"","site-post-title":"","ast-breadcrumbs-content":"","ast-featured-img":"disabled","footer-sml-layout":"","ast-disable-related-posts":"","theme-transparent-header-meta":"","adv-header-id-meta":"","stick-header-meta":"","header-above-stick-meta":"","header-main-stick-meta":"","header-below-stick-meta":"","astra-migrate-meta-layouts":"set","ast-page-background-enabled":"default","ast-page-background-meta":{"desktop":{"background-color":"var(--ast-global-color-4)","background-image":"","background-repeat":"repeat","background-position":"center center","background-size":"auto","background-attachment":"scroll","background-type":"","background-media":"","overlay-type":"","overlay-color":"","overlay-opacity":"","overlay-gradient":""},"tablet":{"background-color":"","background-image":"","background-repeat":"repeat","background-position":"center center","background-size":"auto","background-attachment":"scroll","background-type":"","background-media":"","overlay-type":"","overlay-color":"","overlay-opacity":"","overlay-gradient":""},"mobile":{"background-color":"","background-image":"","background-repeat":"repeat","background-position":"center center","background-size":"auto","background-attachment":"scroll","background-type":"","background-media":"","overlay-type":"","overlay-color":"","overlay-opacity":"","overlay-gradient":""}},"ast-content-background-meta":{"desktop":{"background-color":"var(--ast-global-color-5)","background-image":"","background-repeat":"repeat","background-position":"center center","background-size":"auto","background-attachment":"scroll","background-type":"","background-media":"","overlay-type":"","overlay-color":"","overlay-opacity":"","overlay-gradient":""},"tablet":{"background-color":"var(--ast-global-color-5)","background-image":"","background-repeat":"repeat","background-position":"center center","background-size":"auto","background-attachment":"scroll","background-type":"","background-media":"","overlay-type":"","overlay-color":"","overlay-opacity":"","overlay-gradient":""},"mobile":{"background-color":"var(--ast-global-color-5)","background-image":"","background-repeat":"repeat","background-position":"center center","background-size":"auto","background-attachment":"scroll","background-type":"","background-media":"","overlay-type":"","overlay-color":"","overlay-opacity":"","overlay-gradient":""}},"footnotes":""},"class_list":["post-4871","page","type-page","status-publish","hentry"],"yoast_head":"<!-- This site is optimized with the Yoast SEO Premium plugin v27.2 (Yoast SEO v27.5) - https:\/\/yoast.com\/product\/yoast-seo-premium-wordpress\/ -->\n<title>Messaging Terms for SMS. - Trysil Skishop<\/title>\n<meta name=\"description\" content=\"Trysil Skishop -\" \/>\n<meta name=\"robots\" content=\"index, follow, max-snippet:-1, max-image-preview:large, max-video-preview:-1\" \/>\n<link rel=\"canonical\" href=\"https:\/\/skishop.no\/de\/datenschutz\/messaging-begriffe-fur-sms\/\" \/>\n<meta property=\"og:locale\" content=\"de_DE\" \/>\n<meta property=\"og:type\" content=\"article\" \/>\n<meta property=\"og:title\" content=\"Messaging Terms for SMS.\" \/>\n<meta property=\"og:description\" content=\"Trysil Skishop -\" \/>\n<meta property=\"og:url\" content=\"https:\/\/skishop.no\/de\/datenschutz\/messaging-begriffe-fur-sms\/\" \/>\n<meta property=\"og:site_name\" content=\"Trysil Skishop\" \/>\n<meta property=\"article:publisher\" content=\"https:\/\/www.facebook.com\/TrysilSkishop\/\" \/>\n<meta property=\"article:modified_time\" content=\"2026-03-13T17:53:43+00:00\" \/>\n<meta property=\"og:image\" content=\"https:\/\/skishop.no\/wp-content\/uploads\/2025\/09\/Skishop-e1773158831889.jpg\" \/>\n\t<meta property=\"og:image:width\" content=\"964\" \/>\n\t<meta property=\"og:image:height\" content=\"643\" \/>\n\t<meta property=\"og:image:type\" content=\"image\/webp\" \/>\n<meta name=\"twitter:card\" content=\"summary_large_image\" \/>\n<meta name=\"twitter:label1\" content=\"Gesch\u00e4tzte Lesezeit\" \/>\n\t<meta name=\"twitter:data1\" content=\"3\u00a0Minuten\" \/>\n<script type=\"application\/ld+json\" class=\"yoast-schema-graph\">{\"@context\":\"https:\\\/\\\/schema.org\",\"@graph\":[{\"@type\":\"Article\",\"@id\":\"https:\\\/\\\/skishop.no\\\/personvern\\\/messaging-terms-for-sms\\\/#article\",\"isPartOf\":{\"@id\":\"https:\\\/\\\/skishop.no\\\/personvern\\\/messaging-terms-for-sms\\\/\"},\"author\":{\"name\":\"\",\"@id\":\"https:\\\/\\\/skishop.no\\\/#\\\/schema\\\/person\\\/e1116c92488e263d9a1324f1bd5d2dcb\"},\"headline\":\"Messaging Terms for SMS.\",\"datePublished\":\"2026-03-13T17:50:04+00:00\",\"dateModified\":\"2026-03-13T17:53:43+00:00\",\"mainEntityOfPage\":{\"@id\":\"https:\\\/\\\/skishop.no\\\/personvern\\\/messaging-terms-for-sms\\\/\"},\"wordCount\":501,\"publisher\":{\"@id\":\"https:\\\/\\\/skishop.no\\\/#organization\"},\"inLanguage\":\"de\"},{\"@type\":\"WebPage\",\"@id\":\"https:\\\/\\\/skishop.no\\\/personvern\\\/messaging-terms-for-sms\\\/\",\"url\":\"https:\\\/\\\/skishop.no\\\/personvern\\\/messaging-terms-for-sms\\\/\",\"name\":\"Messaging Terms for SMS. - Trysil Skishop\",\"isPartOf\":{\"@id\":\"https:\\\/\\\/skishop.no\\\/#website\"},\"datePublished\":\"2026-03-13T17:50:04+00:00\",\"dateModified\":\"2026-03-13T17:53:43+00:00\",\"description\":\"Trysil Skishop -\",\"breadcrumb\":{\"@id\":\"https:\\\/\\\/skishop.no\\\/personvern\\\/messaging-terms-for-sms\\\/#breadcrumb\"},\"inLanguage\":\"de\",\"potentialAction\":[{\"@type\":\"ReadAction\",\"target\":[\"https:\\\/\\\/skishop.no\\\/personvern\\\/messaging-terms-for-sms\\\/\"]}]},{\"@type\":\"BreadcrumbList\",\"@id\":\"https:\\\/\\\/skishop.no\\\/personvern\\\/messaging-terms-for-sms\\\/#breadcrumb\",\"itemListElement\":[{\"@type\":\"ListItem\",\"position\":1,\"name\":\"Hjem\",\"item\":\"https:\\\/\\\/skishop.no\\\/\"},{\"@type\":\"ListItem\",\"position\":2,\"name\":\"Personvern\",\"item\":\"https:\\\/\\\/skishop.no\\\/da\\\/privatlivets-fred\\\/\"},{\"@type\":\"ListItem\",\"position\":3,\"name\":\"Messaging Terms for SMS.\"}]},{\"@type\":\"WebSite\",\"@id\":\"https:\\\/\\\/skishop.no\\\/#website\",\"url\":\"https:\\\/\\\/skishop.no\\\/\",\"name\":\"Trysil Skishop\",\"description\":\"Trysils billigste skiutleie\",\"publisher\":{\"@id\":\"https:\\\/\\\/skishop.no\\\/#organization\"},\"alternateName\":\"Trysil ski leie\",\"potentialAction\":[{\"@type\":\"SearchAction\",\"target\":{\"@type\":\"EntryPoint\",\"urlTemplate\":\"https:\\\/\\\/skishop.no\\\/?s={search_term_string}\"},\"query-input\":{\"@type\":\"PropertyValueSpecification\",\"valueRequired\":true,\"valueName\":\"search_term_string\"}}],\"inLanguage\":\"de\"},{\"@type\":\"Organization\",\"@id\":\"https:\\\/\\\/skishop.no\\\/#organization\",\"name\":\"Trysil Skishop\",\"alternateName\":\"Trysil Skishop AS\",\"url\":\"https:\\\/\\\/skishop.no\\\/\",\"logo\":{\"@type\":\"ImageObject\",\"inLanguage\":\"de\",\"@id\":\"https:\\\/\\\/skishop.no\\\/#\\\/schema\\\/logo\\\/image\\\/\",\"url\":\"https:\\\/\\\/skishop.no\\\/wp-content\\\/uploads\\\/2025\\\/09\\\/Site-icon-1.webp\",\"contentUrl\":\"https:\\\/\\\/skishop.no\\\/wp-content\\\/uploads\\\/2025\\\/09\\\/Site-icon-1.webp\",\"width\":468,\"height\":389,\"caption\":\"Trysil Skishop\"},\"image\":{\"@id\":\"https:\\\/\\\/skishop.no\\\/#\\\/schema\\\/logo\\\/image\\\/\"},\"sameAs\":[\"https:\\\/\\\/www.facebook.com\\\/TrysilSkishop\\\/\",\"https:\\\/\\\/www.instagram.com\\\/skishop.no\"],\"description\":\"Trysil Skishop er Trysilfjellets rimeligste ski- og sykkelutleie, som tilbyr utleie av ski- og sykkelutstyr av h\u00f8y kvalitet til lave priser. De holder til p\u00e5 Trysil Shellsenter, ca. 2 km f\u00f8r Trysil Turistsenter, med enkel parkering rett utenfor. Skishop tilbyr ogs\u00e5 skiutstyrservice \u00e5ret rundt, hvor de forbereder ski til vintersesongen med profesjonell slipemaskin og erfarne teknikere. Stedet gir rask og effektiv service slik at kunder raskt kan komme seg ut i bakken eller p\u00e5 tur. Om sommeren kan man leie sykler av h\u00f8y kvalitet hos dem, og de har ogs\u00e5 en sportsbutikk med n\u00f8dvendig utstyr for ski- og sykkelturer. Trysil Skishop har ogs\u00e5 samarbeidspartnere som gir rabatter til deres gjester. De er kjent for \u00e5 kombinere lave priser med like h\u00f8y standard p\u00e5 utstyret som andre utleiesteder i omr\u00e5det.\",\"email\":\"Info@skishop.no\",\"telephone\":\"+4791929291\",\"legalName\":\"Trysil Skishop AS\",\"foundingDate\":\"1999-01-01\",\"vatID\":\"981 443 489\",\"numberOfEmployees\":{\"@type\":\"QuantitativeValue\",\"minValue\":\"11\",\"maxValue\":\"50\"},\"publishingPrinciples\":\"https:\\\/\\\/skishop.no\\\/ofte-stile-sporsmal\\\/\"},{\"@type\":\"Person\",\"@id\":\"https:\\\/\\\/skishop.no\\\/#\\\/schema\\\/person\\\/e1116c92488e263d9a1324f1bd5d2dcb\",\"name\":\"\",\"sameAs\":[\"https:\\\/\\\/skishop.no\"],\"url\":\"https:\\\/\\\/skishop.no\\\/de\\\/author\\\/infoskishop-no\\\/\"}]}<\/script>\n<!-- \/ Yoast SEO Premium plugin. -->","yoast_head_json":{"title":"Begriffe f\u00fcr SMS-Nachrichten. - Trysil Skishop","description":"Trysil Skishop -","robots":{"index":"index","follow":"follow","max-snippet":"max-snippet:-1","max-image-preview":"max-image-preview:large","max-video-preview":"max-video-preview:-1"},"canonical":"https:\/\/skishop.no\/de\/datenschutz\/messaging-begriffe-fur-sms\/","og_locale":"de_DE","og_type":"article","og_title":"Messaging Terms for SMS.","og_description":"Trysil Skishop -","og_url":"https:\/\/skishop.no\/de\/datenschutz\/messaging-begriffe-fur-sms\/","og_site_name":"Trysil Skishop","article_publisher":"https:\/\/www.facebook.com\/TrysilSkishop\/","article_modified_time":"2026-03-13T17:53:43+00:00","og_image":[{"width":964,"height":643,"url":"https:\/\/skishop.no\/wp-content\/uploads\/2025\/09\/Skishop-e1773158831889.jpg","type":"image\/webp"}],"twitter_card":"summary_large_image","twitter_misc":{"Gesch\u00e4tzte Lesezeit":"3\u00a0Minuten"},"schema":{"@context":"https:\/\/schema.org","@graph":[{"@type":"Article","@id":"https:\/\/skishop.no\/personvern\/messaging-terms-for-sms\/#article","isPartOf":{"@id":"https:\/\/skishop.no\/personvern\/messaging-terms-for-sms\/"},"author":{"name":"","@id":"https:\/\/skishop.no\/#\/schema\/person\/e1116c92488e263d9a1324f1bd5d2dcb"},"headline":"Messaging Terms for SMS.","datePublished":"2026-03-13T17:50:04+00:00","dateModified":"2026-03-13T17:53:43+00:00","mainEntityOfPage":{"@id":"https:\/\/skishop.no\/personvern\/messaging-terms-for-sms\/"},"wordCount":501,"publisher":{"@id":"https:\/\/skishop.no\/#organization"},"inLanguage":"de"},{"@type":"WebPage","@id":"https:\/\/skishop.no\/personvern\/messaging-terms-for-sms\/","url":"https:\/\/skishop.no\/personvern\/messaging-terms-for-sms\/","name":"Begriffe f\u00fcr SMS-Nachrichten. - Trysil Skishop","isPartOf":{"@id":"https:\/\/skishop.no\/#website"},"datePublished":"2026-03-13T17:50:04+00:00","dateModified":"2026-03-13T17:53:43+00:00","description":"Trysil Skishop -","breadcrumb":{"@id":"https:\/\/skishop.no\/personvern\/messaging-terms-for-sms\/#breadcrumb"},"inLanguage":"de","potentialAction":[{"@type":"ReadAction","target":["https:\/\/skishop.no\/personvern\/messaging-terms-for-sms\/"]}]},{"@type":"BreadcrumbList","@id":"https:\/\/skishop.no\/personvern\/messaging-terms-for-sms\/#breadcrumb","itemListElement":[{"@type":"ListItem","position":1,"name":"Hjem","item":"https:\/\/skishop.no\/"},{"@type":"ListItem","position":2,"name":"Personvern","item":"https:\/\/skishop.no\/da\/privatlivets-fred\/"},{"@type":"ListItem","position":3,"name":"Messaging Terms for SMS."}]},{"@type":"WebSite","@id":"https:\/\/skishop.no\/#website","url":"https:\/\/skishop.no\/","name":"Trysil Skishop","description":"Trysil's g\u00fcnstigster Skiverleih","publisher":{"@id":"https:\/\/skishop.no\/#organization"},"alternateName":"Trysil ski leie","potentialAction":[{"@type":"SearchAction","target":{"@type":"EntryPoint","urlTemplate":"https:\/\/skishop.no\/?s={search_term_string}"},"query-input":{"@type":"PropertyValueSpecification","valueRequired":true,"valueName":"search_term_string"}}],"inLanguage":"de"},{"@type":"Organization","@id":"https:\/\/skishop.no\/#organization","name":"Trysil Skishop","alternateName":"Trysil Skishop AS","url":"https:\/\/skishop.no\/","logo":{"@type":"ImageObject","inLanguage":"de","@id":"https:\/\/skishop.no\/#\/schema\/logo\/image\/","url":"https:\/\/skishop.no\/wp-content\/uploads\/2025\/09\/Site-icon-1.webp","contentUrl":"https:\/\/skishop.no\/wp-content\/uploads\/2025\/09\/Site-icon-1.webp","width":468,"height":389,"caption":"Trysil Skishop"},"image":{"@id":"https:\/\/skishop.no\/#\/schema\/logo\/image\/"},"sameAs":["https:\/\/www.facebook.com\/TrysilSkishop\/","https:\/\/www.instagram.com\/skishop.no"],"description":"Trysil Skishop ist Trysilfjellets g\u00fcnstigster Ski- und Fahrradverleih, der hochwertige Ski- und Fahrradausr\u00fcstung zu niedrigen Preisen anbietet. Der Skishop befindet sich im Trysil Shellsenter, etwa 2 km vor dem Trysil Turistsenter, und Sie k\u00f6nnen direkt vor dem Haus parken. Skishop bietet au\u00dferdem das ganze Jahr \u00fcber einen Skiservice an, bei dem die Skier mit einer professionellen Schleifmaschine und erfahrenen Technikern f\u00fcr die Wintersaison vorbereitet werden. Der Standort bietet einen schnellen und effizienten Service, damit die Kunden schnell auf die Piste oder auf Tour gehen k\u00f6nnen. Im Sommer k\u00f6nnen Sie dort hochwertige Fahrr\u00e4der ausleihen, und es gibt auch ein Sportgesch\u00e4ft mit der n\u00f6tigen Ausr\u00fcstung f\u00fcr Ski- und Fahrradtouren. Trysil Skishop hat auch Partner, die ihren G\u00e4sten Rabatte anbieten. Sie sind daf\u00fcr bekannt, dass sie niedrige Preise mit demselben hohen Ausr\u00fcstungsstandard kombinieren wie andere Verleihzentren in der Gegend.","email":"Info@skishop.no","telephone":"+4791929291","legalName":"Trysil Skishop AS","foundingDate":"1999-01-01","vatID":"981 443 489","numberOfEmployees":{"@type":"QuantitativeValue","minValue":"11","maxValue":"50"},"publishingPrinciples":"https:\/\/skishop.no\/ofte-stile-sporsmal\/"},{"@type":"Person","@id":"https:\/\/skishop.no\/#\/schema\/person\/e1116c92488e263d9a1324f1bd5d2dcb","name":"","sameAs":["https:\/\/skishop.no"],"url":"https:\/\/skishop.no\/de\/author\/infoskishop-no\/"}]}},"_links":{"self":[{"href":"https:\/\/skishop.no\/de\/wp-json\/wp\/v2\/pages\/4871","targetHints":{"allow":["GET"]}}],"collection":[{"href":"https:\/\/skishop.no\/de\/wp-json\/wp\/v2\/pages"}],"about":[{"href":"https:\/\/skishop.no\/de\/wp-json\/wp\/v2\/types\/page"}],"author":[{"embeddable":true,"href":"https:\/\/skishop.no\/de\/wp-json\/wp\/v2\/users\/1"}],"replies":[{"embeddable":true,"href":"https:\/\/skishop.no\/de\/wp-json\/wp\/v2\/comments?post=4871"}],"version-history":[{"count":5,"href":"https:\/\/skishop.no\/de\/wp-json\/wp\/v2\/pages\/4871\/revisions"}],"predecessor-version":[{"id":4878,"href":"https:\/\/skishop.no\/de\/wp-json\/wp\/v2\/pages\/4871\/revisions\/4878"}],"up":[{"embeddable":true,"href":"https:\/\/skishop.no\/de\/wp-json\/wp\/v2\/pages\/1833"}],"wp:attachment":[{"href":"https:\/\/skishop.no\/de\/wp-json\/wp\/v2\/media?parent=4871"}],"curies":[{"name":"wp","href":"https:\/\/api.w.org\/{rel}","templated":true}]}}