{"id":6617,"date":"2026-03-16T13:19:01","date_gmt":"2026-03-16T12:19:01","guid":{"rendered":"https:\/\/skishop.no\/?post_type=product&#038;p=6617"},"modified":"2026-03-29T15:59:35","modified_gmt":"2026-03-29T14:59:35","slug":"chester-64385228019067","status":"publish","type":"product","link":"https:\/\/skishop.no\/de\/product\/chester-64385228019067\/","title":{"rendered":"Chester"},"content":{"rendered":"<p>Icepeak Chester skijakke for menn er en del av Freezone-serien, perfekt for aktive skidagene og avslappede turer i fjellet. Jakken har en vanntetthet p\u00e5 10 000 mmH2O og pusteevne p\u00e5 8 000 g\/m\u00b2\/24h, takket v\u00e6re 2-lags AWS Active-teknologi med fullteipede s\u00f8mmer og PFC-fri vannavvisende behandling. Den faste, justerbare hetten er foret med myk fleece for ekstra komfort, mens artikulerte albuer og forformede ermer gir full bevegelsesfrihet. Praktiske detaljer inkluderer justerbare mansjetter med toml\u00f8s elastisk innermansjett, foret h\u00e5ndvarmerlommer, ski pass-lomme p\u00e5 ermet, fast sn\u00f8l\u00e5s og lengre bakstykke for bedre dekning. Varm isolasjon i polyester holder deg varm uten \u00e5 bli for varm under aktivitet. Materialet er 100% polyester i overflate, fyll og f\u00f4r, som er enkelt \u00e5 vedlikeholde \u2013 vaskes p\u00e5 30\u00b0C og t\u00f8rkes i t\u00f8rketrommel. Ideell for skientusiaster som verdsetter funksjonalitet, holdbarhet og b\u00e6rekraft. Passformen er regular med standard lengde, egnet for de fleste kroppsbygger.[4][6][8][10]<\/p>\n","protected":false},"excerpt":{"rendered":"<p>Icepeak Chester er en h\u00f8ykvalitets skijakke for menn designet for vinterens utfordringer. Med vanntetthet p\u00e5 10 000 mm og pusteevne p\u00e5 8 000 g\/m\u00b2\/24h holder den deg t\u00f8rr og komfortabel p\u00e5 ski. Jakken har fast hette med justerbare kanter, toml\u00f8se mansjetter, sn\u00f8l\u00e5s og ski pass-lomme. Laget i slitesterkt 2-lags materiale med PFC-fri impregnering og varm isolasjon, tilbyr den optimal bevegelsesfrihet og beskyttelse mot vind og sn\u00f8.[4][8]<\/p>\n","protected":false},"featured_media":9664,"template":"","meta":{"site-sidebar-layout":"default","site-content-layout":"","ast-site-content-layout":"default","site-content-style":"default","site-sidebar-style":"default","ast-global-header-display":"","ast-banner-title-visibility":"","ast-main-header-display":"","ast-hfb-above-header-display":"","ast-hfb-below-header-display":"","ast-hfb-mobile-header-display":"","site-post-title":"","ast-breadcrumbs-content":"","ast-featured-img":"","footer-sml-layout":"","ast-disable-related-posts":"","theme-transparent-header-meta":"","adv-header-id-meta":"","stick-header-meta":"","header-above-stick-meta":"","header-main-stick-meta":"","header-below-stick-meta":"","astra-migrate-meta-layouts":"default","ast-page-background-enabled":"default","ast-page-background-meta":{"desktop":{"background-color":"var(--ast-global-color-4)","background-image":"","background-repeat":"repeat","background-position":"center center","background-size":"auto","background-attachment":"scroll","background-type":"","background-media":"","overlay-type":"","overlay-color":"","overlay-opacity":"","overlay-gradient":""},"tablet":{"background-color":"","background-image":"","background-repeat":"repeat","background-position":"center center","background-size":"auto","background-attachment":"scroll","background-type":"","background-media":"","overlay-type":"","overlay-color":"","overlay-opacity":"","overlay-gradient":""},"mobile":{"background-color":"","background-image":"","background-repeat":"repeat","background-position":"center center","background-size":"auto","background-attachment":"scroll","background-type":"","background-media":"","overlay-type":"","overlay-color":"","overlay-opacity":"","overlay-gradient":""}},"ast-content-background-meta":{"desktop":{"background-color":"var(--ast-global-color-5)","background-image":"","background-repeat":"repeat","background-position":"center center","background-size":"auto","background-attachment":"scroll","background-type":"","background-media":"","overlay-type":"","overlay-color":"","overlay-opacity":"","overlay-gradient":""},"tablet":{"background-color":"var(--ast-global-color-5)","background-image":"","background-repeat":"repeat","background-position":"center center","background-size":"auto","background-attachment":"scroll","background-type":"","background-media":"","overlay-type":"","overlay-color":"","overlay-opacity":"","overlay-gradient":""},"mobile":{"background-color":"var(--ast-global-color-5)","background-image":"","background-repeat":"repeat","background-position":"center center","background-size":"auto","background-attachment":"scroll","background-type":"","background-media":"","overlay-type":"","overlay-color":"","overlay-opacity":"","overlay-gradient":""}}},"product_brand":[1055],"product_cat":[85],"product_tag":[],"class_list":{"0":"post-6617","1":"product","2":"type-product","3":"status-publish","4":"has-post-thumbnail","6":"product_brand-ice-peak","7":"product_cat-10001-jakker","8":"pa_8369-98","9":"pa_8369-99","10":"pa_8369-100","11":"pa_8369-101","12":"pa_variant-1269","13":"pa_variant-1270","14":"pa_variant-1271","15":"pa_variant-1272","16":"desktop-align-center","17":"tablet-align-left","18":"mobile-align-left","20":"first","21":"instock","22":"sale","23":"taxable","24":"shipping-taxable","25":"purchasable","26":"product-type-variable"},"yoast_head":"<!-- This site is optimized with the Yoast SEO Premium plugin v27.2 (Yoast SEO v27.6) - https:\/\/yoast.com\/product\/yoast-seo-premium-wordpress\/ -->\n<title>Chester - Trysil Skishop<\/title>\n<meta name=\"description\" content=\"Chester Trysil Skishop\" \/>\n<meta name=\"robots\" content=\"index, follow, max-snippet:-1, max-image-preview:large, max-video-preview:-1\" \/>\n<link rel=\"canonical\" href=\"https:\/\/skishop.no\/de\/product\/chester-64385228019067\/\" \/>\n<meta property=\"og:locale\" content=\"de_DE\" \/>\n<meta property=\"og:type\" content=\"article\" \/>\n<meta property=\"og:title\" content=\"Chester % - Trysil Skishop\" \/>\n<meta property=\"og:description\" content=\"-\" \/>\n<meta property=\"og:url\" content=\"https:\/\/skishop.no\/de\/product\/chester-64385228019067\/\" \/>\n<meta property=\"og:site_name\" content=\"Trysil Skishop\" \/>\n<meta property=\"article:publisher\" content=\"https:\/\/www.facebook.com\/TrysilSkishop\/\" \/>\n<meta property=\"article:modified_time\" content=\"2026-03-29T14:59:35+00:00\" \/>\n<meta property=\"og:image\" content=\"https:\/\/skishop.no\/wp-content\/uploads\/2025\/09\/Skishop-e1773158831889.jpg\" \/>\n\t<meta property=\"og:image:width\" content=\"964\" \/>\n\t<meta property=\"og:image:height\" content=\"643\" \/>\n\t<meta property=\"og:image:type\" content=\"image\/webp\" \/>\n<meta name=\"twitter:card\" content=\"summary_large_image\" \/>\n<meta name=\"twitter:label1\" content=\"Est. reading time\" \/>\n\t<meta name=\"twitter:data1\" content=\"1\u00a0Minute\" \/>\n<script type=\"application\/ld+json\" class=\"yoast-schema-graph\">{\"@context\":\"https:\\\/\\\/schema.org\",\"@graph\":[{\"@type\":\"WebPage\",\"@id\":\"https:\\\/\\\/skishop.no\\\/produkt\\\/chester-64385228019067\\\/\",\"url\":\"https:\\\/\\\/skishop.no\\\/produkt\\\/chester-64385228019067\\\/\",\"name\":\"Chester - Trysil Skishop\",\"isPartOf\":{\"@id\":\"https:\\\/\\\/skishop.no\\\/#website\"},\"primaryImageOfPage\":{\"@id\":\"https:\\\/\\\/skishop.no\\\/produkt\\\/chester-64385228019067\\\/#primaryimage\"},\"image\":{\"@id\":\"https:\\\/\\\/skishop.no\\\/produkt\\\/chester-64385228019067\\\/#primaryimage\"},\"thumbnailUrl\":\"https:\\\/\\\/skishop.no\\\/wp-content\\\/uploads\\\/2026\\\/03\\\/icepeak-chester-aa-jas-gevoerd-heren-black-zwart-ICEP656229659I-990-BI-01.webp\",\"datePublished\":\"2026-03-16T12:19:01+00:00\",\"dateModified\":\"2026-03-29T14:59:35+00:00\",\"description\":\"Chester Trysil Skishop\",\"breadcrumb\":{\"@id\":\"https:\\\/\\\/skishop.no\\\/produkt\\\/chester-64385228019067\\\/#breadcrumb\"},\"inLanguage\":\"de\",\"potentialAction\":[{\"@type\":\"ReadAction\",\"target\":[\"https:\\\/\\\/skishop.no\\\/produkt\\\/chester-64385228019067\\\/\"]}]},{\"@type\":\"ImageObject\",\"inLanguage\":\"de\",\"@id\":\"https:\\\/\\\/skishop.no\\\/produkt\\\/chester-64385228019067\\\/#primaryimage\",\"url\":\"https:\\\/\\\/skishop.no\\\/wp-content\\\/uploads\\\/2026\\\/03\\\/icepeak-chester-aa-jas-gevoerd-heren-black-zwart-ICEP656229659I-990-BI-01.webp\",\"contentUrl\":\"https:\\\/\\\/skishop.no\\\/wp-content\\\/uploads\\\/2026\\\/03\\\/icepeak-chester-aa-jas-gevoerd-heren-black-zwart-ICEP656229659I-990-BI-01.webp\",\"width\":265,\"height\":265},{\"@type\":\"BreadcrumbList\",\"@id\":\"https:\\\/\\\/skishop.no\\\/produkt\\\/chester-64385228019067\\\/#breadcrumb\",\"itemListElement\":[{\"@type\":\"ListItem\",\"position\":1,\"name\":\"Hjem\",\"item\":\"https:\\\/\\\/skishop.no\\\/\"},{\"@type\":\"ListItem\",\"position\":2,\"name\":\"Butikk\",\"item\":\"https:\\\/\\\/skishop.no\\\/butikk\\\/\"},{\"@type\":\"ListItem\",\"position\":3,\"name\":\"Chester\"}]},{\"@type\":\"WebSite\",\"@id\":\"https:\\\/\\\/skishop.no\\\/#website\",\"url\":\"https:\\\/\\\/skishop.no\\\/\",\"name\":\"Trysil Skishop\",\"description\":\"Trysils billigste skiutleie\",\"publisher\":{\"@id\":\"https:\\\/\\\/skishop.no\\\/#organization\"},\"alternateName\":\"Trysil ski leie\",\"potentialAction\":[{\"@type\":\"SearchAction\",\"target\":{\"@type\":\"EntryPoint\",\"urlTemplate\":\"https:\\\/\\\/skishop.no\\\/?s={search_term_string}\"},\"query-input\":{\"@type\":\"PropertyValueSpecification\",\"valueRequired\":true,\"valueName\":\"search_term_string\"}}],\"inLanguage\":\"de\"},{\"@type\":\"Organization\",\"@id\":\"https:\\\/\\\/skishop.no\\\/#organization\",\"name\":\"Trysil Skishop\",\"alternateName\":\"Trysil Skishop AS\",\"url\":\"https:\\\/\\\/skishop.no\\\/\",\"logo\":{\"@type\":\"ImageObject\",\"inLanguage\":\"de\",\"@id\":\"https:\\\/\\\/skishop.no\\\/#\\\/schema\\\/logo\\\/image\\\/\",\"url\":\"https:\\\/\\\/skishop.no\\\/wp-content\\\/uploads\\\/2025\\\/09\\\/Site-icon-1.webp\",\"contentUrl\":\"https:\\\/\\\/skishop.no\\\/wp-content\\\/uploads\\\/2025\\\/09\\\/Site-icon-1.webp\",\"width\":468,\"height\":389,\"caption\":\"Trysil Skishop\"},\"image\":{\"@id\":\"https:\\\/\\\/skishop.no\\\/#\\\/schema\\\/logo\\\/image\\\/\"},\"sameAs\":[\"https:\\\/\\\/www.facebook.com\\\/TrysilSkishop\\\/\",\"https:\\\/\\\/www.instagram.com\\\/skishop.no\"],\"description\":\"Trysil Skishop er Trysilfjellets rimeligste ski- og sykkelutleie, som tilbyr utleie av ski- og sykkelutstyr av h\u00f8y kvalitet til lave priser. De holder til p\u00e5 Trysil Shellsenter, ca. 2 km f\u00f8r Trysil Turistsenter, med enkel parkering rett utenfor. Skishop tilbyr ogs\u00e5 skiutstyrservice \u00e5ret rundt, hvor de forbereder ski til vintersesongen med profesjonell slipemaskin og erfarne teknikere. Stedet gir rask og effektiv service slik at kunder raskt kan komme seg ut i bakken eller p\u00e5 tur. Om sommeren kan man leie sykler av h\u00f8y kvalitet hos dem, og de har ogs\u00e5 en sportsbutikk med n\u00f8dvendig utstyr for ski- og sykkelturer. Trysil Skishop har ogs\u00e5 samarbeidspartnere som gir rabatter til deres gjester. De er kjent for \u00e5 kombinere lave priser med like h\u00f8y standard p\u00e5 utstyret som andre utleiesteder i omr\u00e5det.\",\"email\":\"Info@skishop.no\",\"telephone\":\"+4791929291\",\"legalName\":\"Trysil Skishop AS\",\"foundingDate\":\"1999-01-01\",\"vatID\":\"981 443 489\",\"numberOfEmployees\":{\"@type\":\"QuantitativeValue\",\"minValue\":\"11\",\"maxValue\":\"50\"},\"publishingPrinciples\":\"https:\\\/\\\/skishop.no\\\/ofte-stile-sporsmal\\\/\"}]}<\/script>\n<!-- \/ Yoast SEO Premium plugin. -->","yoast_head_json":{"title":"Chester - Trysil Skishop","description":"Chester Trysil Skishop","robots":{"index":"index","follow":"follow","max-snippet":"max-snippet:-1","max-image-preview":"max-image-preview:large","max-video-preview":"max-video-preview:-1"},"canonical":"https:\/\/skishop.no\/de\/product\/chester-64385228019067\/","og_locale":"de_DE","og_type":"article","og_title":"Chester % - Trysil Skishop","og_description":"-","og_url":"https:\/\/skishop.no\/de\/product\/chester-64385228019067\/","og_site_name":"Trysil Skishop","article_publisher":"https:\/\/www.facebook.com\/TrysilSkishop\/","article_modified_time":"2026-03-29T14:59:35+00:00","og_image":[{"width":964,"height":643,"url":"https:\/\/skishop.no\/wp-content\/uploads\/2025\/09\/Skishop-e1773158831889.jpg","type":"image\/webp"}],"twitter_card":"summary_large_image","twitter_misc":{"Est. reading time":"1\u00a0Minute"},"schema":{"@context":"https:\/\/schema.org","@graph":[{"@type":"WebPage","@id":"https:\/\/skishop.no\/produkt\/chester-64385228019067\/","url":"https:\/\/skishop.no\/produkt\/chester-64385228019067\/","name":"Chester - Trysil Skishop","isPartOf":{"@id":"https:\/\/skishop.no\/#website"},"primaryImageOfPage":{"@id":"https:\/\/skishop.no\/produkt\/chester-64385228019067\/#primaryimage"},"image":{"@id":"https:\/\/skishop.no\/produkt\/chester-64385228019067\/#primaryimage"},"thumbnailUrl":"https:\/\/skishop.no\/wp-content\/uploads\/2026\/03\/icepeak-chester-aa-jas-gevoerd-heren-black-zwart-ICEP656229659I-990-BI-01.webp","datePublished":"2026-03-16T12:19:01+00:00","dateModified":"2026-03-29T14:59:35+00:00","description":"Chester Trysil Skishop","breadcrumb":{"@id":"https:\/\/skishop.no\/produkt\/chester-64385228019067\/#breadcrumb"},"inLanguage":"de","potentialAction":[{"@type":"ReadAction","target":["https:\/\/skishop.no\/produkt\/chester-64385228019067\/"]}]},{"@type":"ImageObject","inLanguage":"de","@id":"https:\/\/skishop.no\/produkt\/chester-64385228019067\/#primaryimage","url":"https:\/\/skishop.no\/wp-content\/uploads\/2026\/03\/icepeak-chester-aa-jas-gevoerd-heren-black-zwart-ICEP656229659I-990-BI-01.webp","contentUrl":"https:\/\/skishop.no\/wp-content\/uploads\/2026\/03\/icepeak-chester-aa-jas-gevoerd-heren-black-zwart-ICEP656229659I-990-BI-01.webp","width":265,"height":265},{"@type":"BreadcrumbList","@id":"https:\/\/skishop.no\/produkt\/chester-64385228019067\/#breadcrumb","itemListElement":[{"@type":"ListItem","position":1,"name":"Hjem","item":"https:\/\/skishop.no\/"},{"@type":"ListItem","position":2,"name":"Butikk","item":"https:\/\/skishop.no\/butikk\/"},{"@type":"ListItem","position":3,"name":"Chester"}]},{"@type":"WebSite","@id":"https:\/\/skishop.no\/#website","url":"https:\/\/skishop.no\/","name":"Trysil Skishop","description":"Trysil's g\u00fcnstigster Skiverleih","publisher":{"@id":"https:\/\/skishop.no\/#organization"},"alternateName":"Trysil ski leie","potentialAction":[{"@type":"SearchAction","target":{"@type":"EntryPoint","urlTemplate":"https:\/\/skishop.no\/?s={search_term_string}"},"query-input":{"@type":"PropertyValueSpecification","valueRequired":true,"valueName":"search_term_string"}}],"inLanguage":"de"},{"@type":"Organization","@id":"https:\/\/skishop.no\/#organization","name":"Trysil Skishop","alternateName":"Trysil Skishop AS","url":"https:\/\/skishop.no\/","logo":{"@type":"ImageObject","inLanguage":"de","@id":"https:\/\/skishop.no\/#\/schema\/logo\/image\/","url":"https:\/\/skishop.no\/wp-content\/uploads\/2025\/09\/Site-icon-1.webp","contentUrl":"https:\/\/skishop.no\/wp-content\/uploads\/2025\/09\/Site-icon-1.webp","width":468,"height":389,"caption":"Trysil Skishop"},"image":{"@id":"https:\/\/skishop.no\/#\/schema\/logo\/image\/"},"sameAs":["https:\/\/www.facebook.com\/TrysilSkishop\/","https:\/\/www.instagram.com\/skishop.no"],"description":"Trysil Skishop ist Trysilfjellets g\u00fcnstigster Ski- und Fahrradverleih, der hochwertige Ski- und Fahrradausr\u00fcstung zu niedrigen Preisen anbietet. Der Skishop befindet sich im Trysil Shellsenter, etwa 2 km vor dem Trysil Turistsenter, und Sie k\u00f6nnen direkt vor dem Haus parken. Skishop bietet au\u00dferdem das ganze Jahr \u00fcber einen Skiservice an, bei dem die Skier mit einer professionellen Schleifmaschine und erfahrenen Technikern f\u00fcr die Wintersaison vorbereitet werden. Der Standort bietet einen schnellen und effizienten Service, damit die Kunden schnell auf die Piste oder auf Tour gehen k\u00f6nnen. Im Sommer k\u00f6nnen Sie dort hochwertige Fahrr\u00e4der ausleihen, und es gibt auch ein Sportgesch\u00e4ft mit der n\u00f6tigen Ausr\u00fcstung f\u00fcr Ski- und Fahrradtouren. Trysil Skishop hat auch Partner, die ihren G\u00e4sten Rabatte anbieten. Sie sind daf\u00fcr bekannt, dass sie niedrige Preise mit demselben hohen Ausr\u00fcstungsstandard kombinieren wie andere Verleihzentren in der Gegend.","email":"Info@skishop.no","telephone":"+4791929291","legalName":"Trysil Skishop AS","foundingDate":"1999-01-01","vatID":"981 443 489","numberOfEmployees":{"@type":"QuantitativeValue","minValue":"11","maxValue":"50"},"publishingPrinciples":"https:\/\/skishop.no\/ofte-stile-sporsmal\/"}]}},"_links":{"self":[{"href":"https:\/\/skishop.no\/de\/wp-json\/wp\/v2\/product\/6617","targetHints":{"allow":["GET"]}}],"collection":[{"href":"https:\/\/skishop.no\/de\/wp-json\/wp\/v2\/product"}],"about":[{"href":"https:\/\/skishop.no\/de\/wp-json\/wp\/v2\/types\/product"}],"version-history":[{"count":2,"href":"https:\/\/skishop.no\/de\/wp-json\/wp\/v2\/product\/6617\/revisions"}],"predecessor-version":[{"id":9663,"href":"https:\/\/skishop.no\/de\/wp-json\/wp\/v2\/product\/6617\/revisions\/9663"}],"wp:featuredmedia":[{"embeddable":true,"href":"https:\/\/skishop.no\/de\/wp-json\/wp\/v2\/media\/9664"}],"wp:attachment":[{"href":"https:\/\/skishop.no\/de\/wp-json\/wp\/v2\/media?parent=6617"}],"wp:term":[{"taxonomy":"product_brand","embeddable":true,"href":"https:\/\/skishop.no\/de\/wp-json\/wp\/v2\/product_brand?post=6617"},{"taxonomy":"product_cat","embeddable":true,"href":"https:\/\/skishop.no\/de\/wp-json\/wp\/v2\/product_cat?post=6617"},{"taxonomy":"product_tag","embeddable":true,"href":"https:\/\/skishop.no\/de\/wp-json\/wp\/v2\/product_tag?post=6617"}],"curies":[{"name":"wp","href":"https:\/\/api.w.org\/{rel}","templated":true}]}}