{"id":8378,"date":"2026-03-16T15:26:54","date_gmt":"2026-03-16T14:26:54","guid":{"rendered":"https:\/\/skishop.no\/?post_type=product&#038;p=8378"},"modified":"2026-04-01T14:39:56","modified_gmt":"2026-04-01T13:39:56","slug":"atmos-pure-white-matte-64385228019309","status":"publish","type":"product","link":"https:\/\/skishop.no\/de\/produkt\/atmos-reinweis-matt-64385228019309\/","title":{"rendered":"Atmos Reines Wei\u00df matt"},"content":{"rendered":"<p class=\"my-2 [&amp;+p]:mt-4 [&amp;_strong:has(+br)]:inline-block [&amp;_strong:has(+br)]:pb-2\">Boll\u00e9 Atmos Pure er en lett og komfortabel skihjelm utviklet for skikj\u00f8rere som \u00f8nsker h\u00f8y sikkerhet og god ventilasjon gjennom hele dagen i bakken. Den lette In\u2011Mold\u2011konstruksjonen gj\u00f8r hjelmen behagelig \u00e5 bruke, samtidig som den gir solid beskyttelse.<\/p>\n<p class=\"my-2 [&amp;+p]:mt-4 [&amp;_strong:has(+br)]:inline-block [&amp;_strong:has(+br)]:pb-2\">Hjelmen er utstyrt med AViD Progressive EPS\u2011teknologi som kombinerer effektiv ventilasjon med progressiv st\u00f8tabsorbering. Dette bidrar til bedre luftgjennomstr\u00f8mning og \u00f8kt sikkerhet ved ulike typer st\u00f8t. Med et passivt ventilasjonssystem med ni ventilasjons\u00e5pninger f\u00e5r du god temperaturregulering, enten du kj\u00f8rer i kaldt vinterv\u00e6r eller mildere v\u00e5rforhold.<\/p>\n<p class=\"my-2 [&amp;+p]:mt-4 [&amp;_strong:has(+br)]:inline-block [&amp;_strong:has(+br)]:pb-2\">Click\u2011To\u2011Fit\u2122\u2011justeringssystemet gj\u00f8r det enkelt \u00e5 tilpasse hjelmen til hodet med et praktisk justeringshjul, selv med hansker p\u00e5. Den myke og komfortable innvendige polstringen s\u00f8rger for en behagelig passform og ekstra varme p\u00e5 kalde dager.<\/p>\n<h2 id=\"fordeler\" class=\"font-editorial font-bold mb-2 mt-4 [.has-inline-images_&amp;]:clear-end text-base first:mt-0\">Fordeler<\/h2>\n<ul class=\"marker:text-quiet list-disc\">\n<li class=\"py-0 my-0 prose-p:pt-0 prose-p:mb-2 prose-p:my-0 [&amp;&gt;p]:pt-0 [&amp;&gt;p]:mb-2 [&amp;&gt;p]:my-0\">\n<p class=\"my-2 [&amp;+p]:mt-4 [&amp;_strong:has(+br)]:inline-block [&amp;_strong:has(+br)]:pb-2\">Lett In\u2011Mold\u2011konstruksjon for komfort og lav vekt<\/p>\n<\/li>\n<li class=\"py-0 my-0 prose-p:pt-0 prose-p:mb-2 prose-p:my-0 [&amp;&gt;p]:pt-0 [&amp;&gt;p]:mb-2 [&amp;&gt;p]:my-0\">\n<p class=\"my-2 [&amp;+p]:mt-4 [&amp;_strong:has(+br)]:inline-block [&amp;_strong:has(+br)]:pb-2\">AViD Progressive EPS for forbedret ventilasjon og st\u00f8tabsorbering<\/p>\n<\/li>\n<li class=\"py-0 my-0 prose-p:pt-0 prose-p:mb-2 prose-p:my-0 [&amp;&gt;p]:pt-0 [&amp;&gt;p]:mb-2 [&amp;&gt;p]:my-0\">\n<p class=\"my-2 [&amp;+p]:mt-4 [&amp;_strong:has(+br)]:inline-block [&amp;_strong:has(+br)]:pb-2\">Click\u2011To\u2011Fit\u2122 justeringssystem for presis passform<\/p>\n<\/li>\n<li class=\"py-0 my-0 prose-p:pt-0 prose-p:mb-2 prose-p:my-0 [&amp;&gt;p]:pt-0 [&amp;&gt;p]:mb-2 [&amp;&gt;p]:my-0\">\n<p class=\"my-2 [&amp;+p]:mt-4 [&amp;_strong:has(+br)]:inline-block [&amp;_strong:has(+br)]:pb-2\">Passivt ventilasjonssystem med 9 ventilasjons\u00e5pninger<\/p>\n<\/li>\n<li class=\"py-0 my-0 prose-p:pt-0 prose-p:mb-2 prose-p:my-0 [&amp;&gt;p]:pt-0 [&amp;&gt;p]:mb-2 [&amp;&gt;p]:my-0\">\n<p class=\"my-2 [&amp;+p]:mt-4 [&amp;_strong:has(+br)]:inline-block [&amp;_strong:has(+br)]:pb-2\">Mykt og komfortabelt innerf\u00f4r<\/p>\n<\/li>\n<\/ul>\n<h2 id=\"tekniske-spesifikasjoner\" class=\"font-editorial font-bold mb-2 mt-4 [.has-inline-images_&amp;]:clear-end text-base first:mt-0\">Tekniske spesifikasjoner<\/h2>\n<ul class=\"marker:text-quiet list-disc\">\n<li class=\"py-0 my-0 prose-p:pt-0 prose-p:mb-2 prose-p:my-0 [&amp;&gt;p]:pt-0 [&amp;&gt;p]:mb-2 [&amp;&gt;p]:my-0\">\n<p class=\"my-2 [&amp;+p]:mt-4 [&amp;_strong:has(+br)]:inline-block [&amp;_strong:has(+br)]:pb-2\">Konstruksjon: In\u2011Mold<\/p>\n<\/li>\n<li class=\"py-0 my-0 prose-p:pt-0 prose-p:mb-2 prose-p:my-0 [&amp;&gt;p]:pt-0 [&amp;&gt;p]:mb-2 [&amp;&gt;p]:my-0\">\n<p class=\"my-2 [&amp;+p]:mt-4 [&amp;_strong:has(+br)]:inline-block [&amp;_strong:has(+br)]:pb-2\">Teknologi: AViD Progressive EPS<\/p>\n<\/li>\n<li class=\"py-0 my-0 prose-p:pt-0 prose-p:mb-2 prose-p:my-0 [&amp;&gt;p]:pt-0 [&amp;&gt;p]:mb-2 [&amp;&gt;p]:my-0\">\n<p class=\"my-2 [&amp;+p]:mt-4 [&amp;_strong:has(+br)]:inline-block [&amp;_strong:has(+br)]:pb-2\">Ventilasjon: Passiv ventilasjon med 9 ventiler<\/p>\n<\/li>\n<li class=\"py-0 my-0 prose-p:pt-0 prose-p:mb-2 prose-p:my-0 [&amp;&gt;p]:pt-0 [&amp;&gt;p]:mb-2 [&amp;&gt;p]:my-0\">\n<p class=\"my-2 [&amp;+p]:mt-4 [&amp;_strong:has(+br)]:inline-block [&amp;_strong:has(+br)]:pb-2\">Justering: Click\u2011To\u2011Fit\u2122 system<\/p>\n<\/li>\n<li class=\"py-0 my-0 prose-p:pt-0 prose-p:mb-2 prose-p:my-0 [&amp;&gt;p]:pt-0 [&amp;&gt;p]:mb-2 [&amp;&gt;p]:my-0\">\n<p class=\"my-2 [&amp;+p]:mt-4 [&amp;_strong:has(+br)]:inline-block [&amp;_strong:has(+br)]:pb-2\">Vekt: 370 g<\/p>\n<\/li>\n<\/ul>\n","protected":false},"excerpt":{"rendered":"<p>Boll\u00e9 Atmos Pure er en lett og komfortabel skihjelm utviklet for skikj\u00f8rere som \u00f8nsker h\u00f8y sikkerhet og god ventilasjon gjennom hele dagen i bakken. Den lette In\u2011Mold\u2011konstruksjonen gj\u00f8r hjelmen behagelig \u00e5 bruke, samtidig som den gir solid beskyttelse. Hjelmen er utstyrt med AViD Progressive EPS\u2011teknologi som kombinerer effektiv ventilasjon med progressiv st\u00f8tabsorbering. Dette bidrar til [&hellip;]<\/p>\n","protected":false},"featured_media":8491,"template":"","meta":{"site-sidebar-layout":"default","site-content-layout":"","ast-site-content-layout":"default","site-content-style":"default","site-sidebar-style":"default","ast-global-header-display":"","ast-banner-title-visibility":"","ast-main-header-display":"","ast-hfb-above-header-display":"","ast-hfb-below-header-display":"","ast-hfb-mobile-header-display":"","site-post-title":"","ast-breadcrumbs-content":"","ast-featured-img":"","footer-sml-layout":"","ast-disable-related-posts":"","theme-transparent-header-meta":"default","adv-header-id-meta":"","stick-header-meta":"","header-above-stick-meta":"","header-main-stick-meta":"","header-below-stick-meta":"","astra-migrate-meta-layouts":"set","ast-page-background-enabled":"default","ast-page-background-meta":{"desktop":{"background-color":"var(--ast-global-color-4)","background-image":"","background-repeat":"repeat","background-position":"center center","background-size":"auto","background-attachment":"scroll","background-type":"","background-media":"","overlay-type":"","overlay-color":"","overlay-opacity":"","overlay-gradient":""},"tablet":{"background-color":"","background-image":"","background-repeat":"repeat","background-position":"center center","background-size":"auto","background-attachment":"scroll","background-type":"","background-media":"","overlay-type":"","overlay-color":"","overlay-opacity":"","overlay-gradient":""},"mobile":{"background-color":"","background-image":"","background-repeat":"repeat","background-position":"center center","background-size":"auto","background-attachment":"scroll","background-type":"","background-media":"","overlay-type":"","overlay-color":"","overlay-opacity":"","overlay-gradient":""}},"ast-content-background-meta":{"desktop":{"background-color":"var(--ast-global-color-5)","background-image":"","background-repeat":"repeat","background-position":"center center","background-size":"auto","background-attachment":"scroll","background-type":"","background-media":"","overlay-type":"","overlay-color":"","overlay-opacity":"","overlay-gradient":""},"tablet":{"background-color":"var(--ast-global-color-5)","background-image":"","background-repeat":"repeat","background-position":"center center","background-size":"auto","background-attachment":"scroll","background-type":"","background-media":"","overlay-type":"","overlay-color":"","overlay-opacity":"","overlay-gradient":""},"mobile":{"background-color":"var(--ast-global-color-5)","background-image":"","background-repeat":"repeat","background-position":"center center","background-size":"auto","background-attachment":"scroll","background-type":"","background-media":"","overlay-type":"","overlay-color":"","overlay-opacity":"","overlay-gradient":""}}},"product_brand":[911],"product_cat":[220],"product_tag":[],"class_list":{"0":"post-8378","1":"product","2":"type-product","3":"status-publish","4":"has-post-thumbnail","6":"product_brand-bolle","7":"product_cat-10004-hjelm","8":"pa_8369-m-55-59cm","9":"pa_8369-s-52-55cm","10":"desktop-align-center","11":"tablet-align-left","12":"mobile-align-left","14":"first","15":"instock","16":"sale","17":"taxable","18":"shipping-taxable","19":"purchasable","20":"product-type-variable","21":"has-default-attributes"},"yoast_head":"<!-- This site is optimized with the Yoast SEO Premium plugin v27.2 (Yoast SEO v27.3) - https:\/\/yoast.com\/product\/yoast-seo-premium-wordpress\/ -->\n<title>Atmos pure White matte - Trysil Skishop<\/title>\n<meta name=\"description\" content=\"Atmos pure White matte Trysil Skishop\" \/>\n<meta name=\"robots\" content=\"index, follow, max-snippet:-1, max-image-preview:large, max-video-preview:-1\" \/>\n<link rel=\"canonical\" href=\"https:\/\/skishop.no\/de\/produkt\/atmos-reinweis-matt-64385228019309\/\" \/>\n<meta property=\"og:locale\" content=\"de_DE\" \/>\n<meta property=\"og:type\" content=\"article\" \/>\n<meta property=\"og:title\" content=\"Atmos pure White matte % - Trysil Skishop\" \/>\n<meta property=\"og:description\" content=\"-\" \/>\n<meta property=\"og:url\" content=\"https:\/\/skishop.no\/de\/produkt\/atmos-reinweis-matt-64385228019309\/\" \/>\n<meta property=\"og:site_name\" content=\"Trysil Skishop\" \/>\n<meta property=\"article:publisher\" content=\"https:\/\/www.facebook.com\/TrysilSkishop\/\" \/>\n<meta property=\"article:modified_time\" content=\"2026-04-01T13:39:56+00:00\" \/>\n<meta property=\"og:image\" content=\"https:\/\/skishop.no\/wp-content\/uploads\/2026\/03\/bolle-atmos-pure-ski-helmet_3fe2c4beb87297ca5ab7eb1057818ce3-1.webp\" \/>\n\t<meta property=\"og:image:width\" content=\"452\" \/>\n\t<meta property=\"og:image:height\" content=\"452\" \/>\n\t<meta property=\"og:image:type\" content=\"image\/webp\" \/>\n<meta name=\"twitter:card\" content=\"summary_large_image\" \/>\n<meta name=\"twitter:label1\" content=\"Gesch\u00e4tzte Lesezeit\" \/>\n\t<meta name=\"twitter:data1\" content=\"2\u00a0Minuten\" \/>\n<script type=\"application\/ld+json\" class=\"yoast-schema-graph\">{\"@context\":\"https:\\\/\\\/schema.org\",\"@graph\":[{\"@type\":\"WebPage\",\"@id\":\"https:\\\/\\\/skishop.no\\\/produkt\\\/atmos-pure-white-matte-64385228019309\\\/\",\"url\":\"https:\\\/\\\/skishop.no\\\/produkt\\\/atmos-pure-white-matte-64385228019309\\\/\",\"name\":\"Atmos pure White matte - Trysil Skishop\",\"isPartOf\":{\"@id\":\"https:\\\/\\\/skishop.no\\\/#website\"},\"primaryImageOfPage\":{\"@id\":\"https:\\\/\\\/skishop.no\\\/produkt\\\/atmos-pure-white-matte-64385228019309\\\/#primaryimage\"},\"image\":{\"@id\":\"https:\\\/\\\/skishop.no\\\/produkt\\\/atmos-pure-white-matte-64385228019309\\\/#primaryimage\"},\"thumbnailUrl\":\"https:\\\/\\\/skishop.no\\\/wp-content\\\/uploads\\\/2026\\\/03\\\/bolle-atmos-pure-ski-helmet_3fe2c4beb87297ca5ab7eb1057818ce3-3.webp\",\"datePublished\":\"2026-03-16T14:26:54+00:00\",\"dateModified\":\"2026-04-01T13:39:56+00:00\",\"description\":\"Atmos pure White matte Trysil Skishop\",\"breadcrumb\":{\"@id\":\"https:\\\/\\\/skishop.no\\\/produkt\\\/atmos-pure-white-matte-64385228019309\\\/#breadcrumb\"},\"inLanguage\":\"de\",\"potentialAction\":[{\"@type\":\"ReadAction\",\"target\":[\"https:\\\/\\\/skishop.no\\\/produkt\\\/atmos-pure-white-matte-64385228019309\\\/\"]}]},{\"@type\":\"ImageObject\",\"inLanguage\":\"de\",\"@id\":\"https:\\\/\\\/skishop.no\\\/produkt\\\/atmos-pure-white-matte-64385228019309\\\/#primaryimage\",\"url\":\"https:\\\/\\\/skishop.no\\\/wp-content\\\/uploads\\\/2026\\\/03\\\/bolle-atmos-pure-ski-helmet_3fe2c4beb87297ca5ab7eb1057818ce3-3.webp\",\"contentUrl\":\"https:\\\/\\\/skishop.no\\\/wp-content\\\/uploads\\\/2026\\\/03\\\/bolle-atmos-pure-ski-helmet_3fe2c4beb87297ca5ab7eb1057818ce3-3.webp\",\"width\":452,\"height\":452},{\"@type\":\"BreadcrumbList\",\"@id\":\"https:\\\/\\\/skishop.no\\\/produkt\\\/atmos-pure-white-matte-64385228019309\\\/#breadcrumb\",\"itemListElement\":[{\"@type\":\"ListItem\",\"position\":1,\"name\":\"Hjem\",\"item\":\"https:\\\/\\\/skishop.no\\\/\"},{\"@type\":\"ListItem\",\"position\":2,\"name\":\"Butikk\",\"item\":\"https:\\\/\\\/skishop.no\\\/butikk\\\/\"},{\"@type\":\"ListItem\",\"position\":3,\"name\":\"Atmos pure White matte\"}]},{\"@type\":\"WebSite\",\"@id\":\"https:\\\/\\\/skishop.no\\\/#website\",\"url\":\"https:\\\/\\\/skishop.no\\\/\",\"name\":\"Trysil Skishop\",\"description\":\"Trysils billigste skiutleie\",\"publisher\":{\"@id\":\"https:\\\/\\\/skishop.no\\\/#organization\"},\"alternateName\":\"Trysil ski leie\",\"potentialAction\":[{\"@type\":\"SearchAction\",\"target\":{\"@type\":\"EntryPoint\",\"urlTemplate\":\"https:\\\/\\\/skishop.no\\\/?s={search_term_string}\"},\"query-input\":{\"@type\":\"PropertyValueSpecification\",\"valueRequired\":true,\"valueName\":\"search_term_string\"}}],\"inLanguage\":\"de\"},{\"@type\":\"Organization\",\"@id\":\"https:\\\/\\\/skishop.no\\\/#organization\",\"name\":\"Trysil Skishop\",\"alternateName\":\"Trysil Skishop AS\",\"url\":\"https:\\\/\\\/skishop.no\\\/\",\"logo\":{\"@type\":\"ImageObject\",\"inLanguage\":\"de\",\"@id\":\"https:\\\/\\\/skishop.no\\\/#\\\/schema\\\/logo\\\/image\\\/\",\"url\":\"https:\\\/\\\/skishop.no\\\/wp-content\\\/uploads\\\/2025\\\/09\\\/Site-icon-1.webp\",\"contentUrl\":\"https:\\\/\\\/skishop.no\\\/wp-content\\\/uploads\\\/2025\\\/09\\\/Site-icon-1.webp\",\"width\":468,\"height\":389,\"caption\":\"Trysil Skishop\"},\"image\":{\"@id\":\"https:\\\/\\\/skishop.no\\\/#\\\/schema\\\/logo\\\/image\\\/\"},\"sameAs\":[\"https:\\\/\\\/www.facebook.com\\\/TrysilSkishop\\\/\",\"https:\\\/\\\/www.instagram.com\\\/skishop.no\"],\"description\":\"Trysil Skishop er Trysilfjellets rimeligste ski- og sykkelutleie, som tilbyr utleie av ski- og sykkelutstyr av h\u00f8y kvalitet til lave priser. De holder til p\u00e5 Trysil Shellsenter, ca. 2 km f\u00f8r Trysil Turistsenter, med enkel parkering rett utenfor. Skishop tilbyr ogs\u00e5 skiutstyrservice \u00e5ret rundt, hvor de forbereder ski til vintersesongen med profesjonell slipemaskin og erfarne teknikere. Stedet gir rask og effektiv service slik at kunder raskt kan komme seg ut i bakken eller p\u00e5 tur. Om sommeren kan man leie sykler av h\u00f8y kvalitet hos dem, og de har ogs\u00e5 en sportsbutikk med n\u00f8dvendig utstyr for ski- og sykkelturer. Trysil Skishop har ogs\u00e5 samarbeidspartnere som gir rabatter til deres gjester. De er kjent for \u00e5 kombinere lave priser med like h\u00f8y standard p\u00e5 utstyret som andre utleiesteder i omr\u00e5det.\",\"email\":\"Info@skishop.no\",\"telephone\":\"+4791929291\",\"legalName\":\"Trysil Skishop AS\",\"foundingDate\":\"1999-01-01\",\"vatID\":\"981 443 489\",\"numberOfEmployees\":{\"@type\":\"QuantitativeValue\",\"minValue\":\"11\",\"maxValue\":\"50\"},\"publishingPrinciples\":\"https:\\\/\\\/skishop.no\\\/ofte-stile-sporsmal\\\/\"}]}<\/script>\n<!-- \/ Yoast SEO Premium plugin. -->","yoast_head_json":{"title":"Atmos pure White matt - Trysil Skishop","description":"Atmos Reinwei\u00df matt Trysil Skishop","robots":{"index":"index","follow":"follow","max-snippet":"max-snippet:-1","max-image-preview":"max-image-preview:large","max-video-preview":"max-video-preview:-1"},"canonical":"https:\/\/skishop.no\/de\/produkt\/atmos-reinweis-matt-64385228019309\/","og_locale":"de_DE","og_type":"article","og_title":"Atmos pure White matte % - Trysil Skishop","og_description":"-","og_url":"https:\/\/skishop.no\/de\/produkt\/atmos-reinweis-matt-64385228019309\/","og_site_name":"Trysil Skishop","article_publisher":"https:\/\/www.facebook.com\/TrysilSkishop\/","article_modified_time":"2026-04-01T13:39:56+00:00","og_image":[{"width":452,"height":452,"url":"https:\/\/skishop.no\/wp-content\/uploads\/2026\/03\/bolle-atmos-pure-ski-helmet_3fe2c4beb87297ca5ab7eb1057818ce3-1.webp","type":"image\/webp"}],"twitter_card":"summary_large_image","twitter_misc":{"Gesch\u00e4tzte Lesezeit":"2\u00a0Minuten"},"schema":{"@context":"https:\/\/schema.org","@graph":[{"@type":"WebPage","@id":"https:\/\/skishop.no\/produkt\/atmos-pure-white-matte-64385228019309\/","url":"https:\/\/skishop.no\/produkt\/atmos-pure-white-matte-64385228019309\/","name":"Atmos pure White matt - Trysil Skishop","isPartOf":{"@id":"https:\/\/skishop.no\/#website"},"primaryImageOfPage":{"@id":"https:\/\/skishop.no\/produkt\/atmos-pure-white-matte-64385228019309\/#primaryimage"},"image":{"@id":"https:\/\/skishop.no\/produkt\/atmos-pure-white-matte-64385228019309\/#primaryimage"},"thumbnailUrl":"https:\/\/skishop.no\/wp-content\/uploads\/2026\/03\/bolle-atmos-pure-ski-helmet_3fe2c4beb87297ca5ab7eb1057818ce3-3.webp","datePublished":"2026-03-16T14:26:54+00:00","dateModified":"2026-04-01T13:39:56+00:00","description":"Atmos Reinwei\u00df matt Trysil Skishop","breadcrumb":{"@id":"https:\/\/skishop.no\/produkt\/atmos-pure-white-matte-64385228019309\/#breadcrumb"},"inLanguage":"de","potentialAction":[{"@type":"ReadAction","target":["https:\/\/skishop.no\/produkt\/atmos-pure-white-matte-64385228019309\/"]}]},{"@type":"ImageObject","inLanguage":"de","@id":"https:\/\/skishop.no\/produkt\/atmos-pure-white-matte-64385228019309\/#primaryimage","url":"https:\/\/skishop.no\/wp-content\/uploads\/2026\/03\/bolle-atmos-pure-ski-helmet_3fe2c4beb87297ca5ab7eb1057818ce3-3.webp","contentUrl":"https:\/\/skishop.no\/wp-content\/uploads\/2026\/03\/bolle-atmos-pure-ski-helmet_3fe2c4beb87297ca5ab7eb1057818ce3-3.webp","width":452,"height":452},{"@type":"BreadcrumbList","@id":"https:\/\/skishop.no\/produkt\/atmos-pure-white-matte-64385228019309\/#breadcrumb","itemListElement":[{"@type":"ListItem","position":1,"name":"Hjem","item":"https:\/\/skishop.no\/"},{"@type":"ListItem","position":2,"name":"Butikk","item":"https:\/\/skishop.no\/butikk\/"},{"@type":"ListItem","position":3,"name":"Atmos pure White matte"}]},{"@type":"WebSite","@id":"https:\/\/skishop.no\/#website","url":"https:\/\/skishop.no\/","name":"Trysil Skishop","description":"Trysil's g\u00fcnstigster Skiverleih","publisher":{"@id":"https:\/\/skishop.no\/#organization"},"alternateName":"Trysil ski leie","potentialAction":[{"@type":"SearchAction","target":{"@type":"EntryPoint","urlTemplate":"https:\/\/skishop.no\/?s={search_term_string}"},"query-input":{"@type":"PropertyValueSpecification","valueRequired":true,"valueName":"search_term_string"}}],"inLanguage":"de"},{"@type":"Organization","@id":"https:\/\/skishop.no\/#organization","name":"Trysil Skishop","alternateName":"Trysil Skishop AS","url":"https:\/\/skishop.no\/","logo":{"@type":"ImageObject","inLanguage":"de","@id":"https:\/\/skishop.no\/#\/schema\/logo\/image\/","url":"https:\/\/skishop.no\/wp-content\/uploads\/2025\/09\/Site-icon-1.webp","contentUrl":"https:\/\/skishop.no\/wp-content\/uploads\/2025\/09\/Site-icon-1.webp","width":468,"height":389,"caption":"Trysil Skishop"},"image":{"@id":"https:\/\/skishop.no\/#\/schema\/logo\/image\/"},"sameAs":["https:\/\/www.facebook.com\/TrysilSkishop\/","https:\/\/www.instagram.com\/skishop.no"],"description":"Trysil Skishop ist Trysilfjellets g\u00fcnstigster Ski- und Fahrradverleih, der hochwertige Ski- und Fahrradausr\u00fcstung zu niedrigen Preisen anbietet. Der Skishop befindet sich im Trysil Shellsenter, etwa 2 km vor dem Trysil Turistsenter, und Sie k\u00f6nnen direkt vor dem Haus parken. Skishop bietet au\u00dferdem das ganze Jahr \u00fcber einen Skiservice an, bei dem die Skier mit einer professionellen Schleifmaschine und erfahrenen Technikern f\u00fcr die Wintersaison vorbereitet werden. Der Standort bietet einen schnellen und effizienten Service, damit die Kunden schnell auf die Piste oder auf Tour gehen k\u00f6nnen. Im Sommer k\u00f6nnen Sie dort hochwertige Fahrr\u00e4der ausleihen, und es gibt auch ein Sportgesch\u00e4ft mit der n\u00f6tigen Ausr\u00fcstung f\u00fcr Ski- und Fahrradtouren. Trysil Skishop hat auch Partner, die ihren G\u00e4sten Rabatte anbieten. Sie sind daf\u00fcr bekannt, dass sie niedrige Preise mit demselben hohen Ausr\u00fcstungsstandard kombinieren wie andere Verleihzentren in der Gegend.","email":"Info@skishop.no","telephone":"+4791929291","legalName":"Trysil Skishop AS","foundingDate":"1999-01-01","vatID":"981 443 489","numberOfEmployees":{"@type":"QuantitativeValue","minValue":"11","maxValue":"50"},"publishingPrinciples":"https:\/\/skishop.no\/ofte-stile-sporsmal\/"}]}},"_links":{"self":[{"href":"https:\/\/skishop.no\/de\/wp-json\/wp\/v2\/product\/8378","targetHints":{"allow":["GET"]}}],"collection":[{"href":"https:\/\/skishop.no\/de\/wp-json\/wp\/v2\/product"}],"about":[{"href":"https:\/\/skishop.no\/de\/wp-json\/wp\/v2\/types\/product"}],"version-history":[{"count":2,"href":"https:\/\/skishop.no\/de\/wp-json\/wp\/v2\/product\/8378\/revisions"}],"predecessor-version":[{"id":8472,"href":"https:\/\/skishop.no\/de\/wp-json\/wp\/v2\/product\/8378\/revisions\/8472"}],"wp:featuredmedia":[{"embeddable":true,"href":"https:\/\/skishop.no\/de\/wp-json\/wp\/v2\/media\/8491"}],"wp:attachment":[{"href":"https:\/\/skishop.no\/de\/wp-json\/wp\/v2\/media?parent=8378"}],"wp:term":[{"taxonomy":"product_brand","embeddable":true,"href":"https:\/\/skishop.no\/de\/wp-json\/wp\/v2\/product_brand?post=8378"},{"taxonomy":"product_cat","embeddable":true,"href":"https:\/\/skishop.no\/de\/wp-json\/wp\/v2\/product_cat?post=8378"},{"taxonomy":"product_tag","embeddable":true,"href":"https:\/\/skishop.no\/de\/wp-json\/wp\/v2\/product_tag?post=8378"}],"curies":[{"name":"wp","href":"https:\/\/api.w.org\/{rel}","templated":true}]}}