{"id":8601,"date":"2026-03-18T15:06:08","date_gmt":"2026-03-18T14:06:08","guid":{"rendered":"https:\/\/skishop.no\/?post_type=product&#038;p=8601"},"modified":"2026-05-06T17:37:14","modified_gmt":"2026-05-06T16:37:14","slug":"norwel-m-svart-9917660835187897","status":"publish","type":"product","link":"https:\/\/skishop.no\/de\/product\/norwel-m-svart-9917660835187897\/","title":{"rendered":"Norwel-M Schwarz"},"content":{"rendered":"<p data-start=\"29\" data-end=\"394\">Die Kilpi NORWEL-M Hose wurde speziell f\u00fcr Langlaufliebhaber entwickelt, die Wert auf gute Materialien und eine durchdachte Passform legen. Die Vorderseite besteht aus elastischem Softshell mit Membran, das einen guten Windschutz bietet. Es l\u00e4sst keinen Wind durch und ist gleichzeitig atmungsaktiv. Die R\u00fcckseite besteht aus einem w\u00e4rmenden, geb\u00fcrsteten Strickmaterial, das Sie angenehm warm h\u00e4lt.<\/p>\n<p data-start=\"396\" data-end=\"583\">Die Sandwich-Konstruktion \u00fcber den Knien bietet maximale Bewegungsfreiheit und sorgt f\u00fcr eine bessere Bel\u00fcftung. Der Bund ist ein bequemer, breiter Gummizug mit Kordelzug, der sich anpasst, ohne einzuengen.<\/p>\n<p data-start=\"585\" data-end=\"745\">Die Hose verf\u00fcgt \u00fcber zwei Rei\u00dfverschlusstaschen und elastische Beinabschl\u00fcsse, die sich leicht \u00fcber Skischuhe ziehen lassen. Reflektierende Elemente an den Beinen sorgen f\u00fcr gute Sichtbarkeit im Dunkeln.<\/p>\n<p data-start=\"747\" data-end=\"932\">Mit einer etwas lockeren Passform kann die Hose auch als Wechselkleidung oder als zus\u00e4tzliche Schicht \u00fcber einer Strumpfhose vor oder nach dem Training getragen werden. Die Kilpi NORWEL-M ist in einem vielseitigen Schwarz erh\u00e4ltlich.<\/p>","protected":false},"excerpt":{"rendered":"<p>Funktionelle Langlaufhose f\u00fcr Herren mit Windschutz vorne, warmem R\u00fccken und hoher Bewegungsfreiheit \u2013 perfekt f\u00fcr das Training und als zus\u00e4tzliche Bekleidungsschicht vor und nach den Trainingseinheiten.<\/p>","protected":false},"featured_media":0,"template":"","meta":{"site-sidebar-layout":"default","site-content-layout":"","ast-site-content-layout":"default","site-content-style":"default","site-sidebar-style":"default","ast-global-header-display":"","ast-banner-title-visibility":"","ast-main-header-display":"","ast-hfb-above-header-display":"","ast-hfb-below-header-display":"","ast-hfb-mobile-header-display":"","site-post-title":"","ast-breadcrumbs-content":"","ast-featured-img":"","footer-sml-layout":"","ast-disable-related-posts":"","theme-transparent-header-meta":"default","adv-header-id-meta":"","stick-header-meta":"","header-above-stick-meta":"","header-main-stick-meta":"","header-below-stick-meta":"","astra-migrate-meta-layouts":"set","ast-page-background-enabled":"default","ast-page-background-meta":{"desktop":{"background-color":"var(--ast-global-color-4)","background-image":"","background-repeat":"repeat","background-position":"center center","background-size":"auto","background-attachment":"scroll","background-type":"","background-media":"","overlay-type":"","overlay-color":"","overlay-opacity":"","overlay-gradient":""},"tablet":{"background-color":"","background-image":"","background-repeat":"repeat","background-position":"center center","background-size":"auto","background-attachment":"scroll","background-type":"","background-media":"","overlay-type":"","overlay-color":"","overlay-opacity":"","overlay-gradient":""},"mobile":{"background-color":"","background-image":"","background-repeat":"repeat","background-position":"center center","background-size":"auto","background-attachment":"scroll","background-type":"","background-media":"","overlay-type":"","overlay-color":"","overlay-opacity":"","overlay-gradient":""}},"ast-content-background-meta":{"desktop":{"background-color":"var(--ast-global-color-5)","background-image":"","background-repeat":"repeat","background-position":"center center","background-size":"auto","background-attachment":"scroll","background-type":"","background-media":"","overlay-type":"","overlay-color":"","overlay-opacity":"","overlay-gradient":""},"tablet":{"background-color":"var(--ast-global-color-5)","background-image":"","background-repeat":"repeat","background-position":"center center","background-size":"auto","background-attachment":"scroll","background-type":"","background-media":"","overlay-type":"","overlay-color":"","overlay-opacity":"","overlay-gradient":""},"mobile":{"background-color":"var(--ast-global-color-5)","background-image":"","background-repeat":"repeat","background-position":"center center","background-size":"auto","background-attachment":"scroll","background-type":"","background-media":"","overlay-type":"","overlay-color":"","overlay-opacity":"","overlay-gradient":""}}},"product_brand":[921],"product_cat":[144,927],"product_tag":[],"class_list":{"0":"post-8601","1":"product","2":"type-product","3":"status-publish","5":"product_brand-kilpi","6":"product_cat-10002-bukser","7":"product_cat-herre-10002-bukser-5","8":"pa_8369-l","9":"pa_8369-m","10":"pa_8369-s","11":"pa_8369-xl","12":"pa_8369-xxl","13":"pa_variant-l","14":"pa_variant-m","15":"pa_variant-s","16":"pa_variant-xl","17":"pa_variant-xxl","18":"desktop-align-center","19":"tablet-align-left","20":"mobile-align-left","22":"first","23":"instock","24":"sale","25":"taxable","26":"shipping-taxable","27":"purchasable","28":"product-type-variable"},"yoast_head":"<!-- This site is optimized with the Yoast SEO Premium plugin v27.2 (Yoast SEO v27.5) - https:\/\/yoast.com\/product\/yoast-seo-premium-wordpress\/ -->\n<title>Norwel-M Svart - Trysil Skishop<\/title>\n<meta name=\"description\" content=\"Norwel-M Svart Trysil Skishop\" \/>\n<meta name=\"robots\" content=\"index, follow, max-snippet:-1, max-image-preview:large, max-video-preview:-1\" \/>\n<link rel=\"canonical\" href=\"https:\/\/skishop.no\/de\/product\/norwel-m-svart-9917660835187897\/\" \/>\n<meta property=\"og:locale\" content=\"de_DE\" \/>\n<meta property=\"og:type\" content=\"article\" \/>\n<meta property=\"og:title\" content=\"Norwel-M Svart % - Trysil Skishop\" \/>\n<meta property=\"og:description\" content=\"-\" \/>\n<meta property=\"og:url\" content=\"https:\/\/skishop.no\/de\/product\/norwel-m-svart-9917660835187897\/\" \/>\n<meta property=\"og:site_name\" content=\"Trysil Skishop\" \/>\n<meta property=\"article:publisher\" content=\"https:\/\/www.facebook.com\/TrysilSkishop\/\" \/>\n<meta property=\"article:modified_time\" content=\"2026-05-06T16:37:14+00:00\" \/>\n<meta property=\"og:image\" content=\"https:\/\/skishop.no\/wp-content\/uploads\/2026\/03\/ZM0416KIBLK_NORWEL-M_01.webp\" \/>\n\t<meta property=\"og:image:width\" content=\"640\" \/>\n\t<meta property=\"og:image:height\" content=\"800\" \/>\n\t<meta property=\"og:image:type\" content=\"image\/webp\" \/>\n<meta name=\"twitter:card\" content=\"summary_large_image\" \/>\n<meta name=\"twitter:label1\" content=\"Est. reading time\" \/>\n\t<meta name=\"twitter:data1\" content=\"1\u00a0Minute\" \/>\n<script type=\"application\/ld+json\" class=\"yoast-schema-graph\">{\"@context\":\"https:\\\/\\\/schema.org\",\"@graph\":[{\"@type\":\"WebPage\",\"@id\":\"https:\\\/\\\/skishop.no\\\/produkt\\\/norwel-m-svart-9917660835187897\\\/\",\"url\":\"https:\\\/\\\/skishop.no\\\/produkt\\\/norwel-m-svart-9917660835187897\\\/\",\"name\":\"Norwel-M Svart - Trysil Skishop\",\"isPartOf\":{\"@id\":\"https:\\\/\\\/skishop.no\\\/#website\"},\"datePublished\":\"2026-03-18T14:06:08+00:00\",\"dateModified\":\"2026-05-06T16:37:14+00:00\",\"description\":\"Norwel-M Svart Trysil Skishop\",\"breadcrumb\":{\"@id\":\"https:\\\/\\\/skishop.no\\\/produkt\\\/norwel-m-svart-9917660835187897\\\/#breadcrumb\"},\"inLanguage\":\"de\",\"potentialAction\":[{\"@type\":\"ReadAction\",\"target\":[\"https:\\\/\\\/skishop.no\\\/produkt\\\/norwel-m-svart-9917660835187897\\\/\"]}]},{\"@type\":\"BreadcrumbList\",\"@id\":\"https:\\\/\\\/skishop.no\\\/produkt\\\/norwel-m-svart-9917660835187897\\\/#breadcrumb\",\"itemListElement\":[{\"@type\":\"ListItem\",\"position\":1,\"name\":\"Hjem\",\"item\":\"https:\\\/\\\/skishop.no\\\/\"},{\"@type\":\"ListItem\",\"position\":2,\"name\":\"Butikk\",\"item\":\"https:\\\/\\\/skishop.no\\\/butikk\\\/\"},{\"@type\":\"ListItem\",\"position\":3,\"name\":\"Norwel-M Svart\"}]},{\"@type\":\"WebSite\",\"@id\":\"https:\\\/\\\/skishop.no\\\/#website\",\"url\":\"https:\\\/\\\/skishop.no\\\/\",\"name\":\"Trysil Skishop\",\"description\":\"Trysils billigste skiutleie\",\"publisher\":{\"@id\":\"https:\\\/\\\/skishop.no\\\/#organization\"},\"alternateName\":\"Trysil ski leie\",\"potentialAction\":[{\"@type\":\"SearchAction\",\"target\":{\"@type\":\"EntryPoint\",\"urlTemplate\":\"https:\\\/\\\/skishop.no\\\/?s={search_term_string}\"},\"query-input\":{\"@type\":\"PropertyValueSpecification\",\"valueRequired\":true,\"valueName\":\"search_term_string\"}}],\"inLanguage\":\"de\"},{\"@type\":\"Organization\",\"@id\":\"https:\\\/\\\/skishop.no\\\/#organization\",\"name\":\"Trysil Skishop\",\"alternateName\":\"Trysil Skishop AS\",\"url\":\"https:\\\/\\\/skishop.no\\\/\",\"logo\":{\"@type\":\"ImageObject\",\"inLanguage\":\"de\",\"@id\":\"https:\\\/\\\/skishop.no\\\/#\\\/schema\\\/logo\\\/image\\\/\",\"url\":\"https:\\\/\\\/skishop.no\\\/wp-content\\\/uploads\\\/2025\\\/09\\\/Site-icon-1.webp\",\"contentUrl\":\"https:\\\/\\\/skishop.no\\\/wp-content\\\/uploads\\\/2025\\\/09\\\/Site-icon-1.webp\",\"width\":468,\"height\":389,\"caption\":\"Trysil Skishop\"},\"image\":{\"@id\":\"https:\\\/\\\/skishop.no\\\/#\\\/schema\\\/logo\\\/image\\\/\"},\"sameAs\":[\"https:\\\/\\\/www.facebook.com\\\/TrysilSkishop\\\/\",\"https:\\\/\\\/www.instagram.com\\\/skishop.no\"],\"description\":\"Trysil Skishop er Trysilfjellets rimeligste ski- og sykkelutleie, som tilbyr utleie av ski- og sykkelutstyr av h\u00f8y kvalitet til lave priser. De holder til p\u00e5 Trysil Shellsenter, ca. 2 km f\u00f8r Trysil Turistsenter, med enkel parkering rett utenfor. Skishop tilbyr ogs\u00e5 skiutstyrservice \u00e5ret rundt, hvor de forbereder ski til vintersesongen med profesjonell slipemaskin og erfarne teknikere. Stedet gir rask og effektiv service slik at kunder raskt kan komme seg ut i bakken eller p\u00e5 tur. Om sommeren kan man leie sykler av h\u00f8y kvalitet hos dem, og de har ogs\u00e5 en sportsbutikk med n\u00f8dvendig utstyr for ski- og sykkelturer. Trysil Skishop har ogs\u00e5 samarbeidspartnere som gir rabatter til deres gjester. De er kjent for \u00e5 kombinere lave priser med like h\u00f8y standard p\u00e5 utstyret som andre utleiesteder i omr\u00e5det.\",\"email\":\"Info@skishop.no\",\"telephone\":\"+4791929291\",\"legalName\":\"Trysil Skishop AS\",\"foundingDate\":\"1999-01-01\",\"vatID\":\"981 443 489\",\"numberOfEmployees\":{\"@type\":\"QuantitativeValue\",\"minValue\":\"11\",\"maxValue\":\"50\"},\"publishingPrinciples\":\"https:\\\/\\\/skishop.no\\\/ofte-stile-sporsmal\\\/\"}]}<\/script>\n<!-- \/ Yoast SEO Premium plugin. -->","yoast_head_json":{"title":"Norwel-M Svart - Trysil Skishop","description":"Norwel-M Schwarz Trysil Skigesch\u00e4ft","robots":{"index":"index","follow":"follow","max-snippet":"max-snippet:-1","max-image-preview":"max-image-preview:large","max-video-preview":"max-video-preview:-1"},"canonical":"https:\/\/skishop.no\/de\/product\/norwel-m-svart-9917660835187897\/","og_locale":"de_DE","og_type":"article","og_title":"Norwel-M Svart % - Trysil Skishop","og_description":"-","og_url":"https:\/\/skishop.no\/de\/product\/norwel-m-svart-9917660835187897\/","og_site_name":"Trysil Skishop","article_publisher":"https:\/\/www.facebook.com\/TrysilSkishop\/","article_modified_time":"2026-05-06T16:37:14+00:00","og_image":[{"width":640,"height":800,"url":"https:\/\/skishop.no\/wp-content\/uploads\/2026\/03\/ZM0416KIBLK_NORWEL-M_01.webp","type":"image\/webp"}],"twitter_card":"summary_large_image","twitter_misc":{"Est. reading time":"1\u00a0Minute"},"schema":{"@context":"https:\/\/schema.org","@graph":[{"@type":"WebPage","@id":"https:\/\/skishop.no\/produkt\/norwel-m-svart-9917660835187897\/","url":"https:\/\/skishop.no\/produkt\/norwel-m-svart-9917660835187897\/","name":"Norwel-M Svart - Trysil Skishop","isPartOf":{"@id":"https:\/\/skishop.no\/#website"},"datePublished":"2026-03-18T14:06:08+00:00","dateModified":"2026-05-06T16:37:14+00:00","description":"Norwel-M Schwarz Trysil Skigesch\u00e4ft","breadcrumb":{"@id":"https:\/\/skishop.no\/produkt\/norwel-m-svart-9917660835187897\/#breadcrumb"},"inLanguage":"de","potentialAction":[{"@type":"ReadAction","target":["https:\/\/skishop.no\/produkt\/norwel-m-svart-9917660835187897\/"]}]},{"@type":"BreadcrumbList","@id":"https:\/\/skishop.no\/produkt\/norwel-m-svart-9917660835187897\/#breadcrumb","itemListElement":[{"@type":"ListItem","position":1,"name":"Hjem","item":"https:\/\/skishop.no\/"},{"@type":"ListItem","position":2,"name":"Butikk","item":"https:\/\/skishop.no\/butikk\/"},{"@type":"ListItem","position":3,"name":"Norwel-M Svart"}]},{"@type":"WebSite","@id":"https:\/\/skishop.no\/#website","url":"https:\/\/skishop.no\/","name":"Trysil Skishop","description":"Trysil's g\u00fcnstigster Skiverleih","publisher":{"@id":"https:\/\/skishop.no\/#organization"},"alternateName":"Trysil ski leie","potentialAction":[{"@type":"SearchAction","target":{"@type":"EntryPoint","urlTemplate":"https:\/\/skishop.no\/?s={search_term_string}"},"query-input":{"@type":"PropertyValueSpecification","valueRequired":true,"valueName":"search_term_string"}}],"inLanguage":"de"},{"@type":"Organization","@id":"https:\/\/skishop.no\/#organization","name":"Trysil Skishop","alternateName":"Trysil Skishop AS","url":"https:\/\/skishop.no\/","logo":{"@type":"ImageObject","inLanguage":"de","@id":"https:\/\/skishop.no\/#\/schema\/logo\/image\/","url":"https:\/\/skishop.no\/wp-content\/uploads\/2025\/09\/Site-icon-1.webp","contentUrl":"https:\/\/skishop.no\/wp-content\/uploads\/2025\/09\/Site-icon-1.webp","width":468,"height":389,"caption":"Trysil Skishop"},"image":{"@id":"https:\/\/skishop.no\/#\/schema\/logo\/image\/"},"sameAs":["https:\/\/www.facebook.com\/TrysilSkishop\/","https:\/\/www.instagram.com\/skishop.no"],"description":"Trysil Skishop ist Trysilfjellets g\u00fcnstigster Ski- und Fahrradverleih, der hochwertige Ski- und Fahrradausr\u00fcstung zu niedrigen Preisen anbietet. Der Skishop befindet sich im Trysil Shellsenter, etwa 2 km vor dem Trysil Turistsenter, und Sie k\u00f6nnen direkt vor dem Haus parken. Skishop bietet au\u00dferdem das ganze Jahr \u00fcber einen Skiservice an, bei dem die Skier mit einer professionellen Schleifmaschine und erfahrenen Technikern f\u00fcr die Wintersaison vorbereitet werden. Der Standort bietet einen schnellen und effizienten Service, damit die Kunden schnell auf die Piste oder auf Tour gehen k\u00f6nnen. Im Sommer k\u00f6nnen Sie dort hochwertige Fahrr\u00e4der ausleihen, und es gibt auch ein Sportgesch\u00e4ft mit der n\u00f6tigen Ausr\u00fcstung f\u00fcr Ski- und Fahrradtouren. Trysil Skishop hat auch Partner, die ihren G\u00e4sten Rabatte anbieten. Sie sind daf\u00fcr bekannt, dass sie niedrige Preise mit demselben hohen Ausr\u00fcstungsstandard kombinieren wie andere Verleihzentren in der Gegend.","email":"Info@skishop.no","telephone":"+4791929291","legalName":"Trysil Skishop AS","foundingDate":"1999-01-01","vatID":"981 443 489","numberOfEmployees":{"@type":"QuantitativeValue","minValue":"11","maxValue":"50"},"publishingPrinciples":"https:\/\/skishop.no\/ofte-stile-sporsmal\/"}]}},"_links":{"self":[{"href":"https:\/\/skishop.no\/de\/wp-json\/wp\/v2\/product\/8601","targetHints":{"allow":["GET"]}}],"collection":[{"href":"https:\/\/skishop.no\/de\/wp-json\/wp\/v2\/product"}],"about":[{"href":"https:\/\/skishop.no\/de\/wp-json\/wp\/v2\/types\/product"}],"version-history":[{"count":1,"href":"https:\/\/skishop.no\/de\/wp-json\/wp\/v2\/product\/8601\/revisions"}],"predecessor-version":[{"id":8613,"href":"https:\/\/skishop.no\/de\/wp-json\/wp\/v2\/product\/8601\/revisions\/8613"}],"wp:attachment":[{"href":"https:\/\/skishop.no\/de\/wp-json\/wp\/v2\/media?parent=8601"}],"wp:term":[{"taxonomy":"product_brand","embeddable":true,"href":"https:\/\/skishop.no\/de\/wp-json\/wp\/v2\/product_brand?post=8601"},{"taxonomy":"product_cat","embeddable":true,"href":"https:\/\/skishop.no\/de\/wp-json\/wp\/v2\/product_cat?post=8601"},{"taxonomy":"product_tag","embeddable":true,"href":"https:\/\/skishop.no\/de\/wp-json\/wp\/v2\/product_tag?post=8601"}],"curies":[{"name":"wp","href":"https:\/\/api.w.org\/{rel}","templated":true}]}}