{"id":8665,"date":"2026-03-19T13:50:04","date_gmt":"2026-03-19T12:50:04","guid":{"rendered":"https:\/\/skishop.no\/?post_type=product&#038;p=8665"},"modified":"2026-03-25T12:43:58","modified_gmt":"2026-03-25T11:43:58","slug":"lago-w-black-9917660835187925","status":"publish","type":"product","link":"https:\/\/skishop.no\/de\/product\/lago-w-schwarz-9917660835187925\/","title":{"rendered":"Lago-W Schwarz"},"content":{"rendered":"<p data-start=\"29\" data-end=\"199\">Die Kilpi LAGO-W Wanderhose f\u00fcr Damen ist aus strapazierf\u00e4higem, gewebtem SIBERIUM SRC WB Material gefertigt, das zudem angenehm elastisch ist. Doppelte N\u00e4hte erh\u00f6hen die Festigkeit und Haltbarkeit der Hose.<\/p>\n<p data-start=\"201\" data-end=\"390\">Die Hose hat zwei Rei\u00dfverschlusstaschen zur Aufbewahrung von Wertsachen und G\u00fcrtelschlaufen. LAGO-W ist ideal f\u00fcr Outdoor-Aktivit\u00e4ten, Wanderungen und Spazierg\u00e4nge. Sie ist in zwei Farben erh\u00e4ltlich.<\/p>\n<p data-start=\"392\" data-end=\"487\">Abgebildetes Model: Gr\u00f6\u00dfe 36, Gr\u00f6\u00dfe 169 cm, Brustumfang 75 cm, Taillenumfang 65 cm, H\u00fcftumfang 87 cm.<\/p>","protected":false},"excerpt":{"rendered":"<p>Strapazierf\u00e4hige und flexible Wanderhose f\u00fcr Damen mit gutem Tragekomfort und praktischen Details - perfekt zum Wandern und f\u00fcr den t\u00e4glichen Outdoor-Einsatz.<\/p>","protected":false},"featured_media":8797,"template":"","meta":{"site-sidebar-layout":"default","site-content-layout":"","ast-site-content-layout":"default","site-content-style":"default","site-sidebar-style":"default","ast-global-header-display":"","ast-banner-title-visibility":"","ast-main-header-display":"","ast-hfb-above-header-display":"","ast-hfb-below-header-display":"","ast-hfb-mobile-header-display":"","site-post-title":"","ast-breadcrumbs-content":"","ast-featured-img":"","footer-sml-layout":"","ast-disable-related-posts":"","theme-transparent-header-meta":"default","adv-header-id-meta":"","stick-header-meta":"","header-above-stick-meta":"","header-main-stick-meta":"","header-below-stick-meta":"","astra-migrate-meta-layouts":"set","ast-page-background-enabled":"default","ast-page-background-meta":{"desktop":{"background-color":"var(--ast-global-color-4)","background-image":"","background-repeat":"repeat","background-position":"center center","background-size":"auto","background-attachment":"scroll","background-type":"","background-media":"","overlay-type":"","overlay-color":"","overlay-opacity":"","overlay-gradient":""},"tablet":{"background-color":"","background-image":"","background-repeat":"repeat","background-position":"center center","background-size":"auto","background-attachment":"scroll","background-type":"","background-media":"","overlay-type":"","overlay-color":"","overlay-opacity":"","overlay-gradient":""},"mobile":{"background-color":"","background-image":"","background-repeat":"repeat","background-position":"center center","background-size":"auto","background-attachment":"scroll","background-type":"","background-media":"","overlay-type":"","overlay-color":"","overlay-opacity":"","overlay-gradient":""}},"ast-content-background-meta":{"desktop":{"background-color":"var(--ast-global-color-5)","background-image":"","background-repeat":"repeat","background-position":"center center","background-size":"auto","background-attachment":"scroll","background-type":"","background-media":"","overlay-type":"","overlay-color":"","overlay-opacity":"","overlay-gradient":""},"tablet":{"background-color":"var(--ast-global-color-5)","background-image":"","background-repeat":"repeat","background-position":"center center","background-size":"auto","background-attachment":"scroll","background-type":"","background-media":"","overlay-type":"","overlay-color":"","overlay-opacity":"","overlay-gradient":""},"mobile":{"background-color":"var(--ast-global-color-5)","background-image":"","background-repeat":"repeat","background-position":"center center","background-size":"auto","background-attachment":"scroll","background-type":"","background-media":"","overlay-type":"","overlay-color":"","overlay-opacity":"","overlay-gradient":""}}},"product_brand":[921],"product_cat":[144,928],"product_tag":[],"class_list":{"0":"post-8665","1":"product","2":"type-product","3":"status-publish","4":"has-post-thumbnail","6":"product_brand-kilpi","7":"product_cat-10002-bukser","8":"product_cat-dame-10002-bukser-3","9":"pa_8369-92","10":"pa_8369-94","11":"pa_8369-95","12":"pa_8369-97","13":"pa_variant-1104","14":"pa_variant-1105","15":"pa_variant-1106","16":"pa_variant-1113","17":"desktop-align-center","18":"tablet-align-left","19":"mobile-align-left","21":"first","22":"instock","23":"sale","24":"taxable","25":"shipping-taxable","26":"purchasable","27":"product-type-variable"},"yoast_head":"<!-- This site is optimized with the Yoast SEO Premium plugin v27.2 (Yoast SEO v27.5) - https:\/\/yoast.com\/product\/yoast-seo-premium-wordpress\/ -->\n<title>Lago-W Black - Trysil Skishop<\/title>\n<meta name=\"description\" content=\"Lago-W Black Trysil Skishop\" \/>\n<meta name=\"robots\" content=\"index, follow, max-snippet:-1, max-image-preview:large, max-video-preview:-1\" \/>\n<link rel=\"canonical\" href=\"https:\/\/skishop.no\/de\/product\/lago-w-schwarz-9917660835187925\/\" \/>\n<meta property=\"og:locale\" content=\"de_DE\" \/>\n<meta property=\"og:type\" content=\"article\" \/>\n<meta property=\"og:title\" content=\"Lago-W Black % - Trysil Skishop\" \/>\n<meta property=\"og:description\" content=\"-\" \/>\n<meta property=\"og:url\" content=\"https:\/\/skishop.no\/de\/product\/lago-w-schwarz-9917660835187925\/\" \/>\n<meta property=\"og:site_name\" content=\"Trysil Skishop\" \/>\n<meta property=\"article:publisher\" content=\"https:\/\/www.facebook.com\/TrysilSkishop\/\" \/>\n<meta property=\"article:modified_time\" content=\"2026-03-25T11:43:58+00:00\" \/>\n<meta property=\"og:image\" content=\"https:\/\/skishop.no\/wp-content\/uploads\/2026\/03\/SL0414KIBLK_LAGO-W_33.webp\" \/>\n\t<meta property=\"og:image:width\" content=\"640\" \/>\n\t<meta property=\"og:image:height\" content=\"960\" \/>\n\t<meta property=\"og:image:type\" content=\"image\/webp\" \/>\n<meta name=\"twitter:card\" content=\"summary_large_image\" \/>\n<meta name=\"twitter:label1\" content=\"Est. reading time\" \/>\n\t<meta name=\"twitter:data1\" content=\"1\u00a0Minute\" \/>\n<script type=\"application\/ld+json\" class=\"yoast-schema-graph\">{\"@context\":\"https:\\\/\\\/schema.org\",\"@graph\":[{\"@type\":\"WebPage\",\"@id\":\"https:\\\/\\\/skishop.no\\\/produkt\\\/lago-w-black-9917660835187925\\\/\",\"url\":\"https:\\\/\\\/skishop.no\\\/produkt\\\/lago-w-black-9917660835187925\\\/\",\"name\":\"Lago-W Black - Trysil Skishop\",\"isPartOf\":{\"@id\":\"https:\\\/\\\/skishop.no\\\/#website\"},\"primaryImageOfPage\":{\"@id\":\"https:\\\/\\\/skishop.no\\\/produkt\\\/lago-w-black-9917660835187925\\\/#primaryimage\"},\"image\":{\"@id\":\"https:\\\/\\\/skishop.no\\\/produkt\\\/lago-w-black-9917660835187925\\\/#primaryimage\"},\"thumbnailUrl\":\"https:\\\/\\\/skishop.no\\\/wp-content\\\/uploads\\\/2026\\\/03\\\/kilpi-lago_0.webp\",\"datePublished\":\"2026-03-19T12:50:04+00:00\",\"dateModified\":\"2026-03-25T11:43:58+00:00\",\"description\":\"Lago-W Black Trysil Skishop\",\"breadcrumb\":{\"@id\":\"https:\\\/\\\/skishop.no\\\/produkt\\\/lago-w-black-9917660835187925\\\/#breadcrumb\"},\"inLanguage\":\"de\",\"potentialAction\":[{\"@type\":\"ReadAction\",\"target\":[\"https:\\\/\\\/skishop.no\\\/produkt\\\/lago-w-black-9917660835187925\\\/\"]}]},{\"@type\":\"ImageObject\",\"inLanguage\":\"de\",\"@id\":\"https:\\\/\\\/skishop.no\\\/produkt\\\/lago-w-black-9917660835187925\\\/#primaryimage\",\"url\":\"https:\\\/\\\/skishop.no\\\/wp-content\\\/uploads\\\/2026\\\/03\\\/kilpi-lago_0.webp\",\"contentUrl\":\"https:\\\/\\\/skishop.no\\\/wp-content\\\/uploads\\\/2026\\\/03\\\/kilpi-lago_0.webp\",\"width\":700,\"height\":700},{\"@type\":\"BreadcrumbList\",\"@id\":\"https:\\\/\\\/skishop.no\\\/produkt\\\/lago-w-black-9917660835187925\\\/#breadcrumb\",\"itemListElement\":[{\"@type\":\"ListItem\",\"position\":1,\"name\":\"Hjem\",\"item\":\"https:\\\/\\\/skishop.no\\\/\"},{\"@type\":\"ListItem\",\"position\":2,\"name\":\"Butikk\",\"item\":\"https:\\\/\\\/skishop.no\\\/butikk\\\/\"},{\"@type\":\"ListItem\",\"position\":3,\"name\":\"Lago-W Black\"}]},{\"@type\":\"WebSite\",\"@id\":\"https:\\\/\\\/skishop.no\\\/#website\",\"url\":\"https:\\\/\\\/skishop.no\\\/\",\"name\":\"Trysil Skishop\",\"description\":\"Trysils billigste skiutleie\",\"publisher\":{\"@id\":\"https:\\\/\\\/skishop.no\\\/#organization\"},\"alternateName\":\"Trysil ski leie\",\"potentialAction\":[{\"@type\":\"SearchAction\",\"target\":{\"@type\":\"EntryPoint\",\"urlTemplate\":\"https:\\\/\\\/skishop.no\\\/?s={search_term_string}\"},\"query-input\":{\"@type\":\"PropertyValueSpecification\",\"valueRequired\":true,\"valueName\":\"search_term_string\"}}],\"inLanguage\":\"de\"},{\"@type\":\"Organization\",\"@id\":\"https:\\\/\\\/skishop.no\\\/#organization\",\"name\":\"Trysil Skishop\",\"alternateName\":\"Trysil Skishop AS\",\"url\":\"https:\\\/\\\/skishop.no\\\/\",\"logo\":{\"@type\":\"ImageObject\",\"inLanguage\":\"de\",\"@id\":\"https:\\\/\\\/skishop.no\\\/#\\\/schema\\\/logo\\\/image\\\/\",\"url\":\"https:\\\/\\\/skishop.no\\\/wp-content\\\/uploads\\\/2025\\\/09\\\/Site-icon-1.webp\",\"contentUrl\":\"https:\\\/\\\/skishop.no\\\/wp-content\\\/uploads\\\/2025\\\/09\\\/Site-icon-1.webp\",\"width\":468,\"height\":389,\"caption\":\"Trysil Skishop\"},\"image\":{\"@id\":\"https:\\\/\\\/skishop.no\\\/#\\\/schema\\\/logo\\\/image\\\/\"},\"sameAs\":[\"https:\\\/\\\/www.facebook.com\\\/TrysilSkishop\\\/\",\"https:\\\/\\\/www.instagram.com\\\/skishop.no\"],\"description\":\"Trysil Skishop er Trysilfjellets rimeligste ski- og sykkelutleie, som tilbyr utleie av ski- og sykkelutstyr av h\u00f8y kvalitet til lave priser. De holder til p\u00e5 Trysil Shellsenter, ca. 2 km f\u00f8r Trysil Turistsenter, med enkel parkering rett utenfor. Skishop tilbyr ogs\u00e5 skiutstyrservice \u00e5ret rundt, hvor de forbereder ski til vintersesongen med profesjonell slipemaskin og erfarne teknikere. Stedet gir rask og effektiv service slik at kunder raskt kan komme seg ut i bakken eller p\u00e5 tur. Om sommeren kan man leie sykler av h\u00f8y kvalitet hos dem, og de har ogs\u00e5 en sportsbutikk med n\u00f8dvendig utstyr for ski- og sykkelturer. Trysil Skishop har ogs\u00e5 samarbeidspartnere som gir rabatter til deres gjester. De er kjent for \u00e5 kombinere lave priser med like h\u00f8y standard p\u00e5 utstyret som andre utleiesteder i omr\u00e5det.\",\"email\":\"Info@skishop.no\",\"telephone\":\"+4791929291\",\"legalName\":\"Trysil Skishop AS\",\"foundingDate\":\"1999-01-01\",\"vatID\":\"981 443 489\",\"numberOfEmployees\":{\"@type\":\"QuantitativeValue\",\"minValue\":\"11\",\"maxValue\":\"50\"},\"publishingPrinciples\":\"https:\\\/\\\/skishop.no\\\/ofte-stile-sporsmal\\\/\"}]}<\/script>\n<!-- \/ Yoast SEO Premium plugin. -->","yoast_head_json":{"title":"Lago-W Schwarz - Trysil Skishop","description":"Lago-W Schwarz Trysil Skishop","robots":{"index":"index","follow":"follow","max-snippet":"max-snippet:-1","max-image-preview":"max-image-preview:large","max-video-preview":"max-video-preview:-1"},"canonical":"https:\/\/skishop.no\/de\/product\/lago-w-schwarz-9917660835187925\/","og_locale":"de_DE","og_type":"article","og_title":"Lago-W Black % - Trysil Skishop","og_description":"-","og_url":"https:\/\/skishop.no\/de\/product\/lago-w-schwarz-9917660835187925\/","og_site_name":"Trysil Skishop","article_publisher":"https:\/\/www.facebook.com\/TrysilSkishop\/","article_modified_time":"2026-03-25T11:43:58+00:00","og_image":[{"width":640,"height":960,"url":"https:\/\/skishop.no\/wp-content\/uploads\/2026\/03\/SL0414KIBLK_LAGO-W_33.webp","type":"image\/webp"}],"twitter_card":"summary_large_image","twitter_misc":{"Est. reading time":"1\u00a0Minute"},"schema":{"@context":"https:\/\/schema.org","@graph":[{"@type":"WebPage","@id":"https:\/\/skishop.no\/produkt\/lago-w-black-9917660835187925\/","url":"https:\/\/skishop.no\/produkt\/lago-w-black-9917660835187925\/","name":"Lago-W Schwarz - Trysil Skishop","isPartOf":{"@id":"https:\/\/skishop.no\/#website"},"primaryImageOfPage":{"@id":"https:\/\/skishop.no\/produkt\/lago-w-black-9917660835187925\/#primaryimage"},"image":{"@id":"https:\/\/skishop.no\/produkt\/lago-w-black-9917660835187925\/#primaryimage"},"thumbnailUrl":"https:\/\/skishop.no\/wp-content\/uploads\/2026\/03\/kilpi-lago_0.webp","datePublished":"2026-03-19T12:50:04+00:00","dateModified":"2026-03-25T11:43:58+00:00","description":"Lago-W Schwarz Trysil Skishop","breadcrumb":{"@id":"https:\/\/skishop.no\/produkt\/lago-w-black-9917660835187925\/#breadcrumb"},"inLanguage":"de","potentialAction":[{"@type":"ReadAction","target":["https:\/\/skishop.no\/produkt\/lago-w-black-9917660835187925\/"]}]},{"@type":"ImageObject","inLanguage":"de","@id":"https:\/\/skishop.no\/produkt\/lago-w-black-9917660835187925\/#primaryimage","url":"https:\/\/skishop.no\/wp-content\/uploads\/2026\/03\/kilpi-lago_0.webp","contentUrl":"https:\/\/skishop.no\/wp-content\/uploads\/2026\/03\/kilpi-lago_0.webp","width":700,"height":700},{"@type":"BreadcrumbList","@id":"https:\/\/skishop.no\/produkt\/lago-w-black-9917660835187925\/#breadcrumb","itemListElement":[{"@type":"ListItem","position":1,"name":"Hjem","item":"https:\/\/skishop.no\/"},{"@type":"ListItem","position":2,"name":"Butikk","item":"https:\/\/skishop.no\/butikk\/"},{"@type":"ListItem","position":3,"name":"Lago-W Black"}]},{"@type":"WebSite","@id":"https:\/\/skishop.no\/#website","url":"https:\/\/skishop.no\/","name":"Trysil Skishop","description":"Trysil's g\u00fcnstigster Skiverleih","publisher":{"@id":"https:\/\/skishop.no\/#organization"},"alternateName":"Trysil ski leie","potentialAction":[{"@type":"SearchAction","target":{"@type":"EntryPoint","urlTemplate":"https:\/\/skishop.no\/?s={search_term_string}"},"query-input":{"@type":"PropertyValueSpecification","valueRequired":true,"valueName":"search_term_string"}}],"inLanguage":"de"},{"@type":"Organization","@id":"https:\/\/skishop.no\/#organization","name":"Trysil Skishop","alternateName":"Trysil Skishop AS","url":"https:\/\/skishop.no\/","logo":{"@type":"ImageObject","inLanguage":"de","@id":"https:\/\/skishop.no\/#\/schema\/logo\/image\/","url":"https:\/\/skishop.no\/wp-content\/uploads\/2025\/09\/Site-icon-1.webp","contentUrl":"https:\/\/skishop.no\/wp-content\/uploads\/2025\/09\/Site-icon-1.webp","width":468,"height":389,"caption":"Trysil Skishop"},"image":{"@id":"https:\/\/skishop.no\/#\/schema\/logo\/image\/"},"sameAs":["https:\/\/www.facebook.com\/TrysilSkishop\/","https:\/\/www.instagram.com\/skishop.no"],"description":"Trysil Skishop ist Trysilfjellets g\u00fcnstigster Ski- und Fahrradverleih, der hochwertige Ski- und Fahrradausr\u00fcstung zu niedrigen Preisen anbietet. Der Skishop befindet sich im Trysil Shellsenter, etwa 2 km vor dem Trysil Turistsenter, und Sie k\u00f6nnen direkt vor dem Haus parken. Skishop bietet au\u00dferdem das ganze Jahr \u00fcber einen Skiservice an, bei dem die Skier mit einer professionellen Schleifmaschine und erfahrenen Technikern f\u00fcr die Wintersaison vorbereitet werden. Der Standort bietet einen schnellen und effizienten Service, damit die Kunden schnell auf die Piste oder auf Tour gehen k\u00f6nnen. Im Sommer k\u00f6nnen Sie dort hochwertige Fahrr\u00e4der ausleihen, und es gibt auch ein Sportgesch\u00e4ft mit der n\u00f6tigen Ausr\u00fcstung f\u00fcr Ski- und Fahrradtouren. Trysil Skishop hat auch Partner, die ihren G\u00e4sten Rabatte anbieten. Sie sind daf\u00fcr bekannt, dass sie niedrige Preise mit demselben hohen Ausr\u00fcstungsstandard kombinieren wie andere Verleihzentren in der Gegend.","email":"Info@skishop.no","telephone":"+4791929291","legalName":"Trysil Skishop AS","foundingDate":"1999-01-01","vatID":"981 443 489","numberOfEmployees":{"@type":"QuantitativeValue","minValue":"11","maxValue":"50"},"publishingPrinciples":"https:\/\/skishop.no\/ofte-stile-sporsmal\/"}]}},"_links":{"self":[{"href":"https:\/\/skishop.no\/de\/wp-json\/wp\/v2\/product\/8665","targetHints":{"allow":["GET"]}}],"collection":[{"href":"https:\/\/skishop.no\/de\/wp-json\/wp\/v2\/product"}],"about":[{"href":"https:\/\/skishop.no\/de\/wp-json\/wp\/v2\/types\/product"}],"version-history":[{"count":2,"href":"https:\/\/skishop.no\/de\/wp-json\/wp\/v2\/product\/8665\/revisions"}],"predecessor-version":[{"id":8683,"href":"https:\/\/skishop.no\/de\/wp-json\/wp\/v2\/product\/8665\/revisions\/8683"}],"wp:featuredmedia":[{"embeddable":true,"href":"https:\/\/skishop.no\/de\/wp-json\/wp\/v2\/media\/8797"}],"wp:attachment":[{"href":"https:\/\/skishop.no\/de\/wp-json\/wp\/v2\/media?parent=8665"}],"wp:term":[{"taxonomy":"product_brand","embeddable":true,"href":"https:\/\/skishop.no\/de\/wp-json\/wp\/v2\/product_brand?post=8665"},{"taxonomy":"product_cat","embeddable":true,"href":"https:\/\/skishop.no\/de\/wp-json\/wp\/v2\/product_cat?post=8665"},{"taxonomy":"product_tag","embeddable":true,"href":"https:\/\/skishop.no\/de\/wp-json\/wp\/v2\/product_tag?post=8665"}],"curies":[{"name":"wp","href":"https:\/\/api.w.org\/{rel}","templated":true}]}}