{"id":3631,"date":"2025-11-01T13:04:56","date_gmt":"2025-11-01T12:04:56","guid":{"rendered":"https:\/\/skishop.no\/cookie-policy\/"},"modified":"2025-11-01T13:19:52","modified_gmt":"2025-11-01T12:19:52","slug":"cookie-policy","status":"publish","type":"page","link":"https:\/\/skishop.no\/en\/cookie-policy\/","title":{"rendered":"Cookie Policy"},"content":{"rendered":"<div data-elementor-type=\"wp-page\" data-elementor-id=\"3631\" class=\"elementor elementor-3631\" data-elementor-post-type=\"page\">\n\t\t\t\t<div data-particle_enable=\"false\" data-particle-mobile-disabled=\"false\" class=\"elementor-element elementor-element-2321f544 e-flex e-con-boxed e-con e-parent\" data-id=\"2321f544\" data-element_type=\"container\" data-e-type=\"container\">\n\t\t\t\t\t<div class=\"e-con-inner\">\n\t\t\t\t<div class=\"elementor-element elementor-element-4fb8a676 elementor-widget elementor-widget-text-editor\" data-id=\"4fb8a676\" data-element_type=\"widget\" data-e-type=\"widget\" data-widget_type=\"text-editor.default\">\n\t\t\t\t\t\t\t\t\t\n<p>This page provides comprehensive information about how we use cookies on our website to enhance your browsing experience, improve website performance, and deliver personalized content. Cookies are small text files that are stored on your device when you visit our site. They help us understand how visitors interact with our website, allowing us to offer a smoother and more efficient user experience. In the table below, you will find detailed information about each type of cookie we use, their purpose, and how long they remain on your device. We are committed to respecting your privacy and providing transparency about the data we collect through cookies. For more information on how we handle your personal data, please see our <a href=\"https:\/\/skishop.no\/en\/privacy\/\">Privacy Policy.<\/a><\/p>\n<p><\/p>\n<div class=\"wpconsent-cookie-policy\">\n<h2 class=\"wpconsent-cookie-category-name\">Essential<\/h2>\n<p class=\"wpconsent-cookie-category-description\">Essential cookies enable basic functions and are necessary for the proper function of the website.<\/p>\n<table class=\"wpconsent-cookie-policy-table\">\n<tr>\n<th>Your name<\/th>\n<th>Description<\/th>\n<th>Duration<\/th>\n<\/tr>\n<tr>\n<td>wpconsent_preferences<\/td>\n<td>This cookie is used to store the user's cookie consent preferences.<\/td>\n<td>30 days<\/td>\n<\/tr>\n<\/table>\n<h3 class=\"wpconsent-cookie-service-name\">Google Tag Manager<\/h3>\n<p class=\"wpconsent-cookie-service-description\">Google Tag Manager simplifies the management of marketing tags on your website without code changes.<\/p>\n<table class=\"wpconsent-cookie-policy-table\">\n<tr>\n<th>Your name<\/th>\n<th>Description<\/th>\n<th>Duration<\/th>\n<\/tr>\n<tr>\n<td>td<\/td>\n<td>Registers statistical data on users' behavior on the website. Used for internal analytics by the website operator.<\/td>\n<td>session<\/td>\n<\/tr>\n<tr>\n<td>cookiePreferences<\/td>\n<td>Registers cookie preferences of a user<\/td>\n<td>2 years<\/td>\n<\/tr>\n<\/table>\n<h2 class=\"wpconsent-cookie-category-name\">Statistics<\/h2>\n<p class=\"wpconsent-cookie-category-description\">Statistics cookies collect information anonymously. This information helps us understand how visitors use our website.<\/p>\n<h3 class=\"wpconsent-cookie-service-name\">Google Analytics<\/h3>\n<p class=\"wpconsent-cookie-service-description\">Google Analytics is a powerful tool that tracks and analyzes website traffic for informed marketing decisions.<\/p>\n<p><a href=\"https:\/\/policies.google.com\/privacy\">Learn more<\/a><\/p>\n<table class=\"wpconsent-cookie-policy-table\">\n<tr>\n<th>Your name<\/th>\n<th>Description<\/th>\n<th>Duration<\/th>\n<\/tr>\n<tr>\n<td>_gac_<\/td>\n<td>Contains information related to marketing campaigns of the user. These are shared with Google AdWords \/ Google Ads when the Google Ads and Google Analytics accounts are linked together.<\/td>\n<td>90 days<\/td>\n<\/tr>\n<tr>\n<td>__utma<\/td>\n<td>ID used to identify users and sessions<\/td>\n<td>2 years after last activity<\/td>\n<\/tr>\n<tr>\n<td>__utmt<\/td>\n<td>Used to monitor number of Google Analytics server requests<\/td>\n<td>10 minutes<\/td>\n<\/tr>\n<tr>\n<td>__utmb<\/td>\n<td>Used to distinguish new sessions and visits. This cookie is set when the GA.js javascript library is loaded and there is no existing __utmb cookie. The cookie is updated every time data is sent to the Google Analytics server.<\/td>\n<td>30 minutes after last activity<\/td>\n<\/tr>\n<tr>\n<td>__utmc<\/td>\n<td>Used only with old Urchin versions of Google Analytics and not with GA.js. Was used to distinguish between new sessions and visits at the end of a session.<\/td>\n<td>End of session (browser)<\/td>\n<\/tr>\n<tr>\n<td>__utmz<\/td>\n<td>Contains information about the traffic source or campaign that directed user to the website. The cookie is set when the GA.js javascript is loaded and updated when data is sent to the Google Anaytics server<\/td>\n<td>6 months after last activity<\/td>\n<\/tr>\n<tr>\n<td>__utmv<\/td>\n<td>Contains custom information set by the web developer via the _setCustomVar method in Google Analytics. This cookie is updated every time new data is sent to the Google Analytics server.<\/td>\n<td>2 years after last activity<\/td>\n<\/tr>\n<tr>\n<td>__utmx<\/td>\n<td>Used to determine whether a user is included in an A \/ B or Multivariate test.<\/td>\n<td>18 months<\/td>\n<\/tr>\n<tr>\n<td>_ga<\/td>\n<td>ID used to identify users<\/td>\n<td>2 years<\/td>\n<\/tr>\n<tr>\n<td>_gali<\/td>\n<td>Used by Google Analytics to determine which links on a page are being clicked<\/td>\n<td>30 seconds<\/td>\n<\/tr>\n<tr>\n<td>_ga_<\/td>\n<td>ID used to identify users<\/td>\n<td>2 years<\/td>\n<\/tr>\n<tr>\n<td>_gid<\/td>\n<td>ID used to identify users for 24 hours after last activity<\/td>\n<td>24 hours<\/td>\n<\/tr>\n<tr>\n<td>_hole<\/td>\n<td>Used to monitor number of Google Analytics server requests when using Google Tag Manager<\/td>\n<td>1 minute<\/td>\n<\/tr>\n<\/table>\n<h3 class=\"wpconsent-cookie-service-name\">WooCommerce Sourcebuster<\/h3>\n<p class=\"wpconsent-cookie-service-description\">SourceBuster is used by WooCommerce for order attribution based on user source.<\/p>\n<table class=\"wpconsent-cookie-policy-table\">\n<tr>\n<th>Your name<\/th>\n<th>Description<\/th>\n<th>Duration<\/th>\n<\/tr>\n<tr>\n<td>sbjs_session<\/td>\n<td>The number of page views in this session and the current page path<\/td>\n<td>30 minutes<\/td>\n<\/tr>\n<tr>\n<td>sbjs_udata<\/td>\n<td>Information about the visitor's user agent, such as IP, the browser, and the device type<\/td>\n<td>session<\/td>\n<\/tr>\n<tr>\n<td>sbjs_first<\/td>\n<td>Traffic origin information for the visitor's first visit to your store (only applicable if the visitor returns before the session expires)<\/td>\n<td>session<\/td>\n<\/tr>\n<tr>\n<td>sbjs_current<\/td>\n<td>Traffic origin information for the visitor's current visit to your store<\/td>\n<td>session<\/td>\n<\/tr>\n<tr>\n<td>sbjs_first_add<\/td>\n<td>Timestamp, referring URL, and entry page for your visitor's first visit to your store (only applicable if the visitor returns before the session expires)<\/td>\n<td>session<\/td>\n<\/tr>\n<tr>\n<td>sbjs_current_add<\/td>\n<td>Timestamp, referring URL, and entry page for your visitor's current visit to your store<\/td>\n<td>session<\/td>\n<\/tr>\n<tr>\n<td>sbjs_migrations<\/td>\n<td>Technical data to help with migrations between different versions of the tracking feature<\/td>\n<td>session<\/td>\n<\/tr>\n<\/table>\n<\/div>\n\t\t\t\t\t\t\t\t<\/div>\n\t\t\t\t\t<\/div>\n\t\t\t\t<\/div>\n\t\t\t\t<\/div>","protected":false},"excerpt":{"rendered":"<p>This page provides comprehensive information about how we use cookies on our website to enhance your browsing experience, improve website performance, and deliver personalized content. Cookies are small text files that are stored on your device when you visit our site. They help us understand how visitors interact with our website, allowing us to offer [&hellip;]<\/p>\n","protected":false},"author":1,"featured_media":0,"parent":0,"menu_order":0,"comment_status":"closed","ping_status":"closed","template":"","meta":{"site-sidebar-layout":"default","site-content-layout":"","ast-site-content-layout":"default","site-content-style":"default","site-sidebar-style":"default","ast-global-header-display":"","ast-banner-title-visibility":"","ast-main-header-display":"","ast-hfb-above-header-display":"","ast-hfb-below-header-display":"","ast-hfb-mobile-header-display":"","site-post-title":"","ast-breadcrumbs-content":"","ast-featured-img":"","footer-sml-layout":"","ast-disable-related-posts":"","theme-transparent-header-meta":"","adv-header-id-meta":"","stick-header-meta":"","header-above-stick-meta":"","header-main-stick-meta":"","header-below-stick-meta":"","astra-migrate-meta-layouts":"set","ast-page-background-enabled":"default","ast-page-background-meta":{"desktop":{"background-color":"var(--ast-global-color-4)","background-image":"","background-repeat":"repeat","background-position":"center center","background-size":"auto","background-attachment":"scroll","background-type":"","background-media":"","overlay-type":"","overlay-color":"","overlay-opacity":"","overlay-gradient":""},"tablet":{"background-color":"","background-image":"","background-repeat":"repeat","background-position":"center center","background-size":"auto","background-attachment":"scroll","background-type":"","background-media":"","overlay-type":"","overlay-color":"","overlay-opacity":"","overlay-gradient":""},"mobile":{"background-color":"","background-image":"","background-repeat":"repeat","background-position":"center center","background-size":"auto","background-attachment":"scroll","background-type":"","background-media":"","overlay-type":"","overlay-color":"","overlay-opacity":"","overlay-gradient":""}},"ast-content-background-meta":{"desktop":{"background-color":"var(--ast-global-color-5)","background-image":"","background-repeat":"repeat","background-position":"center center","background-size":"auto","background-attachment":"scroll","background-type":"","background-media":"","overlay-type":"","overlay-color":"","overlay-opacity":"","overlay-gradient":""},"tablet":{"background-color":"var(--ast-global-color-5)","background-image":"","background-repeat":"repeat","background-position":"center center","background-size":"auto","background-attachment":"scroll","background-type":"","background-media":"","overlay-type":"","overlay-color":"","overlay-opacity":"","overlay-gradient":""},"mobile":{"background-color":"var(--ast-global-color-5)","background-image":"","background-repeat":"repeat","background-position":"center center","background-size":"auto","background-attachment":"scroll","background-type":"","background-media":"","overlay-type":"","overlay-color":"","overlay-opacity":"","overlay-gradient":""}},"footnotes":""},"class_list":["post-3631","page","type-page","status-publish","hentry"],"yoast_head":"<!-- This site is optimized with the Yoast SEO Premium plugin v27.2 (Yoast SEO v27.4) - https:\/\/yoast.com\/product\/yoast-seo-premium-wordpress\/ -->\n<title>Cookie Policy - Trysil Skishop<\/title>\n<meta name=\"description\" content=\"Trysil Skishop -\" \/>\n<meta name=\"robots\" content=\"index, follow, max-snippet:-1, max-image-preview:large, max-video-preview:-1\" \/>\n<link rel=\"canonical\" href=\"https:\/\/skishop.no\/en\/cookiepolitik\/\" \/>\n<meta property=\"og:locale\" content=\"en_US\" \/>\n<meta property=\"og:type\" content=\"article\" \/>\n<meta property=\"og:title\" content=\"Cookie Policy\" \/>\n<meta property=\"og:description\" content=\"Trysil Skishop -\" \/>\n<meta property=\"og:url\" content=\"https:\/\/skishop.no\/en\/cookiepolitik\/\" \/>\n<meta property=\"og:site_name\" content=\"Trysil Skishop\" \/>\n<meta property=\"article:publisher\" content=\"https:\/\/www.facebook.com\/TrysilSkishop\/\" \/>\n<meta property=\"article:modified_time\" content=\"2025-11-01T12:19:52+00:00\" \/>\n<meta property=\"og:image\" content=\"https:\/\/skishop.no\/wp-content\/uploads\/2025\/09\/Skishop-e1773158831889.jpg\" \/>\n\t<meta property=\"og:image:width\" content=\"964\" \/>\n\t<meta property=\"og:image:height\" content=\"643\" \/>\n\t<meta property=\"og:image:type\" content=\"image\/webp\" \/>\n<meta name=\"twitter:card\" content=\"summary_large_image\" \/>\n<meta name=\"twitter:label1\" content=\"Est. reading time\" \/>\n\t<meta name=\"twitter:data1\" content=\"1 minute\" \/>\n<script type=\"application\/ld+json\" class=\"yoast-schema-graph\">{\"@context\":\"https:\\\/\\\/schema.org\",\"@graph\":[{\"@type\":\"Article\",\"@id\":\"https:\\\/\\\/skishop.no\\\/da\\\/cookiepolitik\\\/#article\",\"isPartOf\":{\"@id\":\"https:\\\/\\\/skishop.no\\\/da\\\/cookiepolitik\\\/\"},\"author\":{\"name\":\"\",\"@id\":\"https:\\\/\\\/skishop.no\\\/#\\\/schema\\\/person\\\/e1116c92488e263d9a1324f1bd5d2dcb\"},\"headline\":\"Cookie Policy\",\"datePublished\":\"2025-11-01T12:04:56+00:00\",\"dateModified\":\"2025-11-01T12:19:52+00:00\",\"mainEntityOfPage\":{\"@id\":\"https:\\\/\\\/skishop.no\\\/da\\\/cookiepolitik\\\/\"},\"wordCount\":125,\"publisher\":{\"@id\":\"https:\\\/\\\/skishop.no\\\/#organization\"},\"inLanguage\":\"en-US\"},{\"@type\":\"WebPage\",\"@id\":\"https:\\\/\\\/skishop.no\\\/da\\\/cookiepolitik\\\/\",\"url\":\"https:\\\/\\\/skishop.no\\\/da\\\/cookiepolitik\\\/\",\"name\":\"Cookie Policy - Trysil Skishop\",\"isPartOf\":{\"@id\":\"https:\\\/\\\/skishop.no\\\/#website\"},\"datePublished\":\"2025-11-01T12:04:56+00:00\",\"dateModified\":\"2025-11-01T12:19:52+00:00\",\"description\":\"Trysil Skishop -\",\"breadcrumb\":{\"@id\":\"https:\\\/\\\/skishop.no\\\/da\\\/cookiepolitik\\\/#breadcrumb\"},\"inLanguage\":\"en-US\",\"potentialAction\":[{\"@type\":\"ReadAction\",\"target\":[\"https:\\\/\\\/skishop.no\\\/da\\\/cookiepolitik\\\/\"]}]},{\"@type\":\"BreadcrumbList\",\"@id\":\"https:\\\/\\\/skishop.no\\\/da\\\/cookiepolitik\\\/#breadcrumb\",\"itemListElement\":[{\"@type\":\"ListItem\",\"position\":1,\"name\":\"Hjem\",\"item\":\"https:\\\/\\\/skishop.no\\\/\"},{\"@type\":\"ListItem\",\"position\":2,\"name\":\"Cookie Policy\"}]},{\"@type\":\"WebSite\",\"@id\":\"https:\\\/\\\/skishop.no\\\/#website\",\"url\":\"https:\\\/\\\/skishop.no\\\/\",\"name\":\"Trysil Skishop\",\"description\":\"Trysils billigste skiutleie\",\"publisher\":{\"@id\":\"https:\\\/\\\/skishop.no\\\/#organization\"},\"alternateName\":\"Trysil ski leie\",\"potentialAction\":[{\"@type\":\"SearchAction\",\"target\":{\"@type\":\"EntryPoint\",\"urlTemplate\":\"https:\\\/\\\/skishop.no\\\/?s={search_term_string}\"},\"query-input\":{\"@type\":\"PropertyValueSpecification\",\"valueRequired\":true,\"valueName\":\"search_term_string\"}}],\"inLanguage\":\"en-US\"},{\"@type\":\"Organization\",\"@id\":\"https:\\\/\\\/skishop.no\\\/#organization\",\"name\":\"Trysil Skishop\",\"alternateName\":\"Trysil Skishop AS\",\"url\":\"https:\\\/\\\/skishop.no\\\/\",\"logo\":{\"@type\":\"ImageObject\",\"inLanguage\":\"en-US\",\"@id\":\"https:\\\/\\\/skishop.no\\\/#\\\/schema\\\/logo\\\/image\\\/\",\"url\":\"https:\\\/\\\/skishop.no\\\/wp-content\\\/uploads\\\/2025\\\/09\\\/Site-icon-1.webp\",\"contentUrl\":\"https:\\\/\\\/skishop.no\\\/wp-content\\\/uploads\\\/2025\\\/09\\\/Site-icon-1.webp\",\"width\":468,\"height\":389,\"caption\":\"Trysil Skishop\"},\"image\":{\"@id\":\"https:\\\/\\\/skishop.no\\\/#\\\/schema\\\/logo\\\/image\\\/\"},\"sameAs\":[\"https:\\\/\\\/www.facebook.com\\\/TrysilSkishop\\\/\",\"https:\\\/\\\/www.instagram.com\\\/skishop.no\"],\"description\":\"Trysil Skishop er Trysilfjellets rimeligste ski- og sykkelutleie, som tilbyr utleie av ski- og sykkelutstyr av h\u00f8y kvalitet til lave priser. De holder til p\u00e5 Trysil Shellsenter, ca. 2 km f\u00f8r Trysil Turistsenter, med enkel parkering rett utenfor. Skishop tilbyr ogs\u00e5 skiutstyrservice \u00e5ret rundt, hvor de forbereder ski til vintersesongen med profesjonell slipemaskin og erfarne teknikere. Stedet gir rask og effektiv service slik at kunder raskt kan komme seg ut i bakken eller p\u00e5 tur. Om sommeren kan man leie sykler av h\u00f8y kvalitet hos dem, og de har ogs\u00e5 en sportsbutikk med n\u00f8dvendig utstyr for ski- og sykkelturer. Trysil Skishop har ogs\u00e5 samarbeidspartnere som gir rabatter til deres gjester. De er kjent for \u00e5 kombinere lave priser med like h\u00f8y standard p\u00e5 utstyret som andre utleiesteder i omr\u00e5det.\",\"email\":\"Info@skishop.no\",\"telephone\":\"+4791929291\",\"legalName\":\"Trysil Skishop AS\",\"foundingDate\":\"1999-01-01\",\"vatID\":\"981 443 489\",\"numberOfEmployees\":{\"@type\":\"QuantitativeValue\",\"minValue\":\"11\",\"maxValue\":\"50\"},\"publishingPrinciples\":\"https:\\\/\\\/skishop.no\\\/ofte-stile-sporsmal\\\/\"},{\"@type\":\"Person\",\"@id\":\"https:\\\/\\\/skishop.no\\\/#\\\/schema\\\/person\\\/e1116c92488e263d9a1324f1bd5d2dcb\",\"name\":\"\",\"sameAs\":[\"https:\\\/\\\/skishop.no\"],\"url\":\"https:\\\/\\\/skishop.no\\\/en\\\/author\\\/infoskishop-no\\\/\"}]}<\/script>\n<!-- \/ Yoast SEO Premium plugin. -->","yoast_head_json":{"title":"Cookie Policy - Trysil Skishop","description":"Trysil Skishop -","robots":{"index":"index","follow":"follow","max-snippet":"max-snippet:-1","max-image-preview":"max-image-preview:large","max-video-preview":"max-video-preview:-1"},"canonical":"https:\/\/skishop.no\/en\/cookiepolitik\/","og_locale":"en_US","og_type":"article","og_title":"Cookie Policy","og_description":"Trysil Skishop -","og_url":"https:\/\/skishop.no\/en\/cookiepolitik\/","og_site_name":"Trysil Skishop","article_publisher":"https:\/\/www.facebook.com\/TrysilSkishop\/","article_modified_time":"2025-11-01T12:19:52+00:00","og_image":[{"width":964,"height":643,"url":"https:\/\/skishop.no\/wp-content\/uploads\/2025\/09\/Skishop-e1773158831889.jpg","type":"image\/webp"}],"twitter_card":"summary_large_image","twitter_misc":{"Est. reading time":"1 minute"},"schema":{"@context":"https:\/\/schema.org","@graph":[{"@type":"Article","@id":"https:\/\/skishop.no\/da\/cookiepolitik\/#article","isPartOf":{"@id":"https:\/\/skishop.no\/da\/cookiepolitik\/"},"author":{"name":"","@id":"https:\/\/skishop.no\/#\/schema\/person\/e1116c92488e263d9a1324f1bd5d2dcb"},"headline":"Cookie Policy","datePublished":"2025-11-01T12:04:56+00:00","dateModified":"2025-11-01T12:19:52+00:00","mainEntityOfPage":{"@id":"https:\/\/skishop.no\/da\/cookiepolitik\/"},"wordCount":125,"publisher":{"@id":"https:\/\/skishop.no\/#organization"},"inLanguage":"en-US"},{"@type":"WebPage","@id":"https:\/\/skishop.no\/da\/cookiepolitik\/","url":"https:\/\/skishop.no\/da\/cookiepolitik\/","name":"Cookie Policy - Trysil Skishop","isPartOf":{"@id":"https:\/\/skishop.no\/#website"},"datePublished":"2025-11-01T12:04:56+00:00","dateModified":"2025-11-01T12:19:52+00:00","description":"Trysil Skishop -","breadcrumb":{"@id":"https:\/\/skishop.no\/da\/cookiepolitik\/#breadcrumb"},"inLanguage":"en-US","potentialAction":[{"@type":"ReadAction","target":["https:\/\/skishop.no\/da\/cookiepolitik\/"]}]},{"@type":"BreadcrumbList","@id":"https:\/\/skishop.no\/da\/cookiepolitik\/#breadcrumb","itemListElement":[{"@type":"ListItem","position":1,"name":"Hjem","item":"https:\/\/skishop.no\/"},{"@type":"ListItem","position":2,"name":"Cookie Policy"}]},{"@type":"WebSite","@id":"https:\/\/skishop.no\/#website","url":"https:\/\/skishop.no\/","name":"Trysil Skishop","description":"Trysil's cheapest ski rental","publisher":{"@id":"https:\/\/skishop.no\/#organization"},"alternateName":"Trysil ski leie","potentialAction":[{"@type":"SearchAction","target":{"@type":"EntryPoint","urlTemplate":"https:\/\/skishop.no\/?s={search_term_string}"},"query-input":{"@type":"PropertyValueSpecification","valueRequired":true,"valueName":"search_term_string"}}],"inLanguage":"en-US"},{"@type":"Organization","@id":"https:\/\/skishop.no\/#organization","name":"Trysil Skishop","alternateName":"Trysil Skishop AS","url":"https:\/\/skishop.no\/","logo":{"@type":"ImageObject","inLanguage":"en-US","@id":"https:\/\/skishop.no\/#\/schema\/logo\/image\/","url":"https:\/\/skishop.no\/wp-content\/uploads\/2025\/09\/Site-icon-1.webp","contentUrl":"https:\/\/skishop.no\/wp-content\/uploads\/2025\/09\/Site-icon-1.webp","width":468,"height":389,"caption":"Trysil Skishop"},"image":{"@id":"https:\/\/skishop.no\/#\/schema\/logo\/image\/"},"sameAs":["https:\/\/www.facebook.com\/TrysilSkishop\/","https:\/\/www.instagram.com\/skishop.no"],"description":"Trysil Skishop is Trysilfjellet's most affordable ski and bike rental, offering high-quality ski and bike equipment rental at low prices. They are located at Trysil Shellsenter, about 2 km before Trysil Turistsenter, with easy parking right outside. Skishop also offers year-round ski equipment service, where they prepare skis for the winter season with a professional grinding machine and experienced technicians. The place provides fast and efficient service so that customers can quickly get out on the slopes or on tour. In the summer, you can rent high-quality bikes from them, and they also have a sports shop with the necessary equipment for skiing and cycling trips. Trysil Skishop also has partners who offer discounts to their guests. They are known for combining low prices with the same high standard of equipment as other rental outlets in the area.","email":"Info@skishop.no","telephone":"+4791929291","legalName":"Trysil Skishop AS","foundingDate":"1999-01-01","vatID":"981 443 489","numberOfEmployees":{"@type":"QuantitativeValue","minValue":"11","maxValue":"50"},"publishingPrinciples":"https:\/\/skishop.no\/ofte-stile-sporsmal\/"},{"@type":"Person","@id":"https:\/\/skishop.no\/#\/schema\/person\/e1116c92488e263d9a1324f1bd5d2dcb","name":"","sameAs":["https:\/\/skishop.no"],"url":"https:\/\/skishop.no\/en\/author\/infoskishop-no\/"}]}},"_links":{"self":[{"href":"https:\/\/skishop.no\/en\/wp-json\/wp\/v2\/pages\/3631","targetHints":{"allow":["GET"]}}],"collection":[{"href":"https:\/\/skishop.no\/en\/wp-json\/wp\/v2\/pages"}],"about":[{"href":"https:\/\/skishop.no\/en\/wp-json\/wp\/v2\/types\/page"}],"author":[{"embeddable":true,"href":"https:\/\/skishop.no\/en\/wp-json\/wp\/v2\/users\/1"}],"replies":[{"embeddable":true,"href":"https:\/\/skishop.no\/en\/wp-json\/wp\/v2\/comments?post=3631"}],"version-history":[{"count":0,"href":"https:\/\/skishop.no\/en\/wp-json\/wp\/v2\/pages\/3631\/revisions"}],"wp:attachment":[{"href":"https:\/\/skishop.no\/en\/wp-json\/wp\/v2\/media?parent=3631"}],"curies":[{"name":"wp","href":"https:\/\/api.w.org\/{rel}","templated":true}]}}