{"id":4871,"date":"2026-03-13T18:50:04","date_gmt":"2026-03-13T17:50:04","guid":{"rendered":"https:\/\/skishop.no\/?page_id=4871"},"modified":"2026-03-13T18:53:43","modified_gmt":"2026-03-13T17:53:43","slug":"messaging-terms-for-sms","status":"publish","type":"page","link":"https:\/\/skishop.no\/en\/privacy\/elementor-4871\/","title":{"rendered":"Messaging Terms for SMS."},"content":{"rendered":"<div data-elementor-type=\"wp-page\" data-elementor-id=\"4871\" class=\"elementor elementor-4871\" data-elementor-post-type=\"page\">\n\t\t\t\t<div data-particle_enable=\"false\" data-particle-mobile-disabled=\"false\" class=\"elementor-element elementor-element-c1569f6 e-flex e-con-boxed e-con e-parent\" data-id=\"c1569f6\" data-element_type=\"container\" data-e-type=\"container\">\n\t\t\t\t\t<div class=\"e-con-inner\">\n\t\t\t\t<div class=\"elementor-element elementor-element-8a8e893 elementor-widget elementor-widget-text-editor\" data-id=\"8a8e893\" data-element_type=\"widget\" data-e-type=\"widget\" data-widget_type=\"text-editor.default\">\n\t\t\t\t\t\t\t\t\t<p data-pm-slice=\"1 1 []\">Skishopno<\/p><p>24 Vestmovegen Trysil Innlandet NO 2420<\/p><p>Info@skishop.no<\/p><p><blockquote class=\"wp-embedded-content\" data-secret=\"imbWwW1TRB\"><a href=\"https:\/\/skishop.no\/en\/privacy\/\">Privacy policy<\/a><\/blockquote><iframe loading=\"lazy\" class=\"wp-embedded-content\" sandbox=\"allow-scripts\" security=\"restricted\" style=\"position: absolute; visibility: hidden;\" title=\"\u00abPrivacy policy\u00bb - Trysil Skishop\" src=\"https:\/\/skishop.no\/personvern\/embed\/#?secret=7vV17KifiX#?secret=imbWwW1TRB\" data-secret=\"imbWwW1TRB\" width=\"500\" height=\"282\" frameborder=\"0\" marginwidth=\"0\" marginheight=\"0\" scrolling=\"no\"><\/iframe><\/p><h1>Messaging Terms &amp; Conditions<\/h1><p>Skishopno | 24 Vestmovegen Trysil Innlandet NO 2420<\/p><h2>General<\/h2><p>When you opt-in to the service, we will send you a message to confirm your signup.<\/p><p>By opting into messages, you agree to receive recurring automated marketing and informational text messages from Skishopno. Automated messages may be sent using an automatic telephone dialing system to the mobile telephone number you provided when signing up or any other number that you designate.<\/p><p>Message frequency varies, and additional mobile messages may be sent periodically based on your interaction with Skishopno. Skishopno reserves the right to alter the frequency of messages sent at any time to increase or decrease the total number of sent messages. Skishopno also reserves the right to change the short code or phone number or alphanumeric sender where messages are sent<\/p><p>Your usual message and data rates may apply. If you have any questions about your text plan or data plan, it is best to contact your mobile provider. Your mobile provider is not liable for delayed or undelivered messages.<\/p><p>Your consent to receive marketing messages is not a condition of purchase.<\/p><h2>Carriers<\/h2><p>Carriers are not liable for delayed or undelivered messages.<\/p><h2>Cancellation<\/h2><p>Messages will provide instructions to unsubscribe either by texting STOP or through an included link. After you unsubscribe, we will send you a message to confirm that you have been unsubscribed and no more messages will be sent. If you would like to receive messages from Skishopno again, just sign up as you did the first time and Skishopno will start sending messages to you again.<\/p><h2>Info<\/h2><p>For support regarding our services, email us at Info@skishop.no or, if supported, text \\\u00bbHELP\\\u00bb to our messages at any time and we will respond with instructions on how to unsubscribe. If we include a link in messages we send you from Skishopno, you may also access instructions on how to unsubscribe and our company information by following that link.<\/p><h2>Transfer of Number<\/h2><p>You agree that before changing your mobile number or transferring your mobile number to another individual, you will either reply \\\u00bbSTOP\\\u00bb from the original number, unsubscribe using the link included in our messages (if one is provided), or notify us of your old number at Info@skishop.no. The duty to inform us based on the above events is a condition of using this service to receive messages.<\/p><h2>Privacy policy<\/h2><p>If you have any questions about your data or our privacy practices, please visit our https:\/\/skishop.no\/personvern\/.<\/p><h2>Messaging Terms Changes<\/h2><p>We reserve the right to change or terminate our messaging program at any time. We also reserve the right to update these Messaging Terms at any time. Such changes will be effective immediately upon posting. If you do not agree to a change to these Messaging Terms, you should cancel your enrollment with our messaging program. Your continued enrollment following such changes shall constitute your acceptance of such changes.<\/p><p>\u00a0<\/p>\t\t\t\t\t\t\t\t<\/div>\n\t\t\t\t\t<\/div>\n\t\t\t\t<\/div>\n\t\t\t\t<\/div>","protected":false},"excerpt":{"rendered":"<p>Skishopno 24 Vestmovegen Trysil Innlandet NO 2420 Info@skishop.no Personvern Messaging Terms &amp; Conditions Skishopno | 24 Vestmovegen Trysil Innlandet NO 2420 General When you opt-in to the service, we will send you a message to confirm your signup. By opting into messages, you agree to receive recurring automated marketing and informational text messages from Skishopno. [&hellip;]<\/p>\n","protected":false},"author":1,"featured_media":0,"parent":1833,"menu_order":0,"comment_status":"closed","ping_status":"closed","template":"","meta":{"site-sidebar-layout":"no-sidebar","site-content-layout":"page-builder","ast-site-content-layout":"full-width-container","site-content-style":"default","site-sidebar-style":"default","ast-global-header-display":"","ast-banner-title-visibility":"","ast-main-header-display":"","ast-hfb-above-header-display":"","ast-hfb-below-header-display":"","ast-hfb-mobile-header-display":"","site-post-title":"","ast-breadcrumbs-content":"","ast-featured-img":"disabled","footer-sml-layout":"","ast-disable-related-posts":"","theme-transparent-header-meta":"","adv-header-id-meta":"","stick-header-meta":"","header-above-stick-meta":"","header-main-stick-meta":"","header-below-stick-meta":"","astra-migrate-meta-layouts":"set","ast-page-background-enabled":"default","ast-page-background-meta":{"desktop":{"background-color":"var(--ast-global-color-4)","background-image":"","background-repeat":"repeat","background-position":"center center","background-size":"auto","background-attachment":"scroll","background-type":"","background-media":"","overlay-type":"","overlay-color":"","overlay-opacity":"","overlay-gradient":""},"tablet":{"background-color":"","background-image":"","background-repeat":"repeat","background-position":"center center","background-size":"auto","background-attachment":"scroll","background-type":"","background-media":"","overlay-type":"","overlay-color":"","overlay-opacity":"","overlay-gradient":""},"mobile":{"background-color":"","background-image":"","background-repeat":"repeat","background-position":"center center","background-size":"auto","background-attachment":"scroll","background-type":"","background-media":"","overlay-type":"","overlay-color":"","overlay-opacity":"","overlay-gradient":""}},"ast-content-background-meta":{"desktop":{"background-color":"var(--ast-global-color-5)","background-image":"","background-repeat":"repeat","background-position":"center center","background-size":"auto","background-attachment":"scroll","background-type":"","background-media":"","overlay-type":"","overlay-color":"","overlay-opacity":"","overlay-gradient":""},"tablet":{"background-color":"var(--ast-global-color-5)","background-image":"","background-repeat":"repeat","background-position":"center center","background-size":"auto","background-attachment":"scroll","background-type":"","background-media":"","overlay-type":"","overlay-color":"","overlay-opacity":"","overlay-gradient":""},"mobile":{"background-color":"var(--ast-global-color-5)","background-image":"","background-repeat":"repeat","background-position":"center center","background-size":"auto","background-attachment":"scroll","background-type":"","background-media":"","overlay-type":"","overlay-color":"","overlay-opacity":"","overlay-gradient":""}},"footnotes":""},"class_list":["post-4871","page","type-page","status-publish","hentry"],"yoast_head":"<!-- This site is optimized with the Yoast SEO Premium plugin v27.2 (Yoast SEO v27.5) - https:\/\/yoast.com\/product\/yoast-seo-premium-wordpress\/ -->\n<title>Messaging Terms for SMS. - Trysil Skishop<\/title>\n<meta name=\"description\" content=\"Trysil Skishop -\" \/>\n<meta name=\"robots\" content=\"index, follow, max-snippet:-1, max-image-preview:large, max-video-preview:-1\" \/>\n<link rel=\"canonical\" href=\"https:\/\/skishop.no\/en\/privacy\/elementor-4871\/\" \/>\n<meta property=\"og:locale\" content=\"en_US\" \/>\n<meta property=\"og:type\" content=\"article\" \/>\n<meta property=\"og:title\" content=\"Messaging Terms for SMS.\" \/>\n<meta property=\"og:description\" content=\"Trysil Skishop -\" \/>\n<meta property=\"og:url\" content=\"https:\/\/skishop.no\/en\/privacy\/elementor-4871\/\" \/>\n<meta property=\"og:site_name\" content=\"Trysil Skishop\" \/>\n<meta property=\"article:publisher\" content=\"https:\/\/www.facebook.com\/TrysilSkishop\/\" \/>\n<meta property=\"article:modified_time\" content=\"2026-03-13T17:53:43+00:00\" \/>\n<meta property=\"og:image\" content=\"https:\/\/skishop.no\/wp-content\/uploads\/2025\/09\/Skishop-e1773158831889.jpg\" \/>\n\t<meta property=\"og:image:width\" content=\"964\" \/>\n\t<meta property=\"og:image:height\" content=\"643\" \/>\n\t<meta property=\"og:image:type\" content=\"image\/webp\" \/>\n<meta name=\"twitter:card\" content=\"summary_large_image\" \/>\n<meta name=\"twitter:label1\" content=\"Est. reading time\" \/>\n\t<meta name=\"twitter:data1\" content=\"3 minutes\" \/>\n<script type=\"application\/ld+json\" class=\"yoast-schema-graph\">{\"@context\":\"https:\\\/\\\/schema.org\",\"@graph\":[{\"@type\":\"Article\",\"@id\":\"https:\\\/\\\/skishop.no\\\/personvern\\\/messaging-terms-for-sms\\\/#article\",\"isPartOf\":{\"@id\":\"https:\\\/\\\/skishop.no\\\/personvern\\\/messaging-terms-for-sms\\\/\"},\"author\":{\"name\":\"\",\"@id\":\"https:\\\/\\\/skishop.no\\\/#\\\/schema\\\/person\\\/e1116c92488e263d9a1324f1bd5d2dcb\"},\"headline\":\"Messaging Terms for SMS.\",\"datePublished\":\"2026-03-13T17:50:04+00:00\",\"dateModified\":\"2026-03-13T17:53:43+00:00\",\"mainEntityOfPage\":{\"@id\":\"https:\\\/\\\/skishop.no\\\/personvern\\\/messaging-terms-for-sms\\\/\"},\"wordCount\":501,\"publisher\":{\"@id\":\"https:\\\/\\\/skishop.no\\\/#organization\"},\"inLanguage\":\"en-US\"},{\"@type\":\"WebPage\",\"@id\":\"https:\\\/\\\/skishop.no\\\/personvern\\\/messaging-terms-for-sms\\\/\",\"url\":\"https:\\\/\\\/skishop.no\\\/personvern\\\/messaging-terms-for-sms\\\/\",\"name\":\"Messaging Terms for SMS. - Trysil Skishop\",\"isPartOf\":{\"@id\":\"https:\\\/\\\/skishop.no\\\/#website\"},\"datePublished\":\"2026-03-13T17:50:04+00:00\",\"dateModified\":\"2026-03-13T17:53:43+00:00\",\"description\":\"Trysil Skishop -\",\"breadcrumb\":{\"@id\":\"https:\\\/\\\/skishop.no\\\/personvern\\\/messaging-terms-for-sms\\\/#breadcrumb\"},\"inLanguage\":\"en-US\",\"potentialAction\":[{\"@type\":\"ReadAction\",\"target\":[\"https:\\\/\\\/skishop.no\\\/personvern\\\/messaging-terms-for-sms\\\/\"]}]},{\"@type\":\"BreadcrumbList\",\"@id\":\"https:\\\/\\\/skishop.no\\\/personvern\\\/messaging-terms-for-sms\\\/#breadcrumb\",\"itemListElement\":[{\"@type\":\"ListItem\",\"position\":1,\"name\":\"Hjem\",\"item\":\"https:\\\/\\\/skishop.no\\\/\"},{\"@type\":\"ListItem\",\"position\":2,\"name\":\"Personvern\",\"item\":\"https:\\\/\\\/skishop.no\\\/da\\\/privatlivets-fred\\\/\"},{\"@type\":\"ListItem\",\"position\":3,\"name\":\"Messaging Terms for SMS.\"}]},{\"@type\":\"WebSite\",\"@id\":\"https:\\\/\\\/skishop.no\\\/#website\",\"url\":\"https:\\\/\\\/skishop.no\\\/\",\"name\":\"Trysil Skishop\",\"description\":\"Trysils billigste skiutleie\",\"publisher\":{\"@id\":\"https:\\\/\\\/skishop.no\\\/#organization\"},\"alternateName\":\"Trysil ski leie\",\"potentialAction\":[{\"@type\":\"SearchAction\",\"target\":{\"@type\":\"EntryPoint\",\"urlTemplate\":\"https:\\\/\\\/skishop.no\\\/?s={search_term_string}\"},\"query-input\":{\"@type\":\"PropertyValueSpecification\",\"valueRequired\":true,\"valueName\":\"search_term_string\"}}],\"inLanguage\":\"en-US\"},{\"@type\":\"Organization\",\"@id\":\"https:\\\/\\\/skishop.no\\\/#organization\",\"name\":\"Trysil Skishop\",\"alternateName\":\"Trysil Skishop AS\",\"url\":\"https:\\\/\\\/skishop.no\\\/\",\"logo\":{\"@type\":\"ImageObject\",\"inLanguage\":\"en-US\",\"@id\":\"https:\\\/\\\/skishop.no\\\/#\\\/schema\\\/logo\\\/image\\\/\",\"url\":\"https:\\\/\\\/skishop.no\\\/wp-content\\\/uploads\\\/2025\\\/09\\\/Site-icon-1.webp\",\"contentUrl\":\"https:\\\/\\\/skishop.no\\\/wp-content\\\/uploads\\\/2025\\\/09\\\/Site-icon-1.webp\",\"width\":468,\"height\":389,\"caption\":\"Trysil Skishop\"},\"image\":{\"@id\":\"https:\\\/\\\/skishop.no\\\/#\\\/schema\\\/logo\\\/image\\\/\"},\"sameAs\":[\"https:\\\/\\\/www.facebook.com\\\/TrysilSkishop\\\/\",\"https:\\\/\\\/www.instagram.com\\\/skishop.no\"],\"description\":\"Trysil Skishop er Trysilfjellets rimeligste ski- og sykkelutleie, som tilbyr utleie av ski- og sykkelutstyr av h\u00f8y kvalitet til lave priser. De holder til p\u00e5 Trysil Shellsenter, ca. 2 km f\u00f8r Trysil Turistsenter, med enkel parkering rett utenfor. Skishop tilbyr ogs\u00e5 skiutstyrservice \u00e5ret rundt, hvor de forbereder ski til vintersesongen med profesjonell slipemaskin og erfarne teknikere. Stedet gir rask og effektiv service slik at kunder raskt kan komme seg ut i bakken eller p\u00e5 tur. Om sommeren kan man leie sykler av h\u00f8y kvalitet hos dem, og de har ogs\u00e5 en sportsbutikk med n\u00f8dvendig utstyr for ski- og sykkelturer. Trysil Skishop har ogs\u00e5 samarbeidspartnere som gir rabatter til deres gjester. De er kjent for \u00e5 kombinere lave priser med like h\u00f8y standard p\u00e5 utstyret som andre utleiesteder i omr\u00e5det.\",\"email\":\"Info@skishop.no\",\"telephone\":\"+4791929291\",\"legalName\":\"Trysil Skishop AS\",\"foundingDate\":\"1999-01-01\",\"vatID\":\"981 443 489\",\"numberOfEmployees\":{\"@type\":\"QuantitativeValue\",\"minValue\":\"11\",\"maxValue\":\"50\"},\"publishingPrinciples\":\"https:\\\/\\\/skishop.no\\\/ofte-stile-sporsmal\\\/\"},{\"@type\":\"Person\",\"@id\":\"https:\\\/\\\/skishop.no\\\/#\\\/schema\\\/person\\\/e1116c92488e263d9a1324f1bd5d2dcb\",\"name\":\"\",\"sameAs\":[\"https:\\\/\\\/skishop.no\"],\"url\":\"https:\\\/\\\/skishop.no\\\/en\\\/author\\\/infoskishop-no\\\/\"}]}<\/script>\n<!-- \/ Yoast SEO Premium plugin. -->","yoast_head_json":{"title":"Messaging Terms for SMS. - Trysil Skishop","description":"Trysil Skishop -","robots":{"index":"index","follow":"follow","max-snippet":"max-snippet:-1","max-image-preview":"max-image-preview:large","max-video-preview":"max-video-preview:-1"},"canonical":"https:\/\/skishop.no\/en\/privacy\/elementor-4871\/","og_locale":"en_US","og_type":"article","og_title":"Messaging Terms for SMS.","og_description":"Trysil Skishop -","og_url":"https:\/\/skishop.no\/en\/privacy\/elementor-4871\/","og_site_name":"Trysil Skishop","article_publisher":"https:\/\/www.facebook.com\/TrysilSkishop\/","article_modified_time":"2026-03-13T17:53:43+00:00","og_image":[{"width":964,"height":643,"url":"https:\/\/skishop.no\/wp-content\/uploads\/2025\/09\/Skishop-e1773158831889.jpg","type":"image\/webp"}],"twitter_card":"summary_large_image","twitter_misc":{"Est. reading time":"3 minutes"},"schema":{"@context":"https:\/\/schema.org","@graph":[{"@type":"Article","@id":"https:\/\/skishop.no\/personvern\/messaging-terms-for-sms\/#article","isPartOf":{"@id":"https:\/\/skishop.no\/personvern\/messaging-terms-for-sms\/"},"author":{"name":"","@id":"https:\/\/skishop.no\/#\/schema\/person\/e1116c92488e263d9a1324f1bd5d2dcb"},"headline":"Messaging Terms for SMS.","datePublished":"2026-03-13T17:50:04+00:00","dateModified":"2026-03-13T17:53:43+00:00","mainEntityOfPage":{"@id":"https:\/\/skishop.no\/personvern\/messaging-terms-for-sms\/"},"wordCount":501,"publisher":{"@id":"https:\/\/skishop.no\/#organization"},"inLanguage":"en-US"},{"@type":"WebPage","@id":"https:\/\/skishop.no\/personvern\/messaging-terms-for-sms\/","url":"https:\/\/skishop.no\/personvern\/messaging-terms-for-sms\/","name":"Messaging Terms for SMS. - Trysil Skishop","isPartOf":{"@id":"https:\/\/skishop.no\/#website"},"datePublished":"2026-03-13T17:50:04+00:00","dateModified":"2026-03-13T17:53:43+00:00","description":"Trysil Skishop -","breadcrumb":{"@id":"https:\/\/skishop.no\/personvern\/messaging-terms-for-sms\/#breadcrumb"},"inLanguage":"en-US","potentialAction":[{"@type":"ReadAction","target":["https:\/\/skishop.no\/personvern\/messaging-terms-for-sms\/"]}]},{"@type":"BreadcrumbList","@id":"https:\/\/skishop.no\/personvern\/messaging-terms-for-sms\/#breadcrumb","itemListElement":[{"@type":"ListItem","position":1,"name":"Hjem","item":"https:\/\/skishop.no\/"},{"@type":"ListItem","position":2,"name":"Personvern","item":"https:\/\/skishop.no\/da\/privatlivets-fred\/"},{"@type":"ListItem","position":3,"name":"Messaging Terms for SMS."}]},{"@type":"WebSite","@id":"https:\/\/skishop.no\/#website","url":"https:\/\/skishop.no\/","name":"Trysil Skishop","description":"Trysil's cheapest ski rental","publisher":{"@id":"https:\/\/skishop.no\/#organization"},"alternateName":"Trysil ski leie","potentialAction":[{"@type":"SearchAction","target":{"@type":"EntryPoint","urlTemplate":"https:\/\/skishop.no\/?s={search_term_string}"},"query-input":{"@type":"PropertyValueSpecification","valueRequired":true,"valueName":"search_term_string"}}],"inLanguage":"en-US"},{"@type":"Organization","@id":"https:\/\/skishop.no\/#organization","name":"Trysil Skishop","alternateName":"Trysil Skishop AS","url":"https:\/\/skishop.no\/","logo":{"@type":"ImageObject","inLanguage":"en-US","@id":"https:\/\/skishop.no\/#\/schema\/logo\/image\/","url":"https:\/\/skishop.no\/wp-content\/uploads\/2025\/09\/Site-icon-1.webp","contentUrl":"https:\/\/skishop.no\/wp-content\/uploads\/2025\/09\/Site-icon-1.webp","width":468,"height":389,"caption":"Trysil Skishop"},"image":{"@id":"https:\/\/skishop.no\/#\/schema\/logo\/image\/"},"sameAs":["https:\/\/www.facebook.com\/TrysilSkishop\/","https:\/\/www.instagram.com\/skishop.no"],"description":"Trysil Skishop is Trysilfjellet's most affordable ski and bike rental, offering high-quality ski and bike equipment rental at low prices. They are located at Trysil Shellsenter, about 2 km before Trysil Turistsenter, with easy parking right outside. Skishop also offers year-round ski equipment service, where they prepare skis for the winter season with a professional grinding machine and experienced technicians. The place provides fast and efficient service so that customers can quickly get out on the slopes or on tour. In the summer, you can rent high-quality bikes from them, and they also have a sports shop with the necessary equipment for skiing and cycling trips. Trysil Skishop also has partners who offer discounts to their guests. They are known for combining low prices with the same high standard of equipment as other rental outlets in the area.","email":"Info@skishop.no","telephone":"+4791929291","legalName":"Trysil Skishop AS","foundingDate":"1999-01-01","vatID":"981 443 489","numberOfEmployees":{"@type":"QuantitativeValue","minValue":"11","maxValue":"50"},"publishingPrinciples":"https:\/\/skishop.no\/ofte-stile-sporsmal\/"},{"@type":"Person","@id":"https:\/\/skishop.no\/#\/schema\/person\/e1116c92488e263d9a1324f1bd5d2dcb","name":"","sameAs":["https:\/\/skishop.no"],"url":"https:\/\/skishop.no\/en\/author\/infoskishop-no\/"}]}},"_links":{"self":[{"href":"https:\/\/skishop.no\/en\/wp-json\/wp\/v2\/pages\/4871","targetHints":{"allow":["GET"]}}],"collection":[{"href":"https:\/\/skishop.no\/en\/wp-json\/wp\/v2\/pages"}],"about":[{"href":"https:\/\/skishop.no\/en\/wp-json\/wp\/v2\/types\/page"}],"author":[{"embeddable":true,"href":"https:\/\/skishop.no\/en\/wp-json\/wp\/v2\/users\/1"}],"replies":[{"embeddable":true,"href":"https:\/\/skishop.no\/en\/wp-json\/wp\/v2\/comments?post=4871"}],"version-history":[{"count":5,"href":"https:\/\/skishop.no\/en\/wp-json\/wp\/v2\/pages\/4871\/revisions"}],"predecessor-version":[{"id":4878,"href":"https:\/\/skishop.no\/en\/wp-json\/wp\/v2\/pages\/4871\/revisions\/4878"}],"up":[{"embeddable":true,"href":"https:\/\/skishop.no\/en\/wp-json\/wp\/v2\/pages\/1833"}],"wp:attachment":[{"href":"https:\/\/skishop.no\/en\/wp-json\/wp\/v2\/media?parent=4871"}],"curies":[{"name":"wp","href":"https:\/\/api.w.org\/{rel}","templated":true}]}}