{"id":3631,"date":"2025-11-01T13:04:56","date_gmt":"2025-11-01T12:04:56","guid":{"rendered":"https:\/\/skishop.no\/cookie-policy\/"},"modified":"2025-11-01T13:19:52","modified_gmt":"2025-11-01T12:19:52","slug":"cookie-policy","status":"publish","type":"page","link":"https:\/\/skishop.no\/es\/politica-de-cookies\/","title":{"rendered":"Pol\u00edtica de cookies"},"content":{"rendered":"<div data-elementor-type=\"wp-page\" data-elementor-id=\"3631\" class=\"elementor elementor-3631\" data-elementor-post-type=\"page\">\n\t\t\t\t<div data-particle_enable=\"false\" data-particle-mobile-disabled=\"false\" class=\"elementor-element elementor-element-2321f544 e-flex e-con-boxed e-con e-parent\" data-id=\"2321f544\" data-element_type=\"container\" data-e-type=\"container\">\n\t\t\t\t\t<div class=\"e-con-inner\">\n\t\t\t\t<div class=\"elementor-element elementor-element-4fb8a676 elementor-widget elementor-widget-text-editor\" data-id=\"4fb8a676\" data-element_type=\"widget\" data-e-type=\"widget\" data-widget_type=\"text-editor.default\">\n\t\t\t\t\t\t\t\t\t\n<p>Esta p\u00e1gina proporciona informaci\u00f3n completa sobre c\u00f3mo utilizamos las cookies en nuestro sitio web para mejorar su experiencia de navegaci\u00f3n, mejorar el rendimiento del sitio web y ofrecer contenidos personalizados. Las cookies son peque\u00f1os archivos de texto que se almacenan en su dispositivo cuando visita nuestro sitio web. Nos ayudan a comprender c\u00f3mo interact\u00faan los visitantes con nuestro sitio web, lo que nos permite ofrecer una experiencia de usuario m\u00e1s fluida y eficaz. En la tabla siguiente encontrar\u00e1 informaci\u00f3n detallada sobre cada tipo de cookie que utilizamos, su finalidad y el tiempo que permanecen en su dispositivo. Nos comprometemos a respetar su privacidad y a ofrecer transparencia sobre los datos que recopilamos a trav\u00e9s de las cookies. Si desea m\u00e1s informaci\u00f3n sobre c\u00f3mo tratamos sus datos personales, consulte nuestro <a href=\"https:\/\/skishop.no\/es\/privacidad\/\">Pol\u00edtica de privacidad.<\/a><\/p>\n<p><\/p>\n<div class=\"wpconsent-cookie-policy\">\n<h2 class=\"wpconsent-cookie-category-name\">Esencial<\/h2>\n<p class=\"wpconsent-cookie-category-description\">Las cookies esenciales permiten funciones b\u00e1sicas y son necesarias para el correcto funcionamiento del sitio web.<\/p>\n<table class=\"wpconsent-cookie-policy-table\">\n<tr>\n<th>Nombre<\/th>\n<th>Descripci\u00f3n<\/th>\n<th>Duraci\u00f3n<\/th>\n<\/tr>\n<tr>\n<td>wpconsent_preferences<\/td>\n<td>Esta cookie se utiliza para almacenar las preferencias de consentimiento de cookies del usuario.<\/td>\n<td>30 d\u00edas<\/td>\n<\/tr>\n<\/table>\n<h3 class=\"wpconsent-cookie-service-name\">Google Tag Manager<\/h3>\n<p class=\"wpconsent-cookie-service-description\">Google Tag Manager simplifica la gesti\u00f3n de las etiquetas de marketing en su sitio web sin cambios en el c\u00f3digo.<\/p>\n<table class=\"wpconsent-cookie-policy-table\">\n<tr>\n<th>Nombre<\/th>\n<th>Descripci\u00f3n<\/th>\n<th>Duraci\u00f3n<\/th>\n<\/tr>\n<tr>\n<td>td<\/td>\n<td>Registra datos estad\u00edsticos sobre el comportamiento de los usuarios en el sitio web. Utilizada para an\u00e1lisis internos por el operador del sitio web.<\/td>\n<td>sesi\u00f3n<\/td>\n<\/tr>\n<tr>\n<td>cookiePreferences<\/td>\n<td>Registra las preferencias de cookies de un usuario<\/td>\n<td>2 a\u00f1os<\/td>\n<\/tr>\n<\/table>\n<h2 class=\"wpconsent-cookie-category-name\">Estad\u00edsticas<\/h2>\n<p class=\"wpconsent-cookie-category-description\">Las cookies estad\u00edsticas recopilan informaci\u00f3n de forma an\u00f3nima. Esta informaci\u00f3n nos ayuda a comprender c\u00f3mo utilizan los visitantes nuestro sitio web.<\/p>\n<h3 class=\"wpconsent-cookie-service-name\">Google Analytics<\/h3>\n<p class=\"wpconsent-cookie-service-description\">Google Analytics es una potente herramienta que rastrea y analiza el tr\u00e1fico del sitio web para tomar decisiones de marketing con conocimiento de causa.<\/p>\n<p><a href=\"https:\/\/policies.google.com\/privacy\">Saber m\u00e1s<\/a><\/p>\n<table class=\"wpconsent-cookie-policy-table\">\n<tr>\n<th>Nombre<\/th>\n<th>Descripci\u00f3n<\/th>\n<th>Duraci\u00f3n<\/th>\n<\/tr>\n<tr>\n<td>_gac_<\/td>\n<td>Contiene informaci\u00f3n relacionada con las campa\u00f1as de marketing del usuario. Se comparten con Google AdWords \/ Google Ads cuando las cuentas de Google Ads y Google Analytics est\u00e1n vinculadas entre s\u00ed.<\/td>\n<td>90 d\u00edas<\/td>\n<\/tr>\n<tr>\n<td>__utma<\/td>\n<td>ID utilizado para identificar usuarios y sesiones<\/td>\n<td>2 a\u00f1os despu\u00e9s de la \u00faltima actividad<\/td>\n<\/tr>\n<tr>\n<td>__utmt<\/td>\n<td>Se utiliza para controlar el n\u00famero de solicitudes del servidor de Google Analytics<\/td>\n<td>10 minutos<\/td>\n<\/tr>\n<tr>\n<td>__utmb<\/td>\n<td>Se utiliza para distinguir nuevas sesiones y visitas. Esta cookie se establece cuando se carga la biblioteca javascript GA.js y no existe ninguna cookie __utmb. La cookie se actualiza cada vez que se env\u00edan datos al servidor de Google Analytics.<\/td>\n<td>30 minutos despu\u00e9s de la \u00faltima actividad<\/td>\n<\/tr>\n<tr>\n<td>__utmc<\/td>\n<td>S\u00f3lo se utiliza con las versiones antiguas Urchin de Google Analytics y no con GA.js. Se utilizaba para distinguir entre nuevas sesiones y visitas al final de una sesi\u00f3n.<\/td>\n<td>Fin de sesi\u00f3n (navegador)<\/td>\n<\/tr>\n<tr>\n<td>__utmz<\/td>\n<td>Contiene informaci\u00f3n sobre la fuente de tr\u00e1fico o la campa\u00f1a que dirigi\u00f3 al usuario al sitio web. La cookie se instala cuando se carga el javascript GA.js y se actualiza cuando se env\u00edan datos al servidor de Google Anaytics<\/td>\n<td>6 meses despu\u00e9s de la \u00faltima actividad<\/td>\n<\/tr>\n<tr>\n<td>__utmv<\/td>\n<td>Contiene informaci\u00f3n personalizada establecida por el desarrollador web a trav\u00e9s del m\u00e9todo _setCustomVar de Google Analytics. Esta cookie se actualiza cada vez que se env\u00edan nuevos datos al servidor de Google Analytics.<\/td>\n<td>2 a\u00f1os despu\u00e9s de la \u00faltima actividad<\/td>\n<\/tr>\n<tr>\n<td>__utmx<\/td>\n<td>Se utiliza para determinar si un usuario est\u00e1 incluido en una prueba A \/ B o Multivariante.<\/td>\n<td>18 meses<\/td>\n<\/tr>\n<tr>\n<td>_ga<\/td>\n<td>ID utilizado para identificar a los usuarios<\/td>\n<td>2 a\u00f1os<\/td>\n<\/tr>\n<tr>\n<td>_gali<\/td>\n<td>Utilizado por Google Analytics para determinar en qu\u00e9 enlaces de una p\u00e1gina se est\u00e1 haciendo clic<\/td>\n<td>30 segundos<\/td>\n<\/tr>\n<tr>\n<td>_ga_<\/td>\n<td>ID utilizado para identificar a los usuarios<\/td>\n<td>2 a\u00f1os<\/td>\n<\/tr>\n<tr>\n<td>_gid<\/td>\n<td>ID utilizado para identificar a los usuarios durante 24 horas despu\u00e9s de la \u00faltima actividad<\/td>\n<td>24 horas<\/td>\n<\/tr>\n<tr>\n<td>_agujero<\/td>\n<td>Se utiliza para controlar el n\u00famero de solicitudes al servidor de Google Analytics cuando se utiliza Google Tag Manager<\/td>\n<td>1 minuto<\/td>\n<\/tr>\n<\/table>\n<h3 class=\"wpconsent-cookie-service-name\">WooCommerce Sourcebuster<\/h3>\n<p class=\"wpconsent-cookie-service-description\">SourceBuster es utilizado por WooCommerce para la atribuci\u00f3n de pedidos basada en la fuente del usuario.<\/p>\n<table class=\"wpconsent-cookie-policy-table\">\n<tr>\n<th>Nombre<\/th>\n<th>Descripci\u00f3n<\/th>\n<th>Duraci\u00f3n<\/th>\n<\/tr>\n<tr>\n<td>sbjs_session<\/td>\n<td>El n\u00famero de p\u00e1ginas vistas en esta sesi\u00f3n y la ruta de la p\u00e1gina actual<\/td>\n<td>30 minutos<\/td>\n<\/tr>\n<tr>\n<td>sbjs_udata<\/td>\n<td>Informaci\u00f3n sobre el agente de usuario del visitante, como la IP, el navegador y el tipo de dispositivo<\/td>\n<td>sesi\u00f3n<\/td>\n<\/tr>\n<tr>\n<td>sbjs_first<\/td>\n<td>Informaci\u00f3n sobre el origen del tr\u00e1fico de la primera visita del visitante a su tienda (s\u00f3lo aplicable si el visitante regresa antes de que expire la sesi\u00f3n)<\/td>\n<td>sesi\u00f3n<\/td>\n<\/tr>\n<tr>\n<td>sbjs_current<\/td>\n<td>Informaci\u00f3n sobre el origen del tr\u00e1fico de la visita actual del visitante a su tienda<\/td>\n<td>sesi\u00f3n<\/td>\n<\/tr>\n<tr>\n<td>sbjs_first_add<\/td>\n<td>Marca de tiempo, URL de referencia y p\u00e1gina de entrada de la primera visita del visitante a su tienda (s\u00f3lo aplicable si el visitante regresa antes de que caduque la sesi\u00f3n).<\/td>\n<td>sesi\u00f3n<\/td>\n<\/tr>\n<tr>\n<td>sbjs_current_add<\/td>\n<td>Marca de tiempo, URL de referencia y p\u00e1gina de entrada de la visita actual de su visitante a su tienda<\/td>\n<td>sesi\u00f3n<\/td>\n<\/tr>\n<tr>\n<td>sbjs_migrations<\/td>\n<td>Datos t\u00e9cnicos para ayudar en las migraciones entre diferentes versiones de la funci\u00f3n de seguimiento<\/td>\n<td>sesi\u00f3n<\/td>\n<\/tr>\n<\/table>\n<\/div>\n\t\t\t\t\t\t\t\t<\/div>\n\t\t\t\t\t<\/div>\n\t\t\t\t<\/div>\n\t\t\t\t<\/div>","protected":false},"excerpt":{"rendered":"<p>This page provides comprehensive information about how we use cookies on our website to enhance your browsing experience, improve website performance, and deliver personalized content. Cookies are small text files that are stored on your device when you visit our site. They help us understand how visitors interact with our website, allowing us to offer [&hellip;]<\/p>\n","protected":false},"author":1,"featured_media":0,"parent":0,"menu_order":0,"comment_status":"closed","ping_status":"closed","template":"","meta":{"site-sidebar-layout":"default","site-content-layout":"","ast-site-content-layout":"default","site-content-style":"default","site-sidebar-style":"default","ast-global-header-display":"","ast-banner-title-visibility":"","ast-main-header-display":"","ast-hfb-above-header-display":"","ast-hfb-below-header-display":"","ast-hfb-mobile-header-display":"","site-post-title":"","ast-breadcrumbs-content":"","ast-featured-img":"","footer-sml-layout":"","ast-disable-related-posts":"","theme-transparent-header-meta":"","adv-header-id-meta":"","stick-header-meta":"","header-above-stick-meta":"","header-main-stick-meta":"","header-below-stick-meta":"","astra-migrate-meta-layouts":"set","ast-page-background-enabled":"default","ast-page-background-meta":{"desktop":{"background-color":"var(--ast-global-color-4)","background-image":"","background-repeat":"repeat","background-position":"center center","background-size":"auto","background-attachment":"scroll","background-type":"","background-media":"","overlay-type":"","overlay-color":"","overlay-opacity":"","overlay-gradient":""},"tablet":{"background-color":"","background-image":"","background-repeat":"repeat","background-position":"center center","background-size":"auto","background-attachment":"scroll","background-type":"","background-media":"","overlay-type":"","overlay-color":"","overlay-opacity":"","overlay-gradient":""},"mobile":{"background-color":"","background-image":"","background-repeat":"repeat","background-position":"center center","background-size":"auto","background-attachment":"scroll","background-type":"","background-media":"","overlay-type":"","overlay-color":"","overlay-opacity":"","overlay-gradient":""}},"ast-content-background-meta":{"desktop":{"background-color":"var(--ast-global-color-5)","background-image":"","background-repeat":"repeat","background-position":"center center","background-size":"auto","background-attachment":"scroll","background-type":"","background-media":"","overlay-type":"","overlay-color":"","overlay-opacity":"","overlay-gradient":""},"tablet":{"background-color":"var(--ast-global-color-5)","background-image":"","background-repeat":"repeat","background-position":"center center","background-size":"auto","background-attachment":"scroll","background-type":"","background-media":"","overlay-type":"","overlay-color":"","overlay-opacity":"","overlay-gradient":""},"mobile":{"background-color":"var(--ast-global-color-5)","background-image":"","background-repeat":"repeat","background-position":"center center","background-size":"auto","background-attachment":"scroll","background-type":"","background-media":"","overlay-type":"","overlay-color":"","overlay-opacity":"","overlay-gradient":""}},"footnotes":""},"class_list":["post-3631","page","type-page","status-publish","hentry"],"yoast_head":"<!-- This site is optimized with the Yoast SEO Premium plugin v27.2 (Yoast SEO v27.4) - https:\/\/yoast.com\/product\/yoast-seo-premium-wordpress\/ -->\n<title>Cookie Policy - Trysil Skishop<\/title>\n<meta name=\"description\" content=\"Trysil Skishop -\" \/>\n<meta name=\"robots\" content=\"index, follow, max-snippet:-1, max-image-preview:large, max-video-preview:-1\" \/>\n<link rel=\"canonical\" href=\"https:\/\/skishop.no\/es\/cookiepolitik\/\" \/>\n<meta property=\"og:locale\" content=\"es_ES\" \/>\n<meta property=\"og:type\" content=\"article\" \/>\n<meta property=\"og:title\" content=\"Cookie Policy\" \/>\n<meta property=\"og:description\" content=\"Trysil Skishop -\" \/>\n<meta property=\"og:url\" content=\"https:\/\/skishop.no\/es\/cookiepolitik\/\" \/>\n<meta property=\"og:site_name\" content=\"Trysil Skishop\" \/>\n<meta property=\"article:publisher\" content=\"https:\/\/www.facebook.com\/TrysilSkishop\/\" \/>\n<meta property=\"article:modified_time\" content=\"2025-11-01T12:19:52+00:00\" \/>\n<meta property=\"og:image\" content=\"https:\/\/skishop.no\/wp-content\/uploads\/2025\/09\/Skishop-e1773158831889.jpg\" \/>\n\t<meta property=\"og:image:width\" content=\"964\" \/>\n\t<meta property=\"og:image:height\" content=\"643\" \/>\n\t<meta property=\"og:image:type\" content=\"image\/webp\" \/>\n<meta name=\"twitter:card\" content=\"summary_large_image\" \/>\n<meta name=\"twitter:label1\" content=\"Tiempo de lectura\" \/>\n\t<meta name=\"twitter:data1\" content=\"1 minuto\" \/>\n<script type=\"application\/ld+json\" class=\"yoast-schema-graph\">{\"@context\":\"https:\\\/\\\/schema.org\",\"@graph\":[{\"@type\":\"Article\",\"@id\":\"https:\\\/\\\/skishop.no\\\/da\\\/cookiepolitik\\\/#article\",\"isPartOf\":{\"@id\":\"https:\\\/\\\/skishop.no\\\/da\\\/cookiepolitik\\\/\"},\"author\":{\"name\":\"\",\"@id\":\"https:\\\/\\\/skishop.no\\\/#\\\/schema\\\/person\\\/e1116c92488e263d9a1324f1bd5d2dcb\"},\"headline\":\"Cookie Policy\",\"datePublished\":\"2025-11-01T12:04:56+00:00\",\"dateModified\":\"2025-11-01T12:19:52+00:00\",\"mainEntityOfPage\":{\"@id\":\"https:\\\/\\\/skishop.no\\\/da\\\/cookiepolitik\\\/\"},\"wordCount\":125,\"publisher\":{\"@id\":\"https:\\\/\\\/skishop.no\\\/#organization\"},\"inLanguage\":\"es\"},{\"@type\":\"WebPage\",\"@id\":\"https:\\\/\\\/skishop.no\\\/da\\\/cookiepolitik\\\/\",\"url\":\"https:\\\/\\\/skishop.no\\\/da\\\/cookiepolitik\\\/\",\"name\":\"Cookie Policy - Trysil Skishop\",\"isPartOf\":{\"@id\":\"https:\\\/\\\/skishop.no\\\/#website\"},\"datePublished\":\"2025-11-01T12:04:56+00:00\",\"dateModified\":\"2025-11-01T12:19:52+00:00\",\"description\":\"Trysil Skishop -\",\"breadcrumb\":{\"@id\":\"https:\\\/\\\/skishop.no\\\/da\\\/cookiepolitik\\\/#breadcrumb\"},\"inLanguage\":\"es\",\"potentialAction\":[{\"@type\":\"ReadAction\",\"target\":[\"https:\\\/\\\/skishop.no\\\/da\\\/cookiepolitik\\\/\"]}]},{\"@type\":\"BreadcrumbList\",\"@id\":\"https:\\\/\\\/skishop.no\\\/da\\\/cookiepolitik\\\/#breadcrumb\",\"itemListElement\":[{\"@type\":\"ListItem\",\"position\":1,\"name\":\"Hjem\",\"item\":\"https:\\\/\\\/skishop.no\\\/\"},{\"@type\":\"ListItem\",\"position\":2,\"name\":\"Cookie Policy\"}]},{\"@type\":\"WebSite\",\"@id\":\"https:\\\/\\\/skishop.no\\\/#website\",\"url\":\"https:\\\/\\\/skishop.no\\\/\",\"name\":\"Trysil Skishop\",\"description\":\"Trysils billigste skiutleie\",\"publisher\":{\"@id\":\"https:\\\/\\\/skishop.no\\\/#organization\"},\"alternateName\":\"Trysil ski leie\",\"potentialAction\":[{\"@type\":\"SearchAction\",\"target\":{\"@type\":\"EntryPoint\",\"urlTemplate\":\"https:\\\/\\\/skishop.no\\\/?s={search_term_string}\"},\"query-input\":{\"@type\":\"PropertyValueSpecification\",\"valueRequired\":true,\"valueName\":\"search_term_string\"}}],\"inLanguage\":\"es\"},{\"@type\":\"Organization\",\"@id\":\"https:\\\/\\\/skishop.no\\\/#organization\",\"name\":\"Trysil Skishop\",\"alternateName\":\"Trysil Skishop AS\",\"url\":\"https:\\\/\\\/skishop.no\\\/\",\"logo\":{\"@type\":\"ImageObject\",\"inLanguage\":\"es\",\"@id\":\"https:\\\/\\\/skishop.no\\\/#\\\/schema\\\/logo\\\/image\\\/\",\"url\":\"https:\\\/\\\/skishop.no\\\/wp-content\\\/uploads\\\/2025\\\/09\\\/Site-icon-1.webp\",\"contentUrl\":\"https:\\\/\\\/skishop.no\\\/wp-content\\\/uploads\\\/2025\\\/09\\\/Site-icon-1.webp\",\"width\":468,\"height\":389,\"caption\":\"Trysil Skishop\"},\"image\":{\"@id\":\"https:\\\/\\\/skishop.no\\\/#\\\/schema\\\/logo\\\/image\\\/\"},\"sameAs\":[\"https:\\\/\\\/www.facebook.com\\\/TrysilSkishop\\\/\",\"https:\\\/\\\/www.instagram.com\\\/skishop.no\"],\"description\":\"Trysil Skishop er Trysilfjellets rimeligste ski- og sykkelutleie, som tilbyr utleie av ski- og sykkelutstyr av h\u00f8y kvalitet til lave priser. De holder til p\u00e5 Trysil Shellsenter, ca. 2 km f\u00f8r Trysil Turistsenter, med enkel parkering rett utenfor. Skishop tilbyr ogs\u00e5 skiutstyrservice \u00e5ret rundt, hvor de forbereder ski til vintersesongen med profesjonell slipemaskin og erfarne teknikere. Stedet gir rask og effektiv service slik at kunder raskt kan komme seg ut i bakken eller p\u00e5 tur. Om sommeren kan man leie sykler av h\u00f8y kvalitet hos dem, og de har ogs\u00e5 en sportsbutikk med n\u00f8dvendig utstyr for ski- og sykkelturer. Trysil Skishop har ogs\u00e5 samarbeidspartnere som gir rabatter til deres gjester. De er kjent for \u00e5 kombinere lave priser med like h\u00f8y standard p\u00e5 utstyret som andre utleiesteder i omr\u00e5det.\",\"email\":\"Info@skishop.no\",\"telephone\":\"+4791929291\",\"legalName\":\"Trysil Skishop AS\",\"foundingDate\":\"1999-01-01\",\"vatID\":\"981 443 489\",\"numberOfEmployees\":{\"@type\":\"QuantitativeValue\",\"minValue\":\"11\",\"maxValue\":\"50\"},\"publishingPrinciples\":\"https:\\\/\\\/skishop.no\\\/ofte-stile-sporsmal\\\/\"},{\"@type\":\"Person\",\"@id\":\"https:\\\/\\\/skishop.no\\\/#\\\/schema\\\/person\\\/e1116c92488e263d9a1324f1bd5d2dcb\",\"name\":\"\",\"sameAs\":[\"https:\\\/\\\/skishop.no\"],\"url\":\"https:\\\/\\\/skishop.no\\\/es\\\/author\\\/infoskishop-no\\\/\"}]}<\/script>\n<!-- \/ Yoast SEO Premium plugin. -->","yoast_head_json":{"title":"Pol\u00edtica de cookies - Trysil Skishop","description":"Trysil Skishop -","robots":{"index":"index","follow":"follow","max-snippet":"max-snippet:-1","max-image-preview":"max-image-preview:large","max-video-preview":"max-video-preview:-1"},"canonical":"https:\/\/skishop.no\/es\/cookiepolitik\/","og_locale":"es_ES","og_type":"article","og_title":"Cookie Policy","og_description":"Trysil Skishop -","og_url":"https:\/\/skishop.no\/es\/cookiepolitik\/","og_site_name":"Trysil Skishop","article_publisher":"https:\/\/www.facebook.com\/TrysilSkishop\/","article_modified_time":"2025-11-01T12:19:52+00:00","og_image":[{"width":964,"height":643,"url":"https:\/\/skishop.no\/wp-content\/uploads\/2025\/09\/Skishop-e1773158831889.jpg","type":"image\/webp"}],"twitter_card":"summary_large_image","twitter_misc":{"Tiempo de lectura":"1 minuto"},"schema":{"@context":"https:\/\/schema.org","@graph":[{"@type":"Article","@id":"https:\/\/skishop.no\/da\/cookiepolitik\/#article","isPartOf":{"@id":"https:\/\/skishop.no\/da\/cookiepolitik\/"},"author":{"name":"","@id":"https:\/\/skishop.no\/#\/schema\/person\/e1116c92488e263d9a1324f1bd5d2dcb"},"headline":"Cookie Policy","datePublished":"2025-11-01T12:04:56+00:00","dateModified":"2025-11-01T12:19:52+00:00","mainEntityOfPage":{"@id":"https:\/\/skishop.no\/da\/cookiepolitik\/"},"wordCount":125,"publisher":{"@id":"https:\/\/skishop.no\/#organization"},"inLanguage":"es"},{"@type":"WebPage","@id":"https:\/\/skishop.no\/da\/cookiepolitik\/","url":"https:\/\/skishop.no\/da\/cookiepolitik\/","name":"Pol\u00edtica de cookies - Trysil Skishop","isPartOf":{"@id":"https:\/\/skishop.no\/#website"},"datePublished":"2025-11-01T12:04:56+00:00","dateModified":"2025-11-01T12:19:52+00:00","description":"Trysil Skishop -","breadcrumb":{"@id":"https:\/\/skishop.no\/da\/cookiepolitik\/#breadcrumb"},"inLanguage":"es","potentialAction":[{"@type":"ReadAction","target":["https:\/\/skishop.no\/da\/cookiepolitik\/"]}]},{"@type":"BreadcrumbList","@id":"https:\/\/skishop.no\/da\/cookiepolitik\/#breadcrumb","itemListElement":[{"@type":"ListItem","position":1,"name":"Hjem","item":"https:\/\/skishop.no\/"},{"@type":"ListItem","position":2,"name":"Cookie Policy"}]},{"@type":"WebSite","@id":"https:\/\/skishop.no\/#website","url":"https:\/\/skishop.no\/","name":"Trysil Skishop","description":"El alquiler de esqu\u00eds m\u00e1s barato de Trysil","publisher":{"@id":"https:\/\/skishop.no\/#organization"},"alternateName":"Trysil ski leie","potentialAction":[{"@type":"SearchAction","target":{"@type":"EntryPoint","urlTemplate":"https:\/\/skishop.no\/?s={search_term_string}"},"query-input":{"@type":"PropertyValueSpecification","valueRequired":true,"valueName":"search_term_string"}}],"inLanguage":"es"},{"@type":"Organization","@id":"https:\/\/skishop.no\/#organization","name":"Trysil Skishop","alternateName":"Trysil Skishop AS","url":"https:\/\/skishop.no\/","logo":{"@type":"ImageObject","inLanguage":"es","@id":"https:\/\/skishop.no\/#\/schema\/logo\/image\/","url":"https:\/\/skishop.no\/wp-content\/uploads\/2025\/09\/Site-icon-1.webp","contentUrl":"https:\/\/skishop.no\/wp-content\/uploads\/2025\/09\/Site-icon-1.webp","width":468,"height":389,"caption":"Trysil Skishop"},"image":{"@id":"https:\/\/skishop.no\/#\/schema\/logo\/image\/"},"sameAs":["https:\/\/www.facebook.com\/TrysilSkishop\/","https:\/\/www.instagram.com\/skishop.no"],"description":"Trysil Skishop es la empresa de alquiler de esqu\u00eds y bicicletas m\u00e1s asequible de Trysilfjellet, y ofrece alquiler de equipos de esqu\u00ed y bicicletas de alta calidad a precios bajos. Est\u00e1n situados en Trysil Shellsenter, unos 2 km antes de Trysil Turistsenter, con f\u00e1cil aparcamiento justo fuera. Skishop tambi\u00e9n ofrece un servicio de equipamiento de esqu\u00ed durante todo el a\u00f1o, donde preparan los esqu\u00eds para la temporada de invierno con una rectificadora profesional y t\u00e9cnicos experimentados. El lugar ofrece un servicio r\u00e1pido y eficaz para que los clientes puedan salir r\u00e1pidamente a las pistas o de excursi\u00f3n. En verano, puede alquilarles bicicletas de alta calidad, y tambi\u00e9n disponen de una tienda de deportes con el equipo necesario para viajes de esqu\u00ed y ciclismo. Trysil Skishop tambi\u00e9n cuenta con socios que ofrecen descuentos a sus hu\u00e9spedes. Son conocidos por combinar precios bajos con el mismo alto nivel de equipamiento que otros centros de alquiler de la zona.","email":"Info@skishop.no","telephone":"+4791929291","legalName":"Trysil Skishop AS","foundingDate":"1999-01-01","vatID":"981 443 489","numberOfEmployees":{"@type":"QuantitativeValue","minValue":"11","maxValue":"50"},"publishingPrinciples":"https:\/\/skishop.no\/ofte-stile-sporsmal\/"},{"@type":"Person","@id":"https:\/\/skishop.no\/#\/schema\/person\/e1116c92488e263d9a1324f1bd5d2dcb","name":"","sameAs":["https:\/\/skishop.no"],"url":"https:\/\/skishop.no\/es\/author\/infoskishop-no\/"}]}},"_links":{"self":[{"href":"https:\/\/skishop.no\/es\/wp-json\/wp\/v2\/pages\/3631","targetHints":{"allow":["GET"]}}],"collection":[{"href":"https:\/\/skishop.no\/es\/wp-json\/wp\/v2\/pages"}],"about":[{"href":"https:\/\/skishop.no\/es\/wp-json\/wp\/v2\/types\/page"}],"author":[{"embeddable":true,"href":"https:\/\/skishop.no\/es\/wp-json\/wp\/v2\/users\/1"}],"replies":[{"embeddable":true,"href":"https:\/\/skishop.no\/es\/wp-json\/wp\/v2\/comments?post=3631"}],"version-history":[{"count":0,"href":"https:\/\/skishop.no\/es\/wp-json\/wp\/v2\/pages\/3631\/revisions"}],"wp:attachment":[{"href":"https:\/\/skishop.no\/es\/wp-json\/wp\/v2\/media?parent=3631"}],"curies":[{"name":"wp","href":"https:\/\/api.w.org\/{rel}","templated":true}]}}