{"id":4871,"date":"2026-03-13T18:50:04","date_gmt":"2026-03-13T17:50:04","guid":{"rendered":"https:\/\/skishop.no\/?page_id=4871"},"modified":"2026-03-13T18:53:43","modified_gmt":"2026-03-13T17:53:43","slug":"messaging-terms-for-sms","status":"publish","type":"page","link":"https:\/\/skishop.no\/es\/privacidad\/terminos-de-mensajeria-para-sms\/","title":{"rendered":"T\u00e9rminos de mensajer\u00eda para SMS."},"content":{"rendered":"<div data-elementor-type=\"wp-page\" data-elementor-id=\"4871\" class=\"elementor elementor-4871\" data-elementor-post-type=\"page\">\n\t\t\t\t<div data-particle_enable=\"false\" data-particle-mobile-disabled=\"false\" class=\"elementor-element elementor-element-c1569f6 e-flex e-con-boxed e-con e-parent\" data-id=\"c1569f6\" data-element_type=\"container\" data-e-type=\"container\">\n\t\t\t\t\t<div class=\"e-con-inner\">\n\t\t\t\t<div class=\"elementor-element elementor-element-8a8e893 elementor-widget elementor-widget-text-editor\" data-id=\"8a8e893\" data-element_type=\"widget\" data-e-type=\"widget\" data-widget_type=\"text-editor.default\">\n\t\t\t\t\t\t\t\t\t<p data-pm-slice=\"1 1 []\">Skishopno<\/p><p>24 Vestmovegen Trysil Innlandet NO 2420<\/p><p>Info@skishop.no<\/p><p><blockquote class=\"wp-embedded-content\" data-secret=\"imbWwW1TRB\"><a href=\"https:\/\/skishop.no\/es\/privacidad\/\">Pol\u00edtica de privacidad<\/a><\/blockquote><iframe loading=\"lazy\" class=\"wp-embedded-content\" sandbox=\"allow-scripts\" security=\"restricted\" style=\"position: absolute; visibility: hidden;\" title=\"\u00abPol\u00edtica de privacidad\u00bb - Trysil Skishop\" src=\"https:\/\/skishop.no\/personvern\/embed\/#?secret=7vV17KifiX#?secret=imbWwW1TRB\" data-secret=\"imbWwW1TRB\" width=\"500\" height=\"282\" frameborder=\"0\" marginwidth=\"0\" marginheight=\"0\" scrolling=\"no\"><\/iframe><\/p><h1>T\u00e9rminos y condiciones de mensajer\u00eda<\/h1><p>Skishopno | 24 Vestmovegen Trysil Innlandet NO 2420<\/p><h2>General<\/h2><p>Cuando se inscriba en el servicio, le enviaremos un mensaje para confirmar su inscripci\u00f3n.<\/p><p>Al optar por recibir mensajes, usted acepta recibir mensajes de texto automatizados recurrentes de marketing e informativos de Skishopno. Los mensajes automatizados pueden ser enviados utilizando un sistema de marcaci\u00f3n telef\u00f3nica autom\u00e1tica al n\u00famero de tel\u00e9fono m\u00f3vil que proporcion\u00f3 al registrarse o a cualquier otro n\u00famero que usted designe.<\/p><p>La frecuencia de los mensajes var\u00eda, y mensajes m\u00f3viles adicionales pueden ser enviados peri\u00f3dicamente en funci\u00f3n de su interacci\u00f3n con Skishopno. Skishopno se reserva el derecho de modificar la frecuencia de los mensajes enviados en cualquier momento para aumentar o disminuir el n\u00famero total de mensajes enviados. Skishopno tambi\u00e9n se reserva el derecho de cambiar el c\u00f3digo corto o n\u00famero de tel\u00e9fono o remitente alfanum\u00e9rico donde se env\u00edan los mensajes<\/p><p>Es posible que se apliquen sus tarifas habituales de mensajes y datos. Si tiene alguna duda sobre su plan de mensajes o de datos, lo mejor es que se ponga en contacto con su proveedor de telefon\u00eda m\u00f3vil. Su proveedor de telefon\u00eda m\u00f3vil no se hace responsable de los mensajes retrasados o no entregados.<\/p><p>Su consentimiento para recibir mensajes de marketing no es una condici\u00f3n de compra.<\/p><h2>Transportistas<\/h2><p>Los transportistas no son responsables de los mensajes retrasados o no entregados.<\/p><h2>Cancelaci\u00f3n<\/h2><p>Los mensajes le proporcionar\u00e1n instrucciones para darse de baja, ya sea enviando un mensaje de texto de STOP o a trav\u00e9s de un enlace incluido. Despu\u00e9s de darse de baja, le enviaremos un mensaje para confirmar que se ha dado de baja y no se le enviar\u00e1n m\u00e1s mensajes. Si desea recibir mensajes de Skishopno de nuevo, s\u00f3lo tiene que registrarse como lo hizo la primera vez y Skishopno comenzar\u00e1 a enviarle mensajes de nuevo.<\/p><h2>Informaci\u00f3n<\/h2><p>Para obtener asistencia en relaci\u00f3n con nuestros servicios, env\u00edenos un correo electr\u00f3nico a Info@skishop.no o, si dispone de soporte, env\u00ede un mensaje de texto con la palabra \u00bbHELP\u00bb a nuestros mensajes en cualquier momento y le responderemos con instrucciones sobre c\u00f3mo darse de baja. Si incluimos un enlace en los mensajes que le enviamos desde Skishopno, tambi\u00e9n podr\u00e1 acceder a las instrucciones sobre c\u00f3mo darse de baja y a la informaci\u00f3n de nuestra empresa siguiendo dicho enlace.<\/p><h2>Transferencia de n\u00famero<\/h2><p>Usted acepta que antes de cambiar de n\u00famero de m\u00f3vil o transferir su n\u00famero de m\u00f3vil a otra persona, responder\u00e1 \\ \u00bbSTOP\u00bb desde el n\u00famero original, se dar\u00e1 de baja utilizando el enlace incluido en nuestros mensajes (si se proporciona uno), o nos notificar\u00e1 su antiguo n\u00famero en Info@skishop.no. El deber de informarnos en funci\u00f3n de los hechos mencionados es una condici\u00f3n para utilizar este servicio de recepci\u00f3n de mensajes.<\/p><h2>Pol\u00edtica de privacidad<\/h2><p>Si tiene alguna pregunta sobre sus datos o nuestras pr\u00e1cticas de privacidad, visite nuestra p\u00e1gina https:\/\/skishop.no\/personvern\/.<\/p><h2>Cambios en las condiciones de mensajer\u00eda<\/h2><p>Nos reservamos el derecho a modificar o poner fin a nuestro programa de mensajer\u00eda en cualquier momento. Tambi\u00e9n nos reservamos el derecho de actualizar estas Condiciones de mensajer\u00eda en cualquier momento. Dichos cambios entrar\u00e1n en vigor inmediatamente despu\u00e9s de su publicaci\u00f3n. Si no est\u00e1 de acuerdo con un cambio de estas Condiciones de mensajer\u00eda, deber\u00e1 cancelar su inscripci\u00f3n en nuestro programa de mensajer\u00eda. Su inscripci\u00f3n continuada despu\u00e9s de dichos cambios constituir\u00e1 su aceptaci\u00f3n de los mismos.<\/p><p>\u00a0<\/p>\t\t\t\t\t\t\t\t<\/div>\n\t\t\t\t\t<\/div>\n\t\t\t\t<\/div>\n\t\t\t\t<\/div>","protected":false},"excerpt":{"rendered":"<p>Skishopno 24 Vestmovegen Trysil Innlandet NO 2420 Info@skishop.no Personvern Messaging Terms &amp; Conditions Skishopno | 24 Vestmovegen Trysil Innlandet NO 2420 General When you opt-in to the service, we will send you a message to confirm your signup. By opting into messages, you agree to receive recurring automated marketing and informational text messages from Skishopno. [&hellip;]<\/p>\n","protected":false},"author":1,"featured_media":0,"parent":1833,"menu_order":0,"comment_status":"closed","ping_status":"closed","template":"","meta":{"site-sidebar-layout":"no-sidebar","site-content-layout":"page-builder","ast-site-content-layout":"full-width-container","site-content-style":"default","site-sidebar-style":"default","ast-global-header-display":"","ast-banner-title-visibility":"","ast-main-header-display":"","ast-hfb-above-header-display":"","ast-hfb-below-header-display":"","ast-hfb-mobile-header-display":"","site-post-title":"","ast-breadcrumbs-content":"","ast-featured-img":"disabled","footer-sml-layout":"","ast-disable-related-posts":"","theme-transparent-header-meta":"","adv-header-id-meta":"","stick-header-meta":"","header-above-stick-meta":"","header-main-stick-meta":"","header-below-stick-meta":"","astra-migrate-meta-layouts":"set","ast-page-background-enabled":"default","ast-page-background-meta":{"desktop":{"background-color":"var(--ast-global-color-4)","background-image":"","background-repeat":"repeat","background-position":"center center","background-size":"auto","background-attachment":"scroll","background-type":"","background-media":"","overlay-type":"","overlay-color":"","overlay-opacity":"","overlay-gradient":""},"tablet":{"background-color":"","background-image":"","background-repeat":"repeat","background-position":"center center","background-size":"auto","background-attachment":"scroll","background-type":"","background-media":"","overlay-type":"","overlay-color":"","overlay-opacity":"","overlay-gradient":""},"mobile":{"background-color":"","background-image":"","background-repeat":"repeat","background-position":"center center","background-size":"auto","background-attachment":"scroll","background-type":"","background-media":"","overlay-type":"","overlay-color":"","overlay-opacity":"","overlay-gradient":""}},"ast-content-background-meta":{"desktop":{"background-color":"var(--ast-global-color-5)","background-image":"","background-repeat":"repeat","background-position":"center center","background-size":"auto","background-attachment":"scroll","background-type":"","background-media":"","overlay-type":"","overlay-color":"","overlay-opacity":"","overlay-gradient":""},"tablet":{"background-color":"var(--ast-global-color-5)","background-image":"","background-repeat":"repeat","background-position":"center center","background-size":"auto","background-attachment":"scroll","background-type":"","background-media":"","overlay-type":"","overlay-color":"","overlay-opacity":"","overlay-gradient":""},"mobile":{"background-color":"var(--ast-global-color-5)","background-image":"","background-repeat":"repeat","background-position":"center center","background-size":"auto","background-attachment":"scroll","background-type":"","background-media":"","overlay-type":"","overlay-color":"","overlay-opacity":"","overlay-gradient":""}},"footnotes":""},"class_list":["post-4871","page","type-page","status-publish","hentry"],"yoast_head":"<!-- This site is optimized with the Yoast SEO Premium plugin v27.2 (Yoast SEO v27.5) - https:\/\/yoast.com\/product\/yoast-seo-premium-wordpress\/ -->\n<title>Messaging Terms for SMS. - Trysil Skishop<\/title>\n<meta name=\"description\" content=\"Trysil Skishop -\" \/>\n<meta name=\"robots\" content=\"index, follow, max-snippet:-1, max-image-preview:large, max-video-preview:-1\" \/>\n<link rel=\"canonical\" href=\"https:\/\/skishop.no\/es\/privacidad\/terminos-de-mensajeria-para-sms\/\" \/>\n<meta property=\"og:locale\" content=\"es_ES\" \/>\n<meta property=\"og:type\" content=\"article\" \/>\n<meta property=\"og:title\" content=\"Messaging Terms for SMS.\" \/>\n<meta property=\"og:description\" content=\"Trysil Skishop -\" \/>\n<meta property=\"og:url\" content=\"https:\/\/skishop.no\/es\/privacidad\/terminos-de-mensajeria-para-sms\/\" \/>\n<meta property=\"og:site_name\" content=\"Trysil Skishop\" \/>\n<meta property=\"article:publisher\" content=\"https:\/\/www.facebook.com\/TrysilSkishop\/\" \/>\n<meta property=\"article:modified_time\" content=\"2026-03-13T17:53:43+00:00\" \/>\n<meta property=\"og:image\" content=\"https:\/\/skishop.no\/wp-content\/uploads\/2025\/09\/Skishop-e1773158831889.jpg\" \/>\n\t<meta property=\"og:image:width\" content=\"964\" \/>\n\t<meta property=\"og:image:height\" content=\"643\" \/>\n\t<meta property=\"og:image:type\" content=\"image\/webp\" \/>\n<meta name=\"twitter:card\" content=\"summary_large_image\" \/>\n<meta name=\"twitter:label1\" content=\"Tiempo de lectura\" \/>\n\t<meta name=\"twitter:data1\" content=\"3 minutos\" \/>\n<script type=\"application\/ld+json\" class=\"yoast-schema-graph\">{\"@context\":\"https:\\\/\\\/schema.org\",\"@graph\":[{\"@type\":\"Article\",\"@id\":\"https:\\\/\\\/skishop.no\\\/personvern\\\/messaging-terms-for-sms\\\/#article\",\"isPartOf\":{\"@id\":\"https:\\\/\\\/skishop.no\\\/personvern\\\/messaging-terms-for-sms\\\/\"},\"author\":{\"name\":\"\",\"@id\":\"https:\\\/\\\/skishop.no\\\/#\\\/schema\\\/person\\\/e1116c92488e263d9a1324f1bd5d2dcb\"},\"headline\":\"Messaging Terms for SMS.\",\"datePublished\":\"2026-03-13T17:50:04+00:00\",\"dateModified\":\"2026-03-13T17:53:43+00:00\",\"mainEntityOfPage\":{\"@id\":\"https:\\\/\\\/skishop.no\\\/personvern\\\/messaging-terms-for-sms\\\/\"},\"wordCount\":501,\"publisher\":{\"@id\":\"https:\\\/\\\/skishop.no\\\/#organization\"},\"inLanguage\":\"es\"},{\"@type\":\"WebPage\",\"@id\":\"https:\\\/\\\/skishop.no\\\/personvern\\\/messaging-terms-for-sms\\\/\",\"url\":\"https:\\\/\\\/skishop.no\\\/personvern\\\/messaging-terms-for-sms\\\/\",\"name\":\"Messaging Terms for SMS. - Trysil Skishop\",\"isPartOf\":{\"@id\":\"https:\\\/\\\/skishop.no\\\/#website\"},\"datePublished\":\"2026-03-13T17:50:04+00:00\",\"dateModified\":\"2026-03-13T17:53:43+00:00\",\"description\":\"Trysil Skishop -\",\"breadcrumb\":{\"@id\":\"https:\\\/\\\/skishop.no\\\/personvern\\\/messaging-terms-for-sms\\\/#breadcrumb\"},\"inLanguage\":\"es\",\"potentialAction\":[{\"@type\":\"ReadAction\",\"target\":[\"https:\\\/\\\/skishop.no\\\/personvern\\\/messaging-terms-for-sms\\\/\"]}]},{\"@type\":\"BreadcrumbList\",\"@id\":\"https:\\\/\\\/skishop.no\\\/personvern\\\/messaging-terms-for-sms\\\/#breadcrumb\",\"itemListElement\":[{\"@type\":\"ListItem\",\"position\":1,\"name\":\"Hjem\",\"item\":\"https:\\\/\\\/skishop.no\\\/\"},{\"@type\":\"ListItem\",\"position\":2,\"name\":\"Personvern\",\"item\":\"https:\\\/\\\/skishop.no\\\/da\\\/privatlivets-fred\\\/\"},{\"@type\":\"ListItem\",\"position\":3,\"name\":\"Messaging Terms for SMS.\"}]},{\"@type\":\"WebSite\",\"@id\":\"https:\\\/\\\/skishop.no\\\/#website\",\"url\":\"https:\\\/\\\/skishop.no\\\/\",\"name\":\"Trysil Skishop\",\"description\":\"Trysils billigste skiutleie\",\"publisher\":{\"@id\":\"https:\\\/\\\/skishop.no\\\/#organization\"},\"alternateName\":\"Trysil ski leie\",\"potentialAction\":[{\"@type\":\"SearchAction\",\"target\":{\"@type\":\"EntryPoint\",\"urlTemplate\":\"https:\\\/\\\/skishop.no\\\/?s={search_term_string}\"},\"query-input\":{\"@type\":\"PropertyValueSpecification\",\"valueRequired\":true,\"valueName\":\"search_term_string\"}}],\"inLanguage\":\"es\"},{\"@type\":\"Organization\",\"@id\":\"https:\\\/\\\/skishop.no\\\/#organization\",\"name\":\"Trysil Skishop\",\"alternateName\":\"Trysil Skishop AS\",\"url\":\"https:\\\/\\\/skishop.no\\\/\",\"logo\":{\"@type\":\"ImageObject\",\"inLanguage\":\"es\",\"@id\":\"https:\\\/\\\/skishop.no\\\/#\\\/schema\\\/logo\\\/image\\\/\",\"url\":\"https:\\\/\\\/skishop.no\\\/wp-content\\\/uploads\\\/2025\\\/09\\\/Site-icon-1.webp\",\"contentUrl\":\"https:\\\/\\\/skishop.no\\\/wp-content\\\/uploads\\\/2025\\\/09\\\/Site-icon-1.webp\",\"width\":468,\"height\":389,\"caption\":\"Trysil Skishop\"},\"image\":{\"@id\":\"https:\\\/\\\/skishop.no\\\/#\\\/schema\\\/logo\\\/image\\\/\"},\"sameAs\":[\"https:\\\/\\\/www.facebook.com\\\/TrysilSkishop\\\/\",\"https:\\\/\\\/www.instagram.com\\\/skishop.no\"],\"description\":\"Trysil Skishop er Trysilfjellets rimeligste ski- og sykkelutleie, som tilbyr utleie av ski- og sykkelutstyr av h\u00f8y kvalitet til lave priser. De holder til p\u00e5 Trysil Shellsenter, ca. 2 km f\u00f8r Trysil Turistsenter, med enkel parkering rett utenfor. Skishop tilbyr ogs\u00e5 skiutstyrservice \u00e5ret rundt, hvor de forbereder ski til vintersesongen med profesjonell slipemaskin og erfarne teknikere. Stedet gir rask og effektiv service slik at kunder raskt kan komme seg ut i bakken eller p\u00e5 tur. Om sommeren kan man leie sykler av h\u00f8y kvalitet hos dem, og de har ogs\u00e5 en sportsbutikk med n\u00f8dvendig utstyr for ski- og sykkelturer. Trysil Skishop har ogs\u00e5 samarbeidspartnere som gir rabatter til deres gjester. De er kjent for \u00e5 kombinere lave priser med like h\u00f8y standard p\u00e5 utstyret som andre utleiesteder i omr\u00e5det.\",\"email\":\"Info@skishop.no\",\"telephone\":\"+4791929291\",\"legalName\":\"Trysil Skishop AS\",\"foundingDate\":\"1999-01-01\",\"vatID\":\"981 443 489\",\"numberOfEmployees\":{\"@type\":\"QuantitativeValue\",\"minValue\":\"11\",\"maxValue\":\"50\"},\"publishingPrinciples\":\"https:\\\/\\\/skishop.no\\\/ofte-stile-sporsmal\\\/\"},{\"@type\":\"Person\",\"@id\":\"https:\\\/\\\/skishop.no\\\/#\\\/schema\\\/person\\\/e1116c92488e263d9a1324f1bd5d2dcb\",\"name\":\"\",\"sameAs\":[\"https:\\\/\\\/skishop.no\"],\"url\":\"https:\\\/\\\/skishop.no\\\/es\\\/author\\\/infoskishop-no\\\/\"}]}<\/script>\n<!-- \/ Yoast SEO Premium plugin. -->","yoast_head_json":{"title":"T\u00e9rminos de mensajer\u00eda para SMS. - Trysil Skishop","description":"Trysil Skishop -","robots":{"index":"index","follow":"follow","max-snippet":"max-snippet:-1","max-image-preview":"max-image-preview:large","max-video-preview":"max-video-preview:-1"},"canonical":"https:\/\/skishop.no\/es\/privacidad\/terminos-de-mensajeria-para-sms\/","og_locale":"es_ES","og_type":"article","og_title":"Messaging Terms for SMS.","og_description":"Trysil Skishop -","og_url":"https:\/\/skishop.no\/es\/privacidad\/terminos-de-mensajeria-para-sms\/","og_site_name":"Trysil Skishop","article_publisher":"https:\/\/www.facebook.com\/TrysilSkishop\/","article_modified_time":"2026-03-13T17:53:43+00:00","og_image":[{"width":964,"height":643,"url":"https:\/\/skishop.no\/wp-content\/uploads\/2025\/09\/Skishop-e1773158831889.jpg","type":"image\/webp"}],"twitter_card":"summary_large_image","twitter_misc":{"Tiempo de lectura":"3 minutos"},"schema":{"@context":"https:\/\/schema.org","@graph":[{"@type":"Article","@id":"https:\/\/skishop.no\/personvern\/messaging-terms-for-sms\/#article","isPartOf":{"@id":"https:\/\/skishop.no\/personvern\/messaging-terms-for-sms\/"},"author":{"name":"","@id":"https:\/\/skishop.no\/#\/schema\/person\/e1116c92488e263d9a1324f1bd5d2dcb"},"headline":"Messaging Terms for SMS.","datePublished":"2026-03-13T17:50:04+00:00","dateModified":"2026-03-13T17:53:43+00:00","mainEntityOfPage":{"@id":"https:\/\/skishop.no\/personvern\/messaging-terms-for-sms\/"},"wordCount":501,"publisher":{"@id":"https:\/\/skishop.no\/#organization"},"inLanguage":"es"},{"@type":"WebPage","@id":"https:\/\/skishop.no\/personvern\/messaging-terms-for-sms\/","url":"https:\/\/skishop.no\/personvern\/messaging-terms-for-sms\/","name":"T\u00e9rminos de mensajer\u00eda para SMS. - Trysil Skishop","isPartOf":{"@id":"https:\/\/skishop.no\/#website"},"datePublished":"2026-03-13T17:50:04+00:00","dateModified":"2026-03-13T17:53:43+00:00","description":"Trysil Skishop -","breadcrumb":{"@id":"https:\/\/skishop.no\/personvern\/messaging-terms-for-sms\/#breadcrumb"},"inLanguage":"es","potentialAction":[{"@type":"ReadAction","target":["https:\/\/skishop.no\/personvern\/messaging-terms-for-sms\/"]}]},{"@type":"BreadcrumbList","@id":"https:\/\/skishop.no\/personvern\/messaging-terms-for-sms\/#breadcrumb","itemListElement":[{"@type":"ListItem","position":1,"name":"Hjem","item":"https:\/\/skishop.no\/"},{"@type":"ListItem","position":2,"name":"Personvern","item":"https:\/\/skishop.no\/da\/privatlivets-fred\/"},{"@type":"ListItem","position":3,"name":"Messaging Terms for SMS."}]},{"@type":"WebSite","@id":"https:\/\/skishop.no\/#website","url":"https:\/\/skishop.no\/","name":"Trysil Skishop","description":"El alquiler de esqu\u00eds m\u00e1s barato de Trysil","publisher":{"@id":"https:\/\/skishop.no\/#organization"},"alternateName":"Trysil ski leie","potentialAction":[{"@type":"SearchAction","target":{"@type":"EntryPoint","urlTemplate":"https:\/\/skishop.no\/?s={search_term_string}"},"query-input":{"@type":"PropertyValueSpecification","valueRequired":true,"valueName":"search_term_string"}}],"inLanguage":"es"},{"@type":"Organization","@id":"https:\/\/skishop.no\/#organization","name":"Trysil Skishop","alternateName":"Trysil Skishop AS","url":"https:\/\/skishop.no\/","logo":{"@type":"ImageObject","inLanguage":"es","@id":"https:\/\/skishop.no\/#\/schema\/logo\/image\/","url":"https:\/\/skishop.no\/wp-content\/uploads\/2025\/09\/Site-icon-1.webp","contentUrl":"https:\/\/skishop.no\/wp-content\/uploads\/2025\/09\/Site-icon-1.webp","width":468,"height":389,"caption":"Trysil Skishop"},"image":{"@id":"https:\/\/skishop.no\/#\/schema\/logo\/image\/"},"sameAs":["https:\/\/www.facebook.com\/TrysilSkishop\/","https:\/\/www.instagram.com\/skishop.no"],"description":"Trysil Skishop es la empresa de alquiler de esqu\u00eds y bicicletas m\u00e1s asequible de Trysilfjellet, y ofrece alquiler de equipos de esqu\u00ed y bicicletas de alta calidad a precios bajos. Est\u00e1n situados en Trysil Shellsenter, unos 2 km antes de Trysil Turistsenter, con f\u00e1cil aparcamiento justo fuera. Skishop tambi\u00e9n ofrece un servicio de equipamiento de esqu\u00ed durante todo el a\u00f1o, donde preparan los esqu\u00eds para la temporada de invierno con una rectificadora profesional y t\u00e9cnicos experimentados. El lugar ofrece un servicio r\u00e1pido y eficaz para que los clientes puedan salir r\u00e1pidamente a las pistas o de excursi\u00f3n. En verano, puede alquilarles bicicletas de alta calidad, y tambi\u00e9n disponen de una tienda de deportes con el equipo necesario para viajes de esqu\u00ed y ciclismo. Trysil Skishop tambi\u00e9n cuenta con socios que ofrecen descuentos a sus hu\u00e9spedes. Son conocidos por combinar precios bajos con el mismo alto nivel de equipamiento que otros centros de alquiler de la zona.","email":"Info@skishop.no","telephone":"+4791929291","legalName":"Trysil Skishop AS","foundingDate":"1999-01-01","vatID":"981 443 489","numberOfEmployees":{"@type":"QuantitativeValue","minValue":"11","maxValue":"50"},"publishingPrinciples":"https:\/\/skishop.no\/ofte-stile-sporsmal\/"},{"@type":"Person","@id":"https:\/\/skishop.no\/#\/schema\/person\/e1116c92488e263d9a1324f1bd5d2dcb","name":"","sameAs":["https:\/\/skishop.no"],"url":"https:\/\/skishop.no\/es\/author\/infoskishop-no\/"}]}},"_links":{"self":[{"href":"https:\/\/skishop.no\/es\/wp-json\/wp\/v2\/pages\/4871","targetHints":{"allow":["GET"]}}],"collection":[{"href":"https:\/\/skishop.no\/es\/wp-json\/wp\/v2\/pages"}],"about":[{"href":"https:\/\/skishop.no\/es\/wp-json\/wp\/v2\/types\/page"}],"author":[{"embeddable":true,"href":"https:\/\/skishop.no\/es\/wp-json\/wp\/v2\/users\/1"}],"replies":[{"embeddable":true,"href":"https:\/\/skishop.no\/es\/wp-json\/wp\/v2\/comments?post=4871"}],"version-history":[{"count":5,"href":"https:\/\/skishop.no\/es\/wp-json\/wp\/v2\/pages\/4871\/revisions"}],"predecessor-version":[{"id":4878,"href":"https:\/\/skishop.no\/es\/wp-json\/wp\/v2\/pages\/4871\/revisions\/4878"}],"up":[{"embeddable":true,"href":"https:\/\/skishop.no\/es\/wp-json\/wp\/v2\/pages\/1833"}],"wp:attachment":[{"href":"https:\/\/skishop.no\/es\/wp-json\/wp\/v2\/media?parent=4871"}],"curies":[{"name":"wp","href":"https:\/\/api.w.org\/{rel}","templated":true}]}}