{"id":7617,"date":"2026-03-16T14:28:46","date_gmt":"2026-03-16T13:28:46","guid":{"rendered":"https:\/\/skishop.no\/?post_type=product&#038;p=7617"},"modified":"2026-05-06T17:45:16","modified_gmt":"2026-05-06T16:45:16","slug":"gabone-w-9917660835187441","status":"publish","type":"product","link":"https:\/\/skishop.no\/es\/producto\/gabone-w-9917660835187441\/","title":{"rendered":"Gabone-W"},"content":{"rendered":"<p>Kilpi Gabone-W skibukser for damer kombinerer sporty design med h\u00f8y ytelse p\u00e5 sn\u00f8en. Produsert i SIBERIUM CT 5.000 materiale med vanntetthet p\u00e5 5000 mm og \u00e5ndbarhet som holder deg t\u00f8rr og komfortabel under intensive aktiviteter. Forsterkede s\u00f8mmer og kritiske omr\u00e5der sikrer lang holdbarhet. Elastikk i livet med beltestropper gir justerbar passform, mens sn\u00f8fang i bena og vindstoppere hindrer sn\u00f8 og kulde fra \u00e5 trenge inn. To lomme med glidel\u00e5s for praktisk oppbevaring. Egnet for kvinner som driver med alpint, snowboard eller andre vintersport. Enkel vedlikehold: vask p\u00e5 30\u00b0C, unng\u00e5 t\u00f8rketrommel for \u00e5 bevare membranens egenskaper. Tilgjengelig i sort og andre farger, i st\u00f8rrelser som passer de fleste.[2][1][3]<\/p>\n","protected":false},"excerpt":{"rendered":"<p>Kilpi Gabone-W er sporty skibukser for damer med SIBERIUM CT 5.000 membran som gir god vanntetthet og \u00e5ndbarhet. Bukser med elastikk i livet og beltestropper for komfortabel passform, sn\u00f8fang i bena som holder kulde ute, og forsterket stoff i bunnen for holdbarhet. Perfekt til ski og vinteraktiviteter i kategorien bukser.[2][1]<\/p>\n","protected":false},"featured_media":9811,"template":"","meta":{"site-sidebar-layout":"default","site-content-layout":"","ast-site-content-layout":"default","site-content-style":"default","site-sidebar-style":"default","ast-global-header-display":"","ast-banner-title-visibility":"","ast-main-header-display":"","ast-hfb-above-header-display":"","ast-hfb-below-header-display":"","ast-hfb-mobile-header-display":"","site-post-title":"","ast-breadcrumbs-content":"","ast-featured-img":"","footer-sml-layout":"","ast-disable-related-posts":"","theme-transparent-header-meta":"","adv-header-id-meta":"","stick-header-meta":"","header-above-stick-meta":"","header-main-stick-meta":"","header-below-stick-meta":"","astra-migrate-meta-layouts":"default","ast-page-background-enabled":"default","ast-page-background-meta":{"desktop":{"background-color":"var(--ast-global-color-4)","background-image":"","background-repeat":"repeat","background-position":"center center","background-size":"auto","background-attachment":"scroll","background-type":"","background-media":"","overlay-type":"","overlay-color":"","overlay-opacity":"","overlay-gradient":""},"tablet":{"background-color":"","background-image":"","background-repeat":"repeat","background-position":"center center","background-size":"auto","background-attachment":"scroll","background-type":"","background-media":"","overlay-type":"","overlay-color":"","overlay-opacity":"","overlay-gradient":""},"mobile":{"background-color":"","background-image":"","background-repeat":"repeat","background-position":"center center","background-size":"auto","background-attachment":"scroll","background-type":"","background-media":"","overlay-type":"","overlay-color":"","overlay-opacity":"","overlay-gradient":""}},"ast-content-background-meta":{"desktop":{"background-color":"var(--ast-global-color-5)","background-image":"","background-repeat":"repeat","background-position":"center center","background-size":"auto","background-attachment":"scroll","background-type":"","background-media":"","overlay-type":"","overlay-color":"","overlay-opacity":"","overlay-gradient":""},"tablet":{"background-color":"var(--ast-global-color-5)","background-image":"","background-repeat":"repeat","background-position":"center center","background-size":"auto","background-attachment":"scroll","background-type":"","background-media":"","overlay-type":"","overlay-color":"","overlay-opacity":"","overlay-gradient":""},"mobile":{"background-color":"var(--ast-global-color-5)","background-image":"","background-repeat":"repeat","background-position":"center center","background-size":"auto","background-attachment":"scroll","background-type":"","background-media":"","overlay-type":"","overlay-color":"","overlay-opacity":"","overlay-gradient":""}}},"product_brand":[921],"product_cat":[144],"product_tag":[],"class_list":{"0":"post-7617","1":"product","2":"type-product","3":"status-publish","4":"has-post-thumbnail","6":"product_brand-kilpi","7":"product_cat-10002-bukser","8":"pa_8369-blk-36-2","9":"pa_8369-blk-38-2","10":"pa_8369-blk-40-2","11":"pa_8369-blk-42-2","12":"pa_8369-blk-44-2","13":"pa_8369-blk-46-2","14":"pa_variant-blk-36","15":"pa_variant-blk-38","16":"pa_variant-blk-40","17":"pa_variant-blk-42","18":"pa_variant-blk-44","19":"pa_variant-blk-46","20":"desktop-align-center","21":"tablet-align-left","22":"mobile-align-left","24":"first","25":"instock","26":"sale","27":"taxable","28":"shipping-taxable","29":"purchasable","30":"product-type-variable"},"yoast_head":"<!-- This site is optimized with the Yoast SEO Premium plugin v27.2 (Yoast SEO v27.6) - https:\/\/yoast.com\/product\/yoast-seo-premium-wordpress\/ -->\n<title>Gabone-W - Trysil Skishop<\/title>\n<meta name=\"description\" content=\"Gabone-W Trysil Skishop\" \/>\n<meta name=\"robots\" content=\"index, follow, max-snippet:-1, max-image-preview:large, max-video-preview:-1\" \/>\n<link rel=\"canonical\" href=\"https:\/\/skishop.no\/es\/producto\/gabone-w-9917660835187441\/\" \/>\n<meta property=\"og:locale\" content=\"es_ES\" \/>\n<meta property=\"og:type\" content=\"article\" \/>\n<meta property=\"og:title\" content=\"Gabone-W % - Trysil Skishop\" \/>\n<meta property=\"og:description\" content=\"-\" \/>\n<meta property=\"og:url\" content=\"https:\/\/skishop.no\/es\/producto\/gabone-w-9917660835187441\/\" \/>\n<meta property=\"og:site_name\" content=\"Trysil Skishop\" \/>\n<meta property=\"article:publisher\" content=\"https:\/\/www.facebook.com\/TrysilSkishop\/\" \/>\n<meta property=\"article:modified_time\" content=\"2026-05-06T16:45:16+00:00\" \/>\n<meta property=\"og:image\" content=\"https:\/\/skishop.no\/wp-content\/uploads\/2025\/09\/Skishop-e1773158831889.jpg\" \/>\n\t<meta property=\"og:image:width\" content=\"964\" \/>\n\t<meta property=\"og:image:height\" content=\"643\" \/>\n\t<meta property=\"og:image:type\" content=\"image\/webp\" \/>\n<meta name=\"twitter:card\" content=\"summary_large_image\" \/>\n<meta name=\"twitter:label1\" content=\"Est. reading time\" \/>\n\t<meta name=\"twitter:data1\" content=\"1 minuto\" \/>\n<script type=\"application\/ld+json\" class=\"yoast-schema-graph\">{\"@context\":\"https:\\\/\\\/schema.org\",\"@graph\":[{\"@type\":\"WebPage\",\"@id\":\"https:\\\/\\\/skishop.no\\\/produkt\\\/gabone-w-9917660835187441\\\/\",\"url\":\"https:\\\/\\\/skishop.no\\\/produkt\\\/gabone-w-9917660835187441\\\/\",\"name\":\"Gabone-W - Trysil Skishop\",\"isPartOf\":{\"@id\":\"https:\\\/\\\/skishop.no\\\/#website\"},\"primaryImageOfPage\":{\"@id\":\"https:\\\/\\\/skishop.no\\\/produkt\\\/gabone-w-9917660835187441\\\/#primaryimage\"},\"image\":{\"@id\":\"https:\\\/\\\/skishop.no\\\/produkt\\\/gabone-w-9917660835187441\\\/#primaryimage\"},\"thumbnailUrl\":\"https:\\\/\\\/skishop.no\\\/wp-content\\\/uploads\\\/2026\\\/03\\\/kilpi-gabone-skibukser-dame-sort-19827_230400_19827.webp\",\"datePublished\":\"2026-03-16T13:28:46+00:00\",\"dateModified\":\"2026-05-06T16:45:16+00:00\",\"description\":\"Gabone-W Trysil Skishop\",\"breadcrumb\":{\"@id\":\"https:\\\/\\\/skishop.no\\\/produkt\\\/gabone-w-9917660835187441\\\/#breadcrumb\"},\"inLanguage\":\"es\",\"potentialAction\":[{\"@type\":\"ReadAction\",\"target\":[\"https:\\\/\\\/skishop.no\\\/produkt\\\/gabone-w-9917660835187441\\\/\"]}]},{\"@type\":\"ImageObject\",\"inLanguage\":\"es\",\"@id\":\"https:\\\/\\\/skishop.no\\\/produkt\\\/gabone-w-9917660835187441\\\/#primaryimage\",\"url\":\"https:\\\/\\\/skishop.no\\\/wp-content\\\/uploads\\\/2026\\\/03\\\/kilpi-gabone-skibukser-dame-sort-19827_230400_19827.webp\",\"contentUrl\":\"https:\\\/\\\/skishop.no\\\/wp-content\\\/uploads\\\/2026\\\/03\\\/kilpi-gabone-skibukser-dame-sort-19827_230400_19827.webp\",\"width\":1500,\"height\":1500},{\"@type\":\"BreadcrumbList\",\"@id\":\"https:\\\/\\\/skishop.no\\\/produkt\\\/gabone-w-9917660835187441\\\/#breadcrumb\",\"itemListElement\":[{\"@type\":\"ListItem\",\"position\":1,\"name\":\"Hjem\",\"item\":\"https:\\\/\\\/skishop.no\\\/\"},{\"@type\":\"ListItem\",\"position\":2,\"name\":\"Butikk\",\"item\":\"https:\\\/\\\/skishop.no\\\/butikk\\\/\"},{\"@type\":\"ListItem\",\"position\":3,\"name\":\"Gabone-W\"}]},{\"@type\":\"WebSite\",\"@id\":\"https:\\\/\\\/skishop.no\\\/#website\",\"url\":\"https:\\\/\\\/skishop.no\\\/\",\"name\":\"Trysil Skishop\",\"description\":\"Trysils billigste skiutleie\",\"publisher\":{\"@id\":\"https:\\\/\\\/skishop.no\\\/#organization\"},\"alternateName\":\"Trysil ski leie\",\"potentialAction\":[{\"@type\":\"SearchAction\",\"target\":{\"@type\":\"EntryPoint\",\"urlTemplate\":\"https:\\\/\\\/skishop.no\\\/?s={search_term_string}\"},\"query-input\":{\"@type\":\"PropertyValueSpecification\",\"valueRequired\":true,\"valueName\":\"search_term_string\"}}],\"inLanguage\":\"es\"},{\"@type\":\"Organization\",\"@id\":\"https:\\\/\\\/skishop.no\\\/#organization\",\"name\":\"Trysil Skishop\",\"alternateName\":\"Trysil Skishop AS\",\"url\":\"https:\\\/\\\/skishop.no\\\/\",\"logo\":{\"@type\":\"ImageObject\",\"inLanguage\":\"es\",\"@id\":\"https:\\\/\\\/skishop.no\\\/#\\\/schema\\\/logo\\\/image\\\/\",\"url\":\"https:\\\/\\\/skishop.no\\\/wp-content\\\/uploads\\\/2025\\\/09\\\/Site-icon-1.webp\",\"contentUrl\":\"https:\\\/\\\/skishop.no\\\/wp-content\\\/uploads\\\/2025\\\/09\\\/Site-icon-1.webp\",\"width\":468,\"height\":389,\"caption\":\"Trysil Skishop\"},\"image\":{\"@id\":\"https:\\\/\\\/skishop.no\\\/#\\\/schema\\\/logo\\\/image\\\/\"},\"sameAs\":[\"https:\\\/\\\/www.facebook.com\\\/TrysilSkishop\\\/\",\"https:\\\/\\\/www.instagram.com\\\/skishop.no\"],\"description\":\"Trysil Skishop er Trysilfjellets rimeligste ski- og sykkelutleie, som tilbyr utleie av ski- og sykkelutstyr av h\u00f8y kvalitet til lave priser. De holder til p\u00e5 Trysil Shellsenter, ca. 2 km f\u00f8r Trysil Turistsenter, med enkel parkering rett utenfor. Skishop tilbyr ogs\u00e5 skiutstyrservice \u00e5ret rundt, hvor de forbereder ski til vintersesongen med profesjonell slipemaskin og erfarne teknikere. Stedet gir rask og effektiv service slik at kunder raskt kan komme seg ut i bakken eller p\u00e5 tur. Om sommeren kan man leie sykler av h\u00f8y kvalitet hos dem, og de har ogs\u00e5 en sportsbutikk med n\u00f8dvendig utstyr for ski- og sykkelturer. Trysil Skishop har ogs\u00e5 samarbeidspartnere som gir rabatter til deres gjester. De er kjent for \u00e5 kombinere lave priser med like h\u00f8y standard p\u00e5 utstyret som andre utleiesteder i omr\u00e5det.\",\"email\":\"Info@skishop.no\",\"telephone\":\"+4791929291\",\"legalName\":\"Trysil Skishop AS\",\"foundingDate\":\"1999-01-01\",\"vatID\":\"981 443 489\",\"numberOfEmployees\":{\"@type\":\"QuantitativeValue\",\"minValue\":\"11\",\"maxValue\":\"50\"},\"publishingPrinciples\":\"https:\\\/\\\/skishop.no\\\/ofte-stile-sporsmal\\\/\"}]}<\/script>\n<!-- \/ Yoast SEO Premium plugin. -->","yoast_head_json":{"title":"Gabone-W - Trysil Skishop","description":"Gabone-W Trysil Skishop","robots":{"index":"index","follow":"follow","max-snippet":"max-snippet:-1","max-image-preview":"max-image-preview:large","max-video-preview":"max-video-preview:-1"},"canonical":"https:\/\/skishop.no\/es\/producto\/gabone-w-9917660835187441\/","og_locale":"es_ES","og_type":"article","og_title":"Gabone-W % - Trysil Skishop","og_description":"-","og_url":"https:\/\/skishop.no\/es\/producto\/gabone-w-9917660835187441\/","og_site_name":"Trysil Skishop","article_publisher":"https:\/\/www.facebook.com\/TrysilSkishop\/","article_modified_time":"2026-05-06T16:45:16+00:00","og_image":[{"width":964,"height":643,"url":"https:\/\/skishop.no\/wp-content\/uploads\/2025\/09\/Skishop-e1773158831889.jpg","type":"image\/webp"}],"twitter_card":"summary_large_image","twitter_misc":{"Est. reading time":"1 minuto"},"schema":{"@context":"https:\/\/schema.org","@graph":[{"@type":"WebPage","@id":"https:\/\/skishop.no\/produkt\/gabone-w-9917660835187441\/","url":"https:\/\/skishop.no\/produkt\/gabone-w-9917660835187441\/","name":"Gabone-W - Trysil Skishop","isPartOf":{"@id":"https:\/\/skishop.no\/#website"},"primaryImageOfPage":{"@id":"https:\/\/skishop.no\/produkt\/gabone-w-9917660835187441\/#primaryimage"},"image":{"@id":"https:\/\/skishop.no\/produkt\/gabone-w-9917660835187441\/#primaryimage"},"thumbnailUrl":"https:\/\/skishop.no\/wp-content\/uploads\/2026\/03\/kilpi-gabone-skibukser-dame-sort-19827_230400_19827.webp","datePublished":"2026-03-16T13:28:46+00:00","dateModified":"2026-05-06T16:45:16+00:00","description":"Gabone-W Trysil Skishop","breadcrumb":{"@id":"https:\/\/skishop.no\/produkt\/gabone-w-9917660835187441\/#breadcrumb"},"inLanguage":"es","potentialAction":[{"@type":"ReadAction","target":["https:\/\/skishop.no\/produkt\/gabone-w-9917660835187441\/"]}]},{"@type":"ImageObject","inLanguage":"es","@id":"https:\/\/skishop.no\/produkt\/gabone-w-9917660835187441\/#primaryimage","url":"https:\/\/skishop.no\/wp-content\/uploads\/2026\/03\/kilpi-gabone-skibukser-dame-sort-19827_230400_19827.webp","contentUrl":"https:\/\/skishop.no\/wp-content\/uploads\/2026\/03\/kilpi-gabone-skibukser-dame-sort-19827_230400_19827.webp","width":1500,"height":1500},{"@type":"BreadcrumbList","@id":"https:\/\/skishop.no\/produkt\/gabone-w-9917660835187441\/#breadcrumb","itemListElement":[{"@type":"ListItem","position":1,"name":"Hjem","item":"https:\/\/skishop.no\/"},{"@type":"ListItem","position":2,"name":"Butikk","item":"https:\/\/skishop.no\/butikk\/"},{"@type":"ListItem","position":3,"name":"Gabone-W"}]},{"@type":"WebSite","@id":"https:\/\/skishop.no\/#website","url":"https:\/\/skishop.no\/","name":"Trysil Skishop","description":"El alquiler de esqu\u00eds m\u00e1s barato de Trysil","publisher":{"@id":"https:\/\/skishop.no\/#organization"},"alternateName":"Trysil ski leie","potentialAction":[{"@type":"SearchAction","target":{"@type":"EntryPoint","urlTemplate":"https:\/\/skishop.no\/?s={search_term_string}"},"query-input":{"@type":"PropertyValueSpecification","valueRequired":true,"valueName":"search_term_string"}}],"inLanguage":"es"},{"@type":"Organization","@id":"https:\/\/skishop.no\/#organization","name":"Trysil Skishop","alternateName":"Trysil Skishop AS","url":"https:\/\/skishop.no\/","logo":{"@type":"ImageObject","inLanguage":"es","@id":"https:\/\/skishop.no\/#\/schema\/logo\/image\/","url":"https:\/\/skishop.no\/wp-content\/uploads\/2025\/09\/Site-icon-1.webp","contentUrl":"https:\/\/skishop.no\/wp-content\/uploads\/2025\/09\/Site-icon-1.webp","width":468,"height":389,"caption":"Trysil Skishop"},"image":{"@id":"https:\/\/skishop.no\/#\/schema\/logo\/image\/"},"sameAs":["https:\/\/www.facebook.com\/TrysilSkishop\/","https:\/\/www.instagram.com\/skishop.no"],"description":"Trysil Skishop es la empresa de alquiler de esqu\u00eds y bicicletas m\u00e1s asequible de Trysilfjellet, y ofrece alquiler de equipos de esqu\u00ed y bicicletas de alta calidad a precios bajos. Est\u00e1n situados en Trysil Shellsenter, unos 2 km antes de Trysil Turistsenter, con f\u00e1cil aparcamiento justo fuera. Skishop tambi\u00e9n ofrece un servicio de equipamiento de esqu\u00ed durante todo el a\u00f1o, donde preparan los esqu\u00eds para la temporada de invierno con una rectificadora profesional y t\u00e9cnicos experimentados. El lugar ofrece un servicio r\u00e1pido y eficaz para que los clientes puedan salir r\u00e1pidamente a las pistas o de excursi\u00f3n. En verano, puede alquilarles bicicletas de alta calidad, y tambi\u00e9n disponen de una tienda de deportes con el equipo necesario para viajes de esqu\u00ed y ciclismo. Trysil Skishop tambi\u00e9n cuenta con socios que ofrecen descuentos a sus hu\u00e9spedes. Son conocidos por combinar precios bajos con el mismo alto nivel de equipamiento que otros centros de alquiler de la zona.","email":"Info@skishop.no","telephone":"+4791929291","legalName":"Trysil Skishop AS","foundingDate":"1999-01-01","vatID":"981 443 489","numberOfEmployees":{"@type":"QuantitativeValue","minValue":"11","maxValue":"50"},"publishingPrinciples":"https:\/\/skishop.no\/ofte-stile-sporsmal\/"}]}},"_links":{"self":[{"href":"https:\/\/skishop.no\/es\/wp-json\/wp\/v2\/product\/7617","targetHints":{"allow":["GET"]}}],"collection":[{"href":"https:\/\/skishop.no\/es\/wp-json\/wp\/v2\/product"}],"about":[{"href":"https:\/\/skishop.no\/es\/wp-json\/wp\/v2\/types\/product"}],"version-history":[{"count":2,"href":"https:\/\/skishop.no\/es\/wp-json\/wp\/v2\/product\/7617\/revisions"}],"predecessor-version":[{"id":9810,"href":"https:\/\/skishop.no\/es\/wp-json\/wp\/v2\/product\/7617\/revisions\/9810"}],"wp:featuredmedia":[{"embeddable":true,"href":"https:\/\/skishop.no\/es\/wp-json\/wp\/v2\/media\/9811"}],"wp:attachment":[{"href":"https:\/\/skishop.no\/es\/wp-json\/wp\/v2\/media?parent=7617"}],"wp:term":[{"taxonomy":"product_brand","embeddable":true,"href":"https:\/\/skishop.no\/es\/wp-json\/wp\/v2\/product_brand?post=7617"},{"taxonomy":"product_cat","embeddable":true,"href":"https:\/\/skishop.no\/es\/wp-json\/wp\/v2\/product_cat?post=7617"},{"taxonomy":"product_tag","embeddable":true,"href":"https:\/\/skishop.no\/es\/wp-json\/wp\/v2\/product_tag?post=7617"}],"curies":[{"name":"wp","href":"https:\/\/api.w.org\/{rel}","templated":true}]}}