{"id":7649,"date":"2026-03-16T14:30:53","date_gmt":"2026-03-16T13:30:53","guid":{"rendered":"https:\/\/skishop.no\/?post_type=product&#038;p=7649"},"modified":"2026-04-01T13:37:41","modified_gmt":"2026-04-01T12:37:41","slug":"ambit-ls-7616185086413","status":"publish","type":"product","link":"https:\/\/skishop.no\/es\/producto\/ambit-ls-7616185086413\/","title":{"rendered":"Ambit LS"},"content":{"rendered":"<p>Las Ambit LS de SCOTT son unas gafas de esqu\u00ed de alto rendimiento dise\u00f1adas para esquiadores con rostros medianos y grandes que exigen una claridad y un campo de visi\u00f3n superiores en todas las condiciones. La exclusiva lente de forma libre proporciona un amplio campo de visi\u00f3n para una visibilidad ininterrumpida en las pistas, mientras que la lente fotocrom\u00e1tica Amplifier Light Sensitive (AMP LS) se adapta autom\u00e1ticamente a los cambios de luz desde la categor\u00eda S2 (tiempo soleado) a S4 (poca luz), con protecci\u00f3n UV 100% y tecnolog\u00eda de mejora del contraste que resalta la textura de la nieve y los baches para una navegaci\u00f3n precisa. El tratamiento antivaho NoFog\u2122 evita el empa\u00f1amiento y la espuma facial moldeada de 3 capas NoSweat absorbe la humedad para una comodidad duradera. Las gafas tienen unas medidas de 173 mm de ancho y 93 mm de alto, correa recubierta de silicona para una compatibilidad segura con el casco y est\u00e1n certificadas seg\u00fan la norma EN ISO 18527-1:2022. Ideales para alpinistas que desean versatilidad sin cambios de lentes, centr\u00e1ndose en el rendimiento en condiciones clim\u00e1ticas variables. F\u00e1cil mantenimiento con un pa\u00f1o suave para lentes y limpiador de espuma cuando sea necesario.<\/p>","protected":false},"excerpt":{"rendered":"<p>Las Ambit LS de SCOTT son unas gafas de esqu\u00ed con una lente de forma libre que proporciona un campo de visi\u00f3n m\u00e1ximo y un ajuste perfecto para rostros medianos y grandes. La lente fotocrom\u00e1tica AMP LS se adapta autom\u00e1ticamente a las condiciones de luz de S2 a S4, con tecnolog\u00eda de mejora del contraste para una mejor percepci\u00f3n de la profundidad. El tratamiento antivaho NoFog\u2122 y la espuma de 3 capas NoSweat garantizan claridad y comodidad durante todo el d\u00eda en la monta\u00f1a.<\/p>","protected":false},"featured_media":0,"template":"","meta":{"site-sidebar-layout":"default","site-content-layout":"","ast-site-content-layout":"default","site-content-style":"default","site-sidebar-style":"default","ast-global-header-display":"","ast-banner-title-visibility":"","ast-main-header-display":"","ast-hfb-above-header-display":"","ast-hfb-below-header-display":"","ast-hfb-mobile-header-display":"","site-post-title":"","ast-breadcrumbs-content":"","ast-featured-img":"","footer-sml-layout":"","ast-disable-related-posts":"","theme-transparent-header-meta":"default","adv-header-id-meta":"","stick-header-meta":"","header-above-stick-meta":"","header-main-stick-meta":"","header-below-stick-meta":"","astra-migrate-meta-layouts":"set","ast-page-background-enabled":"default","ast-page-background-meta":{"desktop":{"background-color":"var(--ast-global-color-4)","background-image":"","background-repeat":"repeat","background-position":"center center","background-size":"auto","background-attachment":"scroll","background-type":"","background-media":"","overlay-type":"","overlay-color":"","overlay-opacity":"","overlay-gradient":""},"tablet":{"background-color":"","background-image":"","background-repeat":"repeat","background-position":"center center","background-size":"auto","background-attachment":"scroll","background-type":"","background-media":"","overlay-type":"","overlay-color":"","overlay-opacity":"","overlay-gradient":""},"mobile":{"background-color":"","background-image":"","background-repeat":"repeat","background-position":"center center","background-size":"auto","background-attachment":"scroll","background-type":"","background-media":"","overlay-type":"","overlay-color":"","overlay-opacity":"","overlay-gradient":""}},"ast-content-background-meta":{"desktop":{"background-color":"var(--ast-global-color-5)","background-image":"","background-repeat":"repeat","background-position":"center center","background-size":"auto","background-attachment":"scroll","background-type":"","background-media":"","overlay-type":"","overlay-color":"","overlay-opacity":"","overlay-gradient":""},"tablet":{"background-color":"var(--ast-global-color-5)","background-image":"","background-repeat":"repeat","background-position":"center center","background-size":"auto","background-attachment":"scroll","background-type":"","background-media":"","overlay-type":"","overlay-color":"","overlay-opacity":"","overlay-gradient":""},"mobile":{"background-color":"var(--ast-global-color-5)","background-image":"","background-repeat":"repeat","background-position":"center center","background-size":"auto","background-attachment":"scroll","background-type":"","background-media":"","overlay-type":"","overlay-color":"","overlay-opacity":"","overlay-gradient":""}}},"product_brand":[933],"product_cat":[109],"product_tag":[],"class_list":{"0":"post-7649","1":"product","2":"type-product","3":"status-publish","5":"product_brand-scott","6":"product_cat-10005-briller","7":"desktop-align-center","8":"tablet-align-left","9":"mobile-align-left","11":"first","12":"outofstock","13":"sale","14":"taxable","15":"shipping-taxable","16":"purchasable","17":"product-type-simple"},"yoast_head":"<!-- This site is optimized with the Yoast SEO Premium plugin v27.2 (Yoast SEO v27.6) - https:\/\/yoast.com\/product\/yoast-seo-premium-wordpress\/ -->\n<title>Ambit LS - Trysil Skishop<\/title>\n<meta name=\"description\" content=\"Ambit LS Trysil Skishop\" \/>\n<meta name=\"robots\" content=\"index, follow, max-snippet:-1, max-image-preview:large, max-video-preview:-1\" \/>\n<link rel=\"canonical\" href=\"https:\/\/skishop.no\/es\/producto\/ambit-ls-7616185086413\/\" \/>\n<meta property=\"og:locale\" content=\"es_ES\" \/>\n<meta property=\"og:type\" content=\"article\" \/>\n<meta property=\"og:title\" content=\"Ambit LS % - Trysil Skishop\" \/>\n<meta property=\"og:description\" content=\"-\" \/>\n<meta property=\"og:url\" content=\"https:\/\/skishop.no\/es\/producto\/ambit-ls-7616185086413\/\" \/>\n<meta property=\"og:site_name\" content=\"Trysil Skishop\" \/>\n<meta property=\"article:publisher\" content=\"https:\/\/www.facebook.com\/TrysilSkishop\/\" \/>\n<meta property=\"article:modified_time\" content=\"2026-04-01T12:37:41+00:00\" \/>\n<meta property=\"og:image\" content=\"https:\/\/skishop.no\/wp-content\/uploads\/2025\/09\/Skishop-e1773158831889.jpg\" \/>\n\t<meta property=\"og:image:width\" content=\"964\" \/>\n\t<meta property=\"og:image:height\" content=\"643\" \/>\n\t<meta property=\"og:image:type\" content=\"image\/webp\" \/>\n<meta name=\"twitter:card\" content=\"summary_large_image\" \/>\n<script type=\"application\/ld+json\" class=\"yoast-schema-graph\">{\"@context\":\"https:\\\/\\\/schema.org\",\"@graph\":[{\"@type\":\"WebPage\",\"@id\":\"https:\\\/\\\/skishop.no\\\/produkt\\\/ambit-ls-7616185086413\\\/\",\"url\":\"https:\\\/\\\/skishop.no\\\/produkt\\\/ambit-ls-7616185086413\\\/\",\"name\":\"Ambit LS - Trysil Skishop\",\"isPartOf\":{\"@id\":\"https:\\\/\\\/skishop.no\\\/#website\"},\"datePublished\":\"2026-03-16T13:30:53+00:00\",\"dateModified\":\"2026-04-01T12:37:41+00:00\",\"description\":\"Ambit LS Trysil Skishop\",\"breadcrumb\":{\"@id\":\"https:\\\/\\\/skishop.no\\\/produkt\\\/ambit-ls-7616185086413\\\/#breadcrumb\"},\"inLanguage\":\"es\",\"potentialAction\":[{\"@type\":\"ReadAction\",\"target\":[\"https:\\\/\\\/skishop.no\\\/produkt\\\/ambit-ls-7616185086413\\\/\"]}]},{\"@type\":\"BreadcrumbList\",\"@id\":\"https:\\\/\\\/skishop.no\\\/produkt\\\/ambit-ls-7616185086413\\\/#breadcrumb\",\"itemListElement\":[{\"@type\":\"ListItem\",\"position\":1,\"name\":\"Hjem\",\"item\":\"https:\\\/\\\/skishop.no\\\/\"},{\"@type\":\"ListItem\",\"position\":2,\"name\":\"Butikk\",\"item\":\"https:\\\/\\\/skishop.no\\\/butikk\\\/\"},{\"@type\":\"ListItem\",\"position\":3,\"name\":\"Ambit LS\"}]},{\"@type\":\"WebSite\",\"@id\":\"https:\\\/\\\/skishop.no\\\/#website\",\"url\":\"https:\\\/\\\/skishop.no\\\/\",\"name\":\"Trysil Skishop\",\"description\":\"Trysils billigste skiutleie\",\"publisher\":{\"@id\":\"https:\\\/\\\/skishop.no\\\/#organization\"},\"alternateName\":\"Trysil ski leie\",\"potentialAction\":[{\"@type\":\"SearchAction\",\"target\":{\"@type\":\"EntryPoint\",\"urlTemplate\":\"https:\\\/\\\/skishop.no\\\/?s={search_term_string}\"},\"query-input\":{\"@type\":\"PropertyValueSpecification\",\"valueRequired\":true,\"valueName\":\"search_term_string\"}}],\"inLanguage\":\"es\"},{\"@type\":\"Organization\",\"@id\":\"https:\\\/\\\/skishop.no\\\/#organization\",\"name\":\"Trysil Skishop\",\"alternateName\":\"Trysil Skishop AS\",\"url\":\"https:\\\/\\\/skishop.no\\\/\",\"logo\":{\"@type\":\"ImageObject\",\"inLanguage\":\"es\",\"@id\":\"https:\\\/\\\/skishop.no\\\/#\\\/schema\\\/logo\\\/image\\\/\",\"url\":\"https:\\\/\\\/skishop.no\\\/wp-content\\\/uploads\\\/2025\\\/09\\\/Site-icon-1.webp\",\"contentUrl\":\"https:\\\/\\\/skishop.no\\\/wp-content\\\/uploads\\\/2025\\\/09\\\/Site-icon-1.webp\",\"width\":468,\"height\":389,\"caption\":\"Trysil Skishop\"},\"image\":{\"@id\":\"https:\\\/\\\/skishop.no\\\/#\\\/schema\\\/logo\\\/image\\\/\"},\"sameAs\":[\"https:\\\/\\\/www.facebook.com\\\/TrysilSkishop\\\/\",\"https:\\\/\\\/www.instagram.com\\\/skishop.no\"],\"description\":\"Trysil Skishop er Trysilfjellets rimeligste ski- og sykkelutleie, som tilbyr utleie av ski- og sykkelutstyr av h\u00f8y kvalitet til lave priser. De holder til p\u00e5 Trysil Shellsenter, ca. 2 km f\u00f8r Trysil Turistsenter, med enkel parkering rett utenfor. Skishop tilbyr ogs\u00e5 skiutstyrservice \u00e5ret rundt, hvor de forbereder ski til vintersesongen med profesjonell slipemaskin og erfarne teknikere. Stedet gir rask og effektiv service slik at kunder raskt kan komme seg ut i bakken eller p\u00e5 tur. Om sommeren kan man leie sykler av h\u00f8y kvalitet hos dem, og de har ogs\u00e5 en sportsbutikk med n\u00f8dvendig utstyr for ski- og sykkelturer. Trysil Skishop har ogs\u00e5 samarbeidspartnere som gir rabatter til deres gjester. De er kjent for \u00e5 kombinere lave priser med like h\u00f8y standard p\u00e5 utstyret som andre utleiesteder i omr\u00e5det.\",\"email\":\"Info@skishop.no\",\"telephone\":\"+4791929291\",\"legalName\":\"Trysil Skishop AS\",\"foundingDate\":\"1999-01-01\",\"vatID\":\"981 443 489\",\"numberOfEmployees\":{\"@type\":\"QuantitativeValue\",\"minValue\":\"11\",\"maxValue\":\"50\"},\"publishingPrinciples\":\"https:\\\/\\\/skishop.no\\\/ofte-stile-sporsmal\\\/\"}]}<\/script>\n<!-- \/ Yoast SEO Premium plugin. -->","yoast_head_json":{"title":"Ambit LS - Trysil Skishop","description":"Tienda de esqu\u00ed Ambit LS Trysil","robots":{"index":"index","follow":"follow","max-snippet":"max-snippet:-1","max-image-preview":"max-image-preview:large","max-video-preview":"max-video-preview:-1"},"canonical":"https:\/\/skishop.no\/es\/producto\/ambit-ls-7616185086413\/","og_locale":"es_ES","og_type":"article","og_title":"Ambit LS % - Trysil Skishop","og_description":"-","og_url":"https:\/\/skishop.no\/es\/producto\/ambit-ls-7616185086413\/","og_site_name":"Trysil Skishop","article_publisher":"https:\/\/www.facebook.com\/TrysilSkishop\/","article_modified_time":"2026-04-01T12:37:41+00:00","og_image":[{"width":964,"height":643,"url":"https:\/\/skishop.no\/wp-content\/uploads\/2025\/09\/Skishop-e1773158831889.jpg","type":"image\/webp"}],"twitter_card":"summary_large_image","schema":{"@context":"https:\/\/schema.org","@graph":[{"@type":"WebPage","@id":"https:\/\/skishop.no\/produkt\/ambit-ls-7616185086413\/","url":"https:\/\/skishop.no\/produkt\/ambit-ls-7616185086413\/","name":"Ambit LS - Trysil Skishop","isPartOf":{"@id":"https:\/\/skishop.no\/#website"},"datePublished":"2026-03-16T13:30:53+00:00","dateModified":"2026-04-01T12:37:41+00:00","description":"Tienda de esqu\u00ed Ambit LS Trysil","breadcrumb":{"@id":"https:\/\/skishop.no\/produkt\/ambit-ls-7616185086413\/#breadcrumb"},"inLanguage":"es","potentialAction":[{"@type":"ReadAction","target":["https:\/\/skishop.no\/produkt\/ambit-ls-7616185086413\/"]}]},{"@type":"BreadcrumbList","@id":"https:\/\/skishop.no\/produkt\/ambit-ls-7616185086413\/#breadcrumb","itemListElement":[{"@type":"ListItem","position":1,"name":"Hjem","item":"https:\/\/skishop.no\/"},{"@type":"ListItem","position":2,"name":"Butikk","item":"https:\/\/skishop.no\/butikk\/"},{"@type":"ListItem","position":3,"name":"Ambit LS"}]},{"@type":"WebSite","@id":"https:\/\/skishop.no\/#website","url":"https:\/\/skishop.no\/","name":"Trysil Skishop","description":"El alquiler de esqu\u00eds m\u00e1s barato de Trysil","publisher":{"@id":"https:\/\/skishop.no\/#organization"},"alternateName":"Trysil ski leie","potentialAction":[{"@type":"SearchAction","target":{"@type":"EntryPoint","urlTemplate":"https:\/\/skishop.no\/?s={search_term_string}"},"query-input":{"@type":"PropertyValueSpecification","valueRequired":true,"valueName":"search_term_string"}}],"inLanguage":"es"},{"@type":"Organization","@id":"https:\/\/skishop.no\/#organization","name":"Trysil Skishop","alternateName":"Trysil Skishop AS","url":"https:\/\/skishop.no\/","logo":{"@type":"ImageObject","inLanguage":"es","@id":"https:\/\/skishop.no\/#\/schema\/logo\/image\/","url":"https:\/\/skishop.no\/wp-content\/uploads\/2025\/09\/Site-icon-1.webp","contentUrl":"https:\/\/skishop.no\/wp-content\/uploads\/2025\/09\/Site-icon-1.webp","width":468,"height":389,"caption":"Trysil Skishop"},"image":{"@id":"https:\/\/skishop.no\/#\/schema\/logo\/image\/"},"sameAs":["https:\/\/www.facebook.com\/TrysilSkishop\/","https:\/\/www.instagram.com\/skishop.no"],"description":"Trysil Skishop es la empresa de alquiler de esqu\u00eds y bicicletas m\u00e1s asequible de Trysilfjellet, y ofrece alquiler de equipos de esqu\u00ed y bicicletas de alta calidad a precios bajos. Est\u00e1n situados en Trysil Shellsenter, unos 2 km antes de Trysil Turistsenter, con f\u00e1cil aparcamiento justo fuera. Skishop tambi\u00e9n ofrece un servicio de equipamiento de esqu\u00ed durante todo el a\u00f1o, donde preparan los esqu\u00eds para la temporada de invierno con una rectificadora profesional y t\u00e9cnicos experimentados. El lugar ofrece un servicio r\u00e1pido y eficaz para que los clientes puedan salir r\u00e1pidamente a las pistas o de excursi\u00f3n. En verano, puede alquilarles bicicletas de alta calidad, y tambi\u00e9n disponen de una tienda de deportes con el equipo necesario para viajes de esqu\u00ed y ciclismo. Trysil Skishop tambi\u00e9n cuenta con socios que ofrecen descuentos a sus hu\u00e9spedes. Son conocidos por combinar precios bajos con el mismo alto nivel de equipamiento que otros centros de alquiler de la zona.","email":"Info@skishop.no","telephone":"+4791929291","legalName":"Trysil Skishop AS","foundingDate":"1999-01-01","vatID":"981 443 489","numberOfEmployees":{"@type":"QuantitativeValue","minValue":"11","maxValue":"50"},"publishingPrinciples":"https:\/\/skishop.no\/ofte-stile-sporsmal\/"}]}},"_links":{"self":[{"href":"https:\/\/skishop.no\/es\/wp-json\/wp\/v2\/product\/7649","targetHints":{"allow":["GET"]}}],"collection":[{"href":"https:\/\/skishop.no\/es\/wp-json\/wp\/v2\/product"}],"about":[{"href":"https:\/\/skishop.no\/es\/wp-json\/wp\/v2\/types\/product"}],"version-history":[{"count":5,"href":"https:\/\/skishop.no\/es\/wp-json\/wp\/v2\/product\/7649\/revisions"}],"predecessor-version":[{"id":9316,"href":"https:\/\/skishop.no\/es\/wp-json\/wp\/v2\/product\/7649\/revisions\/9316"}],"wp:attachment":[{"href":"https:\/\/skishop.no\/es\/wp-json\/wp\/v2\/media?parent=7649"}],"wp:term":[{"taxonomy":"product_brand","embeddable":true,"href":"https:\/\/skishop.no\/es\/wp-json\/wp\/v2\/product_brand?post=7649"},{"taxonomy":"product_cat","embeddable":true,"href":"https:\/\/skishop.no\/es\/wp-json\/wp\/v2\/product_cat?post=7649"},{"taxonomy":"product_tag","embeddable":true,"href":"https:\/\/skishop.no\/es\/wp-json\/wp\/v2\/product_tag?post=7649"}],"curies":[{"name":"wp","href":"https:\/\/api.w.org\/{rel}","templated":true}]}}