{"id":7740,"date":"2026-03-16T14:38:44","date_gmt":"2026-03-16T13:38:44","guid":{"rendered":"https:\/\/skishop.no\/?post_type=product&#038;p=7740"},"modified":"2026-03-29T15:47:02","modified_gmt":"2026-03-29T14:47:02","slug":"ryft-mips-64385228019543","status":"publish","type":"product","link":"https:\/\/skishop.no\/es\/producto\/elevador-mips-64385228019543\/","title":{"rendered":"Volver Mips"},"content":{"rendered":"<p>Boll\u00e9 Ryft MIPS representerer neste generasjon skihjelmer med banebrytende Active Panel Ventilation, et patentert system som \u00e5pner store vents over hele fronten for maksimal luftstr\u00f8m \u2013 den mest ventilert hjelm Boll\u00e9 noensinne har designet. Dette oppn\u00e5s uten \u00e5 ofre sikkerhet, og hjelmene oppfyller strengeste EN1077B-standarder. MIPS\u00ae-teknologi reduserer rotasjonskrefter ved skr\u00e5st\u00f8t, kombinert med AViD progressiv EPS for effektiv st\u00f8tdemping, lavere vekt og bedre ventilasjon. BOA\u00ae Fit System gir presis, 360\u00b0 justering for individuell passform, mens Fidlock\u00ae magnetbuckle lar deg feste hjelmen med \u00e9n h\u00e5nd. FlowTech Brim Vents og Air Extractor evakuerer varm luft fra brillene effektivt. Hybridskall i PC\/ABS, avtagbart og vaskbart NANOGYENE-f\u00f4r med antimikrobielle egenskaper, 3D-\u00f8ref\u00f4r og justerbar brilleclip \u00f8ker komforten. Vekt ca. 495 g. Ideell for frikj\u00f8rere og alpinister som krever topp ventilasjon, sikkerhet og stil. Enkel vedlikehold med avtagbare deler. Tilgjengelig i flere farger og st\u00f8rrelser.[1][6][8]<\/p>\n","protected":false},"excerpt":{"rendered":"<p>Boll\u00e9 Ryft MIPS er en revolusjonerende skihjelm med patentert Active Panel Ventilation som gir enest\u00e5ende luftstr\u00f8m uten \u00e5 kompromisse p\u00e5 sikkerhet. Utstyrt med MIPS\u00ae for beskyttelse mot rotasjonskrefter, BOA\u00ae justeringssystem for perfekt passform og Fidlock\u00ae magnetl\u00e5s for enkel bruk. Hybridskall i PC\/ABS, AViD progressiv EPS og FlowTech-vents sikrer optimal ventilasjon, lav vekt og h\u00f8y ytelse p\u00e5 fjellet.[1][6][8]<\/p>\n","protected":false},"featured_media":8865,"template":"","meta":{"site-sidebar-layout":"default","site-content-layout":"","ast-site-content-layout":"default","site-content-style":"default","site-sidebar-style":"default","ast-global-header-display":"","ast-banner-title-visibility":"","ast-main-header-display":"","ast-hfb-above-header-display":"","ast-hfb-below-header-display":"","ast-hfb-mobile-header-display":"","site-post-title":"","ast-breadcrumbs-content":"","ast-featured-img":"","footer-sml-layout":"","ast-disable-related-posts":"","theme-transparent-header-meta":"default","adv-header-id-meta":"","stick-header-meta":"","header-above-stick-meta":"","header-main-stick-meta":"","header-below-stick-meta":"","astra-migrate-meta-layouts":"set","ast-page-background-enabled":"default","ast-page-background-meta":{"desktop":{"background-color":"var(--ast-global-color-4)","background-image":"","background-repeat":"repeat","background-position":"center center","background-size":"auto","background-attachment":"scroll","background-type":"","background-media":"","overlay-type":"","overlay-color":"","overlay-opacity":"","overlay-gradient":""},"tablet":{"background-color":"","background-image":"","background-repeat":"repeat","background-position":"center center","background-size":"auto","background-attachment":"scroll","background-type":"","background-media":"","overlay-type":"","overlay-color":"","overlay-opacity":"","overlay-gradient":""},"mobile":{"background-color":"","background-image":"","background-repeat":"repeat","background-position":"center center","background-size":"auto","background-attachment":"scroll","background-type":"","background-media":"","overlay-type":"","overlay-color":"","overlay-opacity":"","overlay-gradient":""}},"ast-content-background-meta":{"desktop":{"background-color":"var(--ast-global-color-5)","background-image":"","background-repeat":"repeat","background-position":"center center","background-size":"auto","background-attachment":"scroll","background-type":"","background-media":"","overlay-type":"","overlay-color":"","overlay-opacity":"","overlay-gradient":""},"tablet":{"background-color":"var(--ast-global-color-5)","background-image":"","background-repeat":"repeat","background-position":"center center","background-size":"auto","background-attachment":"scroll","background-type":"","background-media":"","overlay-type":"","overlay-color":"","overlay-opacity":"","overlay-gradient":""},"mobile":{"background-color":"var(--ast-global-color-5)","background-image":"","background-repeat":"repeat","background-position":"center center","background-size":"auto","background-attachment":"scroll","background-type":"","background-media":"","overlay-type":"","overlay-color":"","overlay-opacity":"","overlay-gradient":""}}},"product_brand":[911],"product_cat":[220],"product_tag":[],"class_list":{"0":"post-7740","1":"product","2":"type-product","3":"status-publish","4":"has-post-thumbnail","6":"product_brand-bolle","7":"product_cat-10004-hjelm","8":"pa_8369-l-59-62","9":"pa_8369-m-55-59","10":"pa_variant-l-59-62","11":"pa_variant-m-55-59","12":"desktop-align-center","13":"tablet-align-left","14":"mobile-align-left","16":"first","17":"instock","18":"sale","19":"taxable","20":"shipping-taxable","21":"purchasable","22":"product-type-variable"},"yoast_head":"<!-- This site is optimized with the Yoast SEO Premium plugin v27.2 (Yoast SEO v27.6) - https:\/\/yoast.com\/product\/yoast-seo-premium-wordpress\/ -->\n<title>Ryft Mips - Trysil Skishop<\/title>\n<meta name=\"description\" content=\"Ryft Mips Trysil Skishop\" \/>\n<meta name=\"robots\" content=\"index, follow, max-snippet:-1, max-image-preview:large, max-video-preview:-1\" \/>\n<link rel=\"canonical\" href=\"https:\/\/skishop.no\/es\/producto\/elevador-mips-64385228019543\/\" \/>\n<meta property=\"og:locale\" content=\"es_ES\" \/>\n<meta property=\"og:type\" content=\"article\" \/>\n<meta property=\"og:title\" content=\"Ryft Mips % - Trysil Skishop\" \/>\n<meta property=\"og:description\" content=\"-\" \/>\n<meta property=\"og:url\" content=\"https:\/\/skishop.no\/es\/producto\/elevador-mips-64385228019543\/\" \/>\n<meta property=\"og:site_name\" content=\"Trysil Skishop\" \/>\n<meta property=\"article:publisher\" content=\"https:\/\/www.facebook.com\/TrysilSkishop\/\" \/>\n<meta property=\"article:modified_time\" content=\"2026-03-29T14:47:02+00:00\" \/>\n<meta property=\"og:image\" content=\"https:\/\/skishop.no\/wp-content\/uploads\/2026\/03\/Ryft-mips_df6568f7dcc8e7d8f035814c41f6ae80-1.webp\" \/>\n\t<meta property=\"og:image:width\" content=\"1024\" \/>\n\t<meta property=\"og:image:height\" content=\"1024\" \/>\n\t<meta property=\"og:image:type\" content=\"image\/webp\" \/>\n<meta name=\"twitter:card\" content=\"summary_large_image\" \/>\n<meta name=\"twitter:label1\" content=\"Est. reading time\" \/>\n\t<meta name=\"twitter:data1\" content=\"2 minutos\" \/>\n<script type=\"application\/ld+json\" class=\"yoast-schema-graph\">{\"@context\":\"https:\\\/\\\/schema.org\",\"@graph\":[{\"@type\":\"WebPage\",\"@id\":\"https:\\\/\\\/skishop.no\\\/produkt\\\/ryft-mips-64385228019543\\\/\",\"url\":\"https:\\\/\\\/skishop.no\\\/produkt\\\/ryft-mips-64385228019543\\\/\",\"name\":\"Ryft Mips - Trysil Skishop\",\"isPartOf\":{\"@id\":\"https:\\\/\\\/skishop.no\\\/#website\"},\"primaryImageOfPage\":{\"@id\":\"https:\\\/\\\/skishop.no\\\/produkt\\\/ryft-mips-64385228019543\\\/#primaryimage\"},\"image\":{\"@id\":\"https:\\\/\\\/skishop.no\\\/produkt\\\/ryft-mips-64385228019543\\\/#primaryimage\"},\"thumbnailUrl\":\"https:\\\/\\\/skishop.no\\\/wp-content\\\/uploads\\\/2026\\\/03\\\/Ryft-mips_df6568f7dcc8e7d8f035814c41f6ae80-1.webp\",\"datePublished\":\"2026-03-16T13:38:44+00:00\",\"dateModified\":\"2026-03-29T14:47:02+00:00\",\"description\":\"Ryft Mips Trysil Skishop\",\"breadcrumb\":{\"@id\":\"https:\\\/\\\/skishop.no\\\/produkt\\\/ryft-mips-64385228019543\\\/#breadcrumb\"},\"inLanguage\":\"es\",\"potentialAction\":[{\"@type\":\"ReadAction\",\"target\":[\"https:\\\/\\\/skishop.no\\\/produkt\\\/ryft-mips-64385228019543\\\/\"]}]},{\"@type\":\"ImageObject\",\"inLanguage\":\"es\",\"@id\":\"https:\\\/\\\/skishop.no\\\/produkt\\\/ryft-mips-64385228019543\\\/#primaryimage\",\"url\":\"https:\\\/\\\/skishop.no\\\/wp-content\\\/uploads\\\/2026\\\/03\\\/Ryft-mips_df6568f7dcc8e7d8f035814c41f6ae80-1.webp\",\"contentUrl\":\"https:\\\/\\\/skishop.no\\\/wp-content\\\/uploads\\\/2026\\\/03\\\/Ryft-mips_df6568f7dcc8e7d8f035814c41f6ae80-1.webp\",\"width\":1024,\"height\":1024},{\"@type\":\"BreadcrumbList\",\"@id\":\"https:\\\/\\\/skishop.no\\\/produkt\\\/ryft-mips-64385228019543\\\/#breadcrumb\",\"itemListElement\":[{\"@type\":\"ListItem\",\"position\":1,\"name\":\"Hjem\",\"item\":\"https:\\\/\\\/skishop.no\\\/\"},{\"@type\":\"ListItem\",\"position\":2,\"name\":\"Butikk\",\"item\":\"https:\\\/\\\/skishop.no\\\/butikk\\\/\"},{\"@type\":\"ListItem\",\"position\":3,\"name\":\"Ryft Mips\"}]},{\"@type\":\"WebSite\",\"@id\":\"https:\\\/\\\/skishop.no\\\/#website\",\"url\":\"https:\\\/\\\/skishop.no\\\/\",\"name\":\"Trysil Skishop\",\"description\":\"Trysils billigste skiutleie\",\"publisher\":{\"@id\":\"https:\\\/\\\/skishop.no\\\/#organization\"},\"alternateName\":\"Trysil ski leie\",\"potentialAction\":[{\"@type\":\"SearchAction\",\"target\":{\"@type\":\"EntryPoint\",\"urlTemplate\":\"https:\\\/\\\/skishop.no\\\/?s={search_term_string}\"},\"query-input\":{\"@type\":\"PropertyValueSpecification\",\"valueRequired\":true,\"valueName\":\"search_term_string\"}}],\"inLanguage\":\"es\"},{\"@type\":\"Organization\",\"@id\":\"https:\\\/\\\/skishop.no\\\/#organization\",\"name\":\"Trysil Skishop\",\"alternateName\":\"Trysil Skishop AS\",\"url\":\"https:\\\/\\\/skishop.no\\\/\",\"logo\":{\"@type\":\"ImageObject\",\"inLanguage\":\"es\",\"@id\":\"https:\\\/\\\/skishop.no\\\/#\\\/schema\\\/logo\\\/image\\\/\",\"url\":\"https:\\\/\\\/skishop.no\\\/wp-content\\\/uploads\\\/2025\\\/09\\\/Site-icon-1.webp\",\"contentUrl\":\"https:\\\/\\\/skishop.no\\\/wp-content\\\/uploads\\\/2025\\\/09\\\/Site-icon-1.webp\",\"width\":468,\"height\":389,\"caption\":\"Trysil Skishop\"},\"image\":{\"@id\":\"https:\\\/\\\/skishop.no\\\/#\\\/schema\\\/logo\\\/image\\\/\"},\"sameAs\":[\"https:\\\/\\\/www.facebook.com\\\/TrysilSkishop\\\/\",\"https:\\\/\\\/www.instagram.com\\\/skishop.no\"],\"description\":\"Trysil Skishop er Trysilfjellets rimeligste ski- og sykkelutleie, som tilbyr utleie av ski- og sykkelutstyr av h\u00f8y kvalitet til lave priser. De holder til p\u00e5 Trysil Shellsenter, ca. 2 km f\u00f8r Trysil Turistsenter, med enkel parkering rett utenfor. Skishop tilbyr ogs\u00e5 skiutstyrservice \u00e5ret rundt, hvor de forbereder ski til vintersesongen med profesjonell slipemaskin og erfarne teknikere. Stedet gir rask og effektiv service slik at kunder raskt kan komme seg ut i bakken eller p\u00e5 tur. Om sommeren kan man leie sykler av h\u00f8y kvalitet hos dem, og de har ogs\u00e5 en sportsbutikk med n\u00f8dvendig utstyr for ski- og sykkelturer. Trysil Skishop har ogs\u00e5 samarbeidspartnere som gir rabatter til deres gjester. De er kjent for \u00e5 kombinere lave priser med like h\u00f8y standard p\u00e5 utstyret som andre utleiesteder i omr\u00e5det.\",\"email\":\"Info@skishop.no\",\"telephone\":\"+4791929291\",\"legalName\":\"Trysil Skishop AS\",\"foundingDate\":\"1999-01-01\",\"vatID\":\"981 443 489\",\"numberOfEmployees\":{\"@type\":\"QuantitativeValue\",\"minValue\":\"11\",\"maxValue\":\"50\"},\"publishingPrinciples\":\"https:\\\/\\\/skishop.no\\\/ofte-stile-sporsmal\\\/\"}]}<\/script>\n<!-- \/ Yoast SEO Premium plugin. -->","yoast_head_json":{"title":"Ryft Mips - Trysil Skishop","description":"Ryft Mips Trysil Skishop","robots":{"index":"index","follow":"follow","max-snippet":"max-snippet:-1","max-image-preview":"max-image-preview:large","max-video-preview":"max-video-preview:-1"},"canonical":"https:\/\/skishop.no\/es\/producto\/elevador-mips-64385228019543\/","og_locale":"es_ES","og_type":"article","og_title":"Ryft Mips % - Trysil Skishop","og_description":"-","og_url":"https:\/\/skishop.no\/es\/producto\/elevador-mips-64385228019543\/","og_site_name":"Trysil Skishop","article_publisher":"https:\/\/www.facebook.com\/TrysilSkishop\/","article_modified_time":"2026-03-29T14:47:02+00:00","og_image":[{"width":1024,"height":1024,"url":"https:\/\/skishop.no\/wp-content\/uploads\/2026\/03\/Ryft-mips_df6568f7dcc8e7d8f035814c41f6ae80-1.webp","type":"image\/webp"}],"twitter_card":"summary_large_image","twitter_misc":{"Est. reading time":"2 minutos"},"schema":{"@context":"https:\/\/schema.org","@graph":[{"@type":"WebPage","@id":"https:\/\/skishop.no\/produkt\/ryft-mips-64385228019543\/","url":"https:\/\/skishop.no\/produkt\/ryft-mips-64385228019543\/","name":"Ryft Mips - Trysil Skishop","isPartOf":{"@id":"https:\/\/skishop.no\/#website"},"primaryImageOfPage":{"@id":"https:\/\/skishop.no\/produkt\/ryft-mips-64385228019543\/#primaryimage"},"image":{"@id":"https:\/\/skishop.no\/produkt\/ryft-mips-64385228019543\/#primaryimage"},"thumbnailUrl":"https:\/\/skishop.no\/wp-content\/uploads\/2026\/03\/Ryft-mips_df6568f7dcc8e7d8f035814c41f6ae80-1.webp","datePublished":"2026-03-16T13:38:44+00:00","dateModified":"2026-03-29T14:47:02+00:00","description":"Ryft Mips Trysil Skishop","breadcrumb":{"@id":"https:\/\/skishop.no\/produkt\/ryft-mips-64385228019543\/#breadcrumb"},"inLanguage":"es","potentialAction":[{"@type":"ReadAction","target":["https:\/\/skishop.no\/produkt\/ryft-mips-64385228019543\/"]}]},{"@type":"ImageObject","inLanguage":"es","@id":"https:\/\/skishop.no\/produkt\/ryft-mips-64385228019543\/#primaryimage","url":"https:\/\/skishop.no\/wp-content\/uploads\/2026\/03\/Ryft-mips_df6568f7dcc8e7d8f035814c41f6ae80-1.webp","contentUrl":"https:\/\/skishop.no\/wp-content\/uploads\/2026\/03\/Ryft-mips_df6568f7dcc8e7d8f035814c41f6ae80-1.webp","width":1024,"height":1024},{"@type":"BreadcrumbList","@id":"https:\/\/skishop.no\/produkt\/ryft-mips-64385228019543\/#breadcrumb","itemListElement":[{"@type":"ListItem","position":1,"name":"Hjem","item":"https:\/\/skishop.no\/"},{"@type":"ListItem","position":2,"name":"Butikk","item":"https:\/\/skishop.no\/butikk\/"},{"@type":"ListItem","position":3,"name":"Ryft Mips"}]},{"@type":"WebSite","@id":"https:\/\/skishop.no\/#website","url":"https:\/\/skishop.no\/","name":"Trysil Skishop","description":"El alquiler de esqu\u00eds m\u00e1s barato de Trysil","publisher":{"@id":"https:\/\/skishop.no\/#organization"},"alternateName":"Trysil ski leie","potentialAction":[{"@type":"SearchAction","target":{"@type":"EntryPoint","urlTemplate":"https:\/\/skishop.no\/?s={search_term_string}"},"query-input":{"@type":"PropertyValueSpecification","valueRequired":true,"valueName":"search_term_string"}}],"inLanguage":"es"},{"@type":"Organization","@id":"https:\/\/skishop.no\/#organization","name":"Trysil Skishop","alternateName":"Trysil Skishop AS","url":"https:\/\/skishop.no\/","logo":{"@type":"ImageObject","inLanguage":"es","@id":"https:\/\/skishop.no\/#\/schema\/logo\/image\/","url":"https:\/\/skishop.no\/wp-content\/uploads\/2025\/09\/Site-icon-1.webp","contentUrl":"https:\/\/skishop.no\/wp-content\/uploads\/2025\/09\/Site-icon-1.webp","width":468,"height":389,"caption":"Trysil Skishop"},"image":{"@id":"https:\/\/skishop.no\/#\/schema\/logo\/image\/"},"sameAs":["https:\/\/www.facebook.com\/TrysilSkishop\/","https:\/\/www.instagram.com\/skishop.no"],"description":"Trysil Skishop es la empresa de alquiler de esqu\u00eds y bicicletas m\u00e1s asequible de Trysilfjellet, y ofrece alquiler de equipos de esqu\u00ed y bicicletas de alta calidad a precios bajos. Est\u00e1n situados en Trysil Shellsenter, unos 2 km antes de Trysil Turistsenter, con f\u00e1cil aparcamiento justo fuera. Skishop tambi\u00e9n ofrece un servicio de equipamiento de esqu\u00ed durante todo el a\u00f1o, donde preparan los esqu\u00eds para la temporada de invierno con una rectificadora profesional y t\u00e9cnicos experimentados. El lugar ofrece un servicio r\u00e1pido y eficaz para que los clientes puedan salir r\u00e1pidamente a las pistas o de excursi\u00f3n. En verano, puede alquilarles bicicletas de alta calidad, y tambi\u00e9n disponen de una tienda de deportes con el equipo necesario para viajes de esqu\u00ed y ciclismo. Trysil Skishop tambi\u00e9n cuenta con socios que ofrecen descuentos a sus hu\u00e9spedes. Son conocidos por combinar precios bajos con el mismo alto nivel de equipamiento que otros centros de alquiler de la zona.","email":"Info@skishop.no","telephone":"+4791929291","legalName":"Trysil Skishop AS","foundingDate":"1999-01-01","vatID":"981 443 489","numberOfEmployees":{"@type":"QuantitativeValue","minValue":"11","maxValue":"50"},"publishingPrinciples":"https:\/\/skishop.no\/ofte-stile-sporsmal\/"}]}},"_links":{"self":[{"href":"https:\/\/skishop.no\/es\/wp-json\/wp\/v2\/product\/7740","targetHints":{"allow":["GET"]}}],"collection":[{"href":"https:\/\/skishop.no\/es\/wp-json\/wp\/v2\/product"}],"about":[{"href":"https:\/\/skishop.no\/es\/wp-json\/wp\/v2\/types\/product"}],"version-history":[{"count":2,"href":"https:\/\/skishop.no\/es\/wp-json\/wp\/v2\/product\/7740\/revisions"}],"predecessor-version":[{"id":9659,"href":"https:\/\/skishop.no\/es\/wp-json\/wp\/v2\/product\/7740\/revisions\/9659"}],"wp:featuredmedia":[{"embeddable":true,"href":"https:\/\/skishop.no\/es\/wp-json\/wp\/v2\/media\/8865"}],"wp:attachment":[{"href":"https:\/\/skishop.no\/es\/wp-json\/wp\/v2\/media?parent=7740"}],"wp:term":[{"taxonomy":"product_brand","embeddable":true,"href":"https:\/\/skishop.no\/es\/wp-json\/wp\/v2\/product_brand?post=7740"},{"taxonomy":"product_cat","embeddable":true,"href":"https:\/\/skishop.no\/es\/wp-json\/wp\/v2\/product_cat?post=7740"},{"taxonomy":"product_tag","embeddable":true,"href":"https:\/\/skishop.no\/es\/wp-json\/wp\/v2\/product_tag?post=7740"}],"curies":[{"name":"wp","href":"https:\/\/api.w.org\/{rel}","templated":true}]}}