{"id":8560,"date":"2026-03-18T13:46:40","date_gmt":"2026-03-18T12:46:40","guid":{"rendered":"https:\/\/skishop.no\/?post_type=product&#038;p=8560"},"modified":"2026-05-06T17:32:12","modified_gmt":"2026-05-06T16:32:12","slug":"pyramiden-m-m-rkebla-9917660835187879","status":"publish","type":"product","link":"https:\/\/skishop.no\/es\/producto\/pyramiden-m-m-rkebla-9917660835187879\/","title":{"rendered":"Pyramiden M Azul oscuro"},"content":{"rendered":"<p>La chaqueta de plum\u00f3n para hombre KILPI PYRAMIDEN-M es una excelente fuente de calor y confort para todas las actividades al aire libre y en invierno. Protege contra el fr\u00edo y las heladas gracias al plum\u00f3n de ganso y al material SIBERIUM DWR WB, que es cortaviento, repelente al agua y muy transpirable. Apenas notar\u00e1 que lleva la chaqueta gracias a su bajo peso. Conserva bien el calor durante los viajes y las actividades deportivas y es f\u00e1cil de guardar en una bolsa peque\u00f1a. La chaqueta tiene cremallera hasta el cuello, capucha ajustable, dos bolsillos con cremallera, pu\u00f1os el\u00e1sticos y dobladillo ajustable. Su bajo peso y su f\u00e1cil almacenamiento la hacen especialmente pr\u00e1ctica para viajes y desplazamientos largos. Bolsa de almacenamiento incluida.<\/p>","protected":false},"excerpt":{"rendered":"<p>Una chaqueta de plum\u00f3n para hombre ligera y c\u00e1lida, adecuada tanto para el senderismo como para las actividades invernales, con buenas propiedades aislantes, gran comodidad y f\u00e1cil de empaquetar para viajar.<\/p>","protected":false},"featured_media":8821,"template":"","meta":{"site-sidebar-layout":"default","site-content-layout":"","ast-site-content-layout":"default","site-content-style":"default","site-sidebar-style":"default","ast-global-header-display":"","ast-banner-title-visibility":"","ast-main-header-display":"","ast-hfb-above-header-display":"","ast-hfb-below-header-display":"","ast-hfb-mobile-header-display":"","site-post-title":"","ast-breadcrumbs-content":"","ast-featured-img":"","footer-sml-layout":"","ast-disable-related-posts":"","theme-transparent-header-meta":"default","adv-header-id-meta":"","stick-header-meta":"","header-above-stick-meta":"","header-main-stick-meta":"","header-below-stick-meta":"","astra-migrate-meta-layouts":"set","ast-page-background-enabled":"default","ast-page-background-meta":{"desktop":{"background-color":"var(--ast-global-color-4)","background-image":"","background-repeat":"repeat","background-position":"center center","background-size":"auto","background-attachment":"scroll","background-type":"","background-media":"","overlay-type":"","overlay-color":"","overlay-opacity":"","overlay-gradient":""},"tablet":{"background-color":"","background-image":"","background-repeat":"repeat","background-position":"center center","background-size":"auto","background-attachment":"scroll","background-type":"","background-media":"","overlay-type":"","overlay-color":"","overlay-opacity":"","overlay-gradient":""},"mobile":{"background-color":"","background-image":"","background-repeat":"repeat","background-position":"center center","background-size":"auto","background-attachment":"scroll","background-type":"","background-media":"","overlay-type":"","overlay-color":"","overlay-opacity":"","overlay-gradient":""}},"ast-content-background-meta":{"desktop":{"background-color":"var(--ast-global-color-5)","background-image":"","background-repeat":"repeat","background-position":"center center","background-size":"auto","background-attachment":"scroll","background-type":"","background-media":"","overlay-type":"","overlay-color":"","overlay-opacity":"","overlay-gradient":""},"tablet":{"background-color":"var(--ast-global-color-5)","background-image":"","background-repeat":"repeat","background-position":"center center","background-size":"auto","background-attachment":"scroll","background-type":"","background-media":"","overlay-type":"","overlay-color":"","overlay-opacity":"","overlay-gradient":""},"mobile":{"background-color":"var(--ast-global-color-5)","background-image":"","background-repeat":"repeat","background-position":"center center","background-size":"auto","background-attachment":"scroll","background-type":"","background-media":"","overlay-type":"","overlay-color":"","overlay-opacity":"","overlay-gradient":""}}},"product_brand":[921],"product_cat":[85,86],"product_tag":[],"class_list":{"0":"post-8560","1":"product","2":"type-product","3":"status-publish","4":"has-post-thumbnail","6":"product_brand-kilpi","7":"product_cat-10001-jakker","8":"product_cat-herre","9":"pa_8369-l","10":"pa_8369-m","11":"pa_8369-s","12":"pa_8369-xl","13":"pa_variant-l","14":"pa_variant-m","15":"pa_variant-s","16":"pa_variant-xl","17":"desktop-align-center","18":"tablet-align-left","19":"mobile-align-left","21":"first","22":"instock","23":"sale","24":"taxable","25":"shipping-taxable","26":"purchasable","27":"product-type-variable"},"yoast_head":"<!-- This site is optimized with the Yoast SEO Premium plugin v27.2 (Yoast SEO v27.6) - https:\/\/yoast.com\/product\/yoast-seo-premium-wordpress\/ -->\n<title>Pyramiden M M\u00f8rkebl\u00e5 - Trysil Skishop<\/title>\n<meta name=\"description\" content=\"Pyramiden M M\u00f8rkebl\u00e5 Trysil Skishop\" \/>\n<meta name=\"robots\" content=\"index, follow, max-snippet:-1, max-image-preview:large, max-video-preview:-1\" \/>\n<link rel=\"canonical\" href=\"https:\/\/skishop.no\/es\/producto\/pyramiden-m-m-rkebla-9917660835187879\/\" \/>\n<meta property=\"og:locale\" content=\"es_ES\" \/>\n<meta property=\"og:type\" content=\"article\" \/>\n<meta property=\"og:title\" content=\"Pyramiden M M\u00f8rkebl\u00e5 % - Trysil Skishop\" \/>\n<meta property=\"og:description\" content=\"-\" \/>\n<meta property=\"og:url\" content=\"https:\/\/skishop.no\/es\/producto\/pyramiden-m-m-rkebla-9917660835187879\/\" \/>\n<meta property=\"og:site_name\" content=\"Trysil Skishop\" \/>\n<meta property=\"article:publisher\" content=\"https:\/\/www.facebook.com\/TrysilSkishop\/\" \/>\n<meta property=\"article:modified_time\" content=\"2026-05-06T16:32:12+00:00\" \/>\n<meta property=\"og:image\" content=\"https:\/\/skishop.no\/wp-content\/uploads\/2026\/03\/ZM0116KIDBL_PYRAMIDEN-M_01.webp\" \/>\n\t<meta property=\"og:image:width\" content=\"640\" \/>\n\t<meta property=\"og:image:height\" content=\"800\" \/>\n\t<meta property=\"og:image:type\" content=\"image\/webp\" \/>\n<meta name=\"twitter:card\" content=\"summary_large_image\" \/>\n<meta name=\"twitter:label1\" content=\"Est. reading time\" \/>\n\t<meta name=\"twitter:data1\" content=\"1 minuto\" \/>\n<script type=\"application\/ld+json\" class=\"yoast-schema-graph\">{\"@context\":\"https:\\\/\\\/schema.org\",\"@graph\":[{\"@type\":\"WebPage\",\"@id\":\"https:\\\/\\\/skishop.no\\\/produkt\\\/pyramiden-m-m-rkebla-9917660835187879\\\/\",\"url\":\"https:\\\/\\\/skishop.no\\\/produkt\\\/pyramiden-m-m-rkebla-9917660835187879\\\/\",\"name\":\"Pyramiden M M\u00f8rkebl\u00e5 - Trysil Skishop\",\"isPartOf\":{\"@id\":\"https:\\\/\\\/skishop.no\\\/#website\"},\"primaryImageOfPage\":{\"@id\":\"https:\\\/\\\/skishop.no\\\/produkt\\\/pyramiden-m-m-rkebla-9917660835187879\\\/#primaryimage\"},\"image\":{\"@id\":\"https:\\\/\\\/skishop.no\\\/produkt\\\/pyramiden-m-m-rkebla-9917660835187879\\\/#primaryimage\"},\"thumbnailUrl\":\"https:\\\/\\\/skishop.no\\\/wp-content\\\/uploads\\\/2026\\\/03\\\/ZM0116KIDBL_PYRAMIDEN-M_01-2-scaled.webp\",\"datePublished\":\"2026-03-18T12:46:40+00:00\",\"dateModified\":\"2026-05-06T16:32:12+00:00\",\"description\":\"Pyramiden M M\u00f8rkebl\u00e5 Trysil Skishop\",\"breadcrumb\":{\"@id\":\"https:\\\/\\\/skishop.no\\\/produkt\\\/pyramiden-m-m-rkebla-9917660835187879\\\/#breadcrumb\"},\"inLanguage\":\"es\",\"potentialAction\":[{\"@type\":\"ReadAction\",\"target\":[\"https:\\\/\\\/skishop.no\\\/produkt\\\/pyramiden-m-m-rkebla-9917660835187879\\\/\"]}]},{\"@type\":\"ImageObject\",\"inLanguage\":\"es\",\"@id\":\"https:\\\/\\\/skishop.no\\\/produkt\\\/pyramiden-m-m-rkebla-9917660835187879\\\/#primaryimage\",\"url\":\"https:\\\/\\\/skishop.no\\\/wp-content\\\/uploads\\\/2026\\\/03\\\/ZM0116KIDBL_PYRAMIDEN-M_01-2-scaled.webp\",\"contentUrl\":\"https:\\\/\\\/skishop.no\\\/wp-content\\\/uploads\\\/2026\\\/03\\\/ZM0116KIDBL_PYRAMIDEN-M_01-2-scaled.webp\",\"width\":1536,\"height\":1920},{\"@type\":\"BreadcrumbList\",\"@id\":\"https:\\\/\\\/skishop.no\\\/produkt\\\/pyramiden-m-m-rkebla-9917660835187879\\\/#breadcrumb\",\"itemListElement\":[{\"@type\":\"ListItem\",\"position\":1,\"name\":\"Hjem\",\"item\":\"https:\\\/\\\/skishop.no\\\/\"},{\"@type\":\"ListItem\",\"position\":2,\"name\":\"Butikk\",\"item\":\"https:\\\/\\\/skishop.no\\\/butikk\\\/\"},{\"@type\":\"ListItem\",\"position\":3,\"name\":\"Pyramiden M M\u00f8rkebl\u00e5\"}]},{\"@type\":\"WebSite\",\"@id\":\"https:\\\/\\\/skishop.no\\\/#website\",\"url\":\"https:\\\/\\\/skishop.no\\\/\",\"name\":\"Trysil Skishop\",\"description\":\"Trysils billigste skiutleie\",\"publisher\":{\"@id\":\"https:\\\/\\\/skishop.no\\\/#organization\"},\"alternateName\":\"Trysil ski leie\",\"potentialAction\":[{\"@type\":\"SearchAction\",\"target\":{\"@type\":\"EntryPoint\",\"urlTemplate\":\"https:\\\/\\\/skishop.no\\\/?s={search_term_string}\"},\"query-input\":{\"@type\":\"PropertyValueSpecification\",\"valueRequired\":true,\"valueName\":\"search_term_string\"}}],\"inLanguage\":\"es\"},{\"@type\":\"Organization\",\"@id\":\"https:\\\/\\\/skishop.no\\\/#organization\",\"name\":\"Trysil Skishop\",\"alternateName\":\"Trysil Skishop AS\",\"url\":\"https:\\\/\\\/skishop.no\\\/\",\"logo\":{\"@type\":\"ImageObject\",\"inLanguage\":\"es\",\"@id\":\"https:\\\/\\\/skishop.no\\\/#\\\/schema\\\/logo\\\/image\\\/\",\"url\":\"https:\\\/\\\/skishop.no\\\/wp-content\\\/uploads\\\/2025\\\/09\\\/Site-icon-1.webp\",\"contentUrl\":\"https:\\\/\\\/skishop.no\\\/wp-content\\\/uploads\\\/2025\\\/09\\\/Site-icon-1.webp\",\"width\":468,\"height\":389,\"caption\":\"Trysil Skishop\"},\"image\":{\"@id\":\"https:\\\/\\\/skishop.no\\\/#\\\/schema\\\/logo\\\/image\\\/\"},\"sameAs\":[\"https:\\\/\\\/www.facebook.com\\\/TrysilSkishop\\\/\",\"https:\\\/\\\/www.instagram.com\\\/skishop.no\"],\"description\":\"Trysil Skishop er Trysilfjellets rimeligste ski- og sykkelutleie, som tilbyr utleie av ski- og sykkelutstyr av h\u00f8y kvalitet til lave priser. De holder til p\u00e5 Trysil Shellsenter, ca. 2 km f\u00f8r Trysil Turistsenter, med enkel parkering rett utenfor. Skishop tilbyr ogs\u00e5 skiutstyrservice \u00e5ret rundt, hvor de forbereder ski til vintersesongen med profesjonell slipemaskin og erfarne teknikere. Stedet gir rask og effektiv service slik at kunder raskt kan komme seg ut i bakken eller p\u00e5 tur. Om sommeren kan man leie sykler av h\u00f8y kvalitet hos dem, og de har ogs\u00e5 en sportsbutikk med n\u00f8dvendig utstyr for ski- og sykkelturer. Trysil Skishop har ogs\u00e5 samarbeidspartnere som gir rabatter til deres gjester. De er kjent for \u00e5 kombinere lave priser med like h\u00f8y standard p\u00e5 utstyret som andre utleiesteder i omr\u00e5det.\",\"email\":\"Info@skishop.no\",\"telephone\":\"+4791929291\",\"legalName\":\"Trysil Skishop AS\",\"foundingDate\":\"1999-01-01\",\"vatID\":\"981 443 489\",\"numberOfEmployees\":{\"@type\":\"QuantitativeValue\",\"minValue\":\"11\",\"maxValue\":\"50\"},\"publishingPrinciples\":\"https:\\\/\\\/skishop.no\\\/ofte-stile-sporsmal\\\/\"}]}<\/script>\n<!-- \/ Yoast SEO Premium plugin. -->","yoast_head_json":{"title":"Pyramiden M Azul oscuro - Trysil Skishop","description":"Pyramiden M Azul oscuro Trysil Skishop","robots":{"index":"index","follow":"follow","max-snippet":"max-snippet:-1","max-image-preview":"max-image-preview:large","max-video-preview":"max-video-preview:-1"},"canonical":"https:\/\/skishop.no\/es\/producto\/pyramiden-m-m-rkebla-9917660835187879\/","og_locale":"es_ES","og_type":"article","og_title":"Pyramiden M M\u00f8rkebl\u00e5 % - Trysil Skishop","og_description":"-","og_url":"https:\/\/skishop.no\/es\/producto\/pyramiden-m-m-rkebla-9917660835187879\/","og_site_name":"Trysil Skishop","article_publisher":"https:\/\/www.facebook.com\/TrysilSkishop\/","article_modified_time":"2026-05-06T16:32:12+00:00","og_image":[{"width":640,"height":800,"url":"https:\/\/skishop.no\/wp-content\/uploads\/2026\/03\/ZM0116KIDBL_PYRAMIDEN-M_01.webp","type":"image\/webp"}],"twitter_card":"summary_large_image","twitter_misc":{"Est. reading time":"1 minuto"},"schema":{"@context":"https:\/\/schema.org","@graph":[{"@type":"WebPage","@id":"https:\/\/skishop.no\/produkt\/pyramiden-m-m-rkebla-9917660835187879\/","url":"https:\/\/skishop.no\/produkt\/pyramiden-m-m-rkebla-9917660835187879\/","name":"Pyramiden M Azul oscuro - Trysil Skishop","isPartOf":{"@id":"https:\/\/skishop.no\/#website"},"primaryImageOfPage":{"@id":"https:\/\/skishop.no\/produkt\/pyramiden-m-m-rkebla-9917660835187879\/#primaryimage"},"image":{"@id":"https:\/\/skishop.no\/produkt\/pyramiden-m-m-rkebla-9917660835187879\/#primaryimage"},"thumbnailUrl":"https:\/\/skishop.no\/wp-content\/uploads\/2026\/03\/ZM0116KIDBL_PYRAMIDEN-M_01-2-scaled.webp","datePublished":"2026-03-18T12:46:40+00:00","dateModified":"2026-05-06T16:32:12+00:00","description":"Pyramiden M Azul oscuro Trysil Skishop","breadcrumb":{"@id":"https:\/\/skishop.no\/produkt\/pyramiden-m-m-rkebla-9917660835187879\/#breadcrumb"},"inLanguage":"es","potentialAction":[{"@type":"ReadAction","target":["https:\/\/skishop.no\/produkt\/pyramiden-m-m-rkebla-9917660835187879\/"]}]},{"@type":"ImageObject","inLanguage":"es","@id":"https:\/\/skishop.no\/produkt\/pyramiden-m-m-rkebla-9917660835187879\/#primaryimage","url":"https:\/\/skishop.no\/wp-content\/uploads\/2026\/03\/ZM0116KIDBL_PYRAMIDEN-M_01-2-scaled.webp","contentUrl":"https:\/\/skishop.no\/wp-content\/uploads\/2026\/03\/ZM0116KIDBL_PYRAMIDEN-M_01-2-scaled.webp","width":1536,"height":1920},{"@type":"BreadcrumbList","@id":"https:\/\/skishop.no\/produkt\/pyramiden-m-m-rkebla-9917660835187879\/#breadcrumb","itemListElement":[{"@type":"ListItem","position":1,"name":"Hjem","item":"https:\/\/skishop.no\/"},{"@type":"ListItem","position":2,"name":"Butikk","item":"https:\/\/skishop.no\/butikk\/"},{"@type":"ListItem","position":3,"name":"Pyramiden M M\u00f8rkebl\u00e5"}]},{"@type":"WebSite","@id":"https:\/\/skishop.no\/#website","url":"https:\/\/skishop.no\/","name":"Trysil Skishop","description":"El alquiler de esqu\u00eds m\u00e1s barato de Trysil","publisher":{"@id":"https:\/\/skishop.no\/#organization"},"alternateName":"Trysil ski leie","potentialAction":[{"@type":"SearchAction","target":{"@type":"EntryPoint","urlTemplate":"https:\/\/skishop.no\/?s={search_term_string}"},"query-input":{"@type":"PropertyValueSpecification","valueRequired":true,"valueName":"search_term_string"}}],"inLanguage":"es"},{"@type":"Organization","@id":"https:\/\/skishop.no\/#organization","name":"Trysil Skishop","alternateName":"Trysil Skishop AS","url":"https:\/\/skishop.no\/","logo":{"@type":"ImageObject","inLanguage":"es","@id":"https:\/\/skishop.no\/#\/schema\/logo\/image\/","url":"https:\/\/skishop.no\/wp-content\/uploads\/2025\/09\/Site-icon-1.webp","contentUrl":"https:\/\/skishop.no\/wp-content\/uploads\/2025\/09\/Site-icon-1.webp","width":468,"height":389,"caption":"Trysil Skishop"},"image":{"@id":"https:\/\/skishop.no\/#\/schema\/logo\/image\/"},"sameAs":["https:\/\/www.facebook.com\/TrysilSkishop\/","https:\/\/www.instagram.com\/skishop.no"],"description":"Trysil Skishop es la empresa de alquiler de esqu\u00eds y bicicletas m\u00e1s asequible de Trysilfjellet, y ofrece alquiler de equipos de esqu\u00ed y bicicletas de alta calidad a precios bajos. Est\u00e1n situados en Trysil Shellsenter, unos 2 km antes de Trysil Turistsenter, con f\u00e1cil aparcamiento justo fuera. Skishop tambi\u00e9n ofrece un servicio de equipamiento de esqu\u00ed durante todo el a\u00f1o, donde preparan los esqu\u00eds para la temporada de invierno con una rectificadora profesional y t\u00e9cnicos experimentados. El lugar ofrece un servicio r\u00e1pido y eficaz para que los clientes puedan salir r\u00e1pidamente a las pistas o de excursi\u00f3n. En verano, puede alquilarles bicicletas de alta calidad, y tambi\u00e9n disponen de una tienda de deportes con el equipo necesario para viajes de esqu\u00ed y ciclismo. Trysil Skishop tambi\u00e9n cuenta con socios que ofrecen descuentos a sus hu\u00e9spedes. Son conocidos por combinar precios bajos con el mismo alto nivel de equipamiento que otros centros de alquiler de la zona.","email":"Info@skishop.no","telephone":"+4791929291","legalName":"Trysil Skishop AS","foundingDate":"1999-01-01","vatID":"981 443 489","numberOfEmployees":{"@type":"QuantitativeValue","minValue":"11","maxValue":"50"},"publishingPrinciples":"https:\/\/skishop.no\/ofte-stile-sporsmal\/"}]}},"_links":{"self":[{"href":"https:\/\/skishop.no\/es\/wp-json\/wp\/v2\/product\/8560","targetHints":{"allow":["GET"]}}],"collection":[{"href":"https:\/\/skishop.no\/es\/wp-json\/wp\/v2\/product"}],"about":[{"href":"https:\/\/skishop.no\/es\/wp-json\/wp\/v2\/types\/product"}],"version-history":[{"count":2,"href":"https:\/\/skishop.no\/es\/wp-json\/wp\/v2\/product\/8560\/revisions"}],"predecessor-version":[{"id":8570,"href":"https:\/\/skishop.no\/es\/wp-json\/wp\/v2\/product\/8560\/revisions\/8570"}],"wp:featuredmedia":[{"embeddable":true,"href":"https:\/\/skishop.no\/es\/wp-json\/wp\/v2\/media\/8821"}],"wp:attachment":[{"href":"https:\/\/skishop.no\/es\/wp-json\/wp\/v2\/media?parent=8560"}],"wp:term":[{"taxonomy":"product_brand","embeddable":true,"href":"https:\/\/skishop.no\/es\/wp-json\/wp\/v2\/product_brand?post=8560"},{"taxonomy":"product_cat","embeddable":true,"href":"https:\/\/skishop.no\/es\/wp-json\/wp\/v2\/product_cat?post=8560"},{"taxonomy":"product_tag","embeddable":true,"href":"https:\/\/skishop.no\/es\/wp-json\/wp\/v2\/product_tag?post=8560"}],"curies":[{"name":"wp","href":"https:\/\/api.w.org\/{rel}","templated":true}]}}