{"id":8690,"date":"2026-03-19T14:59:51","date_gmt":"2026-03-19T13:59:51","guid":{"rendered":"https:\/\/skishop.no\/?post_type=product&#038;p=8690"},"modified":"2026-05-06T17:37:32","modified_gmt":"2026-05-06T16:37:32","slug":"nordim-w-rosa-9917660835187936","status":"publish","type":"product","link":"https:\/\/skishop.no\/es\/producto\/nordim-w-rosa-9917660835187936\/","title":{"rendered":"Nordim-W Rosa"},"content":{"rendered":"<p data-start=\"29\" data-end=\"337\">La NORDIM-W de Kilpi es una chaqueta de running para mujer que tambi\u00e9n es adecuada para el esqu\u00ed de fondo u otras actividades intensivas a temperaturas cercanas y superiores al punto de congelaci\u00f3n. La chaqueta combina diferentes materiales que est\u00e1n colocados de forma funcional y ergon\u00f3mica para que pueda centrarse plenamente en su rendimiento sin restringir su movilidad.<\/p>\n<p data-start=\"339\" data-end=\"592\">La parte delantera de softshell SIBERIUM proporciona una protecci\u00f3n \u00f3ptima contra el viento y el fr\u00edo, mientras que el forro polar el\u00e1stico de la espalda le mantiene caliente y aleja la humedad del cuerpo. Los paneles bajo los brazos y en las mangas mejoran la transpirabilidad y la ventilaci\u00f3n durante la actividad intensa.<\/p>\n<p data-start=\"594\" data-end=\"792\">La NORDIM-W tiene dos bolsillos con cremallera e inserciones de malla, que reducen el peso a la vez que proporcionan ventilaci\u00f3n. Un bolsillo trasero con cremallera ofrece espacio para el tel\u00e9fono m\u00f3vil o peque\u00f1os objetos esenciales durante el entrenamiento.<\/p>\n<p data-start=\"794\" data-end=\"1047\">Las mangas extendidas tienen orificios para los pulgares y pu\u00f1os el\u00e1sticos. La espalda extendida con estampado de silicona evita que la chaqueta se deslice hacia arriba y protege del fr\u00edo. Los elementos reflectantes transparentes en la parte posterior de los hombros y en la cremallera frontal proporcionan una buena visibilidad en la oscuridad.<\/p>\n<p data-start=\"1049\" data-end=\"1095\">Kilpi NORDIM-W est\u00e1 disponible en varios colores.<\/p>","protected":false},"excerpt":{"rendered":"<p>Chaqueta de entrenamiento t\u00e9cnica y ligera para mujer, perfecta para correr y practicar esqu\u00ed de fondo, con buena protecci\u00f3n contra el viento, ventilaci\u00f3n y gran movilidad.<\/p>","protected":false},"featured_media":8793,"template":"","meta":{"site-sidebar-layout":"default","site-content-layout":"","ast-site-content-layout":"default","site-content-style":"default","site-sidebar-style":"default","ast-global-header-display":"","ast-banner-title-visibility":"","ast-main-header-display":"","ast-hfb-above-header-display":"","ast-hfb-below-header-display":"","ast-hfb-mobile-header-display":"","site-post-title":"","ast-breadcrumbs-content":"","ast-featured-img":"","footer-sml-layout":"","ast-disable-related-posts":"","theme-transparent-header-meta":"default","adv-header-id-meta":"","stick-header-meta":"","header-above-stick-meta":"","header-main-stick-meta":"","header-below-stick-meta":"","astra-migrate-meta-layouts":"set","ast-page-background-enabled":"default","ast-page-background-meta":{"desktop":{"background-color":"var(--ast-global-color-4)","background-image":"","background-repeat":"repeat","background-position":"center center","background-size":"auto","background-attachment":"scroll","background-type":"","background-media":"","overlay-type":"","overlay-color":"","overlay-opacity":"","overlay-gradient":""},"tablet":{"background-color":"","background-image":"","background-repeat":"repeat","background-position":"center center","background-size":"auto","background-attachment":"scroll","background-type":"","background-media":"","overlay-type":"","overlay-color":"","overlay-opacity":"","overlay-gradient":""},"mobile":{"background-color":"","background-image":"","background-repeat":"repeat","background-position":"center center","background-size":"auto","background-attachment":"scroll","background-type":"","background-media":"","overlay-type":"","overlay-color":"","overlay-opacity":"","overlay-gradient":""}},"ast-content-background-meta":{"desktop":{"background-color":"var(--ast-global-color-5)","background-image":"","background-repeat":"repeat","background-position":"center center","background-size":"auto","background-attachment":"scroll","background-type":"","background-media":"","overlay-type":"","overlay-color":"","overlay-opacity":"","overlay-gradient":""},"tablet":{"background-color":"var(--ast-global-color-5)","background-image":"","background-repeat":"repeat","background-position":"center center","background-size":"auto","background-attachment":"scroll","background-type":"","background-media":"","overlay-type":"","overlay-color":"","overlay-opacity":"","overlay-gradient":""},"mobile":{"background-color":"var(--ast-global-color-5)","background-image":"","background-repeat":"repeat","background-position":"center center","background-size":"auto","background-attachment":"scroll","background-type":"","background-media":"","overlay-type":"","overlay-color":"","overlay-opacity":"","overlay-gradient":""}}},"product_brand":[921],"product_cat":[85,88],"product_tag":[],"class_list":{"0":"post-8690","1":"product","2":"type-product","3":"status-publish","4":"has-post-thumbnail","6":"product_brand-kilpi","7":"product_cat-10001-jakker","8":"product_cat-dame","9":"pa_8369-90","10":"pa_8369-92","11":"pa_8369-94","12":"pa_8369-95","13":"pa_8369-96","14":"pa_variant-1103","15":"pa_variant-1104","16":"pa_variant-1105","17":"pa_variant-1106","18":"pa_variant-1112","19":"desktop-align-center","20":"tablet-align-left","21":"mobile-align-left","23":"first","24":"instock","25":"sale","26":"taxable","27":"shipping-taxable","28":"purchasable","29":"product-type-variable"},"yoast_head":"<!-- This site is optimized with the Yoast SEO Premium plugin v27.2 (Yoast SEO v27.5) - https:\/\/yoast.com\/product\/yoast-seo-premium-wordpress\/ -->\n<title>Nordim-W Rosa - Trysil Skishop<\/title>\n<meta name=\"description\" content=\"Nordim-W Rosa Trysil Skishop\" \/>\n<meta name=\"robots\" content=\"index, follow, max-snippet:-1, max-image-preview:large, max-video-preview:-1\" \/>\n<link rel=\"canonical\" href=\"https:\/\/skishop.no\/es\/producto\/nordim-w-rosa-9917660835187936\/\" \/>\n<meta property=\"og:locale\" content=\"es_ES\" \/>\n<meta property=\"og:type\" content=\"article\" \/>\n<meta property=\"og:title\" content=\"Nordim-W Rosa % - Trysil Skishop\" \/>\n<meta property=\"og:description\" content=\"-\" \/>\n<meta property=\"og:url\" content=\"https:\/\/skishop.no\/es\/producto\/nordim-w-rosa-9917660835187936\/\" \/>\n<meta property=\"og:site_name\" content=\"Trysil Skishop\" \/>\n<meta property=\"article:publisher\" content=\"https:\/\/www.facebook.com\/TrysilSkishop\/\" \/>\n<meta property=\"article:modified_time\" content=\"2026-05-06T16:37:32+00:00\" \/>\n<meta property=\"og:image\" content=\"https:\/\/skishop.no\/wp-content\/uploads\/2025\/09\/Skishop-e1773158831889.jpg\" \/>\n\t<meta property=\"og:image:width\" content=\"964\" \/>\n\t<meta property=\"og:image:height\" content=\"643\" \/>\n\t<meta property=\"og:image:type\" content=\"image\/webp\" \/>\n<meta name=\"twitter:card\" content=\"summary_large_image\" \/>\n<meta name=\"twitter:label1\" content=\"Est. reading time\" \/>\n\t<meta name=\"twitter:data1\" content=\"2 minutos\" \/>\n<script type=\"application\/ld+json\" class=\"yoast-schema-graph\">{\"@context\":\"https:\\\/\\\/schema.org\",\"@graph\":[{\"@type\":\"WebPage\",\"@id\":\"https:\\\/\\\/skishop.no\\\/produkt\\\/nordim-w-rosa-9917660835187936\\\/\",\"url\":\"https:\\\/\\\/skishop.no\\\/produkt\\\/nordim-w-rosa-9917660835187936\\\/\",\"name\":\"Nordim-W Rosa - Trysil Skishop\",\"isPartOf\":{\"@id\":\"https:\\\/\\\/skishop.no\\\/#website\"},\"primaryImageOfPage\":{\"@id\":\"https:\\\/\\\/skishop.no\\\/produkt\\\/nordim-w-rosa-9917660835187936\\\/#primaryimage\"},\"image\":{\"@id\":\"https:\\\/\\\/skishop.no\\\/produkt\\\/nordim-w-rosa-9917660835187936\\\/#primaryimage\"},\"thumbnailUrl\":\"https:\\\/\\\/skishop.no\\\/wp-content\\\/uploads\\\/2026\\\/03\\\/kilpi-nordim-w-2324-bezecka-bunda-7.webp\",\"datePublished\":\"2026-03-19T13:59:51+00:00\",\"dateModified\":\"2026-05-06T16:37:32+00:00\",\"description\":\"Nordim-W Rosa Trysil Skishop\",\"breadcrumb\":{\"@id\":\"https:\\\/\\\/skishop.no\\\/produkt\\\/nordim-w-rosa-9917660835187936\\\/#breadcrumb\"},\"inLanguage\":\"es\",\"potentialAction\":[{\"@type\":\"ReadAction\",\"target\":[\"https:\\\/\\\/skishop.no\\\/produkt\\\/nordim-w-rosa-9917660835187936\\\/\"]}]},{\"@type\":\"ImageObject\",\"inLanguage\":\"es\",\"@id\":\"https:\\\/\\\/skishop.no\\\/produkt\\\/nordim-w-rosa-9917660835187936\\\/#primaryimage\",\"url\":\"https:\\\/\\\/skishop.no\\\/wp-content\\\/uploads\\\/2026\\\/03\\\/kilpi-nordim-w-2324-bezecka-bunda-7.webp\",\"contentUrl\":\"https:\\\/\\\/skishop.no\\\/wp-content\\\/uploads\\\/2026\\\/03\\\/kilpi-nordim-w-2324-bezecka-bunda-7.webp\",\"width\":600,\"height\":600},{\"@type\":\"BreadcrumbList\",\"@id\":\"https:\\\/\\\/skishop.no\\\/produkt\\\/nordim-w-rosa-9917660835187936\\\/#breadcrumb\",\"itemListElement\":[{\"@type\":\"ListItem\",\"position\":1,\"name\":\"Hjem\",\"item\":\"https:\\\/\\\/skishop.no\\\/\"},{\"@type\":\"ListItem\",\"position\":2,\"name\":\"Butikk\",\"item\":\"https:\\\/\\\/skishop.no\\\/butikk\\\/\"},{\"@type\":\"ListItem\",\"position\":3,\"name\":\"Nordim-W Rosa\"}]},{\"@type\":\"WebSite\",\"@id\":\"https:\\\/\\\/skishop.no\\\/#website\",\"url\":\"https:\\\/\\\/skishop.no\\\/\",\"name\":\"Trysil Skishop\",\"description\":\"Trysils billigste skiutleie\",\"publisher\":{\"@id\":\"https:\\\/\\\/skishop.no\\\/#organization\"},\"alternateName\":\"Trysil ski leie\",\"potentialAction\":[{\"@type\":\"SearchAction\",\"target\":{\"@type\":\"EntryPoint\",\"urlTemplate\":\"https:\\\/\\\/skishop.no\\\/?s={search_term_string}\"},\"query-input\":{\"@type\":\"PropertyValueSpecification\",\"valueRequired\":true,\"valueName\":\"search_term_string\"}}],\"inLanguage\":\"es\"},{\"@type\":\"Organization\",\"@id\":\"https:\\\/\\\/skishop.no\\\/#organization\",\"name\":\"Trysil Skishop\",\"alternateName\":\"Trysil Skishop AS\",\"url\":\"https:\\\/\\\/skishop.no\\\/\",\"logo\":{\"@type\":\"ImageObject\",\"inLanguage\":\"es\",\"@id\":\"https:\\\/\\\/skishop.no\\\/#\\\/schema\\\/logo\\\/image\\\/\",\"url\":\"https:\\\/\\\/skishop.no\\\/wp-content\\\/uploads\\\/2025\\\/09\\\/Site-icon-1.webp\",\"contentUrl\":\"https:\\\/\\\/skishop.no\\\/wp-content\\\/uploads\\\/2025\\\/09\\\/Site-icon-1.webp\",\"width\":468,\"height\":389,\"caption\":\"Trysil Skishop\"},\"image\":{\"@id\":\"https:\\\/\\\/skishop.no\\\/#\\\/schema\\\/logo\\\/image\\\/\"},\"sameAs\":[\"https:\\\/\\\/www.facebook.com\\\/TrysilSkishop\\\/\",\"https:\\\/\\\/www.instagram.com\\\/skishop.no\"],\"description\":\"Trysil Skishop er Trysilfjellets rimeligste ski- og sykkelutleie, som tilbyr utleie av ski- og sykkelutstyr av h\u00f8y kvalitet til lave priser. De holder til p\u00e5 Trysil Shellsenter, ca. 2 km f\u00f8r Trysil Turistsenter, med enkel parkering rett utenfor. Skishop tilbyr ogs\u00e5 skiutstyrservice \u00e5ret rundt, hvor de forbereder ski til vintersesongen med profesjonell slipemaskin og erfarne teknikere. Stedet gir rask og effektiv service slik at kunder raskt kan komme seg ut i bakken eller p\u00e5 tur. Om sommeren kan man leie sykler av h\u00f8y kvalitet hos dem, og de har ogs\u00e5 en sportsbutikk med n\u00f8dvendig utstyr for ski- og sykkelturer. Trysil Skishop har ogs\u00e5 samarbeidspartnere som gir rabatter til deres gjester. De er kjent for \u00e5 kombinere lave priser med like h\u00f8y standard p\u00e5 utstyret som andre utleiesteder i omr\u00e5det.\",\"email\":\"Info@skishop.no\",\"telephone\":\"+4791929291\",\"legalName\":\"Trysil Skishop AS\",\"foundingDate\":\"1999-01-01\",\"vatID\":\"981 443 489\",\"numberOfEmployees\":{\"@type\":\"QuantitativeValue\",\"minValue\":\"11\",\"maxValue\":\"50\"},\"publishingPrinciples\":\"https:\\\/\\\/skishop.no\\\/ofte-stile-sporsmal\\\/\"}]}<\/script>\n<!-- \/ Yoast SEO Premium plugin. -->","yoast_head_json":{"title":"Nordim-W Rosa - Trysil Skishop","description":"Nordim-W Rosa Trysil Skishop","robots":{"index":"index","follow":"follow","max-snippet":"max-snippet:-1","max-image-preview":"max-image-preview:large","max-video-preview":"max-video-preview:-1"},"canonical":"https:\/\/skishop.no\/es\/producto\/nordim-w-rosa-9917660835187936\/","og_locale":"es_ES","og_type":"article","og_title":"Nordim-W Rosa % - Trysil Skishop","og_description":"-","og_url":"https:\/\/skishop.no\/es\/producto\/nordim-w-rosa-9917660835187936\/","og_site_name":"Trysil Skishop","article_publisher":"https:\/\/www.facebook.com\/TrysilSkishop\/","article_modified_time":"2026-05-06T16:37:32+00:00","og_image":[{"width":964,"height":643,"url":"https:\/\/skishop.no\/wp-content\/uploads\/2025\/09\/Skishop-e1773158831889.jpg","type":"image\/webp"}],"twitter_card":"summary_large_image","twitter_misc":{"Est. reading time":"2 minutos"},"schema":{"@context":"https:\/\/schema.org","@graph":[{"@type":"WebPage","@id":"https:\/\/skishop.no\/produkt\/nordim-w-rosa-9917660835187936\/","url":"https:\/\/skishop.no\/produkt\/nordim-w-rosa-9917660835187936\/","name":"Nordim-W Rosa - Trysil Skishop","isPartOf":{"@id":"https:\/\/skishop.no\/#website"},"primaryImageOfPage":{"@id":"https:\/\/skishop.no\/produkt\/nordim-w-rosa-9917660835187936\/#primaryimage"},"image":{"@id":"https:\/\/skishop.no\/produkt\/nordim-w-rosa-9917660835187936\/#primaryimage"},"thumbnailUrl":"https:\/\/skishop.no\/wp-content\/uploads\/2026\/03\/kilpi-nordim-w-2324-bezecka-bunda-7.webp","datePublished":"2026-03-19T13:59:51+00:00","dateModified":"2026-05-06T16:37:32+00:00","description":"Nordim-W Rosa Trysil Skishop","breadcrumb":{"@id":"https:\/\/skishop.no\/produkt\/nordim-w-rosa-9917660835187936\/#breadcrumb"},"inLanguage":"es","potentialAction":[{"@type":"ReadAction","target":["https:\/\/skishop.no\/produkt\/nordim-w-rosa-9917660835187936\/"]}]},{"@type":"ImageObject","inLanguage":"es","@id":"https:\/\/skishop.no\/produkt\/nordim-w-rosa-9917660835187936\/#primaryimage","url":"https:\/\/skishop.no\/wp-content\/uploads\/2026\/03\/kilpi-nordim-w-2324-bezecka-bunda-7.webp","contentUrl":"https:\/\/skishop.no\/wp-content\/uploads\/2026\/03\/kilpi-nordim-w-2324-bezecka-bunda-7.webp","width":600,"height":600},{"@type":"BreadcrumbList","@id":"https:\/\/skishop.no\/produkt\/nordim-w-rosa-9917660835187936\/#breadcrumb","itemListElement":[{"@type":"ListItem","position":1,"name":"Hjem","item":"https:\/\/skishop.no\/"},{"@type":"ListItem","position":2,"name":"Butikk","item":"https:\/\/skishop.no\/butikk\/"},{"@type":"ListItem","position":3,"name":"Nordim-W Rosa"}]},{"@type":"WebSite","@id":"https:\/\/skishop.no\/#website","url":"https:\/\/skishop.no\/","name":"Trysil Skishop","description":"El alquiler de esqu\u00eds m\u00e1s barato de Trysil","publisher":{"@id":"https:\/\/skishop.no\/#organization"},"alternateName":"Trysil ski leie","potentialAction":[{"@type":"SearchAction","target":{"@type":"EntryPoint","urlTemplate":"https:\/\/skishop.no\/?s={search_term_string}"},"query-input":{"@type":"PropertyValueSpecification","valueRequired":true,"valueName":"search_term_string"}}],"inLanguage":"es"},{"@type":"Organization","@id":"https:\/\/skishop.no\/#organization","name":"Trysil Skishop","alternateName":"Trysil Skishop AS","url":"https:\/\/skishop.no\/","logo":{"@type":"ImageObject","inLanguage":"es","@id":"https:\/\/skishop.no\/#\/schema\/logo\/image\/","url":"https:\/\/skishop.no\/wp-content\/uploads\/2025\/09\/Site-icon-1.webp","contentUrl":"https:\/\/skishop.no\/wp-content\/uploads\/2025\/09\/Site-icon-1.webp","width":468,"height":389,"caption":"Trysil Skishop"},"image":{"@id":"https:\/\/skishop.no\/#\/schema\/logo\/image\/"},"sameAs":["https:\/\/www.facebook.com\/TrysilSkishop\/","https:\/\/www.instagram.com\/skishop.no"],"description":"Trysil Skishop es la empresa de alquiler de esqu\u00eds y bicicletas m\u00e1s asequible de Trysilfjellet, y ofrece alquiler de equipos de esqu\u00ed y bicicletas de alta calidad a precios bajos. Est\u00e1n situados en Trysil Shellsenter, unos 2 km antes de Trysil Turistsenter, con f\u00e1cil aparcamiento justo fuera. Skishop tambi\u00e9n ofrece un servicio de equipamiento de esqu\u00ed durante todo el a\u00f1o, donde preparan los esqu\u00eds para la temporada de invierno con una rectificadora profesional y t\u00e9cnicos experimentados. El lugar ofrece un servicio r\u00e1pido y eficaz para que los clientes puedan salir r\u00e1pidamente a las pistas o de excursi\u00f3n. En verano, puede alquilarles bicicletas de alta calidad, y tambi\u00e9n disponen de una tienda de deportes con el equipo necesario para viajes de esqu\u00ed y ciclismo. Trysil Skishop tambi\u00e9n cuenta con socios que ofrecen descuentos a sus hu\u00e9spedes. Son conocidos por combinar precios bajos con el mismo alto nivel de equipamiento que otros centros de alquiler de la zona.","email":"Info@skishop.no","telephone":"+4791929291","legalName":"Trysil Skishop AS","foundingDate":"1999-01-01","vatID":"981 443 489","numberOfEmployees":{"@type":"QuantitativeValue","minValue":"11","maxValue":"50"},"publishingPrinciples":"https:\/\/skishop.no\/ofte-stile-sporsmal\/"}]}},"_links":{"self":[{"href":"https:\/\/skishop.no\/es\/wp-json\/wp\/v2\/product\/8690","targetHints":{"allow":["GET"]}}],"collection":[{"href":"https:\/\/skishop.no\/es\/wp-json\/wp\/v2\/product"}],"about":[{"href":"https:\/\/skishop.no\/es\/wp-json\/wp\/v2\/types\/product"}],"version-history":[{"count":2,"href":"https:\/\/skishop.no\/es\/wp-json\/wp\/v2\/product\/8690\/revisions"}],"predecessor-version":[{"id":8701,"href":"https:\/\/skishop.no\/es\/wp-json\/wp\/v2\/product\/8690\/revisions\/8701"}],"wp:featuredmedia":[{"embeddable":true,"href":"https:\/\/skishop.no\/es\/wp-json\/wp\/v2\/media\/8793"}],"wp:attachment":[{"href":"https:\/\/skishop.no\/es\/wp-json\/wp\/v2\/media?parent=8690"}],"wp:term":[{"taxonomy":"product_brand","embeddable":true,"href":"https:\/\/skishop.no\/es\/wp-json\/wp\/v2\/product_brand?post=8690"},{"taxonomy":"product_cat","embeddable":true,"href":"https:\/\/skishop.no\/es\/wp-json\/wp\/v2\/product_cat?post=8690"},{"taxonomy":"product_tag","embeddable":true,"href":"https:\/\/skishop.no\/es\/wp-json\/wp\/v2\/product_tag?post=8690"}],"curies":[{"name":"wp","href":"https:\/\/api.w.org\/{rel}","templated":true}]}}