{"id":3631,"date":"2025-11-01T13:04:56","date_gmt":"2025-11-01T12:04:56","guid":{"rendered":"https:\/\/skishop.no\/cookie-policy\/"},"modified":"2025-11-01T13:19:52","modified_gmt":"2025-11-01T12:19:52","slug":"cookie-policy","status":"publish","type":"page","link":"https:\/\/skishop.no\/fr\/politique-en-matiere-de-cookies\/","title":{"rendered":"Politique en mati\u00e8re de cookies"},"content":{"rendered":"<div data-elementor-type=\"wp-page\" data-elementor-id=\"3631\" class=\"elementor elementor-3631\" data-elementor-post-type=\"page\">\n\t\t\t\t<div data-particle_enable=\"false\" data-particle-mobile-disabled=\"false\" class=\"elementor-element elementor-element-2321f544 e-flex e-con-boxed e-con e-parent\" data-id=\"2321f544\" data-element_type=\"container\" data-e-type=\"container\">\n\t\t\t\t\t<div class=\"e-con-inner\">\n\t\t\t\t<div class=\"elementor-element elementor-element-4fb8a676 elementor-widget elementor-widget-text-editor\" data-id=\"4fb8a676\" data-element_type=\"widget\" data-e-type=\"widget\" data-widget_type=\"text-editor.default\">\n\t\t\t\t\t\t\t\t\t\n<p>Cette page fournit des informations compl\u00e8tes sur la mani\u00e8re dont nous utilisons les cookies sur notre site web afin d'am\u00e9liorer votre exp\u00e9rience de navigation, d'am\u00e9liorer les performances du site web et de fournir un contenu personnalis\u00e9. Les cookies sont de petits fichiers texte qui sont stock\u00e9s sur votre appareil lorsque vous visitez notre site. Ils nous aident \u00e0 comprendre comment les visiteurs interagissent avec notre site web, ce qui nous permet d'offrir une exp\u00e9rience utilisateur plus fluide et plus efficace. Dans le tableau ci-dessous, vous trouverez des informations d\u00e9taill\u00e9es sur chaque type de cookie que nous utilisons, leur finalit\u00e9 et la dur\u00e9e pendant laquelle ils restent sur votre appareil. Nous nous engageons \u00e0 respecter votre vie priv\u00e9e et \u00e0 assurer la transparence des donn\u00e9es que nous collectons par le biais des cookies. Pour plus d'informations sur la mani\u00e8re dont nous traitons vos donn\u00e9es personnelles, veuillez consulter notre site web. <a href=\"https:\/\/skishop.no\/fr\/vie-privee\/\">Politique de confidentialit\u00e9.<\/a><\/p>\n<p><\/p>\n<div class=\"wpconsent-cookie-policy\">\n<h2 class=\"wpconsent-cookie-category-name\">Essentiel<\/h2>\n<p class=\"wpconsent-cookie-category-description\">Les cookies essentiels permettent des fonctions de base et sont n\u00e9cessaires au bon fonctionnement du site web.<\/p>\n<table class=\"wpconsent-cookie-policy-table\">\n<tr>\n<th>Nom<\/th>\n<th>Description<\/th>\n<th>Dur\u00e9e de l'accord<\/th>\n<\/tr>\n<tr>\n<td>wpconsent_preferences<\/td>\n<td>Ce cookie est utilis\u00e9 pour stocker les pr\u00e9f\u00e9rences de l'utilisateur en mati\u00e8re de consentement aux cookies.<\/td>\n<td>30 jours<\/td>\n<\/tr>\n<\/table>\n<h3 class=\"wpconsent-cookie-service-name\">Google Tag Manager<\/h3>\n<p class=\"wpconsent-cookie-service-description\">Google Tag Manager simplifie la gestion des balises marketing sur votre site web sans modification du code.<\/p>\n<table class=\"wpconsent-cookie-policy-table\">\n<tr>\n<th>Nom<\/th>\n<th>Description<\/th>\n<th>Dur\u00e9e de l'accord<\/th>\n<\/tr>\n<tr>\n<td>td<\/td>\n<td>Enregistre des donn\u00e9es statistiques sur le comportement des utilisateurs sur le site web. Utilis\u00e9 \u00e0 des fins d'analyse interne par l'op\u00e9rateur du site web.<\/td>\n<td>session<\/td>\n<\/tr>\n<tr>\n<td>pr\u00e9f\u00e9rences en mati\u00e8re de cookies<\/td>\n<td>Enregistre les pr\u00e9f\u00e9rences d'un utilisateur en mati\u00e8re de cookies<\/td>\n<td>2 ans<\/td>\n<\/tr>\n<\/table>\n<h2 class=\"wpconsent-cookie-category-name\">Statistiques<\/h2>\n<p class=\"wpconsent-cookie-category-description\">Les cookies statistiques collectent des informations de mani\u00e8re anonyme. Ces informations nous aident \u00e0 comprendre comment les visiteurs utilisent notre site web.<\/p>\n<h3 class=\"wpconsent-cookie-service-name\">Google Analytics<\/h3>\n<p class=\"wpconsent-cookie-service-description\">Google Analytics est un outil puissant qui permet de suivre et d'analyser le trafic d'un site web afin de prendre des d\u00e9cisions \u00e9clair\u00e9es en mati\u00e8re de marketing.<\/p>\n<p><a href=\"https:\/\/policies.google.com\/privacy\">En savoir plus<\/a><\/p>\n<table class=\"wpconsent-cookie-policy-table\">\n<tr>\n<th>Nom<\/th>\n<th>Description<\/th>\n<th>Dur\u00e9e de l'accord<\/th>\n<\/tr>\n<tr>\n<td>Le gouvernement a d\u00e9cid\u00e9 de mettre en place un programme d'aide \u00e0 l'emploi et \u00e0 la formation.<\/td>\n<td>Contient des informations relatives aux campagnes marketing de l'utilisateur. Celles-ci sont partag\u00e9es avec Google AdWords \/ Google Ads lorsque les comptes Google Ads et Google Analytics sont li\u00e9s ensemble.<\/td>\n<td>90 jours<\/td>\n<\/tr>\n<tr>\n<td>__utma<\/td>\n<td>ID utilis\u00e9 pour identifier les utilisateurs et les sessions<\/td>\n<td>2 ans apr\u00e8s la derni\u00e8re activit\u00e9<\/td>\n<\/tr>\n<tr>\n<td>__utmt<\/td>\n<td>Utilis\u00e9 pour contr\u00f4ler le nombre de requ\u00eates du serveur Google Analytics<\/td>\n<td>10 minutes<\/td>\n<\/tr>\n<tr>\n<td>__utmb<\/td>\n<td>Utilis\u00e9 pour distinguer les nouvelles sessions et visites. Ce cookie est d\u00e9fini lorsque la biblioth\u00e8que javascript GA.js est charg\u00e9e et qu'il n'existe pas de cookie __utmb. Le cookie est mis \u00e0 jour \u00e0 chaque fois que des donn\u00e9es sont envoy\u00e9es au serveur Google Analytics.<\/td>\n<td>30 minutes apr\u00e8s la derni\u00e8re activit\u00e9<\/td>\n<\/tr>\n<tr>\n<td>__utmc<\/td>\n<td>Utilis\u00e9 uniquement avec les anciennes versions Urchin de Google Analytics et non avec GA.js. Utilis\u00e9 pour faire la distinction entre les nouvelles sessions et les visites \u00e0 la fin d'une session.<\/td>\n<td>Fin de session (navigateur)<\/td>\n<\/tr>\n<tr>\n<td>__utmz<\/td>\n<td>Contient des informations sur la source de trafic ou la campagne qui a dirig\u00e9 l'utilisateur vers le site web. Le cookie est install\u00e9 lorsque le javascript GA.js est charg\u00e9 et mis \u00e0 jour lorsque les donn\u00e9es sont envoy\u00e9es au serveur Google Anaytics.<\/td>\n<td>6 mois apr\u00e8s la derni\u00e8re activit\u00e9<\/td>\n<\/tr>\n<tr>\n<td>__utmv<\/td>\n<td>Contient des informations personnalis\u00e9es d\u00e9finies par le d\u00e9veloppeur web via la m\u00e9thode _setCustomVar dans Google Analytics. Ce cookie est mis \u00e0 jour \u00e0 chaque fois que de nouvelles donn\u00e9es sont envoy\u00e9es au serveur Google Analytics.<\/td>\n<td>2 ans apr\u00e8s la derni\u00e8re activit\u00e9<\/td>\n<\/tr>\n<tr>\n<td>__utmx<\/td>\n<td>Utilis\u00e9 pour d\u00e9terminer si un utilisateur est inclus dans un test A\/B ou multivari\u00e9.<\/td>\n<td>18 mois<\/td>\n<\/tr>\n<tr>\n<td>_ga<\/td>\n<td>ID utilis\u00e9 pour identifier les utilisateurs<\/td>\n<td>2 ans<\/td>\n<\/tr>\n<tr>\n<td>_gali<\/td>\n<td>Utilis\u00e9 par Google Analytics pour d\u00e9terminer quels liens sont cliqu\u00e9s sur une page.<\/td>\n<td>30 secondes<\/td>\n<\/tr>\n<tr>\n<td>Il n'y a pas d'autre choix que d'aller \u00e0 l'\u00e9cole.<\/td>\n<td>ID utilis\u00e9 pour identifier les utilisateurs<\/td>\n<td>2 ans<\/td>\n<\/tr>\n<tr>\n<td>_gid<\/td>\n<td>ID utilis\u00e9 pour identifier les utilisateurs pendant 24 heures apr\u00e8s la derni\u00e8re activit\u00e9<\/td>\n<td>24 heures<\/td>\n<\/tr>\n<tr>\n<td>Trou<\/td>\n<td>Utilis\u00e9 pour contr\u00f4ler le nombre de requ\u00eates du serveur Google Analytics lors de l'utilisation de Google Tag Manager.<\/td>\n<td>1 minute<\/td>\n<\/tr>\n<\/table>\n<h3 class=\"wpconsent-cookie-service-name\">WooCommerce Sourcebuster<\/h3>\n<p class=\"wpconsent-cookie-service-description\">SourceBuster est utilis\u00e9 par WooCommerce pour l'attribution des commandes en fonction de la source de l'utilisateur.<\/p>\n<table class=\"wpconsent-cookie-policy-table\">\n<tr>\n<th>Nom<\/th>\n<th>Description<\/th>\n<th>Dur\u00e9e de l'accord<\/th>\n<\/tr>\n<tr>\n<td>sbjs_session<\/td>\n<td>Le nombre de pages vues dans cette session et le chemin d'acc\u00e8s \u00e0 la page actuelle<\/td>\n<td>30 minutes<\/td>\n<\/tr>\n<tr>\n<td>sbjs_udata<\/td>\n<td>Informations sur l'agent utilisateur du visiteur, telles que l'adresse IP, le navigateur et le type d'appareil<\/td>\n<td>session<\/td>\n<\/tr>\n<tr>\n<td>sbjs_first<\/td>\n<td>Informations sur l'origine du trafic lors de la premi\u00e8re visite du visiteur dans votre magasin (uniquement si le visiteur revient avant l'expiration de la session).<\/td>\n<td>session<\/td>\n<\/tr>\n<tr>\n<td>sbjs_current<\/td>\n<td>Informations sur l'origine du trafic pour la visite actuelle du visiteur dans votre magasin<\/td>\n<td>session<\/td>\n<\/tr>\n<tr>\n<td>sbjs_first_add<\/td>\n<td>Horodatage, URL de r\u00e9f\u00e9rence et page d'entr\u00e9e pour la premi\u00e8re visite de votre visiteur dans votre magasin (uniquement applicable si le visiteur revient avant l'expiration de la session).<\/td>\n<td>session<\/td>\n<\/tr>\n<tr>\n<td>sbjs_current_add<\/td>\n<td>Horodatage, URL de r\u00e9f\u00e9rence et page d'entr\u00e9e pour la visite actuelle de votre visiteur dans votre magasin<\/td>\n<td>session<\/td>\n<\/tr>\n<tr>\n<td>sbjs_migrations<\/td>\n<td>Donn\u00e9es techniques pour faciliter les migrations entre les diff\u00e9rentes versions du dispositif de suivi<\/td>\n<td>session<\/td>\n<\/tr>\n<\/table>\n<\/div>\n\t\t\t\t\t\t\t\t<\/div>\n\t\t\t\t\t<\/div>\n\t\t\t\t<\/div>\n\t\t\t\t<\/div>","protected":false},"excerpt":{"rendered":"<p>This page provides comprehensive information about how we use cookies on our website to enhance your browsing experience, improve website performance, and deliver personalized content. Cookies are small text files that are stored on your device when you visit our site. They help us understand how visitors interact with our website, allowing us to offer [&hellip;]<\/p>\n","protected":false},"author":1,"featured_media":0,"parent":0,"menu_order":0,"comment_status":"closed","ping_status":"closed","template":"","meta":{"site-sidebar-layout":"default","site-content-layout":"","ast-site-content-layout":"default","site-content-style":"default","site-sidebar-style":"default","ast-global-header-display":"","ast-banner-title-visibility":"","ast-main-header-display":"","ast-hfb-above-header-display":"","ast-hfb-below-header-display":"","ast-hfb-mobile-header-display":"","site-post-title":"","ast-breadcrumbs-content":"","ast-featured-img":"","footer-sml-layout":"","ast-disable-related-posts":"","theme-transparent-header-meta":"","adv-header-id-meta":"","stick-header-meta":"","header-above-stick-meta":"","header-main-stick-meta":"","header-below-stick-meta":"","astra-migrate-meta-layouts":"set","ast-page-background-enabled":"default","ast-page-background-meta":{"desktop":{"background-color":"var(--ast-global-color-4)","background-image":"","background-repeat":"repeat","background-position":"center center","background-size":"auto","background-attachment":"scroll","background-type":"","background-media":"","overlay-type":"","overlay-color":"","overlay-opacity":"","overlay-gradient":""},"tablet":{"background-color":"","background-image":"","background-repeat":"repeat","background-position":"center center","background-size":"auto","background-attachment":"scroll","background-type":"","background-media":"","overlay-type":"","overlay-color":"","overlay-opacity":"","overlay-gradient":""},"mobile":{"background-color":"","background-image":"","background-repeat":"repeat","background-position":"center center","background-size":"auto","background-attachment":"scroll","background-type":"","background-media":"","overlay-type":"","overlay-color":"","overlay-opacity":"","overlay-gradient":""}},"ast-content-background-meta":{"desktop":{"background-color":"var(--ast-global-color-5)","background-image":"","background-repeat":"repeat","background-position":"center center","background-size":"auto","background-attachment":"scroll","background-type":"","background-media":"","overlay-type":"","overlay-color":"","overlay-opacity":"","overlay-gradient":""},"tablet":{"background-color":"var(--ast-global-color-5)","background-image":"","background-repeat":"repeat","background-position":"center center","background-size":"auto","background-attachment":"scroll","background-type":"","background-media":"","overlay-type":"","overlay-color":"","overlay-opacity":"","overlay-gradient":""},"mobile":{"background-color":"var(--ast-global-color-5)","background-image":"","background-repeat":"repeat","background-position":"center center","background-size":"auto","background-attachment":"scroll","background-type":"","background-media":"","overlay-type":"","overlay-color":"","overlay-opacity":"","overlay-gradient":""}},"footnotes":""},"class_list":["post-3631","page","type-page","status-publish","hentry"],"yoast_head":"<!-- This site is optimized with the Yoast SEO Premium plugin v27.2 (Yoast SEO v27.4) - https:\/\/yoast.com\/product\/yoast-seo-premium-wordpress\/ -->\n<title>Cookie Policy - Trysil Skishop<\/title>\n<meta name=\"description\" content=\"Trysil Skishop -\" \/>\n<meta name=\"robots\" content=\"index, follow, max-snippet:-1, max-image-preview:large, max-video-preview:-1\" \/>\n<link rel=\"canonical\" href=\"https:\/\/skishop.no\/fr\/cookiepolitik\/\" \/>\n<meta property=\"og:locale\" content=\"fr_FR\" \/>\n<meta property=\"og:type\" content=\"article\" \/>\n<meta property=\"og:title\" content=\"Cookie Policy\" \/>\n<meta property=\"og:description\" content=\"Trysil Skishop -\" \/>\n<meta property=\"og:url\" content=\"https:\/\/skishop.no\/fr\/cookiepolitik\/\" \/>\n<meta property=\"og:site_name\" content=\"Trysil Skishop\" \/>\n<meta property=\"article:publisher\" content=\"https:\/\/www.facebook.com\/TrysilSkishop\/\" \/>\n<meta property=\"article:modified_time\" content=\"2025-11-01T12:19:52+00:00\" \/>\n<meta property=\"og:image\" content=\"https:\/\/skishop.no\/wp-content\/uploads\/2025\/09\/Skishop-e1773158831889.jpg\" \/>\n\t<meta property=\"og:image:width\" content=\"964\" \/>\n\t<meta property=\"og:image:height\" content=\"643\" \/>\n\t<meta property=\"og:image:type\" content=\"image\/webp\" \/>\n<meta name=\"twitter:card\" content=\"summary_large_image\" \/>\n<meta name=\"twitter:label1\" content=\"Dur\u00e9e de lecture estim\u00e9e\" \/>\n\t<meta name=\"twitter:data1\" content=\"1 minute\" \/>\n<script type=\"application\/ld+json\" class=\"yoast-schema-graph\">{\"@context\":\"https:\\\/\\\/schema.org\",\"@graph\":[{\"@type\":\"Article\",\"@id\":\"https:\\\/\\\/skishop.no\\\/da\\\/cookiepolitik\\\/#article\",\"isPartOf\":{\"@id\":\"https:\\\/\\\/skishop.no\\\/da\\\/cookiepolitik\\\/\"},\"author\":{\"name\":\"\",\"@id\":\"https:\\\/\\\/skishop.no\\\/#\\\/schema\\\/person\\\/e1116c92488e263d9a1324f1bd5d2dcb\"},\"headline\":\"Cookie Policy\",\"datePublished\":\"2025-11-01T12:04:56+00:00\",\"dateModified\":\"2025-11-01T12:19:52+00:00\",\"mainEntityOfPage\":{\"@id\":\"https:\\\/\\\/skishop.no\\\/da\\\/cookiepolitik\\\/\"},\"wordCount\":125,\"publisher\":{\"@id\":\"https:\\\/\\\/skishop.no\\\/#organization\"},\"inLanguage\":\"fr-FR\"},{\"@type\":\"WebPage\",\"@id\":\"https:\\\/\\\/skishop.no\\\/da\\\/cookiepolitik\\\/\",\"url\":\"https:\\\/\\\/skishop.no\\\/da\\\/cookiepolitik\\\/\",\"name\":\"Cookie Policy - Trysil Skishop\",\"isPartOf\":{\"@id\":\"https:\\\/\\\/skishop.no\\\/#website\"},\"datePublished\":\"2025-11-01T12:04:56+00:00\",\"dateModified\":\"2025-11-01T12:19:52+00:00\",\"description\":\"Trysil Skishop -\",\"breadcrumb\":{\"@id\":\"https:\\\/\\\/skishop.no\\\/da\\\/cookiepolitik\\\/#breadcrumb\"},\"inLanguage\":\"fr-FR\",\"potentialAction\":[{\"@type\":\"ReadAction\",\"target\":[\"https:\\\/\\\/skishop.no\\\/da\\\/cookiepolitik\\\/\"]}]},{\"@type\":\"BreadcrumbList\",\"@id\":\"https:\\\/\\\/skishop.no\\\/da\\\/cookiepolitik\\\/#breadcrumb\",\"itemListElement\":[{\"@type\":\"ListItem\",\"position\":1,\"name\":\"Hjem\",\"item\":\"https:\\\/\\\/skishop.no\\\/\"},{\"@type\":\"ListItem\",\"position\":2,\"name\":\"Cookie Policy\"}]},{\"@type\":\"WebSite\",\"@id\":\"https:\\\/\\\/skishop.no\\\/#website\",\"url\":\"https:\\\/\\\/skishop.no\\\/\",\"name\":\"Trysil Skishop\",\"description\":\"Trysils billigste skiutleie\",\"publisher\":{\"@id\":\"https:\\\/\\\/skishop.no\\\/#organization\"},\"alternateName\":\"Trysil ski leie\",\"potentialAction\":[{\"@type\":\"SearchAction\",\"target\":{\"@type\":\"EntryPoint\",\"urlTemplate\":\"https:\\\/\\\/skishop.no\\\/?s={search_term_string}\"},\"query-input\":{\"@type\":\"PropertyValueSpecification\",\"valueRequired\":true,\"valueName\":\"search_term_string\"}}],\"inLanguage\":\"fr-FR\"},{\"@type\":\"Organization\",\"@id\":\"https:\\\/\\\/skishop.no\\\/#organization\",\"name\":\"Trysil Skishop\",\"alternateName\":\"Trysil Skishop AS\",\"url\":\"https:\\\/\\\/skishop.no\\\/\",\"logo\":{\"@type\":\"ImageObject\",\"inLanguage\":\"fr-FR\",\"@id\":\"https:\\\/\\\/skishop.no\\\/#\\\/schema\\\/logo\\\/image\\\/\",\"url\":\"https:\\\/\\\/skishop.no\\\/wp-content\\\/uploads\\\/2025\\\/09\\\/Site-icon-1.webp\",\"contentUrl\":\"https:\\\/\\\/skishop.no\\\/wp-content\\\/uploads\\\/2025\\\/09\\\/Site-icon-1.webp\",\"width\":468,\"height\":389,\"caption\":\"Trysil Skishop\"},\"image\":{\"@id\":\"https:\\\/\\\/skishop.no\\\/#\\\/schema\\\/logo\\\/image\\\/\"},\"sameAs\":[\"https:\\\/\\\/www.facebook.com\\\/TrysilSkishop\\\/\",\"https:\\\/\\\/www.instagram.com\\\/skishop.no\"],\"description\":\"Trysil Skishop er Trysilfjellets rimeligste ski- og sykkelutleie, som tilbyr utleie av ski- og sykkelutstyr av h\u00f8y kvalitet til lave priser. De holder til p\u00e5 Trysil Shellsenter, ca. 2 km f\u00f8r Trysil Turistsenter, med enkel parkering rett utenfor. Skishop tilbyr ogs\u00e5 skiutstyrservice \u00e5ret rundt, hvor de forbereder ski til vintersesongen med profesjonell slipemaskin og erfarne teknikere. Stedet gir rask og effektiv service slik at kunder raskt kan komme seg ut i bakken eller p\u00e5 tur. Om sommeren kan man leie sykler av h\u00f8y kvalitet hos dem, og de har ogs\u00e5 en sportsbutikk med n\u00f8dvendig utstyr for ski- og sykkelturer. Trysil Skishop har ogs\u00e5 samarbeidspartnere som gir rabatter til deres gjester. De er kjent for \u00e5 kombinere lave priser med like h\u00f8y standard p\u00e5 utstyret som andre utleiesteder i omr\u00e5det.\",\"email\":\"Info@skishop.no\",\"telephone\":\"+4791929291\",\"legalName\":\"Trysil Skishop AS\",\"foundingDate\":\"1999-01-01\",\"vatID\":\"981 443 489\",\"numberOfEmployees\":{\"@type\":\"QuantitativeValue\",\"minValue\":\"11\",\"maxValue\":\"50\"},\"publishingPrinciples\":\"https:\\\/\\\/skishop.no\\\/ofte-stile-sporsmal\\\/\"},{\"@type\":\"Person\",\"@id\":\"https:\\\/\\\/skishop.no\\\/#\\\/schema\\\/person\\\/e1116c92488e263d9a1324f1bd5d2dcb\",\"name\":\"\",\"sameAs\":[\"https:\\\/\\\/skishop.no\"],\"url\":\"https:\\\/\\\/skishop.no\\\/fr\\\/author\\\/infoskishop-no\\\/\"}]}<\/script>\n<!-- \/ Yoast SEO Premium plugin. -->","yoast_head_json":{"title":"Politique en mati\u00e8re de cookies - Trysil Skishop","description":"Trysil Skishop -","robots":{"index":"index","follow":"follow","max-snippet":"max-snippet:-1","max-image-preview":"max-image-preview:large","max-video-preview":"max-video-preview:-1"},"canonical":"https:\/\/skishop.no\/fr\/cookiepolitik\/","og_locale":"fr_FR","og_type":"article","og_title":"Cookie Policy","og_description":"Trysil Skishop -","og_url":"https:\/\/skishop.no\/fr\/cookiepolitik\/","og_site_name":"Trysil Skishop","article_publisher":"https:\/\/www.facebook.com\/TrysilSkishop\/","article_modified_time":"2025-11-01T12:19:52+00:00","og_image":[{"width":964,"height":643,"url":"https:\/\/skishop.no\/wp-content\/uploads\/2025\/09\/Skishop-e1773158831889.jpg","type":"image\/webp"}],"twitter_card":"summary_large_image","twitter_misc":{"Dur\u00e9e de lecture estim\u00e9e":"1 minute"},"schema":{"@context":"https:\/\/schema.org","@graph":[{"@type":"Article","@id":"https:\/\/skishop.no\/da\/cookiepolitik\/#article","isPartOf":{"@id":"https:\/\/skishop.no\/da\/cookiepolitik\/"},"author":{"name":"","@id":"https:\/\/skishop.no\/#\/schema\/person\/e1116c92488e263d9a1324f1bd5d2dcb"},"headline":"Cookie Policy","datePublished":"2025-11-01T12:04:56+00:00","dateModified":"2025-11-01T12:19:52+00:00","mainEntityOfPage":{"@id":"https:\/\/skishop.no\/da\/cookiepolitik\/"},"wordCount":125,"publisher":{"@id":"https:\/\/skishop.no\/#organization"},"inLanguage":"fr-FR"},{"@type":"WebPage","@id":"https:\/\/skishop.no\/da\/cookiepolitik\/","url":"https:\/\/skishop.no\/da\/cookiepolitik\/","name":"Politique en mati\u00e8re de cookies - Trysil Skishop","isPartOf":{"@id":"https:\/\/skishop.no\/#website"},"datePublished":"2025-11-01T12:04:56+00:00","dateModified":"2025-11-01T12:19:52+00:00","description":"Trysil Skishop -","breadcrumb":{"@id":"https:\/\/skishop.no\/da\/cookiepolitik\/#breadcrumb"},"inLanguage":"fr-FR","potentialAction":[{"@type":"ReadAction","target":["https:\/\/skishop.no\/da\/cookiepolitik\/"]}]},{"@type":"BreadcrumbList","@id":"https:\/\/skishop.no\/da\/cookiepolitik\/#breadcrumb","itemListElement":[{"@type":"ListItem","position":1,"name":"Hjem","item":"https:\/\/skishop.no\/"},{"@type":"ListItem","position":2,"name":"Cookie Policy"}]},{"@type":"WebSite","@id":"https:\/\/skishop.no\/#website","url":"https:\/\/skishop.no\/","name":"Trysil Skishop","description":"Location de skis la moins ch\u00e8re de Trysil","publisher":{"@id":"https:\/\/skishop.no\/#organization"},"alternateName":"Trysil ski leie","potentialAction":[{"@type":"SearchAction","target":{"@type":"EntryPoint","urlTemplate":"https:\/\/skishop.no\/?s={search_term_string}"},"query-input":{"@type":"PropertyValueSpecification","valueRequired":true,"valueName":"search_term_string"}}],"inLanguage":"fr-FR"},{"@type":"Organization","@id":"https:\/\/skishop.no\/#organization","name":"Trysil Skishop","alternateName":"Trysil Skishop AS","url":"https:\/\/skishop.no\/","logo":{"@type":"ImageObject","inLanguage":"fr-FR","@id":"https:\/\/skishop.no\/#\/schema\/logo\/image\/","url":"https:\/\/skishop.no\/wp-content\/uploads\/2025\/09\/Site-icon-1.webp","contentUrl":"https:\/\/skishop.no\/wp-content\/uploads\/2025\/09\/Site-icon-1.webp","width":468,"height":389,"caption":"Trysil Skishop"},"image":{"@id":"https:\/\/skishop.no\/#\/schema\/logo\/image\/"},"sameAs":["https:\/\/www.facebook.com\/TrysilSkishop\/","https:\/\/www.instagram.com\/skishop.no"],"description":"Trysil Skishop est la soci\u00e9t\u00e9 de location de skis et de v\u00e9los la plus abordable de Trysilfjellet. Elle propose des \u00e9quipements de ski et de v\u00e9lo de haute qualit\u00e9 \u00e0 des prix avantageux. Il est situ\u00e9 \u00e0 Trysil Shellsenter, environ 2 km avant Trysil Turistsenter, et dispose d'un parking facile \u00e0 l'ext\u00e9rieur. Skishop propose \u00e9galement un service d'entretien du mat\u00e9riel de ski tout au long de l'ann\u00e9e. Les skis sont pr\u00e9par\u00e9s pour la saison d'hiver gr\u00e2ce \u00e0 une machine \u00e0 aff\u00fbter professionnelle et \u00e0 des techniciens exp\u00e9riment\u00e9s. Le service est rapide et efficace, ce qui permet aux clients de partir rapidement sur les pistes ou en excursion. En \u00e9t\u00e9, vous pouvez louer des v\u00e9los de haute qualit\u00e9, et l'\u00e9tablissement dispose \u00e9galement d'un magasin de sport avec l'\u00e9quipement n\u00e9cessaire pour les excursions \u00e0 ski et \u00e0 v\u00e9lo. Trysil Skishop a \u00e9galement des partenaires qui offrent des r\u00e9ductions \u00e0 leurs clients. Ils sont r\u00e9put\u00e9s pour combiner des prix bas avec le m\u00eame niveau d'\u00e9quipement que les autres centres de location de la r\u00e9gion.","email":"Info@skishop.no","telephone":"+4791929291","legalName":"Trysil Skishop AS","foundingDate":"1999-01-01","vatID":"981 443 489","numberOfEmployees":{"@type":"QuantitativeValue","minValue":"11","maxValue":"50"},"publishingPrinciples":"https:\/\/skishop.no\/ofte-stile-sporsmal\/"},{"@type":"Person","@id":"https:\/\/skishop.no\/#\/schema\/person\/e1116c92488e263d9a1324f1bd5d2dcb","name":"","sameAs":["https:\/\/skishop.no"],"url":"https:\/\/skishop.no\/fr\/author\/infoskishop-no\/"}]}},"_links":{"self":[{"href":"https:\/\/skishop.no\/fr\/wp-json\/wp\/v2\/pages\/3631","targetHints":{"allow":["GET"]}}],"collection":[{"href":"https:\/\/skishop.no\/fr\/wp-json\/wp\/v2\/pages"}],"about":[{"href":"https:\/\/skishop.no\/fr\/wp-json\/wp\/v2\/types\/page"}],"author":[{"embeddable":true,"href":"https:\/\/skishop.no\/fr\/wp-json\/wp\/v2\/users\/1"}],"replies":[{"embeddable":true,"href":"https:\/\/skishop.no\/fr\/wp-json\/wp\/v2\/comments?post=3631"}],"version-history":[{"count":0,"href":"https:\/\/skishop.no\/fr\/wp-json\/wp\/v2\/pages\/3631\/revisions"}],"wp:attachment":[{"href":"https:\/\/skishop.no\/fr\/wp-json\/wp\/v2\/media?parent=3631"}],"curies":[{"name":"wp","href":"https:\/\/api.w.org\/{rel}","templated":true}]}}