{"id":8601,"date":"2026-03-18T15:06:08","date_gmt":"2026-03-18T14:06:08","guid":{"rendered":"https:\/\/skishop.no\/?post_type=product&#038;p=8601"},"modified":"2026-05-06T17:37:14","modified_gmt":"2026-05-06T16:37:14","slug":"norwel-m-svart-9917660835187897","status":"publish","type":"product","link":"https:\/\/skishop.no\/fr\/produit\/norwel-m-black-9917660835187897\/","title":{"rendered":"Norwel-M Noir"},"content":{"rendered":"<p data-start=\"29\" data-end=\"394\">Le pantalon NORWEL-M de Kilpi a \u00e9t\u00e9 sp\u00e9cialement con\u00e7u pour les amateurs de ski de fond qui appr\u00e9cient les bons mat\u00e9riaux et une coupe bien pens\u00e9e. L'avant est en softshell \u00e9lastique avec une membrane qui offre une bonne protection contre le vent. Il ne laisse pas passer le vent tout en \u00e9tant respirant. Le dos est compos\u00e9 d'une mati\u00e8re tricot\u00e9e chauffante et bross\u00e9e qui vous tient confortablement au chaud.<\/p>\n<p data-start=\"396\" data-end=\"583\">La construction en sandwich au-dessus des genoux maximise la libert\u00e9 de mouvement et contribue \u00e0 une meilleure ventilation. La ceinture est un cordon \u00e9lastique large et confortable qui s'adapte sans serrer.<\/p>\n<p data-start=\"585\" data-end=\"745\">Le pantalon est dot\u00e9 de deux poches zipp\u00e9es et d'extr\u00e9mit\u00e9s de jambes \u00e9lastiques qui peuvent facilement \u00eatre enfil\u00e9es sur les chaussures de ski. Des \u00e9l\u00e9ments r\u00e9fl\u00e9chissants sur les jambes vous rendent tr\u00e8s visible dans l'obscurit\u00e9.<\/p>\n<p data-start=\"747\" data-end=\"932\">Avec une coupe l\u00e9g\u00e8rement plus ample, le pantalon peut \u00e9galement \u00eatre utilis\u00e9 comme v\u00eatement de rechange ou comme couche suppl\u00e9mentaire sur les collants avant ou apr\u00e8s l'entra\u00eenement. Kilpi NORWEL-M est disponible dans un coloris noir polyvalent.<\/p>","protected":false},"excerpt":{"rendered":"<p>Pantalon de ski de fond fonctionnel pour hommes avec protection contre le vent \u00e0 l'avant, dos chaud et bonne mobilit\u00e9 - parfait pour l'entra\u00eenement et comme couche suppl\u00e9mentaire avant et apr\u00e8s les sessions.<\/p>","protected":false},"featured_media":0,"template":"","meta":{"site-sidebar-layout":"default","site-content-layout":"","ast-site-content-layout":"default","site-content-style":"default","site-sidebar-style":"default","ast-global-header-display":"","ast-banner-title-visibility":"","ast-main-header-display":"","ast-hfb-above-header-display":"","ast-hfb-below-header-display":"","ast-hfb-mobile-header-display":"","site-post-title":"","ast-breadcrumbs-content":"","ast-featured-img":"","footer-sml-layout":"","ast-disable-related-posts":"","theme-transparent-header-meta":"default","adv-header-id-meta":"","stick-header-meta":"","header-above-stick-meta":"","header-main-stick-meta":"","header-below-stick-meta":"","astra-migrate-meta-layouts":"set","ast-page-background-enabled":"default","ast-page-background-meta":{"desktop":{"background-color":"var(--ast-global-color-4)","background-image":"","background-repeat":"repeat","background-position":"center center","background-size":"auto","background-attachment":"scroll","background-type":"","background-media":"","overlay-type":"","overlay-color":"","overlay-opacity":"","overlay-gradient":""},"tablet":{"background-color":"","background-image":"","background-repeat":"repeat","background-position":"center center","background-size":"auto","background-attachment":"scroll","background-type":"","background-media":"","overlay-type":"","overlay-color":"","overlay-opacity":"","overlay-gradient":""},"mobile":{"background-color":"","background-image":"","background-repeat":"repeat","background-position":"center center","background-size":"auto","background-attachment":"scroll","background-type":"","background-media":"","overlay-type":"","overlay-color":"","overlay-opacity":"","overlay-gradient":""}},"ast-content-background-meta":{"desktop":{"background-color":"var(--ast-global-color-5)","background-image":"","background-repeat":"repeat","background-position":"center center","background-size":"auto","background-attachment":"scroll","background-type":"","background-media":"","overlay-type":"","overlay-color":"","overlay-opacity":"","overlay-gradient":""},"tablet":{"background-color":"var(--ast-global-color-5)","background-image":"","background-repeat":"repeat","background-position":"center center","background-size":"auto","background-attachment":"scroll","background-type":"","background-media":"","overlay-type":"","overlay-color":"","overlay-opacity":"","overlay-gradient":""},"mobile":{"background-color":"var(--ast-global-color-5)","background-image":"","background-repeat":"repeat","background-position":"center center","background-size":"auto","background-attachment":"scroll","background-type":"","background-media":"","overlay-type":"","overlay-color":"","overlay-opacity":"","overlay-gradient":""}}},"product_brand":[921],"product_cat":[144,927],"product_tag":[],"class_list":{"0":"post-8601","1":"product","2":"type-product","3":"status-publish","5":"product_brand-kilpi","6":"product_cat-10002-bukser","7":"product_cat-herre-10002-bukser-5","8":"pa_8369-l","9":"pa_8369-m","10":"pa_8369-s","11":"pa_8369-xl","12":"pa_8369-xxl","13":"pa_variant-l","14":"pa_variant-m","15":"pa_variant-s","16":"pa_variant-xl","17":"pa_variant-xxl","18":"desktop-align-center","19":"tablet-align-left","20":"mobile-align-left","22":"first","23":"instock","24":"sale","25":"taxable","26":"shipping-taxable","27":"purchasable","28":"product-type-variable"},"yoast_head":"<!-- This site is optimized with the Yoast SEO Premium plugin v27.2 (Yoast SEO v27.5) - https:\/\/yoast.com\/product\/yoast-seo-premium-wordpress\/ -->\n<title>Norwel-M Svart - Trysil Skishop<\/title>\n<meta name=\"description\" content=\"Norwel-M Svart Trysil Skishop\" \/>\n<meta name=\"robots\" content=\"index, follow, max-snippet:-1, max-image-preview:large, max-video-preview:-1\" \/>\n<link rel=\"canonical\" href=\"https:\/\/skishop.no\/fr\/produit\/norwel-m-black-9917660835187897\/\" \/>\n<meta property=\"og:locale\" content=\"fr_FR\" \/>\n<meta property=\"og:type\" content=\"article\" \/>\n<meta property=\"og:title\" content=\"Norwel-M Svart % - Trysil Skishop\" \/>\n<meta property=\"og:description\" content=\"-\" \/>\n<meta property=\"og:url\" content=\"https:\/\/skishop.no\/fr\/produit\/norwel-m-black-9917660835187897\/\" \/>\n<meta property=\"og:site_name\" content=\"Trysil Skishop\" \/>\n<meta property=\"article:publisher\" content=\"https:\/\/www.facebook.com\/TrysilSkishop\/\" \/>\n<meta property=\"article:modified_time\" content=\"2026-05-06T16:37:14+00:00\" \/>\n<meta property=\"og:image\" content=\"https:\/\/skishop.no\/wp-content\/uploads\/2026\/03\/ZM0416KIBLK_NORWEL-M_01.webp\" \/>\n\t<meta property=\"og:image:width\" content=\"640\" \/>\n\t<meta property=\"og:image:height\" content=\"800\" \/>\n\t<meta property=\"og:image:type\" content=\"image\/webp\" \/>\n<meta name=\"twitter:card\" content=\"summary_large_image\" \/>\n<meta name=\"twitter:label1\" content=\"Est. reading time\" \/>\n\t<meta name=\"twitter:data1\" content=\"1 minute\" \/>\n<script type=\"application\/ld+json\" class=\"yoast-schema-graph\">{\"@context\":\"https:\\\/\\\/schema.org\",\"@graph\":[{\"@type\":\"WebPage\",\"@id\":\"https:\\\/\\\/skishop.no\\\/produkt\\\/norwel-m-svart-9917660835187897\\\/\",\"url\":\"https:\\\/\\\/skishop.no\\\/produkt\\\/norwel-m-svart-9917660835187897\\\/\",\"name\":\"Norwel-M Svart - Trysil Skishop\",\"isPartOf\":{\"@id\":\"https:\\\/\\\/skishop.no\\\/#website\"},\"datePublished\":\"2026-03-18T14:06:08+00:00\",\"dateModified\":\"2026-05-06T16:37:14+00:00\",\"description\":\"Norwel-M Svart Trysil Skishop\",\"breadcrumb\":{\"@id\":\"https:\\\/\\\/skishop.no\\\/produkt\\\/norwel-m-svart-9917660835187897\\\/#breadcrumb\"},\"inLanguage\":\"fr-FR\",\"potentialAction\":[{\"@type\":\"ReadAction\",\"target\":[\"https:\\\/\\\/skishop.no\\\/produkt\\\/norwel-m-svart-9917660835187897\\\/\"]}]},{\"@type\":\"BreadcrumbList\",\"@id\":\"https:\\\/\\\/skishop.no\\\/produkt\\\/norwel-m-svart-9917660835187897\\\/#breadcrumb\",\"itemListElement\":[{\"@type\":\"ListItem\",\"position\":1,\"name\":\"Hjem\",\"item\":\"https:\\\/\\\/skishop.no\\\/\"},{\"@type\":\"ListItem\",\"position\":2,\"name\":\"Butikk\",\"item\":\"https:\\\/\\\/skishop.no\\\/butikk\\\/\"},{\"@type\":\"ListItem\",\"position\":3,\"name\":\"Norwel-M Svart\"}]},{\"@type\":\"WebSite\",\"@id\":\"https:\\\/\\\/skishop.no\\\/#website\",\"url\":\"https:\\\/\\\/skishop.no\\\/\",\"name\":\"Trysil Skishop\",\"description\":\"Trysils billigste skiutleie\",\"publisher\":{\"@id\":\"https:\\\/\\\/skishop.no\\\/#organization\"},\"alternateName\":\"Trysil ski leie\",\"potentialAction\":[{\"@type\":\"SearchAction\",\"target\":{\"@type\":\"EntryPoint\",\"urlTemplate\":\"https:\\\/\\\/skishop.no\\\/?s={search_term_string}\"},\"query-input\":{\"@type\":\"PropertyValueSpecification\",\"valueRequired\":true,\"valueName\":\"search_term_string\"}}],\"inLanguage\":\"fr-FR\"},{\"@type\":\"Organization\",\"@id\":\"https:\\\/\\\/skishop.no\\\/#organization\",\"name\":\"Trysil Skishop\",\"alternateName\":\"Trysil Skishop AS\",\"url\":\"https:\\\/\\\/skishop.no\\\/\",\"logo\":{\"@type\":\"ImageObject\",\"inLanguage\":\"fr-FR\",\"@id\":\"https:\\\/\\\/skishop.no\\\/#\\\/schema\\\/logo\\\/image\\\/\",\"url\":\"https:\\\/\\\/skishop.no\\\/wp-content\\\/uploads\\\/2025\\\/09\\\/Site-icon-1.webp\",\"contentUrl\":\"https:\\\/\\\/skishop.no\\\/wp-content\\\/uploads\\\/2025\\\/09\\\/Site-icon-1.webp\",\"width\":468,\"height\":389,\"caption\":\"Trysil Skishop\"},\"image\":{\"@id\":\"https:\\\/\\\/skishop.no\\\/#\\\/schema\\\/logo\\\/image\\\/\"},\"sameAs\":[\"https:\\\/\\\/www.facebook.com\\\/TrysilSkishop\\\/\",\"https:\\\/\\\/www.instagram.com\\\/skishop.no\"],\"description\":\"Trysil Skishop er Trysilfjellets rimeligste ski- og sykkelutleie, som tilbyr utleie av ski- og sykkelutstyr av h\u00f8y kvalitet til lave priser. De holder til p\u00e5 Trysil Shellsenter, ca. 2 km f\u00f8r Trysil Turistsenter, med enkel parkering rett utenfor. Skishop tilbyr ogs\u00e5 skiutstyrservice \u00e5ret rundt, hvor de forbereder ski til vintersesongen med profesjonell slipemaskin og erfarne teknikere. Stedet gir rask og effektiv service slik at kunder raskt kan komme seg ut i bakken eller p\u00e5 tur. Om sommeren kan man leie sykler av h\u00f8y kvalitet hos dem, og de har ogs\u00e5 en sportsbutikk med n\u00f8dvendig utstyr for ski- og sykkelturer. Trysil Skishop har ogs\u00e5 samarbeidspartnere som gir rabatter til deres gjester. De er kjent for \u00e5 kombinere lave priser med like h\u00f8y standard p\u00e5 utstyret som andre utleiesteder i omr\u00e5det.\",\"email\":\"Info@skishop.no\",\"telephone\":\"+4791929291\",\"legalName\":\"Trysil Skishop AS\",\"foundingDate\":\"1999-01-01\",\"vatID\":\"981 443 489\",\"numberOfEmployees\":{\"@type\":\"QuantitativeValue\",\"minValue\":\"11\",\"maxValue\":\"50\"},\"publishingPrinciples\":\"https:\\\/\\\/skishop.no\\\/ofte-stile-sporsmal\\\/\"}]}<\/script>\n<!-- \/ Yoast SEO Premium plugin. -->","yoast_head_json":{"title":"Norwel-M Black - Trysil Skishop","description":"Norwel-M Noir Trysil Skishop","robots":{"index":"index","follow":"follow","max-snippet":"max-snippet:-1","max-image-preview":"max-image-preview:large","max-video-preview":"max-video-preview:-1"},"canonical":"https:\/\/skishop.no\/fr\/produit\/norwel-m-black-9917660835187897\/","og_locale":"fr_FR","og_type":"article","og_title":"Norwel-M Svart % - Trysil Skishop","og_description":"-","og_url":"https:\/\/skishop.no\/fr\/produit\/norwel-m-black-9917660835187897\/","og_site_name":"Trysil Skishop","article_publisher":"https:\/\/www.facebook.com\/TrysilSkishop\/","article_modified_time":"2026-05-06T16:37:14+00:00","og_image":[{"width":640,"height":800,"url":"https:\/\/skishop.no\/wp-content\/uploads\/2026\/03\/ZM0416KIBLK_NORWEL-M_01.webp","type":"image\/webp"}],"twitter_card":"summary_large_image","twitter_misc":{"Est. reading time":"1 minute"},"schema":{"@context":"https:\/\/schema.org","@graph":[{"@type":"WebPage","@id":"https:\/\/skishop.no\/produkt\/norwel-m-svart-9917660835187897\/","url":"https:\/\/skishop.no\/produkt\/norwel-m-svart-9917660835187897\/","name":"Norwel-M Black - Trysil Skishop","isPartOf":{"@id":"https:\/\/skishop.no\/#website"},"datePublished":"2026-03-18T14:06:08+00:00","dateModified":"2026-05-06T16:37:14+00:00","description":"Norwel-M Noir Trysil Skishop","breadcrumb":{"@id":"https:\/\/skishop.no\/produkt\/norwel-m-svart-9917660835187897\/#breadcrumb"},"inLanguage":"fr-FR","potentialAction":[{"@type":"ReadAction","target":["https:\/\/skishop.no\/produkt\/norwel-m-svart-9917660835187897\/"]}]},{"@type":"BreadcrumbList","@id":"https:\/\/skishop.no\/produkt\/norwel-m-svart-9917660835187897\/#breadcrumb","itemListElement":[{"@type":"ListItem","position":1,"name":"Hjem","item":"https:\/\/skishop.no\/"},{"@type":"ListItem","position":2,"name":"Butikk","item":"https:\/\/skishop.no\/butikk\/"},{"@type":"ListItem","position":3,"name":"Norwel-M Svart"}]},{"@type":"WebSite","@id":"https:\/\/skishop.no\/#website","url":"https:\/\/skishop.no\/","name":"Trysil Skishop","description":"Location de skis la moins ch\u00e8re de Trysil","publisher":{"@id":"https:\/\/skishop.no\/#organization"},"alternateName":"Trysil ski leie","potentialAction":[{"@type":"SearchAction","target":{"@type":"EntryPoint","urlTemplate":"https:\/\/skishop.no\/?s={search_term_string}"},"query-input":{"@type":"PropertyValueSpecification","valueRequired":true,"valueName":"search_term_string"}}],"inLanguage":"fr-FR"},{"@type":"Organization","@id":"https:\/\/skishop.no\/#organization","name":"Trysil Skishop","alternateName":"Trysil Skishop AS","url":"https:\/\/skishop.no\/","logo":{"@type":"ImageObject","inLanguage":"fr-FR","@id":"https:\/\/skishop.no\/#\/schema\/logo\/image\/","url":"https:\/\/skishop.no\/wp-content\/uploads\/2025\/09\/Site-icon-1.webp","contentUrl":"https:\/\/skishop.no\/wp-content\/uploads\/2025\/09\/Site-icon-1.webp","width":468,"height":389,"caption":"Trysil Skishop"},"image":{"@id":"https:\/\/skishop.no\/#\/schema\/logo\/image\/"},"sameAs":["https:\/\/www.facebook.com\/TrysilSkishop\/","https:\/\/www.instagram.com\/skishop.no"],"description":"Trysil Skishop est la soci\u00e9t\u00e9 de location de skis et de v\u00e9los la plus abordable de Trysilfjellet. Elle propose des \u00e9quipements de ski et de v\u00e9lo de haute qualit\u00e9 \u00e0 des prix avantageux. Il est situ\u00e9 \u00e0 Trysil Shellsenter, environ 2 km avant Trysil Turistsenter, et dispose d'un parking facile \u00e0 l'ext\u00e9rieur. Skishop propose \u00e9galement un service d'entretien du mat\u00e9riel de ski tout au long de l'ann\u00e9e. Les skis sont pr\u00e9par\u00e9s pour la saison d'hiver gr\u00e2ce \u00e0 une machine \u00e0 aff\u00fbter professionnelle et \u00e0 des techniciens exp\u00e9riment\u00e9s. Le service est rapide et efficace, ce qui permet aux clients de partir rapidement sur les pistes ou en excursion. En \u00e9t\u00e9, vous pouvez louer des v\u00e9los de haute qualit\u00e9, et l'\u00e9tablissement dispose \u00e9galement d'un magasin de sport avec l'\u00e9quipement n\u00e9cessaire pour les excursions \u00e0 ski et \u00e0 v\u00e9lo. Trysil Skishop a \u00e9galement des partenaires qui offrent des r\u00e9ductions \u00e0 leurs clients. Ils sont r\u00e9put\u00e9s pour combiner des prix bas avec le m\u00eame niveau d'\u00e9quipement que les autres centres de location de la r\u00e9gion.","email":"Info@skishop.no","telephone":"+4791929291","legalName":"Trysil Skishop AS","foundingDate":"1999-01-01","vatID":"981 443 489","numberOfEmployees":{"@type":"QuantitativeValue","minValue":"11","maxValue":"50"},"publishingPrinciples":"https:\/\/skishop.no\/ofte-stile-sporsmal\/"}]}},"_links":{"self":[{"href":"https:\/\/skishop.no\/fr\/wp-json\/wp\/v2\/product\/8601","targetHints":{"allow":["GET"]}}],"collection":[{"href":"https:\/\/skishop.no\/fr\/wp-json\/wp\/v2\/product"}],"about":[{"href":"https:\/\/skishop.no\/fr\/wp-json\/wp\/v2\/types\/product"}],"version-history":[{"count":1,"href":"https:\/\/skishop.no\/fr\/wp-json\/wp\/v2\/product\/8601\/revisions"}],"predecessor-version":[{"id":8613,"href":"https:\/\/skishop.no\/fr\/wp-json\/wp\/v2\/product\/8601\/revisions\/8613"}],"wp:attachment":[{"href":"https:\/\/skishop.no\/fr\/wp-json\/wp\/v2\/media?parent=8601"}],"wp:term":[{"taxonomy":"product_brand","embeddable":true,"href":"https:\/\/skishop.no\/fr\/wp-json\/wp\/v2\/product_brand?post=8601"},{"taxonomy":"product_cat","embeddable":true,"href":"https:\/\/skishop.no\/fr\/wp-json\/wp\/v2\/product_cat?post=8601"},{"taxonomy":"product_tag","embeddable":true,"href":"https:\/\/skishop.no\/fr\/wp-json\/wp\/v2\/product_tag?post=8601"}],"curies":[{"name":"wp","href":"https:\/\/api.w.org\/{rel}","templated":true}]}}