{"id":3631,"date":"2025-11-01T13:04:56","date_gmt":"2025-11-01T12:04:56","guid":{"rendered":"https:\/\/skishop.no\/cookie-policy\/"},"modified":"2025-11-01T13:19:52","modified_gmt":"2025-11-01T12:19:52","slug":"cookie-policy","status":"publish","type":"page","link":"https:\/\/skishop.no\/nl\/cookiebeleid\/","title":{"rendered":"Cookiebeleid"},"content":{"rendered":"<div data-elementor-type=\"wp-page\" data-elementor-id=\"3631\" class=\"elementor elementor-3631\" data-elementor-post-type=\"page\">\n\t\t\t\t<div data-particle_enable=\"false\" data-particle-mobile-disabled=\"false\" class=\"elementor-element elementor-element-2321f544 e-flex e-con-boxed e-con e-parent\" data-id=\"2321f544\" data-element_type=\"container\" data-e-type=\"container\">\n\t\t\t\t\t<div class=\"e-con-inner\">\n\t\t\t\t<div class=\"elementor-element elementor-element-4fb8a676 elementor-widget elementor-widget-text-editor\" data-id=\"4fb8a676\" data-element_type=\"widget\" data-e-type=\"widget\" data-widget_type=\"text-editor.default\">\n\t\t\t\t\t\t\t\t\t\n<p>Op deze pagina vindt u uitgebreide informatie over hoe we cookies op onze website gebruiken om uw surfervaring te verbeteren, de prestaties van de website te verbeteren en gepersonaliseerde inhoud te leveren. Cookies zijn kleine tekstbestanden die op uw apparaat worden opgeslagen wanneer u onze website bezoekt. Ze helpen ons te begrijpen hoe bezoekers omgaan met onze website, waardoor we een soepelere en effici\u00ebntere gebruikerservaring kunnen bieden. In de onderstaande tabel vindt u gedetailleerde informatie over elk type cookie dat we gebruiken, het doel ervan en hoe lang ze op uw apparaat blijven staan. We zetten ons in om je privacy te respecteren en transparantie te bieden over de gegevens die we via cookies verzamelen. Voor meer informatie over hoe wij omgaan met uw persoonlijke gegevens, kunt u onze <a href=\"https:\/\/skishop.no\/nl\/privacy\/\">Privacybeleid.<\/a><\/p>\n<p><\/p>\n<div class=\"wpconsent-cookie-policy\">\n<h2 class=\"wpconsent-cookie-category-name\">Essentieel<\/h2>\n<p class=\"wpconsent-cookie-category-description\">Essenti\u00eble cookies maken basisfuncties mogelijk en zijn noodzakelijk voor het goed functioneren van de website.<\/p>\n<table class=\"wpconsent-cookie-policy-table\">\n<tr>\n<th>Naam<\/th>\n<th>Beschrijving<\/th>\n<th>Duur<\/th>\n<\/tr>\n<tr>\n<td>wpconsent_voorkeuren<\/td>\n<td>Deze cookie wordt gebruikt om de cookie-instemmingsvoorkeuren van de gebruiker op te slaan.<\/td>\n<td>30 dagen<\/td>\n<\/tr>\n<\/table>\n<h3 class=\"wpconsent-cookie-service-name\">Google Tag Manager<\/h3>\n<p class=\"wpconsent-cookie-service-description\">Google Tag Manager vereenvoudigt het beheer van marketingtags op uw website zonder codewijzigingen.<\/p>\n<table class=\"wpconsent-cookie-policy-table\">\n<tr>\n<th>Naam<\/th>\n<th>Beschrijving<\/th>\n<th>Duur<\/th>\n<\/tr>\n<tr>\n<td>td<\/td>\n<td>Registreert statistische gegevens over het gedrag van gebruikers op de website. Gebruikt voor interne analyse door de websitebeheerder.<\/td>\n<td>sessie<\/td>\n<\/tr>\n<tr>\n<td>cookievoorkeuren<\/td>\n<td>Registreert cookievoorkeuren van een gebruiker<\/td>\n<td>2 jaar<\/td>\n<\/tr>\n<\/table>\n<h2 class=\"wpconsent-cookie-category-name\">Statistieken<\/h2>\n<p class=\"wpconsent-cookie-category-description\">Cookies voor statistieken verzamelen anoniem informatie. Deze informatie helpt ons te begrijpen hoe bezoekers onze website gebruiken.<\/p>\n<h3 class=\"wpconsent-cookie-service-name\">Google Analytics<\/h3>\n<p class=\"wpconsent-cookie-service-description\">Google Analytics is een krachtig hulpmiddel dat websiteverkeer bijhoudt en analyseert voor ge\u00efnformeerde marketingbeslissingen.<\/p>\n<p><a href=\"https:\/\/policies.google.com\/privacy\">Meer lezen<\/a><\/p>\n<table class=\"wpconsent-cookie-policy-table\">\n<tr>\n<th>Naam<\/th>\n<th>Beschrijving<\/th>\n<th>Duur<\/th>\n<\/tr>\n<tr>\n<td>_gac_<\/td>\n<td>Bevat informatie met betrekking tot marketingcampagnes van de gebruiker. Deze worden gedeeld met Google AdWords \/ Google Ads wanneer de accounts van Google Ads en Google Analytics aan elkaar zijn gekoppeld.<\/td>\n<td>90 dagen<\/td>\n<\/tr>\n<tr>\n<td>__utma<\/td>\n<td>ID gebruikt om gebruikers en sessies te identificeren<\/td>\n<td>2 jaar na laatste activiteit<\/td>\n<\/tr>\n<tr>\n<td>__utmt<\/td>\n<td>Gebruikt om het aantal serververzoeken van Google Analytics te controleren<\/td>\n<td>10 minuten<\/td>\n<\/tr>\n<tr>\n<td>__utmb<\/td>\n<td>Wordt gebruikt om nieuwe sessies en bezoeken te onderscheiden. Deze cookie wordt ingesteld wanneer de GA.js javascriptbibliotheek wordt geladen en er geen bestaande __utmb cookie is. De cookie wordt bijgewerkt telkens wanneer gegevens naar de Google Analytics-server worden verzonden.<\/td>\n<td>30 minuten na laatste activiteit<\/td>\n<\/tr>\n<tr>\n<td>__utmc<\/td>\n<td>Alleen gebruikt met oude Urchin-versies van Google Analytics en niet met GA.js. Werd gebruikt om onderscheid te maken tussen nieuwe sessies en bezoeken aan het einde van een sessie.<\/td>\n<td>Einde sessie (browser)<\/td>\n<\/tr>\n<tr>\n<td>__utmz<\/td>\n<td>Bevat informatie over de verkeersbron of campagne die de gebruiker naar de website heeft geleid. De cookie wordt ingesteld wanneer het GA.js javascript wordt geladen en wordt bijgewerkt wanneer gegevens naar de Google Anaytics server worden verzonden.<\/td>\n<td>6 maanden na laatste activiteit<\/td>\n<\/tr>\n<tr>\n<td>__utmv<\/td>\n<td>Bevat aangepaste informatie die door de webontwikkelaar is ingesteld via de _setCustomVar-methode in Google Analytics. Deze cookie wordt bijgewerkt telkens wanneer nieuwe gegevens naar de Google Analytics-server worden gestuurd.<\/td>\n<td>2 jaar na laatste activiteit<\/td>\n<\/tr>\n<tr>\n<td>__utmx<\/td>\n<td>Wordt gebruikt om te bepalen of een gebruiker is opgenomen in een A \/ B of Multivariate test.<\/td>\n<td>18 maanden<\/td>\n<\/tr>\n<tr>\n<td>_ga<\/td>\n<td>ID gebruikt om gebruikers te identificeren<\/td>\n<td>2 jaar<\/td>\n<\/tr>\n<tr>\n<td>_gali<\/td>\n<td>Gebruikt door Google Analytics om te bepalen op welke links op een pagina wordt geklikt<\/td>\n<td>30 seconden<\/td>\n<\/tr>\n<tr>\n<td>_ga_<\/td>\n<td>ID gebruikt om gebruikers te identificeren<\/td>\n<td>2 jaar<\/td>\n<\/tr>\n<tr>\n<td>_gid<\/td>\n<td>ID gebruikt om gebruikers te identificeren gedurende 24 uur na laatste activiteit<\/td>\n<td>24 uur<\/td>\n<\/tr>\n<tr>\n<td>_gat<\/td>\n<td>Gebruikt om het aantal serververzoeken van Google Analytics te controleren bij gebruik van Google Tag Manager<\/td>\n<td>1 minuut<\/td>\n<\/tr>\n<\/table>\n<h3 class=\"wpconsent-cookie-service-name\">WooCommerce Bronbuster<\/h3>\n<p class=\"wpconsent-cookie-service-description\">SourceBuster wordt door WooCommerce gebruikt voor de toewijzing van bestellingen op basis van de bron van de gebruiker.<\/p>\n<table class=\"wpconsent-cookie-policy-table\">\n<tr>\n<th>Naam<\/th>\n<th>Beschrijving<\/th>\n<th>Duur<\/th>\n<\/tr>\n<tr>\n<td>sbjs_sessie<\/td>\n<td>Het aantal bekeken pagina's in deze sessie en het huidige paginapad<\/td>\n<td>30 minuten<\/td>\n<\/tr>\n<tr>\n<td>sbjs_udata<\/td>\n<td>Informatie over de user agent van de bezoeker, zoals IP, de browser en het apparaattype<\/td>\n<td>sessie<\/td>\n<\/tr>\n<tr>\n<td>sbjs_eerst<\/td>\n<td>Informatie over de herkomst van het verkeer voor het eerste bezoek van de bezoeker aan je winkel (alleen van toepassing als de bezoeker terugkeert voordat de sessie verloopt)<\/td>\n<td>sessie<\/td>\n<\/tr>\n<tr>\n<td>sbjs_stroom<\/td>\n<td>Informatie over de herkomst van het verkeer tijdens het huidige bezoek van de bezoeker aan je winkel<\/td>\n<td>sessie<\/td>\n<\/tr>\n<tr>\n<td>sbjs_eerste_toevoegen<\/td>\n<td>Tijdstempel, verwijzende URL en ingangspagina voor het eerste bezoek van je bezoeker aan je winkel (alleen van toepassing als de bezoeker terugkeert voordat de sessie verloopt)<\/td>\n<td>sessie<\/td>\n<\/tr>\n<tr>\n<td>sbjs_huidige_toevoegen<\/td>\n<td>Tijdstempel, verwijzende URL en ingangspagina voor het huidige bezoek van je bezoeker aan je winkel<\/td>\n<td>sessie<\/td>\n<\/tr>\n<tr>\n<td>sbjs_migraties<\/td>\n<td>Technische gegevens om te helpen bij migraties tussen verschillende versies van de trackingfunctie<\/td>\n<td>sessie<\/td>\n<\/tr>\n<\/table>\n<\/div>\n\t\t\t\t\t\t\t\t<\/div>\n\t\t\t\t\t<\/div>\n\t\t\t\t<\/div>\n\t\t\t\t<\/div>","protected":false},"excerpt":{"rendered":"<p>This page provides comprehensive information about how we use cookies on our website to enhance your browsing experience, improve website performance, and deliver personalized content. Cookies are small text files that are stored on your device when you visit our site. They help us understand how visitors interact with our website, allowing us to offer [&hellip;]<\/p>\n","protected":false},"author":1,"featured_media":0,"parent":0,"menu_order":0,"comment_status":"closed","ping_status":"closed","template":"","meta":{"site-sidebar-layout":"default","site-content-layout":"","ast-site-content-layout":"default","site-content-style":"default","site-sidebar-style":"default","ast-global-header-display":"","ast-banner-title-visibility":"","ast-main-header-display":"","ast-hfb-above-header-display":"","ast-hfb-below-header-display":"","ast-hfb-mobile-header-display":"","site-post-title":"","ast-breadcrumbs-content":"","ast-featured-img":"","footer-sml-layout":"","ast-disable-related-posts":"","theme-transparent-header-meta":"","adv-header-id-meta":"","stick-header-meta":"","header-above-stick-meta":"","header-main-stick-meta":"","header-below-stick-meta":"","astra-migrate-meta-layouts":"set","ast-page-background-enabled":"default","ast-page-background-meta":{"desktop":{"background-color":"var(--ast-global-color-4)","background-image":"","background-repeat":"repeat","background-position":"center center","background-size":"auto","background-attachment":"scroll","background-type":"","background-media":"","overlay-type":"","overlay-color":"","overlay-opacity":"","overlay-gradient":""},"tablet":{"background-color":"","background-image":"","background-repeat":"repeat","background-position":"center center","background-size":"auto","background-attachment":"scroll","background-type":"","background-media":"","overlay-type":"","overlay-color":"","overlay-opacity":"","overlay-gradient":""},"mobile":{"background-color":"","background-image":"","background-repeat":"repeat","background-position":"center center","background-size":"auto","background-attachment":"scroll","background-type":"","background-media":"","overlay-type":"","overlay-color":"","overlay-opacity":"","overlay-gradient":""}},"ast-content-background-meta":{"desktop":{"background-color":"var(--ast-global-color-5)","background-image":"","background-repeat":"repeat","background-position":"center center","background-size":"auto","background-attachment":"scroll","background-type":"","background-media":"","overlay-type":"","overlay-color":"","overlay-opacity":"","overlay-gradient":""},"tablet":{"background-color":"var(--ast-global-color-5)","background-image":"","background-repeat":"repeat","background-position":"center center","background-size":"auto","background-attachment":"scroll","background-type":"","background-media":"","overlay-type":"","overlay-color":"","overlay-opacity":"","overlay-gradient":""},"mobile":{"background-color":"var(--ast-global-color-5)","background-image":"","background-repeat":"repeat","background-position":"center center","background-size":"auto","background-attachment":"scroll","background-type":"","background-media":"","overlay-type":"","overlay-color":"","overlay-opacity":"","overlay-gradient":""}},"footnotes":""},"class_list":["post-3631","page","type-page","status-publish","hentry"],"yoast_head":"<!-- This site is optimized with the Yoast SEO Premium plugin v27.2 (Yoast SEO v27.4) - https:\/\/yoast.com\/product\/yoast-seo-premium-wordpress\/ -->\n<title>Cookie Policy - Trysil Skishop<\/title>\n<meta name=\"description\" content=\"Trysil Skishop -\" \/>\n<meta name=\"robots\" content=\"index, follow, max-snippet:-1, max-image-preview:large, max-video-preview:-1\" \/>\n<link rel=\"canonical\" href=\"https:\/\/skishop.no\/nl\/cookiepolitik\/\" \/>\n<meta property=\"og:locale\" content=\"nl_NL\" \/>\n<meta property=\"og:type\" content=\"article\" \/>\n<meta property=\"og:title\" content=\"Cookie Policy\" \/>\n<meta property=\"og:description\" content=\"Trysil Skishop -\" \/>\n<meta property=\"og:url\" content=\"https:\/\/skishop.no\/nl\/cookiepolitik\/\" \/>\n<meta property=\"og:site_name\" content=\"Trysil Skishop\" \/>\n<meta property=\"article:publisher\" content=\"https:\/\/www.facebook.com\/TrysilSkishop\/\" \/>\n<meta property=\"article:modified_time\" content=\"2025-11-01T12:19:52+00:00\" \/>\n<meta property=\"og:image\" content=\"https:\/\/skishop.no\/wp-content\/uploads\/2025\/09\/Skishop-e1773158831889.jpg\" \/>\n\t<meta property=\"og:image:width\" content=\"964\" \/>\n\t<meta property=\"og:image:height\" content=\"643\" \/>\n\t<meta property=\"og:image:type\" content=\"image\/webp\" \/>\n<meta name=\"twitter:card\" content=\"summary_large_image\" \/>\n<meta name=\"twitter:label1\" content=\"Geschatte leestijd\" \/>\n\t<meta name=\"twitter:data1\" content=\"1 minuut\" \/>\n<script type=\"application\/ld+json\" class=\"yoast-schema-graph\">{\"@context\":\"https:\\\/\\\/schema.org\",\"@graph\":[{\"@type\":\"Article\",\"@id\":\"https:\\\/\\\/skishop.no\\\/da\\\/cookiepolitik\\\/#article\",\"isPartOf\":{\"@id\":\"https:\\\/\\\/skishop.no\\\/da\\\/cookiepolitik\\\/\"},\"author\":{\"name\":\"\",\"@id\":\"https:\\\/\\\/skishop.no\\\/#\\\/schema\\\/person\\\/e1116c92488e263d9a1324f1bd5d2dcb\"},\"headline\":\"Cookie Policy\",\"datePublished\":\"2025-11-01T12:04:56+00:00\",\"dateModified\":\"2025-11-01T12:19:52+00:00\",\"mainEntityOfPage\":{\"@id\":\"https:\\\/\\\/skishop.no\\\/da\\\/cookiepolitik\\\/\"},\"wordCount\":125,\"publisher\":{\"@id\":\"https:\\\/\\\/skishop.no\\\/#organization\"},\"inLanguage\":\"nl-NL\"},{\"@type\":\"WebPage\",\"@id\":\"https:\\\/\\\/skishop.no\\\/da\\\/cookiepolitik\\\/\",\"url\":\"https:\\\/\\\/skishop.no\\\/da\\\/cookiepolitik\\\/\",\"name\":\"Cookie Policy - Trysil Skishop\",\"isPartOf\":{\"@id\":\"https:\\\/\\\/skishop.no\\\/#website\"},\"datePublished\":\"2025-11-01T12:04:56+00:00\",\"dateModified\":\"2025-11-01T12:19:52+00:00\",\"description\":\"Trysil Skishop -\",\"breadcrumb\":{\"@id\":\"https:\\\/\\\/skishop.no\\\/da\\\/cookiepolitik\\\/#breadcrumb\"},\"inLanguage\":\"nl-NL\",\"potentialAction\":[{\"@type\":\"ReadAction\",\"target\":[\"https:\\\/\\\/skishop.no\\\/da\\\/cookiepolitik\\\/\"]}]},{\"@type\":\"BreadcrumbList\",\"@id\":\"https:\\\/\\\/skishop.no\\\/da\\\/cookiepolitik\\\/#breadcrumb\",\"itemListElement\":[{\"@type\":\"ListItem\",\"position\":1,\"name\":\"Hjem\",\"item\":\"https:\\\/\\\/skishop.no\\\/\"},{\"@type\":\"ListItem\",\"position\":2,\"name\":\"Cookie Policy\"}]},{\"@type\":\"WebSite\",\"@id\":\"https:\\\/\\\/skishop.no\\\/#website\",\"url\":\"https:\\\/\\\/skishop.no\\\/\",\"name\":\"Trysil Skishop\",\"description\":\"Trysils billigste skiutleie\",\"publisher\":{\"@id\":\"https:\\\/\\\/skishop.no\\\/#organization\"},\"alternateName\":\"Trysil ski leie\",\"potentialAction\":[{\"@type\":\"SearchAction\",\"target\":{\"@type\":\"EntryPoint\",\"urlTemplate\":\"https:\\\/\\\/skishop.no\\\/?s={search_term_string}\"},\"query-input\":{\"@type\":\"PropertyValueSpecification\",\"valueRequired\":true,\"valueName\":\"search_term_string\"}}],\"inLanguage\":\"nl-NL\"},{\"@type\":\"Organization\",\"@id\":\"https:\\\/\\\/skishop.no\\\/#organization\",\"name\":\"Trysil Skishop\",\"alternateName\":\"Trysil Skishop AS\",\"url\":\"https:\\\/\\\/skishop.no\\\/\",\"logo\":{\"@type\":\"ImageObject\",\"inLanguage\":\"nl-NL\",\"@id\":\"https:\\\/\\\/skishop.no\\\/#\\\/schema\\\/logo\\\/image\\\/\",\"url\":\"https:\\\/\\\/skishop.no\\\/wp-content\\\/uploads\\\/2025\\\/09\\\/Site-icon-1.webp\",\"contentUrl\":\"https:\\\/\\\/skishop.no\\\/wp-content\\\/uploads\\\/2025\\\/09\\\/Site-icon-1.webp\",\"width\":468,\"height\":389,\"caption\":\"Trysil Skishop\"},\"image\":{\"@id\":\"https:\\\/\\\/skishop.no\\\/#\\\/schema\\\/logo\\\/image\\\/\"},\"sameAs\":[\"https:\\\/\\\/www.facebook.com\\\/TrysilSkishop\\\/\",\"https:\\\/\\\/www.instagram.com\\\/skishop.no\"],\"description\":\"Trysil Skishop er Trysilfjellets rimeligste ski- og sykkelutleie, som tilbyr utleie av ski- og sykkelutstyr av h\u00f8y kvalitet til lave priser. De holder til p\u00e5 Trysil Shellsenter, ca. 2 km f\u00f8r Trysil Turistsenter, med enkel parkering rett utenfor. Skishop tilbyr ogs\u00e5 skiutstyrservice \u00e5ret rundt, hvor de forbereder ski til vintersesongen med profesjonell slipemaskin og erfarne teknikere. Stedet gir rask og effektiv service slik at kunder raskt kan komme seg ut i bakken eller p\u00e5 tur. Om sommeren kan man leie sykler av h\u00f8y kvalitet hos dem, og de har ogs\u00e5 en sportsbutikk med n\u00f8dvendig utstyr for ski- og sykkelturer. Trysil Skishop har ogs\u00e5 samarbeidspartnere som gir rabatter til deres gjester. De er kjent for \u00e5 kombinere lave priser med like h\u00f8y standard p\u00e5 utstyret som andre utleiesteder i omr\u00e5det.\",\"email\":\"Info@skishop.no\",\"telephone\":\"+4791929291\",\"legalName\":\"Trysil Skishop AS\",\"foundingDate\":\"1999-01-01\",\"vatID\":\"981 443 489\",\"numberOfEmployees\":{\"@type\":\"QuantitativeValue\",\"minValue\":\"11\",\"maxValue\":\"50\"},\"publishingPrinciples\":\"https:\\\/\\\/skishop.no\\\/ofte-stile-sporsmal\\\/\"},{\"@type\":\"Person\",\"@id\":\"https:\\\/\\\/skishop.no\\\/#\\\/schema\\\/person\\\/e1116c92488e263d9a1324f1bd5d2dcb\",\"name\":\"\",\"sameAs\":[\"https:\\\/\\\/skishop.no\"],\"url\":\"https:\\\/\\\/skishop.no\\\/nl\\\/author\\\/infoskishop-no\\\/\"}]}<\/script>\n<!-- \/ Yoast SEO Premium plugin. -->","yoast_head_json":{"title":"Cookiebeleid - Trysil Skishop","description":"Trysil Skishop -","robots":{"index":"index","follow":"follow","max-snippet":"max-snippet:-1","max-image-preview":"max-image-preview:large","max-video-preview":"max-video-preview:-1"},"canonical":"https:\/\/skishop.no\/nl\/cookiepolitik\/","og_locale":"nl_NL","og_type":"article","og_title":"Cookie Policy","og_description":"Trysil Skishop -","og_url":"https:\/\/skishop.no\/nl\/cookiepolitik\/","og_site_name":"Trysil Skishop","article_publisher":"https:\/\/www.facebook.com\/TrysilSkishop\/","article_modified_time":"2025-11-01T12:19:52+00:00","og_image":[{"width":964,"height":643,"url":"https:\/\/skishop.no\/wp-content\/uploads\/2025\/09\/Skishop-e1773158831889.jpg","type":"image\/webp"}],"twitter_card":"summary_large_image","twitter_misc":{"Geschatte leestijd":"1 minuut"},"schema":{"@context":"https:\/\/schema.org","@graph":[{"@type":"Article","@id":"https:\/\/skishop.no\/da\/cookiepolitik\/#article","isPartOf":{"@id":"https:\/\/skishop.no\/da\/cookiepolitik\/"},"author":{"name":"","@id":"https:\/\/skishop.no\/#\/schema\/person\/e1116c92488e263d9a1324f1bd5d2dcb"},"headline":"Cookie Policy","datePublished":"2025-11-01T12:04:56+00:00","dateModified":"2025-11-01T12:19:52+00:00","mainEntityOfPage":{"@id":"https:\/\/skishop.no\/da\/cookiepolitik\/"},"wordCount":125,"publisher":{"@id":"https:\/\/skishop.no\/#organization"},"inLanguage":"nl-NL"},{"@type":"WebPage","@id":"https:\/\/skishop.no\/da\/cookiepolitik\/","url":"https:\/\/skishop.no\/da\/cookiepolitik\/","name":"Cookiebeleid - Trysil Skishop","isPartOf":{"@id":"https:\/\/skishop.no\/#website"},"datePublished":"2025-11-01T12:04:56+00:00","dateModified":"2025-11-01T12:19:52+00:00","description":"Trysil Skishop -","breadcrumb":{"@id":"https:\/\/skishop.no\/da\/cookiepolitik\/#breadcrumb"},"inLanguage":"nl-NL","potentialAction":[{"@type":"ReadAction","target":["https:\/\/skishop.no\/da\/cookiepolitik\/"]}]},{"@type":"BreadcrumbList","@id":"https:\/\/skishop.no\/da\/cookiepolitik\/#breadcrumb","itemListElement":[{"@type":"ListItem","position":1,"name":"Hjem","item":"https:\/\/skishop.no\/"},{"@type":"ListItem","position":2,"name":"Cookie Policy"}]},{"@type":"WebSite","@id":"https:\/\/skishop.no\/#website","url":"https:\/\/skishop.no\/","name":"Trysil Skishop","description":"Trysil's goedkoopste skiverhuur","publisher":{"@id":"https:\/\/skishop.no\/#organization"},"alternateName":"Trysil ski leie","potentialAction":[{"@type":"SearchAction","target":{"@type":"EntryPoint","urlTemplate":"https:\/\/skishop.no\/?s={search_term_string}"},"query-input":{"@type":"PropertyValueSpecification","valueRequired":true,"valueName":"search_term_string"}}],"inLanguage":"nl-NL"},{"@type":"Organization","@id":"https:\/\/skishop.no\/#organization","name":"Trysil Skishop","alternateName":"Trysil Skishop AS","url":"https:\/\/skishop.no\/","logo":{"@type":"ImageObject","inLanguage":"nl-NL","@id":"https:\/\/skishop.no\/#\/schema\/logo\/image\/","url":"https:\/\/skishop.no\/wp-content\/uploads\/2025\/09\/Site-icon-1.webp","contentUrl":"https:\/\/skishop.no\/wp-content\/uploads\/2025\/09\/Site-icon-1.webp","width":468,"height":389,"caption":"Trysil Skishop"},"image":{"@id":"https:\/\/skishop.no\/#\/schema\/logo\/image\/"},"sameAs":["https:\/\/www.facebook.com\/TrysilSkishop\/","https:\/\/www.instagram.com\/skishop.no"],"description":"Trysil Skishop is het voordeligste ski- en fietsverhuurbedrijf van Trysilfjellet. Ze verhuren ski- en fietsuitrustingen van hoge kwaliteit tegen lage prijzen. Ze zijn gevestigd in Trysil Shellsenter, ongeveer 2 km voor Trysil Turistsenter, en je kunt er gemakkelijk parkeren. Skishop biedt ook het hele jaar door ski-uitrustingsservice, waar ze ski's klaarmaken voor het winterseizoen met een professionele slijpmachine en ervaren technici. De locatie biedt snelle en effici\u00ebnte service, zodat klanten snel de piste op kunnen of op tournee kunnen. In de zomer kun je bij hen fietsen van hoge kwaliteit huren en ze hebben ook een sportwinkel met de benodigde uitrusting voor ski- en fietstochten. Trysil Skishop heeft ook partners die hun gasten kortingen bieden. Ze staan erom bekend dat ze lage prijzen combineren met dezelfde hoge kwaliteit van uitrusting als andere verhuurcentra in de omgeving.","email":"Info@skishop.no","telephone":"+4791929291","legalName":"Trysil Skishop AS","foundingDate":"1999-01-01","vatID":"981 443 489","numberOfEmployees":{"@type":"QuantitativeValue","minValue":"11","maxValue":"50"},"publishingPrinciples":"https:\/\/skishop.no\/ofte-stile-sporsmal\/"},{"@type":"Person","@id":"https:\/\/skishop.no\/#\/schema\/person\/e1116c92488e263d9a1324f1bd5d2dcb","name":"","sameAs":["https:\/\/skishop.no"],"url":"https:\/\/skishop.no\/nl\/author\/infoskishop-no\/"}]}},"_links":{"self":[{"href":"https:\/\/skishop.no\/nl\/wp-json\/wp\/v2\/pages\/3631","targetHints":{"allow":["GET"]}}],"collection":[{"href":"https:\/\/skishop.no\/nl\/wp-json\/wp\/v2\/pages"}],"about":[{"href":"https:\/\/skishop.no\/nl\/wp-json\/wp\/v2\/types\/page"}],"author":[{"embeddable":true,"href":"https:\/\/skishop.no\/nl\/wp-json\/wp\/v2\/users\/1"}],"replies":[{"embeddable":true,"href":"https:\/\/skishop.no\/nl\/wp-json\/wp\/v2\/comments?post=3631"}],"version-history":[{"count":0,"href":"https:\/\/skishop.no\/nl\/wp-json\/wp\/v2\/pages\/3631\/revisions"}],"wp:attachment":[{"href":"https:\/\/skishop.no\/nl\/wp-json\/wp\/v2\/media?parent=3631"}],"curies":[{"name":"wp","href":"https:\/\/api.w.org\/{rel}","templated":true}]}}