{"id":5800,"date":"2026-03-16T12:17:19","date_gmt":"2026-03-16T11:17:19","guid":{"rendered":"https:\/\/skishop.no\/?post_type=product&#038;p=5800"},"modified":"2026-03-29T13:51:16","modified_gmt":"2026-03-29T12:51:16","slug":"alpinsko-the-cruise-w-9942371057467","status":"publish","type":"product","link":"https:\/\/skishop.no\/nl\/product\/alpinsko-the-cruise-w-9942371057467\/","title":{"rendered":"Alpinsko The Cruise W"},"content":{"rendered":"<p>Nordica The Cruise W er designet for kvinner som s\u00f8ker en allsidig alpinsko med fokus p\u00e5 komfort, enkelhet og progresjon. Med en bredere passform (104 mm last) og mykere skall er den tilgivende og perfekt for de med bredere f\u00f8tter eller h\u00f8yere volum. Den str\u00f8mlinjeformede, anatomiske formen maksimerer kontroll og respons, mens Dual Soft Flap-systemet \u00e5pner halsen eksepsjonelt bredt for problemfri inn- og utgang. Instep Volume Control lar deg justere inngangsvolumet med +\/- 4 mm for presis passform, og justerbar mansjett st\u00f8tter leggkonturene for bedre balanse og mindre tretthet. Comfort Fit W-lineren med Primaloft gir utmerket varme og st\u00f8tte hele dagen. Flexindeks rundt 75\u2013100 passer nybegynnere til middels erfarne skikj\u00f8rere i all mountain-tereng. Lav vekt og GripWalk-s\u00e5ler \u00f8ker grep og mobilitet. Skall og liner kan tilpasses for personlig tilpasning. Vedlikehold: T\u00f8rk av etter bruk, unng\u00e5 direkte varme, og bruk moldbar liner for langvarig komfort. Ta skiopplevelsen til neste niv\u00e5 med The Cruise W.[1][4][5][11]<\/p>\n","protected":false},"excerpt":{"rendered":"<p>Nordica The Cruise W er en komfortabel alpinsko for kvinner med bred passform og anatomisk design som gir optimal kontroll og respons. Dual Soft Flap \u00e5pner st\u00f8velen ekstra bredt for enkel inn- og utgang, selv p\u00e5 kalde dager. Med justerbar Instep Volume Control og myk liner tilpasser den seg perfekt til foten. Ideell for nybegynnere og viderekomne som \u00f8nsker varme, lettvekt og h\u00f8y ytelse i bakken.[1][4]<\/p>\n","protected":false},"featured_media":9592,"template":"","meta":{"site-sidebar-layout":"default","site-content-layout":"","ast-site-content-layout":"default","site-content-style":"default","site-sidebar-style":"default","ast-global-header-display":"","ast-banner-title-visibility":"","ast-main-header-display":"","ast-hfb-above-header-display":"","ast-hfb-below-header-display":"","ast-hfb-mobile-header-display":"","site-post-title":"","ast-breadcrumbs-content":"","ast-featured-img":"","footer-sml-layout":"","ast-disable-related-posts":"","theme-transparent-header-meta":"","adv-header-id-meta":"","stick-header-meta":"","header-above-stick-meta":"","header-main-stick-meta":"","header-below-stick-meta":"","astra-migrate-meta-layouts":"default","ast-page-background-enabled":"default","ast-page-background-meta":{"desktop":{"background-color":"var(--ast-global-color-4)","background-image":"","background-repeat":"repeat","background-position":"center center","background-size":"auto","background-attachment":"scroll","background-type":"","background-media":"","overlay-type":"","overlay-color":"","overlay-opacity":"","overlay-gradient":""},"tablet":{"background-color":"","background-image":"","background-repeat":"repeat","background-position":"center center","background-size":"auto","background-attachment":"scroll","background-type":"","background-media":"","overlay-type":"","overlay-color":"","overlay-opacity":"","overlay-gradient":""},"mobile":{"background-color":"","background-image":"","background-repeat":"repeat","background-position":"center center","background-size":"auto","background-attachment":"scroll","background-type":"","background-media":"","overlay-type":"","overlay-color":"","overlay-opacity":"","overlay-gradient":""}},"ast-content-background-meta":{"desktop":{"background-color":"var(--ast-global-color-5)","background-image":"","background-repeat":"repeat","background-position":"center center","background-size":"auto","background-attachment":"scroll","background-type":"","background-media":"","overlay-type":"","overlay-color":"","overlay-opacity":"","overlay-gradient":""},"tablet":{"background-color":"var(--ast-global-color-5)","background-image":"","background-repeat":"repeat","background-position":"center center","background-size":"auto","background-attachment":"scroll","background-type":"","background-media":"","overlay-type":"","overlay-color":"","overlay-opacity":"","overlay-gradient":""},"mobile":{"background-color":"var(--ast-global-color-5)","background-image":"","background-repeat":"repeat","background-position":"center center","background-size":"auto","background-attachment":"scroll","background-type":"","background-media":"","overlay-type":"","overlay-color":"","overlay-opacity":"","overlay-gradient":""}}},"product_brand":[938],"product_cat":[104],"product_tag":[],"class_list":{"0":"post-5800","1":"product","2":"type-product","3":"status-publish","4":"has-post-thumbnail","6":"product_brand-nordica","7":"product_cat-10015-alpinsko","8":"pa_8369-23-5","9":"pa_8369-24-5","10":"pa_8369-25-5","11":"pa_8369-26-5","12":"desktop-align-center","13":"tablet-align-left","14":"mobile-align-left","16":"first","17":"instock","18":"taxable","19":"shipping-taxable","20":"purchasable","21":"product-type-variable"},"yoast_head":"<!-- This site is optimized with the Yoast SEO Premium plugin v27.2 (Yoast SEO v27.6) - https:\/\/yoast.com\/product\/yoast-seo-premium-wordpress\/ -->\n<title>Alpinsko The Cruise W - Trysil Skishop<\/title>\n<meta name=\"description\" content=\"Alpinsko The Cruise W Trysil Skishop\" \/>\n<meta name=\"robots\" content=\"index, follow, max-snippet:-1, max-image-preview:large, max-video-preview:-1\" \/>\n<link rel=\"canonical\" href=\"https:\/\/skishop.no\/nl\/product\/alpinsko-the-cruise-w-9942371057467\/\" \/>\n<meta property=\"og:locale\" content=\"nl_NL\" \/>\n<meta property=\"og:type\" content=\"article\" \/>\n<meta property=\"og:title\" content=\"Alpinsko The Cruise W % - Trysil Skishop\" \/>\n<meta property=\"og:description\" content=\"-\" \/>\n<meta property=\"og:url\" content=\"https:\/\/skishop.no\/nl\/product\/alpinsko-the-cruise-w-9942371057467\/\" \/>\n<meta property=\"og:site_name\" content=\"Trysil Skishop\" \/>\n<meta property=\"article:publisher\" content=\"https:\/\/www.facebook.com\/TrysilSkishop\/\" \/>\n<meta property=\"article:modified_time\" content=\"2026-03-29T12:51:16+00:00\" \/>\n<meta property=\"og:image\" content=\"https:\/\/skishop.no\/wp-content\/uploads\/2025\/09\/Skishop-e1773158831889.jpg\" \/>\n\t<meta property=\"og:image:width\" content=\"964\" \/>\n\t<meta property=\"og:image:height\" content=\"643\" \/>\n\t<meta property=\"og:image:type\" content=\"image\/webp\" \/>\n<meta name=\"twitter:card\" content=\"summary_large_image\" \/>\n<meta name=\"twitter:label1\" content=\"Est. reading time\" \/>\n\t<meta name=\"twitter:data1\" content=\"1 minuut\" \/>\n<script type=\"application\/ld+json\" class=\"yoast-schema-graph\">{\"@context\":\"https:\\\/\\\/schema.org\",\"@graph\":[{\"@type\":\"WebPage\",\"@id\":\"https:\\\/\\\/skishop.no\\\/produkt\\\/alpinsko-the-cruise-w-9942371057467\\\/\",\"url\":\"https:\\\/\\\/skishop.no\\\/produkt\\\/alpinsko-the-cruise-w-9942371057467\\\/\",\"name\":\"Alpinsko The Cruise W - Trysil Skishop\",\"isPartOf\":{\"@id\":\"https:\\\/\\\/skishop.no\\\/#website\"},\"primaryImageOfPage\":{\"@id\":\"https:\\\/\\\/skishop.no\\\/produkt\\\/alpinsko-the-cruise-w-9942371057467\\\/#primaryimage\"},\"image\":{\"@id\":\"https:\\\/\\\/skishop.no\\\/produkt\\\/alpinsko-the-cruise-w-9942371057467\\\/#primaryimage\"},\"thumbnailUrl\":\"https:\\\/\\\/skishop.no\\\/wp-content\\\/uploads\\\/2026\\\/03\\\/de4a3b645c46dd6d0a7735ea40052f60-scaled.webp\",\"datePublished\":\"2026-03-16T11:17:19+00:00\",\"dateModified\":\"2026-03-29T12:51:16+00:00\",\"description\":\"Alpinsko The Cruise W Trysil Skishop\",\"breadcrumb\":{\"@id\":\"https:\\\/\\\/skishop.no\\\/produkt\\\/alpinsko-the-cruise-w-9942371057467\\\/#breadcrumb\"},\"inLanguage\":\"nl-NL\",\"potentialAction\":[{\"@type\":\"ReadAction\",\"target\":[\"https:\\\/\\\/skishop.no\\\/produkt\\\/alpinsko-the-cruise-w-9942371057467\\\/\"]}]},{\"@type\":\"ImageObject\",\"inLanguage\":\"nl-NL\",\"@id\":\"https:\\\/\\\/skishop.no\\\/produkt\\\/alpinsko-the-cruise-w-9942371057467\\\/#primaryimage\",\"url\":\"https:\\\/\\\/skishop.no\\\/wp-content\\\/uploads\\\/2026\\\/03\\\/de4a3b645c46dd6d0a7735ea40052f60-scaled.webp\",\"contentUrl\":\"https:\\\/\\\/skishop.no\\\/wp-content\\\/uploads\\\/2026\\\/03\\\/de4a3b645c46dd6d0a7735ea40052f60-scaled.webp\",\"width\":1920,\"height\":619},{\"@type\":\"BreadcrumbList\",\"@id\":\"https:\\\/\\\/skishop.no\\\/produkt\\\/alpinsko-the-cruise-w-9942371057467\\\/#breadcrumb\",\"itemListElement\":[{\"@type\":\"ListItem\",\"position\":1,\"name\":\"Hjem\",\"item\":\"https:\\\/\\\/skishop.no\\\/\"},{\"@type\":\"ListItem\",\"position\":2,\"name\":\"Butikk\",\"item\":\"https:\\\/\\\/skishop.no\\\/butikk\\\/\"},{\"@type\":\"ListItem\",\"position\":3,\"name\":\"Alpinsko The Cruise W\"}]},{\"@type\":\"WebSite\",\"@id\":\"https:\\\/\\\/skishop.no\\\/#website\",\"url\":\"https:\\\/\\\/skishop.no\\\/\",\"name\":\"Trysil Skishop\",\"description\":\"Trysils billigste skiutleie\",\"publisher\":{\"@id\":\"https:\\\/\\\/skishop.no\\\/#organization\"},\"alternateName\":\"Trysil ski leie\",\"potentialAction\":[{\"@type\":\"SearchAction\",\"target\":{\"@type\":\"EntryPoint\",\"urlTemplate\":\"https:\\\/\\\/skishop.no\\\/?s={search_term_string}\"},\"query-input\":{\"@type\":\"PropertyValueSpecification\",\"valueRequired\":true,\"valueName\":\"search_term_string\"}}],\"inLanguage\":\"nl-NL\"},{\"@type\":\"Organization\",\"@id\":\"https:\\\/\\\/skishop.no\\\/#organization\",\"name\":\"Trysil Skishop\",\"alternateName\":\"Trysil Skishop AS\",\"url\":\"https:\\\/\\\/skishop.no\\\/\",\"logo\":{\"@type\":\"ImageObject\",\"inLanguage\":\"nl-NL\",\"@id\":\"https:\\\/\\\/skishop.no\\\/#\\\/schema\\\/logo\\\/image\\\/\",\"url\":\"https:\\\/\\\/skishop.no\\\/wp-content\\\/uploads\\\/2025\\\/09\\\/Site-icon-1.webp\",\"contentUrl\":\"https:\\\/\\\/skishop.no\\\/wp-content\\\/uploads\\\/2025\\\/09\\\/Site-icon-1.webp\",\"width\":468,\"height\":389,\"caption\":\"Trysil Skishop\"},\"image\":{\"@id\":\"https:\\\/\\\/skishop.no\\\/#\\\/schema\\\/logo\\\/image\\\/\"},\"sameAs\":[\"https:\\\/\\\/www.facebook.com\\\/TrysilSkishop\\\/\",\"https:\\\/\\\/www.instagram.com\\\/skishop.no\"],\"description\":\"Trysil Skishop er Trysilfjellets rimeligste ski- og sykkelutleie, som tilbyr utleie av ski- og sykkelutstyr av h\u00f8y kvalitet til lave priser. De holder til p\u00e5 Trysil Shellsenter, ca. 2 km f\u00f8r Trysil Turistsenter, med enkel parkering rett utenfor. Skishop tilbyr ogs\u00e5 skiutstyrservice \u00e5ret rundt, hvor de forbereder ski til vintersesongen med profesjonell slipemaskin og erfarne teknikere. Stedet gir rask og effektiv service slik at kunder raskt kan komme seg ut i bakken eller p\u00e5 tur. Om sommeren kan man leie sykler av h\u00f8y kvalitet hos dem, og de har ogs\u00e5 en sportsbutikk med n\u00f8dvendig utstyr for ski- og sykkelturer. Trysil Skishop har ogs\u00e5 samarbeidspartnere som gir rabatter til deres gjester. De er kjent for \u00e5 kombinere lave priser med like h\u00f8y standard p\u00e5 utstyret som andre utleiesteder i omr\u00e5det.\",\"email\":\"Info@skishop.no\",\"telephone\":\"+4791929291\",\"legalName\":\"Trysil Skishop AS\",\"foundingDate\":\"1999-01-01\",\"vatID\":\"981 443 489\",\"numberOfEmployees\":{\"@type\":\"QuantitativeValue\",\"minValue\":\"11\",\"maxValue\":\"50\"},\"publishingPrinciples\":\"https:\\\/\\\/skishop.no\\\/ofte-stile-sporsmal\\\/\"}]}<\/script>\n<!-- \/ Yoast SEO Premium plugin. -->","yoast_head_json":{"title":"Alpinsko The Cruise W - Trysil Skishop","description":"Alpinsko The Cruise W Trysil Skishop","robots":{"index":"index","follow":"follow","max-snippet":"max-snippet:-1","max-image-preview":"max-image-preview:large","max-video-preview":"max-video-preview:-1"},"canonical":"https:\/\/skishop.no\/nl\/product\/alpinsko-the-cruise-w-9942371057467\/","og_locale":"nl_NL","og_type":"article","og_title":"Alpinsko The Cruise W % - Trysil Skishop","og_description":"-","og_url":"https:\/\/skishop.no\/nl\/product\/alpinsko-the-cruise-w-9942371057467\/","og_site_name":"Trysil Skishop","article_publisher":"https:\/\/www.facebook.com\/TrysilSkishop\/","article_modified_time":"2026-03-29T12:51:16+00:00","og_image":[{"width":964,"height":643,"url":"https:\/\/skishop.no\/wp-content\/uploads\/2025\/09\/Skishop-e1773158831889.jpg","type":"image\/webp"}],"twitter_card":"summary_large_image","twitter_misc":{"Est. reading time":"1 minuut"},"schema":{"@context":"https:\/\/schema.org","@graph":[{"@type":"WebPage","@id":"https:\/\/skishop.no\/produkt\/alpinsko-the-cruise-w-9942371057467\/","url":"https:\/\/skishop.no\/produkt\/alpinsko-the-cruise-w-9942371057467\/","name":"Alpinsko The Cruise W - Trysil Skishop","isPartOf":{"@id":"https:\/\/skishop.no\/#website"},"primaryImageOfPage":{"@id":"https:\/\/skishop.no\/produkt\/alpinsko-the-cruise-w-9942371057467\/#primaryimage"},"image":{"@id":"https:\/\/skishop.no\/produkt\/alpinsko-the-cruise-w-9942371057467\/#primaryimage"},"thumbnailUrl":"https:\/\/skishop.no\/wp-content\/uploads\/2026\/03\/de4a3b645c46dd6d0a7735ea40052f60-scaled.webp","datePublished":"2026-03-16T11:17:19+00:00","dateModified":"2026-03-29T12:51:16+00:00","description":"Alpinsko The Cruise W Trysil Skishop","breadcrumb":{"@id":"https:\/\/skishop.no\/produkt\/alpinsko-the-cruise-w-9942371057467\/#breadcrumb"},"inLanguage":"nl-NL","potentialAction":[{"@type":"ReadAction","target":["https:\/\/skishop.no\/produkt\/alpinsko-the-cruise-w-9942371057467\/"]}]},{"@type":"ImageObject","inLanguage":"nl-NL","@id":"https:\/\/skishop.no\/produkt\/alpinsko-the-cruise-w-9942371057467\/#primaryimage","url":"https:\/\/skishop.no\/wp-content\/uploads\/2026\/03\/de4a3b645c46dd6d0a7735ea40052f60-scaled.webp","contentUrl":"https:\/\/skishop.no\/wp-content\/uploads\/2026\/03\/de4a3b645c46dd6d0a7735ea40052f60-scaled.webp","width":1920,"height":619},{"@type":"BreadcrumbList","@id":"https:\/\/skishop.no\/produkt\/alpinsko-the-cruise-w-9942371057467\/#breadcrumb","itemListElement":[{"@type":"ListItem","position":1,"name":"Hjem","item":"https:\/\/skishop.no\/"},{"@type":"ListItem","position":2,"name":"Butikk","item":"https:\/\/skishop.no\/butikk\/"},{"@type":"ListItem","position":3,"name":"Alpinsko The Cruise W"}]},{"@type":"WebSite","@id":"https:\/\/skishop.no\/#website","url":"https:\/\/skishop.no\/","name":"Trysil Skishop","description":"Trysil's goedkoopste skiverhuur","publisher":{"@id":"https:\/\/skishop.no\/#organization"},"alternateName":"Trysil ski leie","potentialAction":[{"@type":"SearchAction","target":{"@type":"EntryPoint","urlTemplate":"https:\/\/skishop.no\/?s={search_term_string}"},"query-input":{"@type":"PropertyValueSpecification","valueRequired":true,"valueName":"search_term_string"}}],"inLanguage":"nl-NL"},{"@type":"Organization","@id":"https:\/\/skishop.no\/#organization","name":"Trysil Skishop","alternateName":"Trysil Skishop AS","url":"https:\/\/skishop.no\/","logo":{"@type":"ImageObject","inLanguage":"nl-NL","@id":"https:\/\/skishop.no\/#\/schema\/logo\/image\/","url":"https:\/\/skishop.no\/wp-content\/uploads\/2025\/09\/Site-icon-1.webp","contentUrl":"https:\/\/skishop.no\/wp-content\/uploads\/2025\/09\/Site-icon-1.webp","width":468,"height":389,"caption":"Trysil Skishop"},"image":{"@id":"https:\/\/skishop.no\/#\/schema\/logo\/image\/"},"sameAs":["https:\/\/www.facebook.com\/TrysilSkishop\/","https:\/\/www.instagram.com\/skishop.no"],"description":"Trysil Skishop is het voordeligste ski- en fietsverhuurbedrijf van Trysilfjellet. Ze verhuren ski- en fietsuitrustingen van hoge kwaliteit tegen lage prijzen. Ze zijn gevestigd in Trysil Shellsenter, ongeveer 2 km voor Trysil Turistsenter, en je kunt er gemakkelijk parkeren. Skishop biedt ook het hele jaar door ski-uitrustingsservice, waar ze ski's klaarmaken voor het winterseizoen met een professionele slijpmachine en ervaren technici. De locatie biedt snelle en effici\u00ebnte service, zodat klanten snel de piste op kunnen of op tournee kunnen. In de zomer kun je bij hen fietsen van hoge kwaliteit huren en ze hebben ook een sportwinkel met de benodigde uitrusting voor ski- en fietstochten. Trysil Skishop heeft ook partners die hun gasten kortingen bieden. Ze staan erom bekend dat ze lage prijzen combineren met dezelfde hoge kwaliteit van uitrusting als andere verhuurcentra in de omgeving.","email":"Info@skishop.no","telephone":"+4791929291","legalName":"Trysil Skishop AS","foundingDate":"1999-01-01","vatID":"981 443 489","numberOfEmployees":{"@type":"QuantitativeValue","minValue":"11","maxValue":"50"},"publishingPrinciples":"https:\/\/skishop.no\/ofte-stile-sporsmal\/"}]}},"_links":{"self":[{"href":"https:\/\/skishop.no\/nl\/wp-json\/wp\/v2\/product\/5800","targetHints":{"allow":["GET"]}}],"collection":[{"href":"https:\/\/skishop.no\/nl\/wp-json\/wp\/v2\/product"}],"about":[{"href":"https:\/\/skishop.no\/nl\/wp-json\/wp\/v2\/types\/product"}],"version-history":[{"count":2,"href":"https:\/\/skishop.no\/nl\/wp-json\/wp\/v2\/product\/5800\/revisions"}],"predecessor-version":[{"id":9591,"href":"https:\/\/skishop.no\/nl\/wp-json\/wp\/v2\/product\/5800\/revisions\/9591"}],"wp:featuredmedia":[{"embeddable":true,"href":"https:\/\/skishop.no\/nl\/wp-json\/wp\/v2\/media\/9592"}],"wp:attachment":[{"href":"https:\/\/skishop.no\/nl\/wp-json\/wp\/v2\/media?parent=5800"}],"wp:term":[{"taxonomy":"product_brand","embeddable":true,"href":"https:\/\/skishop.no\/nl\/wp-json\/wp\/v2\/product_brand?post=5800"},{"taxonomy":"product_cat","embeddable":true,"href":"https:\/\/skishop.no\/nl\/wp-json\/wp\/v2\/product_cat?post=5800"},{"taxonomy":"product_tag","embeddable":true,"href":"https:\/\/skishop.no\/nl\/wp-json\/wp\/v2\/product_tag?post=5800"}],"curies":[{"name":"wp","href":"https:\/\/api.w.org\/{rel}","templated":true}]}}