{"id":6280,"date":"2026-03-16T12:54:53","date_gmt":"2026-03-16T11:54:53","guid":{"rendered":"https:\/\/skishop.no\/?post_type=product&#038;p=6280"},"modified":"2026-05-06T17:50:48","modified_gmt":"2026-05-06T16:50:48","slug":"vibrax-sjokker-64385228018946","status":"publish","type":"product","link":"https:\/\/skishop.no\/nl\/product\/vibrax-schokdemper-64385228018946\/","title":{"rendered":"Vibrax-schokdempers"},"content":{"rendered":"<p>De Blue Fox Vibrax Shocker is een tijdloze klassieker onder de 10055 categorie visbenodigdheden, bekend om zijn superieure prestaties in rivieren en meren. De gepatenteerde tweedelige body van bewerkt messing zendt sonische trillingen met een lage frequentie uit als de vrij draaiende messing ratel tegen de bel schuurt. Dit lokt agressieve aanbeten uit van vissen zoals forel, baars, snoek, char en zalm. Het kunstaas werkt op dieptes van 0,6-1,8 meter en elimineert lijnverdraaiing dankzij de robuuste roestvrijstalen schacht. Zware messing zuigers zorgen voor een optimale rotatie van het blad voor een realistische beweging, terwijl VMC harpoenen met extreme scherpte en sterkte zorgen voor een stevige inhaking. Maten vari\u00ebren van #0 (2 gram) tot #6 (18 gram), met coatings in zilver, koper, UV Bright, en speciale varianten zoals Candy Back met gekleurde bladen en Hot Pepper met gestippeld patroon. Perfect voor beginners en ervaren vissers die op trofeevis jagen in wisselende wateromstandigheden. Eenvoudig onderhoud: Spoel na gebruik af in zoet water, voorkom roest en vervang harpoenen als ze versleten zijn. Een must-have in elke vliegendoos voor veelzijdig roofvissen.<\/p>","protected":false},"excerpt":{"rendered":"<p>Vibrax Shocks van Blue Fox zijn legendarische spinners ontworpen voor effici\u00ebnt vissen. Met een gepatenteerde tweedelige messing body die laagfrequente trillingen en een sonisch geluid afgeeft, trekken ze vissen aan in rivieren en meren. Zware messing bladen zorgen voor een perfecte rotatie, terwijl VMC harpoenen zorgen voor een snelle penetratie. Verkrijgbaar in maten van #0 tot #6 met verschillende kleuren zoals zilver, goud en fluorescerende tinten. Ideaal voor forel, baars en andere roofvissen in categorie 10055 Fishing tackle.<\/p>","protected":false},"featured_media":0,"template":"","meta":{"site-sidebar-layout":"default","site-content-layout":"","ast-site-content-layout":"default","site-content-style":"default","site-sidebar-style":"default","ast-global-header-display":"","ast-banner-title-visibility":"","ast-main-header-display":"","ast-hfb-above-header-display":"","ast-hfb-below-header-display":"","ast-hfb-mobile-header-display":"","site-post-title":"","ast-breadcrumbs-content":"","ast-featured-img":"","footer-sml-layout":"","ast-disable-related-posts":"","theme-transparent-header-meta":"default","adv-header-id-meta":"","stick-header-meta":"","header-above-stick-meta":"","header-main-stick-meta":"","header-below-stick-meta":"","astra-migrate-meta-layouts":"set","ast-page-background-enabled":"default","ast-page-background-meta":{"desktop":{"background-color":"var(--ast-global-color-4)","background-image":"","background-repeat":"repeat","background-position":"center center","background-size":"auto","background-attachment":"scroll","background-type":"","background-media":"","overlay-type":"","overlay-color":"","overlay-opacity":"","overlay-gradient":""},"tablet":{"background-color":"","background-image":"","background-repeat":"repeat","background-position":"center center","background-size":"auto","background-attachment":"scroll","background-type":"","background-media":"","overlay-type":"","overlay-color":"","overlay-opacity":"","overlay-gradient":""},"mobile":{"background-color":"","background-image":"","background-repeat":"repeat","background-position":"center center","background-size":"auto","background-attachment":"scroll","background-type":"","background-media":"","overlay-type":"","overlay-color":"","overlay-opacity":"","overlay-gradient":""}},"ast-content-background-meta":{"desktop":{"background-color":"var(--ast-global-color-5)","background-image":"","background-repeat":"repeat","background-position":"center center","background-size":"auto","background-attachment":"scroll","background-type":"","background-media":"","overlay-type":"","overlay-color":"","overlay-opacity":"","overlay-gradient":""},"tablet":{"background-color":"var(--ast-global-color-5)","background-image":"","background-repeat":"repeat","background-position":"center center","background-size":"auto","background-attachment":"scroll","background-type":"","background-media":"","overlay-type":"","overlay-color":"","overlay-opacity":"","overlay-gradient":""},"mobile":{"background-color":"var(--ast-global-color-5)","background-image":"","background-repeat":"repeat","background-position":"center center","background-size":"auto","background-attachment":"scroll","background-type":"","background-media":"","overlay-type":"","overlay-color":"","overlay-opacity":"","overlay-gradient":""}}},"product_brand":[1172],"product_cat":[167],"product_tag":[],"class_list":{"0":"post-6280","1":"product","2":"type-product","3":"status-publish","5":"product_brand-vibrax","6":"product_cat-10055-fiskeutstyr","7":"desktop-align-center","8":"tablet-align-left","9":"mobile-align-left","11":"first","12":"instock","13":"taxable","14":"shipping-taxable","15":"purchasable","16":"product-type-simple"},"yoast_head":"<!-- This site is optimized with the Yoast SEO Premium plugin v27.2 (Yoast SEO v27.5) - https:\/\/yoast.com\/product\/yoast-seo-premium-wordpress\/ -->\n<title>Vibrax Sjokker - Trysil Skishop<\/title>\n<meta name=\"description\" content=\"Vibrax Sjokker Trysil Skishop\" \/>\n<meta name=\"robots\" content=\"index, follow, max-snippet:-1, max-image-preview:large, max-video-preview:-1\" \/>\n<link rel=\"canonical\" href=\"https:\/\/skishop.no\/nl\/product\/vibrax-schokdemper-64385228018946\/\" \/>\n<meta property=\"og:locale\" content=\"nl_NL\" \/>\n<meta property=\"og:type\" content=\"article\" \/>\n<meta property=\"og:title\" content=\"Vibrax Sjokker % - Trysil Skishop\" \/>\n<meta property=\"og:description\" content=\"-\" \/>\n<meta property=\"og:url\" content=\"https:\/\/skishop.no\/nl\/product\/vibrax-schokdemper-64385228018946\/\" \/>\n<meta property=\"og:site_name\" content=\"Trysil Skishop\" \/>\n<meta property=\"article:publisher\" content=\"https:\/\/www.facebook.com\/TrysilSkishop\/\" \/>\n<meta property=\"article:modified_time\" content=\"2026-05-06T16:50:48+00:00\" \/>\n<meta property=\"og:image\" content=\"https:\/\/skishop.no\/wp-content\/uploads\/2025\/09\/Skishop-e1773158831889.jpg\" \/>\n\t<meta property=\"og:image:width\" content=\"964\" \/>\n\t<meta property=\"og:image:height\" content=\"643\" \/>\n\t<meta property=\"og:image:type\" content=\"image\/webp\" \/>\n<meta name=\"twitter:card\" content=\"summary_large_image\" \/>\n<script type=\"application\/ld+json\" class=\"yoast-schema-graph\">{\"@context\":\"https:\\\/\\\/schema.org\",\"@graph\":[{\"@type\":\"WebPage\",\"@id\":\"https:\\\/\\\/skishop.no\\\/produkt\\\/vibrax-sjokker-64385228018946\\\/\",\"url\":\"https:\\\/\\\/skishop.no\\\/produkt\\\/vibrax-sjokker-64385228018946\\\/\",\"name\":\"Vibrax Sjokker - Trysil Skishop\",\"isPartOf\":{\"@id\":\"https:\\\/\\\/skishop.no\\\/#website\"},\"datePublished\":\"2026-03-16T11:54:53+00:00\",\"dateModified\":\"2026-05-06T16:50:48+00:00\",\"description\":\"Vibrax Sjokker Trysil Skishop\",\"breadcrumb\":{\"@id\":\"https:\\\/\\\/skishop.no\\\/produkt\\\/vibrax-sjokker-64385228018946\\\/#breadcrumb\"},\"inLanguage\":\"nl-NL\",\"potentialAction\":[{\"@type\":\"ReadAction\",\"target\":[\"https:\\\/\\\/skishop.no\\\/produkt\\\/vibrax-sjokker-64385228018946\\\/\"]}]},{\"@type\":\"BreadcrumbList\",\"@id\":\"https:\\\/\\\/skishop.no\\\/produkt\\\/vibrax-sjokker-64385228018946\\\/#breadcrumb\",\"itemListElement\":[{\"@type\":\"ListItem\",\"position\":1,\"name\":\"Hjem\",\"item\":\"https:\\\/\\\/skishop.no\\\/\"},{\"@type\":\"ListItem\",\"position\":2,\"name\":\"Butikk\",\"item\":\"https:\\\/\\\/skishop.no\\\/butikk\\\/\"},{\"@type\":\"ListItem\",\"position\":3,\"name\":\"Vibrax Sjokker\"}]},{\"@type\":\"WebSite\",\"@id\":\"https:\\\/\\\/skishop.no\\\/#website\",\"url\":\"https:\\\/\\\/skishop.no\\\/\",\"name\":\"Trysil Skishop\",\"description\":\"Trysils billigste skiutleie\",\"publisher\":{\"@id\":\"https:\\\/\\\/skishop.no\\\/#organization\"},\"alternateName\":\"Trysil ski leie\",\"potentialAction\":[{\"@type\":\"SearchAction\",\"target\":{\"@type\":\"EntryPoint\",\"urlTemplate\":\"https:\\\/\\\/skishop.no\\\/?s={search_term_string}\"},\"query-input\":{\"@type\":\"PropertyValueSpecification\",\"valueRequired\":true,\"valueName\":\"search_term_string\"}}],\"inLanguage\":\"nl-NL\"},{\"@type\":\"Organization\",\"@id\":\"https:\\\/\\\/skishop.no\\\/#organization\",\"name\":\"Trysil Skishop\",\"alternateName\":\"Trysil Skishop AS\",\"url\":\"https:\\\/\\\/skishop.no\\\/\",\"logo\":{\"@type\":\"ImageObject\",\"inLanguage\":\"nl-NL\",\"@id\":\"https:\\\/\\\/skishop.no\\\/#\\\/schema\\\/logo\\\/image\\\/\",\"url\":\"https:\\\/\\\/skishop.no\\\/wp-content\\\/uploads\\\/2025\\\/09\\\/Site-icon-1.webp\",\"contentUrl\":\"https:\\\/\\\/skishop.no\\\/wp-content\\\/uploads\\\/2025\\\/09\\\/Site-icon-1.webp\",\"width\":468,\"height\":389,\"caption\":\"Trysil Skishop\"},\"image\":{\"@id\":\"https:\\\/\\\/skishop.no\\\/#\\\/schema\\\/logo\\\/image\\\/\"},\"sameAs\":[\"https:\\\/\\\/www.facebook.com\\\/TrysilSkishop\\\/\",\"https:\\\/\\\/www.instagram.com\\\/skishop.no\"],\"description\":\"Trysil Skishop er Trysilfjellets rimeligste ski- og sykkelutleie, som tilbyr utleie av ski- og sykkelutstyr av h\u00f8y kvalitet til lave priser. De holder til p\u00e5 Trysil Shellsenter, ca. 2 km f\u00f8r Trysil Turistsenter, med enkel parkering rett utenfor. Skishop tilbyr ogs\u00e5 skiutstyrservice \u00e5ret rundt, hvor de forbereder ski til vintersesongen med profesjonell slipemaskin og erfarne teknikere. Stedet gir rask og effektiv service slik at kunder raskt kan komme seg ut i bakken eller p\u00e5 tur. Om sommeren kan man leie sykler av h\u00f8y kvalitet hos dem, og de har ogs\u00e5 en sportsbutikk med n\u00f8dvendig utstyr for ski- og sykkelturer. Trysil Skishop har ogs\u00e5 samarbeidspartnere som gir rabatter til deres gjester. De er kjent for \u00e5 kombinere lave priser med like h\u00f8y standard p\u00e5 utstyret som andre utleiesteder i omr\u00e5det.\",\"email\":\"Info@skishop.no\",\"telephone\":\"+4791929291\",\"legalName\":\"Trysil Skishop AS\",\"foundingDate\":\"1999-01-01\",\"vatID\":\"981 443 489\",\"numberOfEmployees\":{\"@type\":\"QuantitativeValue\",\"minValue\":\"11\",\"maxValue\":\"50\"},\"publishingPrinciples\":\"https:\\\/\\\/skishop.no\\\/ofte-stile-sporsmal\\\/\"}]}<\/script>\n<!-- \/ Yoast SEO Premium plugin. -->","yoast_head_json":{"title":"Vibrax schokdempers - Trysil Skishop","description":"Vibrax schokdempers Trysil Skishop","robots":{"index":"index","follow":"follow","max-snippet":"max-snippet:-1","max-image-preview":"max-image-preview:large","max-video-preview":"max-video-preview:-1"},"canonical":"https:\/\/skishop.no\/nl\/product\/vibrax-schokdemper-64385228018946\/","og_locale":"nl_NL","og_type":"article","og_title":"Vibrax Sjokker % - Trysil Skishop","og_description":"-","og_url":"https:\/\/skishop.no\/nl\/product\/vibrax-schokdemper-64385228018946\/","og_site_name":"Trysil Skishop","article_publisher":"https:\/\/www.facebook.com\/TrysilSkishop\/","article_modified_time":"2026-05-06T16:50:48+00:00","og_image":[{"width":964,"height":643,"url":"https:\/\/skishop.no\/wp-content\/uploads\/2025\/09\/Skishop-e1773158831889.jpg","type":"image\/webp"}],"twitter_card":"summary_large_image","schema":{"@context":"https:\/\/schema.org","@graph":[{"@type":"WebPage","@id":"https:\/\/skishop.no\/produkt\/vibrax-sjokker-64385228018946\/","url":"https:\/\/skishop.no\/produkt\/vibrax-sjokker-64385228018946\/","name":"Vibrax schokdempers - Trysil Skishop","isPartOf":{"@id":"https:\/\/skishop.no\/#website"},"datePublished":"2026-03-16T11:54:53+00:00","dateModified":"2026-05-06T16:50:48+00:00","description":"Vibrax schokdempers Trysil Skishop","breadcrumb":{"@id":"https:\/\/skishop.no\/produkt\/vibrax-sjokker-64385228018946\/#breadcrumb"},"inLanguage":"nl-NL","potentialAction":[{"@type":"ReadAction","target":["https:\/\/skishop.no\/produkt\/vibrax-sjokker-64385228018946\/"]}]},{"@type":"BreadcrumbList","@id":"https:\/\/skishop.no\/produkt\/vibrax-sjokker-64385228018946\/#breadcrumb","itemListElement":[{"@type":"ListItem","position":1,"name":"Hjem","item":"https:\/\/skishop.no\/"},{"@type":"ListItem","position":2,"name":"Butikk","item":"https:\/\/skishop.no\/butikk\/"},{"@type":"ListItem","position":3,"name":"Vibrax Sjokker"}]},{"@type":"WebSite","@id":"https:\/\/skishop.no\/#website","url":"https:\/\/skishop.no\/","name":"Trysil Skishop","description":"Trysil's goedkoopste skiverhuur","publisher":{"@id":"https:\/\/skishop.no\/#organization"},"alternateName":"Trysil ski leie","potentialAction":[{"@type":"SearchAction","target":{"@type":"EntryPoint","urlTemplate":"https:\/\/skishop.no\/?s={search_term_string}"},"query-input":{"@type":"PropertyValueSpecification","valueRequired":true,"valueName":"search_term_string"}}],"inLanguage":"nl-NL"},{"@type":"Organization","@id":"https:\/\/skishop.no\/#organization","name":"Trysil Skishop","alternateName":"Trysil Skishop AS","url":"https:\/\/skishop.no\/","logo":{"@type":"ImageObject","inLanguage":"nl-NL","@id":"https:\/\/skishop.no\/#\/schema\/logo\/image\/","url":"https:\/\/skishop.no\/wp-content\/uploads\/2025\/09\/Site-icon-1.webp","contentUrl":"https:\/\/skishop.no\/wp-content\/uploads\/2025\/09\/Site-icon-1.webp","width":468,"height":389,"caption":"Trysil Skishop"},"image":{"@id":"https:\/\/skishop.no\/#\/schema\/logo\/image\/"},"sameAs":["https:\/\/www.facebook.com\/TrysilSkishop\/","https:\/\/www.instagram.com\/skishop.no"],"description":"Trysil Skishop is het voordeligste ski- en fietsverhuurbedrijf van Trysilfjellet. Ze verhuren ski- en fietsuitrustingen van hoge kwaliteit tegen lage prijzen. Ze zijn gevestigd in Trysil Shellsenter, ongeveer 2 km voor Trysil Turistsenter, en je kunt er gemakkelijk parkeren. Skishop biedt ook het hele jaar door ski-uitrustingsservice, waar ze ski's klaarmaken voor het winterseizoen met een professionele slijpmachine en ervaren technici. De locatie biedt snelle en effici\u00ebnte service, zodat klanten snel de piste op kunnen of op tournee kunnen. In de zomer kun je bij hen fietsen van hoge kwaliteit huren en ze hebben ook een sportwinkel met de benodigde uitrusting voor ski- en fietstochten. Trysil Skishop heeft ook partners die hun gasten kortingen bieden. Ze staan erom bekend dat ze lage prijzen combineren met dezelfde hoge kwaliteit van uitrusting als andere verhuurcentra in de omgeving.","email":"Info@skishop.no","telephone":"+4791929291","legalName":"Trysil Skishop AS","foundingDate":"1999-01-01","vatID":"981 443 489","numberOfEmployees":{"@type":"QuantitativeValue","minValue":"11","maxValue":"50"},"publishingPrinciples":"https:\/\/skishop.no\/ofte-stile-sporsmal\/"}]}},"_links":{"self":[{"href":"https:\/\/skishop.no\/nl\/wp-json\/wp\/v2\/product\/6280","targetHints":{"allow":["GET"]}}],"collection":[{"href":"https:\/\/skishop.no\/nl\/wp-json\/wp\/v2\/product"}],"about":[{"href":"https:\/\/skishop.no\/nl\/wp-json\/wp\/v2\/types\/product"}],"version-history":[{"count":2,"href":"https:\/\/skishop.no\/nl\/wp-json\/wp\/v2\/product\/6280\/revisions"}],"predecessor-version":[{"id":9323,"href":"https:\/\/skishop.no\/nl\/wp-json\/wp\/v2\/product\/6280\/revisions\/9323"}],"wp:attachment":[{"href":"https:\/\/skishop.no\/nl\/wp-json\/wp\/v2\/media?parent=6280"}],"wp:term":[{"taxonomy":"product_brand","embeddable":true,"href":"https:\/\/skishop.no\/nl\/wp-json\/wp\/v2\/product_brand?post=6280"},{"taxonomy":"product_cat","embeddable":true,"href":"https:\/\/skishop.no\/nl\/wp-json\/wp\/v2\/product_cat?post=6280"},{"taxonomy":"product_tag","embeddable":true,"href":"https:\/\/skishop.no\/nl\/wp-json\/wp\/v2\/product_tag?post=6280"}],"curies":[{"name":"wp","href":"https:\/\/api.w.org\/{rel}","templated":true}]}}