{"id":3631,"date":"2025-11-01T13:04:56","date_gmt":"2025-11-01T12:04:56","guid":{"rendered":"https:\/\/skishop.no\/cookie-policy\/"},"modified":"2025-11-01T13:19:52","modified_gmt":"2025-11-01T12:19:52","slug":"cookie-policy","status":"publish","type":"page","link":"https:\/\/skishop.no\/sv\/cookiepolicy\/","title":{"rendered":"Policy f\u00f6r cookies"},"content":{"rendered":"<div data-elementor-type=\"wp-page\" data-elementor-id=\"3631\" class=\"elementor elementor-3631\" data-elementor-post-type=\"page\">\n\t\t\t\t<div data-particle_enable=\"false\" data-particle-mobile-disabled=\"false\" class=\"elementor-element elementor-element-2321f544 e-flex e-con-boxed e-con e-parent\" data-id=\"2321f544\" data-element_type=\"container\" data-e-type=\"container\">\n\t\t\t\t\t<div class=\"e-con-inner\">\n\t\t\t\t<div class=\"elementor-element elementor-element-4fb8a676 elementor-widget elementor-widget-text-editor\" data-id=\"4fb8a676\" data-element_type=\"widget\" data-e-type=\"widget\" data-widget_type=\"text-editor.default\">\n\t\t\t\t\t\t\t\t\t\n<p>Den h\u00e4r sidan inneh\u00e5ller omfattande information om hur vi anv\u00e4nder cookies p\u00e5 v\u00e5r webbplats f\u00f6r att f\u00f6rb\u00e4ttra din surfupplevelse, f\u00f6rb\u00e4ttra webbplatsens prestanda och leverera personligt anpassat inneh\u00e5ll. Cookies \u00e4r sm\u00e5 textfiler som lagras p\u00e5 din enhet n\u00e4r du bes\u00f6ker v\u00e5r webbplats. De hj\u00e4lper oss att f\u00f6rst\u00e5 hur bes\u00f6kare interagerar med v\u00e5r webbplats, s\u00e5 att vi kan erbjuda en smidigare och effektivare anv\u00e4ndarupplevelse. I tabellen nedan hittar du detaljerad information om varje typ av cookie som vi anv\u00e4nder, deras syfte och hur l\u00e4nge de finns kvar p\u00e5 din enhet. Vi \u00e4r fast beslutna att respektera din integritet och tillhandah\u00e5lla \u00f6ppenhet om de uppgifter vi samlar in via cookies. F\u00f6r mer information om hur vi hanterar dina personuppgifter, v\u00e4nligen se v\u00e5r <a href=\"https:\/\/skishop.no\/sv\/integritet\/\">Integritetspolicy.<\/a><\/p>\n<p><\/p>\n<div class=\"wpconsent-cookie-policy\">\n<h2 class=\"wpconsent-cookie-category-name\">V\u00e4sentlig<\/h2>\n<p class=\"wpconsent-cookie-category-description\">Viktiga cookies m\u00f6jligg\u00f6r grundl\u00e4ggande funktioner och \u00e4r n\u00f6dv\u00e4ndiga f\u00f6r att webbplatsen ska fungera korrekt.<\/p>\n<table class=\"wpconsent-cookie-policy-table\">\n<tr>\n<th>Namn<\/th>\n<th>Beskrivning<\/th>\n<th>Varaktighet<\/th>\n<\/tr>\n<tr>\n<td>wpmedgivande_preferenser<\/td>\n<td>Denna cookie anv\u00e4nds f\u00f6r att lagra anv\u00e4ndarens preferenser f\u00f6r samtycke till cookies.<\/td>\n<td>30 dagar<\/td>\n<\/tr>\n<\/table>\n<h3 class=\"wpconsent-cookie-service-name\">Google Tag Manager<\/h3>\n<p class=\"wpconsent-cookie-service-description\">Google Tag Manager f\u00f6renklar hanteringen av marknadsf\u00f6ringstaggar p\u00e5 din webbplats utan kod\u00e4ndringar.<\/p>\n<table class=\"wpconsent-cookie-policy-table\">\n<tr>\n<th>Namn<\/th>\n<th>Beskrivning<\/th>\n<th>Varaktighet<\/th>\n<\/tr>\n<tr>\n<td>td<\/td>\n<td>Registrerar statistiska uppgifter om anv\u00e4ndarnas beteende p\u00e5 webbplatsen. Anv\u00e4nds f\u00f6r intern analys av webbplatsoperat\u00f6ren.<\/td>\n<td>session<\/td>\n<\/tr>\n<tr>\n<td>cookieInst\u00e4llningar<\/td>\n<td>Registrerar en anv\u00e4ndares cookiepreferenser<\/td>\n<td>2 \u00e5r<\/td>\n<\/tr>\n<\/table>\n<h2 class=\"wpconsent-cookie-category-name\">Statistik<\/h2>\n<p class=\"wpconsent-cookie-category-description\">Statistikcookies samlar in information anonymt. Denna information hj\u00e4lper oss att f\u00f6rst\u00e5 hur bes\u00f6kare anv\u00e4nder v\u00e5r webbplats.<\/p>\n<h3 class=\"wpconsent-cookie-service-name\">Google Analytics<\/h3>\n<p class=\"wpconsent-cookie-service-description\">Google Analytics \u00e4r ett kraftfullt verktyg som sp\u00e5rar och analyserar webbplatstrafik f\u00f6r v\u00e4lgrundade marknadsf\u00f6ringsbeslut.<\/p>\n<p><a href=\"https:\/\/policies.google.com\/privacy\">L\u00e4s mer om detta<\/a><\/p>\n<table class=\"wpconsent-cookie-policy-table\">\n<tr>\n<th>Namn<\/th>\n<th>Beskrivning<\/th>\n<th>Varaktighet<\/th>\n<\/tr>\n<tr>\n<td>_gac_<\/td>\n<td>Inneh\u00e5ller information relaterad till anv\u00e4ndarens marknadsf\u00f6ringskampanjer. Dessa delas med Google AdWords \/ Google Ads n\u00e4r kontona f\u00f6r Google Ads och Google Analytics \u00e4r l\u00e4nkade tillsammans.<\/td>\n<td>90 dagar<\/td>\n<\/tr>\n<tr>\n<td>__utma<\/td>\n<td>ID som anv\u00e4nds f\u00f6r att identifiera anv\u00e4ndare och sessioner<\/td>\n<td>2 \u00e5r efter senaste aktivitet<\/td>\n<\/tr>\n<tr>\n<td>__utmt<\/td>\n<td>Anv\u00e4nds f\u00f6r att \u00f6vervaka antalet serverf\u00f6rfr\u00e5gningar fr\u00e5n Google Analytics<\/td>\n<td>10 minuter<\/td>\n<\/tr>\n<tr>\n<td>__utmb<\/td>\n<td>Anv\u00e4nds f\u00f6r att s\u00e4rskilja nya sessioner och bes\u00f6k. Den h\u00e4r cookien s\u00e4tts n\u00e4r javascriptbiblioteket GA.js laddas och det inte finns n\u00e5gon befintlig __utmb-cookie. Cookien uppdateras varje g\u00e5ng data skickas till Google Analytics-servern.<\/td>\n<td>30 minuter efter sista aktiviteten<\/td>\n<\/tr>\n<tr>\n<td>__utmc<\/td>\n<td>Anv\u00e4nds endast med gamla Urchin-versioner av Google Analytics och inte med GA.js. Anv\u00e4ndes f\u00f6r att skilja mellan nya sessioner och bes\u00f6k i slutet av en session.<\/td>\n<td>Avsluta sessionen (webbl\u00e4sare)<\/td>\n<\/tr>\n<tr>\n<td>__utmz<\/td>\n<td>Inneh\u00e5ller information om den trafikk\u00e4lla eller kampanj som ledde anv\u00e4ndaren till webbplatsen. Cookien s\u00e4tts n\u00e4r GA.js javascript laddas och uppdateras n\u00e4r data skickas till Google Anaytics server.<\/td>\n<td>6 m\u00e5nader efter senaste aktivitet<\/td>\n<\/tr>\n<tr>\n<td>__utmv<\/td>\n<td>Inneh\u00e5ller anpassad information som st\u00e4llts in av webbutvecklaren via metoden _setCustomVar i Google Analytics. Denna cookie uppdateras varje g\u00e5ng nya data skickas till Google Analytics-servern.<\/td>\n<td>2 \u00e5r efter senaste aktivitet<\/td>\n<\/tr>\n<tr>\n<td>__utmx<\/td>\n<td>Anv\u00e4nds f\u00f6r att avg\u00f6ra om en anv\u00e4ndare ing\u00e5r i ett A\/B- eller Multivariate-test.<\/td>\n<td>18 m\u00e5nader<\/td>\n<\/tr>\n<tr>\n<td>_ga<\/td>\n<td>ID som anv\u00e4nds f\u00f6r att identifiera anv\u00e4ndare<\/td>\n<td>2 \u00e5r<\/td>\n<\/tr>\n<tr>\n<td>_gali<\/td>\n<td>Anv\u00e4nds av Google Analytics f\u00f6r att avg\u00f6ra vilka l\u00e4nkar p\u00e5 en sida som klickas p\u00e5<\/td>\n<td>30 sekunder<\/td>\n<\/tr>\n<tr>\n<td>_ga_<\/td>\n<td>ID som anv\u00e4nds f\u00f6r att identifiera anv\u00e4ndare<\/td>\n<td>2 \u00e5r<\/td>\n<\/tr>\n<tr>\n<td>_gid<\/td>\n<td>ID som anv\u00e4nds f\u00f6r att identifiera anv\u00e4ndare i 24 timmar efter senaste aktivitet<\/td>\n<td>24 timmar<\/td>\n<\/tr>\n<tr>\n<td>_H\u00e5l<\/td>\n<td>Anv\u00e4nds f\u00f6r att \u00f6vervaka antalet serverf\u00f6rfr\u00e5gningar fr\u00e5n Google Analytics n\u00e4r Google Tag Manager anv\u00e4nds<\/td>\n<td>1 minut<\/td>\n<\/tr>\n<\/table>\n<h3 class=\"wpconsent-cookie-service-name\">WooCommerce K\u00e4llsortering<\/h3>\n<p class=\"wpconsent-cookie-service-description\">SourceBuster anv\u00e4nds av WooCommerce f\u00f6r orderattribution baserat p\u00e5 anv\u00e4ndark\u00e4lla.<\/p>\n<table class=\"wpconsent-cookie-policy-table\">\n<tr>\n<th>Namn<\/th>\n<th>Beskrivning<\/th>\n<th>Varaktighet<\/th>\n<\/tr>\n<tr>\n<td>sbjs_session<\/td>\n<td>Antalet sidvisningar i den h\u00e4r sessionen och den aktuella sidv\u00e4gen<\/td>\n<td>30 minuter<\/td>\n<\/tr>\n<tr>\n<td>sbjs_udata<\/td>\n<td>Information om bes\u00f6karens anv\u00e4ndaragent, t.ex. IP, webbl\u00e4sare och enhetstyp<\/td>\n<td>session<\/td>\n<\/tr>\n<tr>\n<td>sbjs_f\u00f6rst<\/td>\n<td>Information om trafikens ursprung f\u00f6r bes\u00f6karens f\u00f6rsta bes\u00f6k i din butik (endast till\u00e4mpligt om bes\u00f6karen \u00e5terv\u00e4nder innan sessionen l\u00f6per ut)<\/td>\n<td>session<\/td>\n<\/tr>\n<tr>\n<td>sbjs_aktuell<\/td>\n<td>Information om trafikens ursprung f\u00f6r bes\u00f6karens aktuella bes\u00f6k i din butik<\/td>\n<td>session<\/td>\n<\/tr>\n<tr>\n<td>sbjs_f\u00f6rsta_till\u00e4gg<\/td>\n<td>Tidsst\u00e4mpel, h\u00e4nvisande URL och ing\u00e5ngssida f\u00f6r bes\u00f6karens f\u00f6rsta bes\u00f6k i din butik (endast till\u00e4mpligt om bes\u00f6karen \u00e5terv\u00e4nder innan sessionen l\u00f6per ut)<\/td>\n<td>session<\/td>\n<\/tr>\n<tr>\n<td>sbjs_aktuellt_till\u00e4gg<\/td>\n<td>Tidsst\u00e4mpel, h\u00e4nvisande URL och ing\u00e5ngssida f\u00f6r bes\u00f6karens aktuella bes\u00f6k i din butik<\/td>\n<td>session<\/td>\n<\/tr>\n<tr>\n<td>sbjs_migreringar<\/td>\n<td>Tekniska data f\u00f6r att hj\u00e4lpa till med migreringar mellan olika versioner av sp\u00e5rningsfunktionen<\/td>\n<td>session<\/td>\n<\/tr>\n<\/table>\n<\/div>\n\t\t\t\t\t\t\t\t<\/div>\n\t\t\t\t\t<\/div>\n\t\t\t\t<\/div>\n\t\t\t\t<\/div>","protected":false},"excerpt":{"rendered":"<p>This page provides comprehensive information about how we use cookies on our website to enhance your browsing experience, improve website performance, and deliver personalized content. Cookies are small text files that are stored on your device when you visit our site. They help us understand how visitors interact with our website, allowing us to offer [&hellip;]<\/p>\n","protected":false},"author":1,"featured_media":0,"parent":0,"menu_order":0,"comment_status":"closed","ping_status":"closed","template":"","meta":{"site-sidebar-layout":"default","site-content-layout":"","ast-site-content-layout":"default","site-content-style":"default","site-sidebar-style":"default","ast-global-header-display":"","ast-banner-title-visibility":"","ast-main-header-display":"","ast-hfb-above-header-display":"","ast-hfb-below-header-display":"","ast-hfb-mobile-header-display":"","site-post-title":"","ast-breadcrumbs-content":"","ast-featured-img":"","footer-sml-layout":"","ast-disable-related-posts":"","theme-transparent-header-meta":"","adv-header-id-meta":"","stick-header-meta":"","header-above-stick-meta":"","header-main-stick-meta":"","header-below-stick-meta":"","astra-migrate-meta-layouts":"set","ast-page-background-enabled":"default","ast-page-background-meta":{"desktop":{"background-color":"var(--ast-global-color-4)","background-image":"","background-repeat":"repeat","background-position":"center center","background-size":"auto","background-attachment":"scroll","background-type":"","background-media":"","overlay-type":"","overlay-color":"","overlay-opacity":"","overlay-gradient":""},"tablet":{"background-color":"","background-image":"","background-repeat":"repeat","background-position":"center center","background-size":"auto","background-attachment":"scroll","background-type":"","background-media":"","overlay-type":"","overlay-color":"","overlay-opacity":"","overlay-gradient":""},"mobile":{"background-color":"","background-image":"","background-repeat":"repeat","background-position":"center center","background-size":"auto","background-attachment":"scroll","background-type":"","background-media":"","overlay-type":"","overlay-color":"","overlay-opacity":"","overlay-gradient":""}},"ast-content-background-meta":{"desktop":{"background-color":"var(--ast-global-color-5)","background-image":"","background-repeat":"repeat","background-position":"center center","background-size":"auto","background-attachment":"scroll","background-type":"","background-media":"","overlay-type":"","overlay-color":"","overlay-opacity":"","overlay-gradient":""},"tablet":{"background-color":"var(--ast-global-color-5)","background-image":"","background-repeat":"repeat","background-position":"center center","background-size":"auto","background-attachment":"scroll","background-type":"","background-media":"","overlay-type":"","overlay-color":"","overlay-opacity":"","overlay-gradient":""},"mobile":{"background-color":"var(--ast-global-color-5)","background-image":"","background-repeat":"repeat","background-position":"center center","background-size":"auto","background-attachment":"scroll","background-type":"","background-media":"","overlay-type":"","overlay-color":"","overlay-opacity":"","overlay-gradient":""}},"footnotes":""},"class_list":["post-3631","page","type-page","status-publish","hentry"],"yoast_head":"<!-- This site is optimized with the Yoast SEO Premium plugin v27.2 (Yoast SEO v27.5) - https:\/\/yoast.com\/product\/yoast-seo-premium-wordpress\/ -->\n<title>Cookie Policy - Trysil Skishop<\/title>\n<meta name=\"description\" content=\"Trysil Skishop -\" \/>\n<meta name=\"robots\" content=\"index, follow, max-snippet:-1, max-image-preview:large, max-video-preview:-1\" \/>\n<link rel=\"canonical\" href=\"https:\/\/skishop.no\/sv\/cookiepolitik\/\" \/>\n<meta property=\"og:locale\" content=\"sv_SE\" \/>\n<meta property=\"og:type\" content=\"article\" \/>\n<meta property=\"og:title\" content=\"Cookie Policy\" \/>\n<meta property=\"og:description\" content=\"Trysil Skishop -\" \/>\n<meta property=\"og:url\" content=\"https:\/\/skishop.no\/sv\/cookiepolitik\/\" \/>\n<meta property=\"og:site_name\" content=\"Trysil Skishop\" \/>\n<meta property=\"article:publisher\" content=\"https:\/\/www.facebook.com\/TrysilSkishop\/\" \/>\n<meta property=\"article:modified_time\" content=\"2025-11-01T12:19:52+00:00\" \/>\n<meta property=\"og:image\" content=\"https:\/\/skishop.no\/wp-content\/uploads\/2025\/09\/Skishop-e1773158831889.jpg\" \/>\n\t<meta property=\"og:image:width\" content=\"964\" \/>\n\t<meta property=\"og:image:height\" content=\"643\" \/>\n\t<meta property=\"og:image:type\" content=\"image\/webp\" \/>\n<meta name=\"twitter:card\" content=\"summary_large_image\" \/>\n<meta name=\"twitter:label1\" content=\"Ber\u00e4knad l\u00e4stid\" \/>\n\t<meta name=\"twitter:data1\" content=\"1 minut\" \/>\n<script type=\"application\/ld+json\" class=\"yoast-schema-graph\">{\"@context\":\"https:\\\/\\\/schema.org\",\"@graph\":[{\"@type\":\"Article\",\"@id\":\"https:\\\/\\\/skishop.no\\\/da\\\/cookiepolitik\\\/#article\",\"isPartOf\":{\"@id\":\"https:\\\/\\\/skishop.no\\\/da\\\/cookiepolitik\\\/\"},\"author\":{\"name\":\"\",\"@id\":\"https:\\\/\\\/skishop.no\\\/#\\\/schema\\\/person\\\/e1116c92488e263d9a1324f1bd5d2dcb\"},\"headline\":\"Cookie Policy\",\"datePublished\":\"2025-11-01T12:04:56+00:00\",\"dateModified\":\"2025-11-01T12:19:52+00:00\",\"mainEntityOfPage\":{\"@id\":\"https:\\\/\\\/skishop.no\\\/da\\\/cookiepolitik\\\/\"},\"wordCount\":125,\"publisher\":{\"@id\":\"https:\\\/\\\/skishop.no\\\/#organization\"},\"inLanguage\":\"sv-SE\"},{\"@type\":\"WebPage\",\"@id\":\"https:\\\/\\\/skishop.no\\\/da\\\/cookiepolitik\\\/\",\"url\":\"https:\\\/\\\/skishop.no\\\/da\\\/cookiepolitik\\\/\",\"name\":\"Cookie Policy - Trysil Skishop\",\"isPartOf\":{\"@id\":\"https:\\\/\\\/skishop.no\\\/#website\"},\"datePublished\":\"2025-11-01T12:04:56+00:00\",\"dateModified\":\"2025-11-01T12:19:52+00:00\",\"description\":\"Trysil Skishop -\",\"breadcrumb\":{\"@id\":\"https:\\\/\\\/skishop.no\\\/da\\\/cookiepolitik\\\/#breadcrumb\"},\"inLanguage\":\"sv-SE\",\"potentialAction\":[{\"@type\":\"ReadAction\",\"target\":[\"https:\\\/\\\/skishop.no\\\/da\\\/cookiepolitik\\\/\"]}]},{\"@type\":\"BreadcrumbList\",\"@id\":\"https:\\\/\\\/skishop.no\\\/da\\\/cookiepolitik\\\/#breadcrumb\",\"itemListElement\":[{\"@type\":\"ListItem\",\"position\":1,\"name\":\"Hjem\",\"item\":\"https:\\\/\\\/skishop.no\\\/\"},{\"@type\":\"ListItem\",\"position\":2,\"name\":\"Cookie Policy\"}]},{\"@type\":\"WebSite\",\"@id\":\"https:\\\/\\\/skishop.no\\\/#website\",\"url\":\"https:\\\/\\\/skishop.no\\\/\",\"name\":\"Trysil Skishop\",\"description\":\"Trysils billigste skiutleie\",\"publisher\":{\"@id\":\"https:\\\/\\\/skishop.no\\\/#organization\"},\"alternateName\":\"Trysil ski leie\",\"potentialAction\":[{\"@type\":\"SearchAction\",\"target\":{\"@type\":\"EntryPoint\",\"urlTemplate\":\"https:\\\/\\\/skishop.no\\\/?s={search_term_string}\"},\"query-input\":{\"@type\":\"PropertyValueSpecification\",\"valueRequired\":true,\"valueName\":\"search_term_string\"}}],\"inLanguage\":\"sv-SE\"},{\"@type\":\"Organization\",\"@id\":\"https:\\\/\\\/skishop.no\\\/#organization\",\"name\":\"Trysil Skishop\",\"alternateName\":\"Trysil Skishop AS\",\"url\":\"https:\\\/\\\/skishop.no\\\/\",\"logo\":{\"@type\":\"ImageObject\",\"inLanguage\":\"sv-SE\",\"@id\":\"https:\\\/\\\/skishop.no\\\/#\\\/schema\\\/logo\\\/image\\\/\",\"url\":\"https:\\\/\\\/skishop.no\\\/wp-content\\\/uploads\\\/2025\\\/09\\\/Site-icon-1.webp\",\"contentUrl\":\"https:\\\/\\\/skishop.no\\\/wp-content\\\/uploads\\\/2025\\\/09\\\/Site-icon-1.webp\",\"width\":468,\"height\":389,\"caption\":\"Trysil Skishop\"},\"image\":{\"@id\":\"https:\\\/\\\/skishop.no\\\/#\\\/schema\\\/logo\\\/image\\\/\"},\"sameAs\":[\"https:\\\/\\\/www.facebook.com\\\/TrysilSkishop\\\/\",\"https:\\\/\\\/www.instagram.com\\\/skishop.no\"],\"description\":\"Trysil Skishop er Trysilfjellets rimeligste ski- og sykkelutleie, som tilbyr utleie av ski- og sykkelutstyr av h\u00f8y kvalitet til lave priser. De holder til p\u00e5 Trysil Shellsenter, ca. 2 km f\u00f8r Trysil Turistsenter, med enkel parkering rett utenfor. Skishop tilbyr ogs\u00e5 skiutstyrservice \u00e5ret rundt, hvor de forbereder ski til vintersesongen med profesjonell slipemaskin og erfarne teknikere. Stedet gir rask og effektiv service slik at kunder raskt kan komme seg ut i bakken eller p\u00e5 tur. Om sommeren kan man leie sykler av h\u00f8y kvalitet hos dem, og de har ogs\u00e5 en sportsbutikk med n\u00f8dvendig utstyr for ski- og sykkelturer. Trysil Skishop har ogs\u00e5 samarbeidspartnere som gir rabatter til deres gjester. De er kjent for \u00e5 kombinere lave priser med like h\u00f8y standard p\u00e5 utstyret som andre utleiesteder i omr\u00e5det.\",\"email\":\"Info@skishop.no\",\"telephone\":\"+4791929291\",\"legalName\":\"Trysil Skishop AS\",\"foundingDate\":\"1999-01-01\",\"vatID\":\"981 443 489\",\"numberOfEmployees\":{\"@type\":\"QuantitativeValue\",\"minValue\":\"11\",\"maxValue\":\"50\"},\"publishingPrinciples\":\"https:\\\/\\\/skishop.no\\\/ofte-stile-sporsmal\\\/\"},{\"@type\":\"Person\",\"@id\":\"https:\\\/\\\/skishop.no\\\/#\\\/schema\\\/person\\\/e1116c92488e263d9a1324f1bd5d2dcb\",\"name\":\"\",\"sameAs\":[\"https:\\\/\\\/skishop.no\"],\"url\":\"https:\\\/\\\/skishop.no\\\/sv\\\/author\\\/infoskishop-no\\\/\"}]}<\/script>\n<!-- \/ Yoast SEO Premium plugin. -->","yoast_head_json":{"title":"Policy f\u00f6r cookies - Trysil Skishop","description":"Trysil Skishop -","robots":{"index":"index","follow":"follow","max-snippet":"max-snippet:-1","max-image-preview":"max-image-preview:large","max-video-preview":"max-video-preview:-1"},"canonical":"https:\/\/skishop.no\/sv\/cookiepolitik\/","og_locale":"sv_SE","og_type":"article","og_title":"Cookie Policy","og_description":"Trysil Skishop -","og_url":"https:\/\/skishop.no\/sv\/cookiepolitik\/","og_site_name":"Trysil Skishop","article_publisher":"https:\/\/www.facebook.com\/TrysilSkishop\/","article_modified_time":"2025-11-01T12:19:52+00:00","og_image":[{"width":964,"height":643,"url":"https:\/\/skishop.no\/wp-content\/uploads\/2025\/09\/Skishop-e1773158831889.jpg","type":"image\/webp"}],"twitter_card":"summary_large_image","twitter_misc":{"Ber\u00e4knad l\u00e4stid":"1 minut"},"schema":{"@context":"https:\/\/schema.org","@graph":[{"@type":"Article","@id":"https:\/\/skishop.no\/da\/cookiepolitik\/#article","isPartOf":{"@id":"https:\/\/skishop.no\/da\/cookiepolitik\/"},"author":{"name":"","@id":"https:\/\/skishop.no\/#\/schema\/person\/e1116c92488e263d9a1324f1bd5d2dcb"},"headline":"Cookie Policy","datePublished":"2025-11-01T12:04:56+00:00","dateModified":"2025-11-01T12:19:52+00:00","mainEntityOfPage":{"@id":"https:\/\/skishop.no\/da\/cookiepolitik\/"},"wordCount":125,"publisher":{"@id":"https:\/\/skishop.no\/#organization"},"inLanguage":"sv-SE"},{"@type":"WebPage","@id":"https:\/\/skishop.no\/da\/cookiepolitik\/","url":"https:\/\/skishop.no\/da\/cookiepolitik\/","name":"Policy f\u00f6r cookies - Trysil Skishop","isPartOf":{"@id":"https:\/\/skishop.no\/#website"},"datePublished":"2025-11-01T12:04:56+00:00","dateModified":"2025-11-01T12:19:52+00:00","description":"Trysil Skishop -","breadcrumb":{"@id":"https:\/\/skishop.no\/da\/cookiepolitik\/#breadcrumb"},"inLanguage":"sv-SE","potentialAction":[{"@type":"ReadAction","target":["https:\/\/skishop.no\/da\/cookiepolitik\/"]}]},{"@type":"BreadcrumbList","@id":"https:\/\/skishop.no\/da\/cookiepolitik\/#breadcrumb","itemListElement":[{"@type":"ListItem","position":1,"name":"Hjem","item":"https:\/\/skishop.no\/"},{"@type":"ListItem","position":2,"name":"Cookie Policy"}]},{"@type":"WebSite","@id":"https:\/\/skishop.no\/#website","url":"https:\/\/skishop.no\/","name":"Trysil Skishop","description":"Trysils billigaste skiduthyrning","publisher":{"@id":"https:\/\/skishop.no\/#organization"},"alternateName":"Trysil ski leie","potentialAction":[{"@type":"SearchAction","target":{"@type":"EntryPoint","urlTemplate":"https:\/\/skishop.no\/?s={search_term_string}"},"query-input":{"@type":"PropertyValueSpecification","valueRequired":true,"valueName":"search_term_string"}}],"inLanguage":"sv-SE"},{"@type":"Organization","@id":"https:\/\/skishop.no\/#organization","name":"Trysil Skishop","alternateName":"Trysil Skishop AS","url":"https:\/\/skishop.no\/","logo":{"@type":"ImageObject","inLanguage":"sv-SE","@id":"https:\/\/skishop.no\/#\/schema\/logo\/image\/","url":"https:\/\/skishop.no\/wp-content\/uploads\/2025\/09\/Site-icon-1.webp","contentUrl":"https:\/\/skishop.no\/wp-content\/uploads\/2025\/09\/Site-icon-1.webp","width":468,"height":389,"caption":"Trysil Skishop"},"image":{"@id":"https:\/\/skishop.no\/#\/schema\/logo\/image\/"},"sameAs":["https:\/\/www.facebook.com\/TrysilSkishop\/","https:\/\/www.instagram.com\/skishop.no"],"description":"Trysil Skishop \u00e4r Trysilfjellets mest prisv\u00e4rda skid- och cykeluthyrningsf\u00f6retag, som erbjuder h\u00f6gkvalitativ skid- och cykelutrustning till l\u00e5ga priser. De ligger vid Trysil Shellsenter, ca 2 km f\u00f6re Trysil Turistsenter, med enkel parkering precis utanf\u00f6r. Skishop erbjuder ocks\u00e5 en skidutrustningsservice \u00e5ret runt, d\u00e4r de f\u00f6rbereder skidorna f\u00f6r vinters\u00e4songen med en professionell slipmaskin och erfarna tekniker. P\u00e5 plats finns snabb och effektiv service s\u00e5 att kunderna snabbt kan komma ut i backen eller p\u00e5 tur. P\u00e5 sommaren kan man hyra cyklar av h\u00f6g kvalitet hos dem, och de har ocks\u00e5 en sportbutik med n\u00f6dv\u00e4ndig utrustning f\u00f6r skid- och cykelturer. Trysil Skishop har ocks\u00e5 partners som erbjuder rabatter till sina g\u00e4ster. De \u00e4r k\u00e4nda f\u00f6r att kombinera l\u00e5ga priser med samma h\u00f6ga standard p\u00e5 utrustningen som andra uthyrningscenter i omr\u00e5det.","email":"Info@skishop.no","telephone":"+4791929291","legalName":"Trysil Skishop AS","foundingDate":"1999-01-01","vatID":"981 443 489","numberOfEmployees":{"@type":"QuantitativeValue","minValue":"11","maxValue":"50"},"publishingPrinciples":"https:\/\/skishop.no\/ofte-stile-sporsmal\/"},{"@type":"Person","@id":"https:\/\/skishop.no\/#\/schema\/person\/e1116c92488e263d9a1324f1bd5d2dcb","name":"","sameAs":["https:\/\/skishop.no"],"url":"https:\/\/skishop.no\/sv\/author\/infoskishop-no\/"}]}},"_links":{"self":[{"href":"https:\/\/skishop.no\/sv\/wp-json\/wp\/v2\/pages\/3631","targetHints":{"allow":["GET"]}}],"collection":[{"href":"https:\/\/skishop.no\/sv\/wp-json\/wp\/v2\/pages"}],"about":[{"href":"https:\/\/skishop.no\/sv\/wp-json\/wp\/v2\/types\/page"}],"author":[{"embeddable":true,"href":"https:\/\/skishop.no\/sv\/wp-json\/wp\/v2\/users\/1"}],"replies":[{"embeddable":true,"href":"https:\/\/skishop.no\/sv\/wp-json\/wp\/v2\/comments?post=3631"}],"version-history":[{"count":0,"href":"https:\/\/skishop.no\/sv\/wp-json\/wp\/v2\/pages\/3631\/revisions"}],"wp:attachment":[{"href":"https:\/\/skishop.no\/sv\/wp-json\/wp\/v2\/media?parent=3631"}],"curies":[{"name":"wp","href":"https:\/\/api.w.org\/{rel}","templated":true}]}}