{"id":4871,"date":"2026-03-13T18:50:04","date_gmt":"2026-03-13T17:50:04","guid":{"rendered":"https:\/\/skishop.no\/?page_id=4871"},"modified":"2026-03-13T18:53:43","modified_gmt":"2026-03-13T17:53:43","slug":"messaging-terms-for-sms","status":"publish","type":"page","link":"https:\/\/skishop.no\/sv\/integritet\/meddelanden-termer-for-sms\/","title":{"rendered":"Meddelandetermer f\u00f6r SMS."},"content":{"rendered":"<div data-elementor-type=\"wp-page\" data-elementor-id=\"4871\" class=\"elementor elementor-4871\" data-elementor-post-type=\"page\">\n\t\t\t\t<div data-particle_enable=\"false\" data-particle-mobile-disabled=\"false\" class=\"elementor-element elementor-element-c1569f6 e-flex e-con-boxed e-con e-parent\" data-id=\"c1569f6\" data-element_type=\"container\" data-e-type=\"container\">\n\t\t\t\t\t<div class=\"e-con-inner\">\n\t\t\t\t<div class=\"elementor-element elementor-element-8a8e893 elementor-widget elementor-widget-text-editor\" data-id=\"8a8e893\" data-element_type=\"widget\" data-e-type=\"widget\" data-widget_type=\"text-editor.default\">\n\t\t\t\t\t\t\t\t\t<p data-pm-slice=\"1 1 []\">Skishopno<\/p><p>24 Vestmovegen Trysil Innlandet NO 2420<\/p><p>Info@skishop.no<\/p><p><blockquote class=\"wp-embedded-content\" data-secret=\"imbWwW1TRB\"><a href=\"https:\/\/skishop.no\/sv\/integritet\/\">Integritetspolicy<\/a><\/blockquote><iframe loading=\"lazy\" class=\"wp-embedded-content\" sandbox=\"allow-scripts\" security=\"restricted\" style=\"position: absolute; visibility: hidden;\" title=\"\u00abIntegritetspolicy\u00bb - Trysil Skishop\" src=\"https:\/\/skishop.no\/personvern\/embed\/#?secret=7vV17KifiX#?secret=imbWwW1TRB\" data-secret=\"imbWwW1TRB\" width=\"500\" height=\"282\" frameborder=\"0\" marginwidth=\"0\" marginheight=\"0\" scrolling=\"no\"><\/iframe><\/p><h1>Villkor och anvisningar f\u00f6r meddelanden<\/h1><p>Skishopno | 24 Vestmovegen Trysil Innlandet NO 2420<\/p><h2>Allm\u00e4nt<\/h2><p>N\u00e4r du registrerar dig f\u00f6r tj\u00e4nsten skickar vi ett meddelande till dig f\u00f6r att bekr\u00e4fta din registrering.<\/p><p>Genom att v\u00e4lja meddelanden samtycker du till att f\u00e5 \u00e5terkommande automatiserade marknadsf\u00f6rings- och informationsmeddelanden fr\u00e5n Skishopno. Automatiserade meddelanden kan skickas med hj\u00e4lp av ett automatiskt uppringningssystem till det mobilnummer du angav n\u00e4r du registrerade dig eller n\u00e5got annat nummer som du anger.<\/p><p>Meddelandefrekvensen varierar och ytterligare mobilmeddelanden kan skickas regelbundet baserat p\u00e5 din interaktion med Skishopno. Skishopno f\u00f6rbeh\u00e5ller sig r\u00e4tten att \u00e4ndra frekvensen av meddelanden som skickas n\u00e4r som helst f\u00f6r att \u00f6ka eller minska det totala antalet skickade meddelanden. Skishopno f\u00f6rbeh\u00e5ller sig ocks\u00e5 r\u00e4tten att \u00e4ndra kortnummer eller telefonnummer eller alfanumerisk avs\u00e4ndare d\u00e4r meddelanden skickas<\/p><p>Dina vanliga meddelande- och datataxor kan g\u00e4lla. Om du har n\u00e5gra fr\u00e5gor om din sms- eller dataplan \u00e4r det b\u00e4st att du kontaktar din mobiloperat\u00f6r. Din mobiloperat\u00f6r ansvarar inte f\u00f6r f\u00f6rsenade eller olevererade meddelanden.<\/p><p>Ditt samtycke till att ta emot marknadsf\u00f6ringsmeddelanden \u00e4r inte ett villkor f\u00f6r k\u00f6p.<\/p><h2>Transport\u00f6rer<\/h2><p>Transport\u00f6ren ansvarar inte f\u00f6r f\u00f6rsenade eller outdelade meddelanden.<\/p><h2>Avbokning<\/h2><p>Meddelandena kommer att inneh\u00e5lla instruktioner om hur du avregistrerar dig antingen genom att skicka STOP eller via en medf\u00f6ljande l\u00e4nk. N\u00e4r du har avslutat prenumerationen skickar vi ett meddelande till dig f\u00f6r att bekr\u00e4fta att du har avslutat prenumerationen och att inga fler meddelanden kommer att skickas. Om du vill f\u00e5 meddelanden fr\u00e5n Skishopno igen, registrera dig bara som du gjorde f\u00f6rsta g\u00e5ngen s\u00e5 kommer Skishopno att b\u00f6rja skicka meddelanden till dig igen.<\/p><h2>Info<\/h2><p>F\u00f6r support ang\u00e5ende v\u00e5ra tj\u00e4nster, mejla oss p\u00e5 Info@skishop.no eller, om det st\u00f6ds, sms:a \u00bbHELP\u00bb till v\u00e5ra meddelanden n\u00e4r som helst s\u00e5 svarar vi med instruktioner om hur du avslutar prenumerationen. Om vi inkluderar en l\u00e4nk i meddelanden som vi skickar till dig fr\u00e5n Skishopno kan du ocks\u00e5 f\u00e5 tillg\u00e5ng till instruktioner om hur du avslutar prenumerationen och v\u00e5r f\u00f6retagsinformation genom att f\u00f6lja den l\u00e4nken.<\/p><h2>\u00d6verf\u00f6ring av nummer<\/h2><p>Du samtycker till att innan du \u00e4ndrar ditt mobilnummer eller \u00f6verf\u00f6r ditt mobilnummer till en annan person, antingen svara \u00bbSTOP\u00bb fr\u00e5n det ursprungliga numret, avsluta prenumerationen med hj\u00e4lp av l\u00e4nken i v\u00e5ra meddelanden (om en s\u00e5dan finns) eller meddela oss ditt gamla nummer p\u00e5 Info@skishop.no. Skyldigheten att informera oss baserat p\u00e5 ovanst\u00e5ende h\u00e4ndelser \u00e4r ett villkor f\u00f6r att anv\u00e4nda denna tj\u00e4nst f\u00f6r att ta emot meddelanden.<\/p><h2>Integritetspolicy<\/h2><p>Om du har n\u00e5gra fr\u00e5gor om dina uppgifter eller v\u00e5r integritetspolicy kan du bes\u00f6ka v\u00e5r webbplats https:\/\/skishop.no\/personvern\/.<\/p><h2>\u00c4ndringar i villkoren f\u00f6r meddelanden<\/h2><p>Vi f\u00f6rbeh\u00e5ller oss r\u00e4tten att n\u00e4r som helst \u00e4ndra eller avsluta v\u00e5rt meddelandeprogram. Vi f\u00f6rbeh\u00e5ller oss ocks\u00e5 r\u00e4tten att n\u00e4r som helst uppdatera dessa meddelandevillkor. S\u00e5dana \u00e4ndringar tr\u00e4der i kraft omedelbart efter att de har publicerats. Om du inte samtycker till en \u00e4ndring av dessa meddelandevillkor b\u00f6r du avbryta din anm\u00e4lan till v\u00e5rt meddelandeprogram. Din fortsatta registrering efter s\u00e5dana \u00e4ndringar ska utg\u00f6ra ditt godk\u00e4nnande av s\u00e5dana \u00e4ndringar.<\/p><p>\u00a0<\/p>\t\t\t\t\t\t\t\t<\/div>\n\t\t\t\t\t<\/div>\n\t\t\t\t<\/div>\n\t\t\t\t<\/div>","protected":false},"excerpt":{"rendered":"<p>Skishopno 24 Vestmovegen Trysil Innlandet NO 2420 Info@skishop.no Personvern Messaging Terms &amp; Conditions Skishopno | 24 Vestmovegen Trysil Innlandet NO 2420 General When you opt-in to the service, we will send you a message to confirm your signup. By opting into messages, you agree to receive recurring automated marketing and informational text messages from Skishopno. [&hellip;]<\/p>\n","protected":false},"author":1,"featured_media":0,"parent":1833,"menu_order":0,"comment_status":"closed","ping_status":"closed","template":"","meta":{"site-sidebar-layout":"no-sidebar","site-content-layout":"page-builder","ast-site-content-layout":"full-width-container","site-content-style":"default","site-sidebar-style":"default","ast-global-header-display":"","ast-banner-title-visibility":"","ast-main-header-display":"","ast-hfb-above-header-display":"","ast-hfb-below-header-display":"","ast-hfb-mobile-header-display":"","site-post-title":"","ast-breadcrumbs-content":"","ast-featured-img":"disabled","footer-sml-layout":"","ast-disable-related-posts":"","theme-transparent-header-meta":"","adv-header-id-meta":"","stick-header-meta":"","header-above-stick-meta":"","header-main-stick-meta":"","header-below-stick-meta":"","astra-migrate-meta-layouts":"set","ast-page-background-enabled":"default","ast-page-background-meta":{"desktop":{"background-color":"var(--ast-global-color-4)","background-image":"","background-repeat":"repeat","background-position":"center center","background-size":"auto","background-attachment":"scroll","background-type":"","background-media":"","overlay-type":"","overlay-color":"","overlay-opacity":"","overlay-gradient":""},"tablet":{"background-color":"","background-image":"","background-repeat":"repeat","background-position":"center center","background-size":"auto","background-attachment":"scroll","background-type":"","background-media":"","overlay-type":"","overlay-color":"","overlay-opacity":"","overlay-gradient":""},"mobile":{"background-color":"","background-image":"","background-repeat":"repeat","background-position":"center center","background-size":"auto","background-attachment":"scroll","background-type":"","background-media":"","overlay-type":"","overlay-color":"","overlay-opacity":"","overlay-gradient":""}},"ast-content-background-meta":{"desktop":{"background-color":"var(--ast-global-color-5)","background-image":"","background-repeat":"repeat","background-position":"center center","background-size":"auto","background-attachment":"scroll","background-type":"","background-media":"","overlay-type":"","overlay-color":"","overlay-opacity":"","overlay-gradient":""},"tablet":{"background-color":"var(--ast-global-color-5)","background-image":"","background-repeat":"repeat","background-position":"center center","background-size":"auto","background-attachment":"scroll","background-type":"","background-media":"","overlay-type":"","overlay-color":"","overlay-opacity":"","overlay-gradient":""},"mobile":{"background-color":"var(--ast-global-color-5)","background-image":"","background-repeat":"repeat","background-position":"center center","background-size":"auto","background-attachment":"scroll","background-type":"","background-media":"","overlay-type":"","overlay-color":"","overlay-opacity":"","overlay-gradient":""}},"footnotes":""},"class_list":["post-4871","page","type-page","status-publish","hentry"],"yoast_head":"<!-- This site is optimized with the Yoast SEO Premium plugin v27.2 (Yoast SEO v27.5) - https:\/\/yoast.com\/product\/yoast-seo-premium-wordpress\/ -->\n<title>Messaging Terms for SMS. - Trysil Skishop<\/title>\n<meta name=\"description\" content=\"Trysil Skishop -\" \/>\n<meta name=\"robots\" content=\"index, follow, max-snippet:-1, max-image-preview:large, max-video-preview:-1\" \/>\n<link rel=\"canonical\" href=\"https:\/\/skishop.no\/sv\/integritet\/meddelanden-termer-for-sms\/\" \/>\n<meta property=\"og:locale\" content=\"sv_SE\" \/>\n<meta property=\"og:type\" content=\"article\" \/>\n<meta property=\"og:title\" content=\"Messaging Terms for SMS.\" \/>\n<meta property=\"og:description\" content=\"Trysil Skishop -\" \/>\n<meta property=\"og:url\" content=\"https:\/\/skishop.no\/sv\/integritet\/meddelanden-termer-for-sms\/\" \/>\n<meta property=\"og:site_name\" content=\"Trysil Skishop\" \/>\n<meta property=\"article:publisher\" content=\"https:\/\/www.facebook.com\/TrysilSkishop\/\" \/>\n<meta property=\"article:modified_time\" content=\"2026-03-13T17:53:43+00:00\" \/>\n<meta property=\"og:image\" content=\"https:\/\/skishop.no\/wp-content\/uploads\/2025\/09\/Skishop-e1773158831889.jpg\" \/>\n\t<meta property=\"og:image:width\" content=\"964\" \/>\n\t<meta property=\"og:image:height\" content=\"643\" \/>\n\t<meta property=\"og:image:type\" content=\"image\/webp\" \/>\n<meta name=\"twitter:card\" content=\"summary_large_image\" \/>\n<meta name=\"twitter:label1\" content=\"Ber\u00e4knad l\u00e4stid\" \/>\n\t<meta name=\"twitter:data1\" content=\"3 minuter\" \/>\n<script type=\"application\/ld+json\" class=\"yoast-schema-graph\">{\"@context\":\"https:\\\/\\\/schema.org\",\"@graph\":[{\"@type\":\"Article\",\"@id\":\"https:\\\/\\\/skishop.no\\\/personvern\\\/messaging-terms-for-sms\\\/#article\",\"isPartOf\":{\"@id\":\"https:\\\/\\\/skishop.no\\\/personvern\\\/messaging-terms-for-sms\\\/\"},\"author\":{\"name\":\"\",\"@id\":\"https:\\\/\\\/skishop.no\\\/#\\\/schema\\\/person\\\/e1116c92488e263d9a1324f1bd5d2dcb\"},\"headline\":\"Messaging Terms for SMS.\",\"datePublished\":\"2026-03-13T17:50:04+00:00\",\"dateModified\":\"2026-03-13T17:53:43+00:00\",\"mainEntityOfPage\":{\"@id\":\"https:\\\/\\\/skishop.no\\\/personvern\\\/messaging-terms-for-sms\\\/\"},\"wordCount\":501,\"publisher\":{\"@id\":\"https:\\\/\\\/skishop.no\\\/#organization\"},\"inLanguage\":\"sv-SE\"},{\"@type\":\"WebPage\",\"@id\":\"https:\\\/\\\/skishop.no\\\/personvern\\\/messaging-terms-for-sms\\\/\",\"url\":\"https:\\\/\\\/skishop.no\\\/personvern\\\/messaging-terms-for-sms\\\/\",\"name\":\"Messaging Terms for SMS. - Trysil Skishop\",\"isPartOf\":{\"@id\":\"https:\\\/\\\/skishop.no\\\/#website\"},\"datePublished\":\"2026-03-13T17:50:04+00:00\",\"dateModified\":\"2026-03-13T17:53:43+00:00\",\"description\":\"Trysil Skishop -\",\"breadcrumb\":{\"@id\":\"https:\\\/\\\/skishop.no\\\/personvern\\\/messaging-terms-for-sms\\\/#breadcrumb\"},\"inLanguage\":\"sv-SE\",\"potentialAction\":[{\"@type\":\"ReadAction\",\"target\":[\"https:\\\/\\\/skishop.no\\\/personvern\\\/messaging-terms-for-sms\\\/\"]}]},{\"@type\":\"BreadcrumbList\",\"@id\":\"https:\\\/\\\/skishop.no\\\/personvern\\\/messaging-terms-for-sms\\\/#breadcrumb\",\"itemListElement\":[{\"@type\":\"ListItem\",\"position\":1,\"name\":\"Hjem\",\"item\":\"https:\\\/\\\/skishop.no\\\/\"},{\"@type\":\"ListItem\",\"position\":2,\"name\":\"Personvern\",\"item\":\"https:\\\/\\\/skishop.no\\\/da\\\/privatlivets-fred\\\/\"},{\"@type\":\"ListItem\",\"position\":3,\"name\":\"Messaging Terms for SMS.\"}]},{\"@type\":\"WebSite\",\"@id\":\"https:\\\/\\\/skishop.no\\\/#website\",\"url\":\"https:\\\/\\\/skishop.no\\\/\",\"name\":\"Trysil Skishop\",\"description\":\"Trysils billigste skiutleie\",\"publisher\":{\"@id\":\"https:\\\/\\\/skishop.no\\\/#organization\"},\"alternateName\":\"Trysil ski leie\",\"potentialAction\":[{\"@type\":\"SearchAction\",\"target\":{\"@type\":\"EntryPoint\",\"urlTemplate\":\"https:\\\/\\\/skishop.no\\\/?s={search_term_string}\"},\"query-input\":{\"@type\":\"PropertyValueSpecification\",\"valueRequired\":true,\"valueName\":\"search_term_string\"}}],\"inLanguage\":\"sv-SE\"},{\"@type\":\"Organization\",\"@id\":\"https:\\\/\\\/skishop.no\\\/#organization\",\"name\":\"Trysil Skishop\",\"alternateName\":\"Trysil Skishop AS\",\"url\":\"https:\\\/\\\/skishop.no\\\/\",\"logo\":{\"@type\":\"ImageObject\",\"inLanguage\":\"sv-SE\",\"@id\":\"https:\\\/\\\/skishop.no\\\/#\\\/schema\\\/logo\\\/image\\\/\",\"url\":\"https:\\\/\\\/skishop.no\\\/wp-content\\\/uploads\\\/2025\\\/09\\\/Site-icon-1.webp\",\"contentUrl\":\"https:\\\/\\\/skishop.no\\\/wp-content\\\/uploads\\\/2025\\\/09\\\/Site-icon-1.webp\",\"width\":468,\"height\":389,\"caption\":\"Trysil Skishop\"},\"image\":{\"@id\":\"https:\\\/\\\/skishop.no\\\/#\\\/schema\\\/logo\\\/image\\\/\"},\"sameAs\":[\"https:\\\/\\\/www.facebook.com\\\/TrysilSkishop\\\/\",\"https:\\\/\\\/www.instagram.com\\\/skishop.no\"],\"description\":\"Trysil Skishop er Trysilfjellets rimeligste ski- og sykkelutleie, som tilbyr utleie av ski- og sykkelutstyr av h\u00f8y kvalitet til lave priser. De holder til p\u00e5 Trysil Shellsenter, ca. 2 km f\u00f8r Trysil Turistsenter, med enkel parkering rett utenfor. Skishop tilbyr ogs\u00e5 skiutstyrservice \u00e5ret rundt, hvor de forbereder ski til vintersesongen med profesjonell slipemaskin og erfarne teknikere. Stedet gir rask og effektiv service slik at kunder raskt kan komme seg ut i bakken eller p\u00e5 tur. Om sommeren kan man leie sykler av h\u00f8y kvalitet hos dem, og de har ogs\u00e5 en sportsbutikk med n\u00f8dvendig utstyr for ski- og sykkelturer. Trysil Skishop har ogs\u00e5 samarbeidspartnere som gir rabatter til deres gjester. De er kjent for \u00e5 kombinere lave priser med like h\u00f8y standard p\u00e5 utstyret som andre utleiesteder i omr\u00e5det.\",\"email\":\"Info@skishop.no\",\"telephone\":\"+4791929291\",\"legalName\":\"Trysil Skishop AS\",\"foundingDate\":\"1999-01-01\",\"vatID\":\"981 443 489\",\"numberOfEmployees\":{\"@type\":\"QuantitativeValue\",\"minValue\":\"11\",\"maxValue\":\"50\"},\"publishingPrinciples\":\"https:\\\/\\\/skishop.no\\\/ofte-stile-sporsmal\\\/\"},{\"@type\":\"Person\",\"@id\":\"https:\\\/\\\/skishop.no\\\/#\\\/schema\\\/person\\\/e1116c92488e263d9a1324f1bd5d2dcb\",\"name\":\"\",\"sameAs\":[\"https:\\\/\\\/skishop.no\"],\"url\":\"https:\\\/\\\/skishop.no\\\/sv\\\/author\\\/infoskishop-no\\\/\"}]}<\/script>\n<!-- \/ Yoast SEO Premium plugin. -->","yoast_head_json":{"title":"Meddelandebegrepp f\u00f6r SMS. - Trysil Skishop","description":"Trysil Skishop -","robots":{"index":"index","follow":"follow","max-snippet":"max-snippet:-1","max-image-preview":"max-image-preview:large","max-video-preview":"max-video-preview:-1"},"canonical":"https:\/\/skishop.no\/sv\/integritet\/meddelanden-termer-for-sms\/","og_locale":"sv_SE","og_type":"article","og_title":"Messaging Terms for SMS.","og_description":"Trysil Skishop -","og_url":"https:\/\/skishop.no\/sv\/integritet\/meddelanden-termer-for-sms\/","og_site_name":"Trysil Skishop","article_publisher":"https:\/\/www.facebook.com\/TrysilSkishop\/","article_modified_time":"2026-03-13T17:53:43+00:00","og_image":[{"width":964,"height":643,"url":"https:\/\/skishop.no\/wp-content\/uploads\/2025\/09\/Skishop-e1773158831889.jpg","type":"image\/webp"}],"twitter_card":"summary_large_image","twitter_misc":{"Ber\u00e4knad l\u00e4stid":"3 minuter"},"schema":{"@context":"https:\/\/schema.org","@graph":[{"@type":"Article","@id":"https:\/\/skishop.no\/personvern\/messaging-terms-for-sms\/#article","isPartOf":{"@id":"https:\/\/skishop.no\/personvern\/messaging-terms-for-sms\/"},"author":{"name":"","@id":"https:\/\/skishop.no\/#\/schema\/person\/e1116c92488e263d9a1324f1bd5d2dcb"},"headline":"Messaging Terms for SMS.","datePublished":"2026-03-13T17:50:04+00:00","dateModified":"2026-03-13T17:53:43+00:00","mainEntityOfPage":{"@id":"https:\/\/skishop.no\/personvern\/messaging-terms-for-sms\/"},"wordCount":501,"publisher":{"@id":"https:\/\/skishop.no\/#organization"},"inLanguage":"sv-SE"},{"@type":"WebPage","@id":"https:\/\/skishop.no\/personvern\/messaging-terms-for-sms\/","url":"https:\/\/skishop.no\/personvern\/messaging-terms-for-sms\/","name":"Meddelandebegrepp f\u00f6r SMS. - Trysil Skishop","isPartOf":{"@id":"https:\/\/skishop.no\/#website"},"datePublished":"2026-03-13T17:50:04+00:00","dateModified":"2026-03-13T17:53:43+00:00","description":"Trysil Skishop -","breadcrumb":{"@id":"https:\/\/skishop.no\/personvern\/messaging-terms-for-sms\/#breadcrumb"},"inLanguage":"sv-SE","potentialAction":[{"@type":"ReadAction","target":["https:\/\/skishop.no\/personvern\/messaging-terms-for-sms\/"]}]},{"@type":"BreadcrumbList","@id":"https:\/\/skishop.no\/personvern\/messaging-terms-for-sms\/#breadcrumb","itemListElement":[{"@type":"ListItem","position":1,"name":"Hjem","item":"https:\/\/skishop.no\/"},{"@type":"ListItem","position":2,"name":"Personvern","item":"https:\/\/skishop.no\/da\/privatlivets-fred\/"},{"@type":"ListItem","position":3,"name":"Messaging Terms for SMS."}]},{"@type":"WebSite","@id":"https:\/\/skishop.no\/#website","url":"https:\/\/skishop.no\/","name":"Trysil Skishop","description":"Trysils billigaste skiduthyrning","publisher":{"@id":"https:\/\/skishop.no\/#organization"},"alternateName":"Trysil ski leie","potentialAction":[{"@type":"SearchAction","target":{"@type":"EntryPoint","urlTemplate":"https:\/\/skishop.no\/?s={search_term_string}"},"query-input":{"@type":"PropertyValueSpecification","valueRequired":true,"valueName":"search_term_string"}}],"inLanguage":"sv-SE"},{"@type":"Organization","@id":"https:\/\/skishop.no\/#organization","name":"Trysil Skishop","alternateName":"Trysil Skishop AS","url":"https:\/\/skishop.no\/","logo":{"@type":"ImageObject","inLanguage":"sv-SE","@id":"https:\/\/skishop.no\/#\/schema\/logo\/image\/","url":"https:\/\/skishop.no\/wp-content\/uploads\/2025\/09\/Site-icon-1.webp","contentUrl":"https:\/\/skishop.no\/wp-content\/uploads\/2025\/09\/Site-icon-1.webp","width":468,"height":389,"caption":"Trysil Skishop"},"image":{"@id":"https:\/\/skishop.no\/#\/schema\/logo\/image\/"},"sameAs":["https:\/\/www.facebook.com\/TrysilSkishop\/","https:\/\/www.instagram.com\/skishop.no"],"description":"Trysil Skishop \u00e4r Trysilfjellets mest prisv\u00e4rda skid- och cykeluthyrningsf\u00f6retag, som erbjuder h\u00f6gkvalitativ skid- och cykelutrustning till l\u00e5ga priser. De ligger vid Trysil Shellsenter, ca 2 km f\u00f6re Trysil Turistsenter, med enkel parkering precis utanf\u00f6r. Skishop erbjuder ocks\u00e5 en skidutrustningsservice \u00e5ret runt, d\u00e4r de f\u00f6rbereder skidorna f\u00f6r vinters\u00e4songen med en professionell slipmaskin och erfarna tekniker. P\u00e5 plats finns snabb och effektiv service s\u00e5 att kunderna snabbt kan komma ut i backen eller p\u00e5 tur. P\u00e5 sommaren kan man hyra cyklar av h\u00f6g kvalitet hos dem, och de har ocks\u00e5 en sportbutik med n\u00f6dv\u00e4ndig utrustning f\u00f6r skid- och cykelturer. Trysil Skishop har ocks\u00e5 partners som erbjuder rabatter till sina g\u00e4ster. De \u00e4r k\u00e4nda f\u00f6r att kombinera l\u00e5ga priser med samma h\u00f6ga standard p\u00e5 utrustningen som andra uthyrningscenter i omr\u00e5det.","email":"Info@skishop.no","telephone":"+4791929291","legalName":"Trysil Skishop AS","foundingDate":"1999-01-01","vatID":"981 443 489","numberOfEmployees":{"@type":"QuantitativeValue","minValue":"11","maxValue":"50"},"publishingPrinciples":"https:\/\/skishop.no\/ofte-stile-sporsmal\/"},{"@type":"Person","@id":"https:\/\/skishop.no\/#\/schema\/person\/e1116c92488e263d9a1324f1bd5d2dcb","name":"","sameAs":["https:\/\/skishop.no"],"url":"https:\/\/skishop.no\/sv\/author\/infoskishop-no\/"}]}},"_links":{"self":[{"href":"https:\/\/skishop.no\/sv\/wp-json\/wp\/v2\/pages\/4871","targetHints":{"allow":["GET"]}}],"collection":[{"href":"https:\/\/skishop.no\/sv\/wp-json\/wp\/v2\/pages"}],"about":[{"href":"https:\/\/skishop.no\/sv\/wp-json\/wp\/v2\/types\/page"}],"author":[{"embeddable":true,"href":"https:\/\/skishop.no\/sv\/wp-json\/wp\/v2\/users\/1"}],"replies":[{"embeddable":true,"href":"https:\/\/skishop.no\/sv\/wp-json\/wp\/v2\/comments?post=4871"}],"version-history":[{"count":5,"href":"https:\/\/skishop.no\/sv\/wp-json\/wp\/v2\/pages\/4871\/revisions"}],"predecessor-version":[{"id":4878,"href":"https:\/\/skishop.no\/sv\/wp-json\/wp\/v2\/pages\/4871\/revisions\/4878"}],"up":[{"embeddable":true,"href":"https:\/\/skishop.no\/sv\/wp-json\/wp\/v2\/pages\/1833"}],"wp:attachment":[{"href":"https:\/\/skishop.no\/sv\/wp-json\/wp\/v2\/media?parent=4871"}],"curies":[{"name":"wp","href":"https:\/\/api.w.org\/{rel}","templated":true}]}}