{"id":6387,"date":"2026-03-16T13:03:27","date_gmt":"2026-03-16T12:03:27","guid":{"rendered":"https:\/\/skishop.no\/?post_type=product&#038;p=6387"},"modified":"2026-03-29T15:25:28","modified_gmt":"2026-03-29T14:25:28","slug":"hjelm-totality-black-10036282085004","status":"publish","type":"product","link":"https:\/\/skishop.no\/sv\/product\/hjelm-totality-black-10036282085004\/","title":{"rendered":"Hjelm Totality &#8211; black"},"content":{"rendered":"<p>SHRED Totality-hjelmen kombinerer lettvektskonstruksjon med f\u00f8rsteklasses beskyttelse for ski- og snowboardentusiaster. Den t\u00f8ffe SHRED.shield\u2122 ABS-skallen gir maksimal holdbarhet og motstand mot riper og slag. Den patenterte Rotational Energy System\u2122 (RES) er den letteste og tynneste l\u00f8sningen for \u00e5 dempe rotasjonskrefter ved skjeve st\u00f8t, noe som reduserer risikoen for hjernerystelse betydelig. Innvendig EPS-skum med Slytech\u2122-innsatser optimaliserer st\u00f8tdemping uten \u00e5 \u00f8ke vekten. 12 strategisk plasserte ventiler trekker ut varm luft fra hjelm og briller for klar sikt og komfort i alle v\u00e6rforhold. Hjelmen passer perfekt til de fleste hoder med justerbart interi\u00f8r og tilbyr en stilren, profesjonell look i svart. Den er ideell for erfarne kj\u00f8rere som prioriterer ytelse og sikkerhet p\u00e5 bakken. Vedlikehold er enkelt: rengj\u00f8r med mild s\u00e5pe og la t\u00f8rke naturlig. Sertifisert for h\u00f8yeste sikkerhetsstandarder.<\/p>","protected":false},"excerpt":{"rendered":"<p>SHRED Totality er en lettvekts ski- og snowboardhjelm med slitesterk ABS-skall og avansert Rotational Energy System\u2122 (RES) for optimal rotasjonsbeskyttelse. Med 12 ventiler sikrer den god luftstr\u00f8m, klar sikt og komfort hele dagen. Perfekt for krevende kj\u00f8rere som \u00f8nsker maksimal sikkerhet uten ekstra vekt.<\/p>","protected":false},"featured_media":9649,"template":"","meta":{"site-sidebar-layout":"default","site-content-layout":"","ast-site-content-layout":"default","site-content-style":"default","site-sidebar-style":"default","ast-global-header-display":"","ast-banner-title-visibility":"","ast-main-header-display":"","ast-hfb-above-header-display":"","ast-hfb-below-header-display":"","ast-hfb-mobile-header-display":"","site-post-title":"","ast-breadcrumbs-content":"","ast-featured-img":"","footer-sml-layout":"","ast-disable-related-posts":"","theme-transparent-header-meta":"","adv-header-id-meta":"","stick-header-meta":"","header-above-stick-meta":"","header-main-stick-meta":"","header-below-stick-meta":"","astra-migrate-meta-layouts":"default","ast-page-background-enabled":"default","ast-page-background-meta":{"desktop":{"background-color":"var(--ast-global-color-4)","background-image":"","background-repeat":"repeat","background-position":"center center","background-size":"auto","background-attachment":"scroll","background-type":"","background-media":"","overlay-type":"","overlay-color":"","overlay-opacity":"","overlay-gradient":""},"tablet":{"background-color":"","background-image":"","background-repeat":"repeat","background-position":"center center","background-size":"auto","background-attachment":"scroll","background-type":"","background-media":"","overlay-type":"","overlay-color":"","overlay-opacity":"","overlay-gradient":""},"mobile":{"background-color":"","background-image":"","background-repeat":"repeat","background-position":"center center","background-size":"auto","background-attachment":"scroll","background-type":"","background-media":"","overlay-type":"","overlay-color":"","overlay-opacity":"","overlay-gradient":""}},"ast-content-background-meta":{"desktop":{"background-color":"var(--ast-global-color-5)","background-image":"","background-repeat":"repeat","background-position":"center center","background-size":"auto","background-attachment":"scroll","background-type":"","background-media":"","overlay-type":"","overlay-color":"","overlay-opacity":"","overlay-gradient":""},"tablet":{"background-color":"var(--ast-global-color-5)","background-image":"","background-repeat":"repeat","background-position":"center center","background-size":"auto","background-attachment":"scroll","background-type":"","background-media":"","overlay-type":"","overlay-color":"","overlay-opacity":"","overlay-gradient":""},"mobile":{"background-color":"var(--ast-global-color-5)","background-image":"","background-repeat":"repeat","background-position":"center center","background-size":"auto","background-attachment":"scroll","background-type":"","background-media":"","overlay-type":"","overlay-color":"","overlay-opacity":"","overlay-gradient":""}}},"product_brand":[],"product_cat":[220],"product_tag":[],"class_list":{"0":"post-6387","1":"product","2":"type-product","3":"status-publish","4":"has-post-thumbnail","6":"product_cat-10004-hjelm","7":"pa_8369-l","8":"pa_8369-m","9":"pa_8369-s","10":"pa_8369-xl","11":"desktop-align-center","12":"tablet-align-left","13":"mobile-align-left","15":"first","16":"instock","17":"taxable","18":"shipping-taxable","19":"purchasable","20":"product-type-variable"},"yoast_head":"<!-- This site is optimized with the Yoast SEO Premium plugin v27.2 (Yoast SEO v27.6) - https:\/\/yoast.com\/product\/yoast-seo-premium-wordpress\/ -->\n<title>Hjelm Totality - black - Trysil Skishop<\/title>\n<meta name=\"description\" content=\"Hjelm Totality - black Trysil Skishop\" \/>\n<meta name=\"robots\" content=\"index, follow, max-snippet:-1, max-image-preview:large, max-video-preview:-1\" \/>\n<link rel=\"canonical\" href=\"https:\/\/skishop.no\/sv\/product\/hjelm-totality-black-10036282085004\/\" \/>\n<meta property=\"og:locale\" content=\"sv_SE\" \/>\n<meta property=\"og:type\" content=\"article\" \/>\n<meta property=\"og:title\" content=\"Hjelm Totality - black % - Trysil Skishop\" \/>\n<meta property=\"og:description\" content=\"-\" \/>\n<meta property=\"og:url\" content=\"https:\/\/skishop.no\/sv\/product\/hjelm-totality-black-10036282085004\/\" \/>\n<meta property=\"og:site_name\" content=\"Trysil Skishop\" \/>\n<meta property=\"article:publisher\" content=\"https:\/\/www.facebook.com\/TrysilSkishop\/\" \/>\n<meta property=\"article:modified_time\" content=\"2026-03-29T14:25:28+00:00\" \/>\n<meta property=\"og:image\" content=\"https:\/\/skishop.no\/wp-content\/uploads\/2025\/09\/Skishop-e1773158831889.jpg\" \/>\n\t<meta property=\"og:image:width\" content=\"964\" \/>\n\t<meta property=\"og:image:height\" content=\"643\" \/>\n\t<meta property=\"og:image:type\" content=\"image\/webp\" \/>\n<meta name=\"twitter:card\" content=\"summary_large_image\" \/>\n<meta name=\"twitter:label1\" content=\"Ber\u00e4knad l\u00e4stid\" \/>\n\t<meta name=\"twitter:data1\" content=\"1 minut\" \/>\n<script type=\"application\/ld+json\" class=\"yoast-schema-graph\">{\"@context\":\"https:\\\/\\\/schema.org\",\"@graph\":[{\"@type\":\"WebPage\",\"@id\":\"https:\\\/\\\/skishop.no\\\/produkt\\\/hjelm-totality-black-10036282085004\\\/\",\"url\":\"https:\\\/\\\/skishop.no\\\/produkt\\\/hjelm-totality-black-10036282085004\\\/\",\"name\":\"Hjelm Totality - black - Trysil Skishop\",\"isPartOf\":{\"@id\":\"https:\\\/\\\/skishop.no\\\/#website\"},\"primaryImageOfPage\":{\"@id\":\"https:\\\/\\\/skishop.no\\\/produkt\\\/hjelm-totality-black-10036282085004\\\/#primaryimage\"},\"image\":{\"@id\":\"https:\\\/\\\/skishop.no\\\/produkt\\\/hjelm-totality-black-10036282085004\\\/#primaryimage\"},\"thumbnailUrl\":\"https:\\\/\\\/skishop.no\\\/wp-content\\\/uploads\\\/2026\\\/03\\\/1oknBSK7A7NRFqH4ORsjj__9mpdJncihu_ec89af94-dc4b-4086-95ad-3347c82d77bb.jpg\",\"datePublished\":\"2026-03-16T12:03:27+00:00\",\"dateModified\":\"2026-03-29T14:25:28+00:00\",\"description\":\"Hjelm Totality - black Trysil Skishop\",\"breadcrumb\":{\"@id\":\"https:\\\/\\\/skishop.no\\\/produkt\\\/hjelm-totality-black-10036282085004\\\/#breadcrumb\"},\"inLanguage\":\"sv-SE\",\"potentialAction\":[{\"@type\":\"ReadAction\",\"target\":[\"https:\\\/\\\/skishop.no\\\/produkt\\\/hjelm-totality-black-10036282085004\\\/\"]}]},{\"@type\":\"ImageObject\",\"inLanguage\":\"sv-SE\",\"@id\":\"https:\\\/\\\/skishop.no\\\/produkt\\\/hjelm-totality-black-10036282085004\\\/#primaryimage\",\"url\":\"https:\\\/\\\/skishop.no\\\/wp-content\\\/uploads\\\/2026\\\/03\\\/1oknBSK7A7NRFqH4ORsjj__9mpdJncihu_ec89af94-dc4b-4086-95ad-3347c82d77bb.jpg\",\"contentUrl\":\"https:\\\/\\\/skishop.no\\\/wp-content\\\/uploads\\\/2026\\\/03\\\/1oknBSK7A7NRFqH4ORsjj__9mpdJncihu_ec89af94-dc4b-4086-95ad-3347c82d77bb.jpg\",\"width\":1920,\"height\":1920},{\"@type\":\"BreadcrumbList\",\"@id\":\"https:\\\/\\\/skishop.no\\\/produkt\\\/hjelm-totality-black-10036282085004\\\/#breadcrumb\",\"itemListElement\":[{\"@type\":\"ListItem\",\"position\":1,\"name\":\"Hjem\",\"item\":\"https:\\\/\\\/skishop.no\\\/\"},{\"@type\":\"ListItem\",\"position\":2,\"name\":\"Butikk\",\"item\":\"https:\\\/\\\/skishop.no\\\/butikk\\\/\"},{\"@type\":\"ListItem\",\"position\":3,\"name\":\"Hjelm Totality &#8211; black\"}]},{\"@type\":\"WebSite\",\"@id\":\"https:\\\/\\\/skishop.no\\\/#website\",\"url\":\"https:\\\/\\\/skishop.no\\\/\",\"name\":\"Trysil Skishop\",\"description\":\"Trysils billigste skiutleie\",\"publisher\":{\"@id\":\"https:\\\/\\\/skishop.no\\\/#organization\"},\"alternateName\":\"Trysil ski leie\",\"potentialAction\":[{\"@type\":\"SearchAction\",\"target\":{\"@type\":\"EntryPoint\",\"urlTemplate\":\"https:\\\/\\\/skishop.no\\\/?s={search_term_string}\"},\"query-input\":{\"@type\":\"PropertyValueSpecification\",\"valueRequired\":true,\"valueName\":\"search_term_string\"}}],\"inLanguage\":\"sv-SE\"},{\"@type\":\"Organization\",\"@id\":\"https:\\\/\\\/skishop.no\\\/#organization\",\"name\":\"Trysil Skishop\",\"alternateName\":\"Trysil Skishop AS\",\"url\":\"https:\\\/\\\/skishop.no\\\/\",\"logo\":{\"@type\":\"ImageObject\",\"inLanguage\":\"sv-SE\",\"@id\":\"https:\\\/\\\/skishop.no\\\/#\\\/schema\\\/logo\\\/image\\\/\",\"url\":\"https:\\\/\\\/skishop.no\\\/wp-content\\\/uploads\\\/2025\\\/09\\\/Site-icon-1.webp\",\"contentUrl\":\"https:\\\/\\\/skishop.no\\\/wp-content\\\/uploads\\\/2025\\\/09\\\/Site-icon-1.webp\",\"width\":468,\"height\":389,\"caption\":\"Trysil Skishop\"},\"image\":{\"@id\":\"https:\\\/\\\/skishop.no\\\/#\\\/schema\\\/logo\\\/image\\\/\"},\"sameAs\":[\"https:\\\/\\\/www.facebook.com\\\/TrysilSkishop\\\/\",\"https:\\\/\\\/www.instagram.com\\\/skishop.no\"],\"description\":\"Trysil Skishop er Trysilfjellets rimeligste ski- og sykkelutleie, som tilbyr utleie av ski- og sykkelutstyr av h\u00f8y kvalitet til lave priser. De holder til p\u00e5 Trysil Shellsenter, ca. 2 km f\u00f8r Trysil Turistsenter, med enkel parkering rett utenfor. Skishop tilbyr ogs\u00e5 skiutstyrservice \u00e5ret rundt, hvor de forbereder ski til vintersesongen med profesjonell slipemaskin og erfarne teknikere. Stedet gir rask og effektiv service slik at kunder raskt kan komme seg ut i bakken eller p\u00e5 tur. Om sommeren kan man leie sykler av h\u00f8y kvalitet hos dem, og de har ogs\u00e5 en sportsbutikk med n\u00f8dvendig utstyr for ski- og sykkelturer. Trysil Skishop har ogs\u00e5 samarbeidspartnere som gir rabatter til deres gjester. De er kjent for \u00e5 kombinere lave priser med like h\u00f8y standard p\u00e5 utstyret som andre utleiesteder i omr\u00e5det.\",\"email\":\"Info@skishop.no\",\"telephone\":\"+4791929291\",\"legalName\":\"Trysil Skishop AS\",\"foundingDate\":\"1999-01-01\",\"vatID\":\"981 443 489\",\"numberOfEmployees\":{\"@type\":\"QuantitativeValue\",\"minValue\":\"11\",\"maxValue\":\"50\"},\"publishingPrinciples\":\"https:\\\/\\\/skishop.no\\\/ofte-stile-sporsmal\\\/\"}]}<\/script>\n<!-- \/ Yoast SEO Premium plugin. -->","yoast_head_json":{"title":"Hjelm Totality - black - Trysil Skishop","description":"Hjelm Totality - black Trysil Skishop","robots":{"index":"index","follow":"follow","max-snippet":"max-snippet:-1","max-image-preview":"max-image-preview:large","max-video-preview":"max-video-preview:-1"},"canonical":"https:\/\/skishop.no\/sv\/product\/hjelm-totality-black-10036282085004\/","og_locale":"sv_SE","og_type":"article","og_title":"Hjelm Totality - black % - Trysil Skishop","og_description":"-","og_url":"https:\/\/skishop.no\/sv\/product\/hjelm-totality-black-10036282085004\/","og_site_name":"Trysil Skishop","article_publisher":"https:\/\/www.facebook.com\/TrysilSkishop\/","article_modified_time":"2026-03-29T14:25:28+00:00","og_image":[{"width":964,"height":643,"url":"https:\/\/skishop.no\/wp-content\/uploads\/2025\/09\/Skishop-e1773158831889.jpg","type":"image\/webp"}],"twitter_card":"summary_large_image","twitter_misc":{"Ber\u00e4knad l\u00e4stid":"1 minut"},"schema":{"@context":"https:\/\/schema.org","@graph":[{"@type":"WebPage","@id":"https:\/\/skishop.no\/produkt\/hjelm-totality-black-10036282085004\/","url":"https:\/\/skishop.no\/produkt\/hjelm-totality-black-10036282085004\/","name":"Hjelm Totality - black - Trysil Skishop","isPartOf":{"@id":"https:\/\/skishop.no\/#website"},"primaryImageOfPage":{"@id":"https:\/\/skishop.no\/produkt\/hjelm-totality-black-10036282085004\/#primaryimage"},"image":{"@id":"https:\/\/skishop.no\/produkt\/hjelm-totality-black-10036282085004\/#primaryimage"},"thumbnailUrl":"https:\/\/skishop.no\/wp-content\/uploads\/2026\/03\/1oknBSK7A7NRFqH4ORsjj__9mpdJncihu_ec89af94-dc4b-4086-95ad-3347c82d77bb.jpg","datePublished":"2026-03-16T12:03:27+00:00","dateModified":"2026-03-29T14:25:28+00:00","description":"Hjelm Totality - black Trysil Skishop","breadcrumb":{"@id":"https:\/\/skishop.no\/produkt\/hjelm-totality-black-10036282085004\/#breadcrumb"},"inLanguage":"sv-SE","potentialAction":[{"@type":"ReadAction","target":["https:\/\/skishop.no\/produkt\/hjelm-totality-black-10036282085004\/"]}]},{"@type":"ImageObject","inLanguage":"sv-SE","@id":"https:\/\/skishop.no\/produkt\/hjelm-totality-black-10036282085004\/#primaryimage","url":"https:\/\/skishop.no\/wp-content\/uploads\/2026\/03\/1oknBSK7A7NRFqH4ORsjj__9mpdJncihu_ec89af94-dc4b-4086-95ad-3347c82d77bb.jpg","contentUrl":"https:\/\/skishop.no\/wp-content\/uploads\/2026\/03\/1oknBSK7A7NRFqH4ORsjj__9mpdJncihu_ec89af94-dc4b-4086-95ad-3347c82d77bb.jpg","width":1920,"height":1920},{"@type":"BreadcrumbList","@id":"https:\/\/skishop.no\/produkt\/hjelm-totality-black-10036282085004\/#breadcrumb","itemListElement":[{"@type":"ListItem","position":1,"name":"Hjem","item":"https:\/\/skishop.no\/"},{"@type":"ListItem","position":2,"name":"Butikk","item":"https:\/\/skishop.no\/butikk\/"},{"@type":"ListItem","position":3,"name":"Hjelm Totality &#8211; black"}]},{"@type":"WebSite","@id":"https:\/\/skishop.no\/#website","url":"https:\/\/skishop.no\/","name":"Trysil Skishop","description":"Trysils billigaste skiduthyrning","publisher":{"@id":"https:\/\/skishop.no\/#organization"},"alternateName":"Trysil ski leie","potentialAction":[{"@type":"SearchAction","target":{"@type":"EntryPoint","urlTemplate":"https:\/\/skishop.no\/?s={search_term_string}"},"query-input":{"@type":"PropertyValueSpecification","valueRequired":true,"valueName":"search_term_string"}}],"inLanguage":"sv-SE"},{"@type":"Organization","@id":"https:\/\/skishop.no\/#organization","name":"Trysil Skishop","alternateName":"Trysil Skishop AS","url":"https:\/\/skishop.no\/","logo":{"@type":"ImageObject","inLanguage":"sv-SE","@id":"https:\/\/skishop.no\/#\/schema\/logo\/image\/","url":"https:\/\/skishop.no\/wp-content\/uploads\/2025\/09\/Site-icon-1.webp","contentUrl":"https:\/\/skishop.no\/wp-content\/uploads\/2025\/09\/Site-icon-1.webp","width":468,"height":389,"caption":"Trysil Skishop"},"image":{"@id":"https:\/\/skishop.no\/#\/schema\/logo\/image\/"},"sameAs":["https:\/\/www.facebook.com\/TrysilSkishop\/","https:\/\/www.instagram.com\/skishop.no"],"description":"Trysil Skishop \u00e4r Trysilfjellets mest prisv\u00e4rda skid- och cykeluthyrningsf\u00f6retag, som erbjuder h\u00f6gkvalitativ skid- och cykelutrustning till l\u00e5ga priser. De ligger vid Trysil Shellsenter, ca 2 km f\u00f6re Trysil Turistsenter, med enkel parkering precis utanf\u00f6r. Skishop erbjuder ocks\u00e5 en skidutrustningsservice \u00e5ret runt, d\u00e4r de f\u00f6rbereder skidorna f\u00f6r vinters\u00e4songen med en professionell slipmaskin och erfarna tekniker. P\u00e5 plats finns snabb och effektiv service s\u00e5 att kunderna snabbt kan komma ut i backen eller p\u00e5 tur. P\u00e5 sommaren kan man hyra cyklar av h\u00f6g kvalitet hos dem, och de har ocks\u00e5 en sportbutik med n\u00f6dv\u00e4ndig utrustning f\u00f6r skid- och cykelturer. Trysil Skishop har ocks\u00e5 partners som erbjuder rabatter till sina g\u00e4ster. De \u00e4r k\u00e4nda f\u00f6r att kombinera l\u00e5ga priser med samma h\u00f6ga standard p\u00e5 utrustningen som andra uthyrningscenter i omr\u00e5det.","email":"Info@skishop.no","telephone":"+4791929291","legalName":"Trysil Skishop AS","foundingDate":"1999-01-01","vatID":"981 443 489","numberOfEmployees":{"@type":"QuantitativeValue","minValue":"11","maxValue":"50"},"publishingPrinciples":"https:\/\/skishop.no\/ofte-stile-sporsmal\/"}]}},"_links":{"self":[{"href":"https:\/\/skishop.no\/sv\/wp-json\/wp\/v2\/product\/6387","targetHints":{"allow":["GET"]}}],"collection":[{"href":"https:\/\/skishop.no\/sv\/wp-json\/wp\/v2\/product"}],"about":[{"href":"https:\/\/skishop.no\/sv\/wp-json\/wp\/v2\/types\/product"}],"version-history":[{"count":1,"href":"https:\/\/skishop.no\/sv\/wp-json\/wp\/v2\/product\/6387\/revisions"}],"predecessor-version":[{"id":9648,"href":"https:\/\/skishop.no\/sv\/wp-json\/wp\/v2\/product\/6387\/revisions\/9648"}],"wp:featuredmedia":[{"embeddable":true,"href":"https:\/\/skishop.no\/sv\/wp-json\/wp\/v2\/media\/9649"}],"wp:attachment":[{"href":"https:\/\/skishop.no\/sv\/wp-json\/wp\/v2\/media?parent=6387"}],"wp:term":[{"taxonomy":"product_brand","embeddable":true,"href":"https:\/\/skishop.no\/sv\/wp-json\/wp\/v2\/product_brand?post=6387"},{"taxonomy":"product_cat","embeddable":true,"href":"https:\/\/skishop.no\/sv\/wp-json\/wp\/v2\/product_cat?post=6387"},{"taxonomy":"product_tag","embeddable":true,"href":"https:\/\/skishop.no\/sv\/wp-json\/wp\/v2\/product_tag?post=6387"}],"curies":[{"name":"wp","href":"https:\/\/api.w.org\/{rel}","templated":true}]}}