{"id":7212,"date":"2026-03-16T14:00:01","date_gmt":"2026-03-16T13:00:01","guid":{"rendered":"https:\/\/skishop.no\/?post_type=product&#038;p=7212"},"modified":"2026-03-29T18:29:37","modified_gmt":"2026-03-29T17:29:37","slug":"robber-u-64385228019690","status":"publish","type":"product","link":"https:\/\/skishop.no\/sv\/product\/robber-u-64385228019690\/","title":{"rendered":"Balaclava-Robber U"},"content":{"rendered":"<p>Kilpi Balaclava-Robber U er en h\u00f8ykvalitets balaklava i kategorien briller og ansiktsbeskyttelse, perfekt for aktive utend\u00f8rsentusiaster som skikj\u00f8rere. Produsert i ekstremt elastisk OPTI-DRY materiale som effektivt beskytter mot kulde, frost, vind og slaps samtidig som det leder fuktighet bort fra huden for komfortabel bruk under intense aktiviteter. Den enkle designen med dedikert \u00e5pning for \u00f8ynene tilpasser seg alle ansiktsformer, og flatseam-konstruksjonen hindrer trykk under hjelm, noe som gir fri bevegelse uten irritasjon. Tilgjengelig i universell svart farge og one-size som passer b\u00e5de menn og kvinner. Produktet er robust, lett \u00e5 vedlikeholde \u2013 vaskes i maskin p\u00e5 30\u00b0C og t\u00f8rkes raskt \u2013 og egner seg for alle aldre i kaldt v\u00e6r. Med Kilpis fokus p\u00e5 funksjonalitet og holdbarhet, opplever du p\u00e5litelig ytelse i t\u00f8ffe vinterforhold.[1][2]<\/p>\n","protected":false},"excerpt":{"rendered":"<p>Kilpi Balaclava-Robber U er en praktisk balaklava designet for optimal beskyttelse mot kulde og frost. Laget av ekstremt elastisk OPTI-DRY materiale som transporterer fuktighet bort fra huden, passer den perfekt under hjelm takket v\u00e6re flat s\u00f8mmer og enkel konstruksjon med \u00e5pning for \u00f8ynene. Ideell for skiopplevelser i vind og slaps, universell svart farge og st\u00f8rrelse for b\u00e5de menn og kvinner.[1][2]<\/p>\n","protected":false},"featured_media":9757,"template":"","meta":{"site-sidebar-layout":"default","site-content-layout":"","ast-site-content-layout":"default","site-content-style":"default","site-sidebar-style":"default","ast-global-header-display":"","ast-banner-title-visibility":"","ast-main-header-display":"","ast-hfb-above-header-display":"","ast-hfb-below-header-display":"","ast-hfb-mobile-header-display":"","site-post-title":"","ast-breadcrumbs-content":"","ast-featured-img":"","footer-sml-layout":"","ast-disable-related-posts":"","theme-transparent-header-meta":"","adv-header-id-meta":"","stick-header-meta":"","header-above-stick-meta":"","header-main-stick-meta":"","header-below-stick-meta":"","astra-migrate-meta-layouts":"default","ast-page-background-enabled":"default","ast-page-background-meta":{"desktop":{"background-color":"var(--ast-global-color-4)","background-image":"","background-repeat":"repeat","background-position":"center center","background-size":"auto","background-attachment":"scroll","background-type":"","background-media":"","overlay-type":"","overlay-color":"","overlay-opacity":"","overlay-gradient":""},"tablet":{"background-color":"","background-image":"","background-repeat":"repeat","background-position":"center center","background-size":"auto","background-attachment":"scroll","background-type":"","background-media":"","overlay-type":"","overlay-color":"","overlay-opacity":"","overlay-gradient":""},"mobile":{"background-color":"","background-image":"","background-repeat":"repeat","background-position":"center center","background-size":"auto","background-attachment":"scroll","background-type":"","background-media":"","overlay-type":"","overlay-color":"","overlay-opacity":"","overlay-gradient":""}},"ast-content-background-meta":{"desktop":{"background-color":"var(--ast-global-color-5)","background-image":"","background-repeat":"repeat","background-position":"center center","background-size":"auto","background-attachment":"scroll","background-type":"","background-media":"","overlay-type":"","overlay-color":"","overlay-opacity":"","overlay-gradient":""},"tablet":{"background-color":"var(--ast-global-color-5)","background-image":"","background-repeat":"repeat","background-position":"center center","background-size":"auto","background-attachment":"scroll","background-type":"","background-media":"","overlay-type":"","overlay-color":"","overlay-opacity":"","overlay-gradient":""},"mobile":{"background-color":"var(--ast-global-color-5)","background-image":"","background-repeat":"repeat","background-position":"center center","background-size":"auto","background-attachment":"scroll","background-type":"","background-media":"","overlay-type":"","overlay-color":"","overlay-opacity":"","overlay-gradient":""}}},"product_brand":[921],"product_cat":[109],"product_tag":[],"class_list":{"0":"post-7212","1":"product","2":"type-product","3":"status-publish","4":"has-post-thumbnail","6":"product_brand-kilpi","7":"product_cat-10005-briller","8":"pa_8369-svart","9":"pa_variant-svart","10":"desktop-align-center","11":"tablet-align-left","12":"mobile-align-left","14":"first","15":"instock","16":"taxable","17":"shipping-taxable","18":"purchasable","19":"product-type-variable"},"yoast_head":"<!-- This site is optimized with the Yoast SEO Premium plugin v27.2 (Yoast SEO v27.6) - https:\/\/yoast.com\/product\/yoast-seo-premium-wordpress\/ -->\n<title>Balaclava-Robber U - Trysil Skishop<\/title>\n<meta name=\"description\" content=\"Balaclava-Robber U Trysil Skishop\" \/>\n<meta name=\"robots\" content=\"index, follow, max-snippet:-1, max-image-preview:large, max-video-preview:-1\" \/>\n<link rel=\"canonical\" href=\"https:\/\/skishop.no\/sv\/product\/robber-u-64385228019690\/\" \/>\n<meta property=\"og:locale\" content=\"sv_SE\" \/>\n<meta property=\"og:type\" content=\"article\" \/>\n<meta property=\"og:title\" content=\"Balaclava-Robber U % - Trysil Skishop\" \/>\n<meta property=\"og:description\" content=\"-\" \/>\n<meta property=\"og:url\" content=\"https:\/\/skishop.no\/sv\/product\/robber-u-64385228019690\/\" \/>\n<meta property=\"og:site_name\" content=\"Trysil Skishop\" \/>\n<meta property=\"article:publisher\" content=\"https:\/\/www.facebook.com\/TrysilSkishop\/\" \/>\n<meta property=\"article:modified_time\" content=\"2026-03-29T17:29:37+00:00\" \/>\n<meta property=\"og:image\" content=\"https:\/\/skishop.no\/wp-content\/uploads\/2026\/03\/kilpi-adults-balaclava-robber.webp\" \/>\n\t<meta property=\"og:image:width\" content=\"800\" \/>\n\t<meta property=\"og:image:height\" content=\"800\" \/>\n\t<meta property=\"og:image:type\" content=\"image\/webp\" \/>\n<meta name=\"twitter:card\" content=\"summary_large_image\" \/>\n<meta name=\"twitter:label1\" content=\"Ber\u00e4knad l\u00e4stid\" \/>\n\t<meta name=\"twitter:data1\" content=\"1 minut\" \/>\n<script type=\"application\/ld+json\" class=\"yoast-schema-graph\">{\"@context\":\"https:\\\/\\\/schema.org\",\"@graph\":[{\"@type\":\"WebPage\",\"@id\":\"https:\\\/\\\/skishop.no\\\/produkt\\\/robber-u-64385228019690\\\/\",\"url\":\"https:\\\/\\\/skishop.no\\\/produkt\\\/robber-u-64385228019690\\\/\",\"name\":\"Balaclava-Robber U - Trysil Skishop\",\"isPartOf\":{\"@id\":\"https:\\\/\\\/skishop.no\\\/#website\"},\"primaryImageOfPage\":{\"@id\":\"https:\\\/\\\/skishop.no\\\/produkt\\\/robber-u-64385228019690\\\/#primaryimage\"},\"image\":{\"@id\":\"https:\\\/\\\/skishop.no\\\/produkt\\\/robber-u-64385228019690\\\/#primaryimage\"},\"thumbnailUrl\":\"https:\\\/\\\/skishop.no\\\/wp-content\\\/uploads\\\/2026\\\/03\\\/kilpi-adults-balaclava-robber-1.webp\",\"datePublished\":\"2026-03-16T13:00:01+00:00\",\"dateModified\":\"2026-03-29T17:29:37+00:00\",\"description\":\"Balaclava-Robber U Trysil Skishop\",\"breadcrumb\":{\"@id\":\"https:\\\/\\\/skishop.no\\\/produkt\\\/robber-u-64385228019690\\\/#breadcrumb\"},\"inLanguage\":\"sv-SE\",\"potentialAction\":[{\"@type\":\"ReadAction\",\"target\":[\"https:\\\/\\\/skishop.no\\\/produkt\\\/robber-u-64385228019690\\\/\"]}]},{\"@type\":\"ImageObject\",\"inLanguage\":\"sv-SE\",\"@id\":\"https:\\\/\\\/skishop.no\\\/produkt\\\/robber-u-64385228019690\\\/#primaryimage\",\"url\":\"https:\\\/\\\/skishop.no\\\/wp-content\\\/uploads\\\/2026\\\/03\\\/kilpi-adults-balaclava-robber-1.webp\",\"contentUrl\":\"https:\\\/\\\/skishop.no\\\/wp-content\\\/uploads\\\/2026\\\/03\\\/kilpi-adults-balaclava-robber-1.webp\",\"width\":800,\"height\":800},{\"@type\":\"BreadcrumbList\",\"@id\":\"https:\\\/\\\/skishop.no\\\/produkt\\\/robber-u-64385228019690\\\/#breadcrumb\",\"itemListElement\":[{\"@type\":\"ListItem\",\"position\":1,\"name\":\"Hjem\",\"item\":\"https:\\\/\\\/skishop.no\\\/\"},{\"@type\":\"ListItem\",\"position\":2,\"name\":\"Butikk\",\"item\":\"https:\\\/\\\/skishop.no\\\/butikk\\\/\"},{\"@type\":\"ListItem\",\"position\":3,\"name\":\"Balaclava-Robber U\"}]},{\"@type\":\"WebSite\",\"@id\":\"https:\\\/\\\/skishop.no\\\/#website\",\"url\":\"https:\\\/\\\/skishop.no\\\/\",\"name\":\"Trysil Skishop\",\"description\":\"Trysils billigste skiutleie\",\"publisher\":{\"@id\":\"https:\\\/\\\/skishop.no\\\/#organization\"},\"alternateName\":\"Trysil ski leie\",\"potentialAction\":[{\"@type\":\"SearchAction\",\"target\":{\"@type\":\"EntryPoint\",\"urlTemplate\":\"https:\\\/\\\/skishop.no\\\/?s={search_term_string}\"},\"query-input\":{\"@type\":\"PropertyValueSpecification\",\"valueRequired\":true,\"valueName\":\"search_term_string\"}}],\"inLanguage\":\"sv-SE\"},{\"@type\":\"Organization\",\"@id\":\"https:\\\/\\\/skishop.no\\\/#organization\",\"name\":\"Trysil Skishop\",\"alternateName\":\"Trysil Skishop AS\",\"url\":\"https:\\\/\\\/skishop.no\\\/\",\"logo\":{\"@type\":\"ImageObject\",\"inLanguage\":\"sv-SE\",\"@id\":\"https:\\\/\\\/skishop.no\\\/#\\\/schema\\\/logo\\\/image\\\/\",\"url\":\"https:\\\/\\\/skishop.no\\\/wp-content\\\/uploads\\\/2025\\\/09\\\/Site-icon-1.webp\",\"contentUrl\":\"https:\\\/\\\/skishop.no\\\/wp-content\\\/uploads\\\/2025\\\/09\\\/Site-icon-1.webp\",\"width\":468,\"height\":389,\"caption\":\"Trysil Skishop\"},\"image\":{\"@id\":\"https:\\\/\\\/skishop.no\\\/#\\\/schema\\\/logo\\\/image\\\/\"},\"sameAs\":[\"https:\\\/\\\/www.facebook.com\\\/TrysilSkishop\\\/\",\"https:\\\/\\\/www.instagram.com\\\/skishop.no\"],\"description\":\"Trysil Skishop er Trysilfjellets rimeligste ski- og sykkelutleie, som tilbyr utleie av ski- og sykkelutstyr av h\u00f8y kvalitet til lave priser. De holder til p\u00e5 Trysil Shellsenter, ca. 2 km f\u00f8r Trysil Turistsenter, med enkel parkering rett utenfor. Skishop tilbyr ogs\u00e5 skiutstyrservice \u00e5ret rundt, hvor de forbereder ski til vintersesongen med profesjonell slipemaskin og erfarne teknikere. Stedet gir rask og effektiv service slik at kunder raskt kan komme seg ut i bakken eller p\u00e5 tur. Om sommeren kan man leie sykler av h\u00f8y kvalitet hos dem, og de har ogs\u00e5 en sportsbutikk med n\u00f8dvendig utstyr for ski- og sykkelturer. Trysil Skishop har ogs\u00e5 samarbeidspartnere som gir rabatter til deres gjester. De er kjent for \u00e5 kombinere lave priser med like h\u00f8y standard p\u00e5 utstyret som andre utleiesteder i omr\u00e5det.\",\"email\":\"Info@skishop.no\",\"telephone\":\"+4791929291\",\"legalName\":\"Trysil Skishop AS\",\"foundingDate\":\"1999-01-01\",\"vatID\":\"981 443 489\",\"numberOfEmployees\":{\"@type\":\"QuantitativeValue\",\"minValue\":\"11\",\"maxValue\":\"50\"},\"publishingPrinciples\":\"https:\\\/\\\/skishop.no\\\/ofte-stile-sporsmal\\\/\"}]}<\/script>\n<!-- \/ Yoast SEO Premium plugin. -->","yoast_head_json":{"title":"Balaclava-Robber U - Trysil Skishop","description":"Balaclava-Robber U Trysil Skishop","robots":{"index":"index","follow":"follow","max-snippet":"max-snippet:-1","max-image-preview":"max-image-preview:large","max-video-preview":"max-video-preview:-1"},"canonical":"https:\/\/skishop.no\/sv\/product\/robber-u-64385228019690\/","og_locale":"sv_SE","og_type":"article","og_title":"Balaclava-Robber U % - Trysil Skishop","og_description":"-","og_url":"https:\/\/skishop.no\/sv\/product\/robber-u-64385228019690\/","og_site_name":"Trysil Skishop","article_publisher":"https:\/\/www.facebook.com\/TrysilSkishop\/","article_modified_time":"2026-03-29T17:29:37+00:00","og_image":[{"width":800,"height":800,"url":"https:\/\/skishop.no\/wp-content\/uploads\/2026\/03\/kilpi-adults-balaclava-robber.webp","type":"image\/webp"}],"twitter_card":"summary_large_image","twitter_misc":{"Ber\u00e4knad l\u00e4stid":"1 minut"},"schema":{"@context":"https:\/\/schema.org","@graph":[{"@type":"WebPage","@id":"https:\/\/skishop.no\/produkt\/robber-u-64385228019690\/","url":"https:\/\/skishop.no\/produkt\/robber-u-64385228019690\/","name":"Balaclava-Robber U - Trysil Skishop","isPartOf":{"@id":"https:\/\/skishop.no\/#website"},"primaryImageOfPage":{"@id":"https:\/\/skishop.no\/produkt\/robber-u-64385228019690\/#primaryimage"},"image":{"@id":"https:\/\/skishop.no\/produkt\/robber-u-64385228019690\/#primaryimage"},"thumbnailUrl":"https:\/\/skishop.no\/wp-content\/uploads\/2026\/03\/kilpi-adults-balaclava-robber-1.webp","datePublished":"2026-03-16T13:00:01+00:00","dateModified":"2026-03-29T17:29:37+00:00","description":"Balaclava-Robber U Trysil Skishop","breadcrumb":{"@id":"https:\/\/skishop.no\/produkt\/robber-u-64385228019690\/#breadcrumb"},"inLanguage":"sv-SE","potentialAction":[{"@type":"ReadAction","target":["https:\/\/skishop.no\/produkt\/robber-u-64385228019690\/"]}]},{"@type":"ImageObject","inLanguage":"sv-SE","@id":"https:\/\/skishop.no\/produkt\/robber-u-64385228019690\/#primaryimage","url":"https:\/\/skishop.no\/wp-content\/uploads\/2026\/03\/kilpi-adults-balaclava-robber-1.webp","contentUrl":"https:\/\/skishop.no\/wp-content\/uploads\/2026\/03\/kilpi-adults-balaclava-robber-1.webp","width":800,"height":800},{"@type":"BreadcrumbList","@id":"https:\/\/skishop.no\/produkt\/robber-u-64385228019690\/#breadcrumb","itemListElement":[{"@type":"ListItem","position":1,"name":"Hjem","item":"https:\/\/skishop.no\/"},{"@type":"ListItem","position":2,"name":"Butikk","item":"https:\/\/skishop.no\/butikk\/"},{"@type":"ListItem","position":3,"name":"Balaclava-Robber U"}]},{"@type":"WebSite","@id":"https:\/\/skishop.no\/#website","url":"https:\/\/skishop.no\/","name":"Trysil Skishop","description":"Trysils billigaste skiduthyrning","publisher":{"@id":"https:\/\/skishop.no\/#organization"},"alternateName":"Trysil ski leie","potentialAction":[{"@type":"SearchAction","target":{"@type":"EntryPoint","urlTemplate":"https:\/\/skishop.no\/?s={search_term_string}"},"query-input":{"@type":"PropertyValueSpecification","valueRequired":true,"valueName":"search_term_string"}}],"inLanguage":"sv-SE"},{"@type":"Organization","@id":"https:\/\/skishop.no\/#organization","name":"Trysil Skishop","alternateName":"Trysil Skishop AS","url":"https:\/\/skishop.no\/","logo":{"@type":"ImageObject","inLanguage":"sv-SE","@id":"https:\/\/skishop.no\/#\/schema\/logo\/image\/","url":"https:\/\/skishop.no\/wp-content\/uploads\/2025\/09\/Site-icon-1.webp","contentUrl":"https:\/\/skishop.no\/wp-content\/uploads\/2025\/09\/Site-icon-1.webp","width":468,"height":389,"caption":"Trysil Skishop"},"image":{"@id":"https:\/\/skishop.no\/#\/schema\/logo\/image\/"},"sameAs":["https:\/\/www.facebook.com\/TrysilSkishop\/","https:\/\/www.instagram.com\/skishop.no"],"description":"Trysil Skishop \u00e4r Trysilfjellets mest prisv\u00e4rda skid- och cykeluthyrningsf\u00f6retag, som erbjuder h\u00f6gkvalitativ skid- och cykelutrustning till l\u00e5ga priser. De ligger vid Trysil Shellsenter, ca 2 km f\u00f6re Trysil Turistsenter, med enkel parkering precis utanf\u00f6r. Skishop erbjuder ocks\u00e5 en skidutrustningsservice \u00e5ret runt, d\u00e4r de f\u00f6rbereder skidorna f\u00f6r vinters\u00e4songen med en professionell slipmaskin och erfarna tekniker. P\u00e5 plats finns snabb och effektiv service s\u00e5 att kunderna snabbt kan komma ut i backen eller p\u00e5 tur. P\u00e5 sommaren kan man hyra cyklar av h\u00f6g kvalitet hos dem, och de har ocks\u00e5 en sportbutik med n\u00f6dv\u00e4ndig utrustning f\u00f6r skid- och cykelturer. Trysil Skishop har ocks\u00e5 partners som erbjuder rabatter till sina g\u00e4ster. De \u00e4r k\u00e4nda f\u00f6r att kombinera l\u00e5ga priser med samma h\u00f6ga standard p\u00e5 utrustningen som andra uthyrningscenter i omr\u00e5det.","email":"Info@skishop.no","telephone":"+4791929291","legalName":"Trysil Skishop AS","foundingDate":"1999-01-01","vatID":"981 443 489","numberOfEmployees":{"@type":"QuantitativeValue","minValue":"11","maxValue":"50"},"publishingPrinciples":"https:\/\/skishop.no\/ofte-stile-sporsmal\/"}]}},"_links":{"self":[{"href":"https:\/\/skishop.no\/sv\/wp-json\/wp\/v2\/product\/7212","targetHints":{"allow":["GET"]}}],"collection":[{"href":"https:\/\/skishop.no\/sv\/wp-json\/wp\/v2\/product"}],"about":[{"href":"https:\/\/skishop.no\/sv\/wp-json\/wp\/v2\/types\/product"}],"version-history":[{"count":3,"href":"https:\/\/skishop.no\/sv\/wp-json\/wp\/v2\/product\/7212\/revisions"}],"predecessor-version":[{"id":9756,"href":"https:\/\/skishop.no\/sv\/wp-json\/wp\/v2\/product\/7212\/revisions\/9756"}],"wp:featuredmedia":[{"embeddable":true,"href":"https:\/\/skishop.no\/sv\/wp-json\/wp\/v2\/media\/9757"}],"wp:attachment":[{"href":"https:\/\/skishop.no\/sv\/wp-json\/wp\/v2\/media?parent=7212"}],"wp:term":[{"taxonomy":"product_brand","embeddable":true,"href":"https:\/\/skishop.no\/sv\/wp-json\/wp\/v2\/product_brand?post=7212"},{"taxonomy":"product_cat","embeddable":true,"href":"https:\/\/skishop.no\/sv\/wp-json\/wp\/v2\/product_cat?post=7212"},{"taxonomy":"product_tag","embeddable":true,"href":"https:\/\/skishop.no\/sv\/wp-json\/wp\/v2\/product_tag?post=7212"}],"curies":[{"name":"wp","href":"https:\/\/api.w.org\/{rel}","templated":true}]}}