{"id":8690,"date":"2026-03-19T14:59:51","date_gmt":"2026-03-19T13:59:51","guid":{"rendered":"https:\/\/skishop.no\/?post_type=product&#038;p=8690"},"modified":"2026-05-06T17:37:32","modified_gmt":"2026-05-06T16:37:32","slug":"nordim-w-rosa-9917660835187936","status":"publish","type":"product","link":"https:\/\/skishop.no\/sv\/product\/nordim-w-rosa-9917660835187936\/","title":{"rendered":"Nordim-W Rosa"},"content":{"rendered":"<p data-start=\"29\" data-end=\"337\">Kilpi NORDIM-W \u00e4r en l\u00f6parjacka f\u00f6r damer som \u00e4ven passar f\u00f6r l\u00e4ngdskid\u00e5kning eller andra intensiva aktiviteter i temperaturer runt och \u00f6ver nollan. Jackan kombinerar olika material som \u00e4r funktionellt och ergonomiskt placerade s\u00e5 att du kan fokusera fullt ut p\u00e5 din prestation utan att begr\u00e4nsa din r\u00f6rlighet.<\/p>\n<p data-start=\"339\" data-end=\"592\">SIBERIUM softshell p\u00e5 framsidan ger optimalt skydd mot vind och kyla, medan elastisk fleece p\u00e5 baksidan h\u00e5ller dig varm och transporterar bort fukt fr\u00e5n kroppen. Paneler under armarna och p\u00e5 \u00e4rmarna f\u00f6rb\u00e4ttrar andningsf\u00f6rm\u00e5gan och ventilationen under h\u00f6g aktivitet.<\/p>\n<p data-start=\"594\" data-end=\"792\">NORDIM-W har tv\u00e5 fickor med dragkedja och n\u00e4tinsatser som minskar vikten och ger ventilation. En bakficka med dragkedja ger plats f\u00f6r mobiltelefon eller andra sm\u00e5saker under tr\u00e4ningen.<\/p>\n<p data-start=\"794\" data-end=\"1047\">De f\u00f6rl\u00e4ngda \u00e4rmarna har tumh\u00e5l och elastiska muddar. Det f\u00f6rl\u00e4ngda ryggpartiet med silikonprint f\u00f6rhindrar att jackan glider upp och skyddar mot kyla. Tydliga reflexer p\u00e5 baksidan av axlarna och vid dragkedjan fram ger god synlighet i m\u00f6rkret.<\/p>\n<p data-start=\"1049\" data-end=\"1095\">Kilpi NORDIM-W finns tillg\u00e4nglig i flera f\u00e4rger.<\/p>","protected":false},"excerpt":{"rendered":"<p>Teknisk och l\u00e4tt tr\u00e4ningsjacka f\u00f6r damer, perfekt f\u00f6r l\u00f6pning och l\u00e4ngdskid\u00e5kning, med bra vindskydd, ventilation och h\u00f6g r\u00f6rlighet.<\/p>","protected":false},"featured_media":8793,"template":"","meta":{"site-sidebar-layout":"default","site-content-layout":"","ast-site-content-layout":"default","site-content-style":"default","site-sidebar-style":"default","ast-global-header-display":"","ast-banner-title-visibility":"","ast-main-header-display":"","ast-hfb-above-header-display":"","ast-hfb-below-header-display":"","ast-hfb-mobile-header-display":"","site-post-title":"","ast-breadcrumbs-content":"","ast-featured-img":"","footer-sml-layout":"","ast-disable-related-posts":"","theme-transparent-header-meta":"default","adv-header-id-meta":"","stick-header-meta":"","header-above-stick-meta":"","header-main-stick-meta":"","header-below-stick-meta":"","astra-migrate-meta-layouts":"set","ast-page-background-enabled":"default","ast-page-background-meta":{"desktop":{"background-color":"var(--ast-global-color-4)","background-image":"","background-repeat":"repeat","background-position":"center center","background-size":"auto","background-attachment":"scroll","background-type":"","background-media":"","overlay-type":"","overlay-color":"","overlay-opacity":"","overlay-gradient":""},"tablet":{"background-color":"","background-image":"","background-repeat":"repeat","background-position":"center center","background-size":"auto","background-attachment":"scroll","background-type":"","background-media":"","overlay-type":"","overlay-color":"","overlay-opacity":"","overlay-gradient":""},"mobile":{"background-color":"","background-image":"","background-repeat":"repeat","background-position":"center center","background-size":"auto","background-attachment":"scroll","background-type":"","background-media":"","overlay-type":"","overlay-color":"","overlay-opacity":"","overlay-gradient":""}},"ast-content-background-meta":{"desktop":{"background-color":"var(--ast-global-color-5)","background-image":"","background-repeat":"repeat","background-position":"center center","background-size":"auto","background-attachment":"scroll","background-type":"","background-media":"","overlay-type":"","overlay-color":"","overlay-opacity":"","overlay-gradient":""},"tablet":{"background-color":"var(--ast-global-color-5)","background-image":"","background-repeat":"repeat","background-position":"center center","background-size":"auto","background-attachment":"scroll","background-type":"","background-media":"","overlay-type":"","overlay-color":"","overlay-opacity":"","overlay-gradient":""},"mobile":{"background-color":"var(--ast-global-color-5)","background-image":"","background-repeat":"repeat","background-position":"center center","background-size":"auto","background-attachment":"scroll","background-type":"","background-media":"","overlay-type":"","overlay-color":"","overlay-opacity":"","overlay-gradient":""}}},"product_brand":[921],"product_cat":[85,88],"product_tag":[],"class_list":{"0":"post-8690","1":"product","2":"type-product","3":"status-publish","4":"has-post-thumbnail","6":"product_brand-kilpi","7":"product_cat-10001-jakker","8":"product_cat-dame","9":"pa_8369-90","10":"pa_8369-92","11":"pa_8369-94","12":"pa_8369-95","13":"pa_8369-96","14":"pa_variant-1103","15":"pa_variant-1104","16":"pa_variant-1105","17":"pa_variant-1106","18":"pa_variant-1112","19":"desktop-align-center","20":"tablet-align-left","21":"mobile-align-left","23":"first","24":"instock","25":"sale","26":"taxable","27":"shipping-taxable","28":"purchasable","29":"product-type-variable"},"yoast_head":"<!-- This site is optimized with the Yoast SEO Premium plugin v27.2 (Yoast SEO v27.5) - https:\/\/yoast.com\/product\/yoast-seo-premium-wordpress\/ -->\n<title>Nordim-W Rosa - Trysil Skishop<\/title>\n<meta name=\"description\" content=\"Nordim-W Rosa Trysil Skishop\" \/>\n<meta name=\"robots\" content=\"index, follow, max-snippet:-1, max-image-preview:large, max-video-preview:-1\" \/>\n<link rel=\"canonical\" href=\"https:\/\/skishop.no\/sv\/product\/nordim-w-rosa-9917660835187936\/\" \/>\n<meta property=\"og:locale\" content=\"sv_SE\" \/>\n<meta property=\"og:type\" content=\"article\" \/>\n<meta property=\"og:title\" content=\"Nordim-W Rosa % - Trysil Skishop\" \/>\n<meta property=\"og:description\" content=\"-\" \/>\n<meta property=\"og:url\" content=\"https:\/\/skishop.no\/sv\/product\/nordim-w-rosa-9917660835187936\/\" \/>\n<meta property=\"og:site_name\" content=\"Trysil Skishop\" \/>\n<meta property=\"article:publisher\" content=\"https:\/\/www.facebook.com\/TrysilSkishop\/\" \/>\n<meta property=\"article:modified_time\" content=\"2026-05-06T16:37:32+00:00\" \/>\n<meta property=\"og:image\" content=\"https:\/\/skishop.no\/wp-content\/uploads\/2025\/09\/Skishop-e1773158831889.jpg\" \/>\n\t<meta property=\"og:image:width\" content=\"964\" \/>\n\t<meta property=\"og:image:height\" content=\"643\" \/>\n\t<meta property=\"og:image:type\" content=\"image\/webp\" \/>\n<meta name=\"twitter:card\" content=\"summary_large_image\" \/>\n<meta name=\"twitter:label1\" content=\"Ber\u00e4knad l\u00e4stid\" \/>\n\t<meta name=\"twitter:data1\" content=\"2 minuter\" \/>\n<script type=\"application\/ld+json\" class=\"yoast-schema-graph\">{\"@context\":\"https:\\\/\\\/schema.org\",\"@graph\":[{\"@type\":\"WebPage\",\"@id\":\"https:\\\/\\\/skishop.no\\\/produkt\\\/nordim-w-rosa-9917660835187936\\\/\",\"url\":\"https:\\\/\\\/skishop.no\\\/produkt\\\/nordim-w-rosa-9917660835187936\\\/\",\"name\":\"Nordim-W Rosa - Trysil Skishop\",\"isPartOf\":{\"@id\":\"https:\\\/\\\/skishop.no\\\/#website\"},\"primaryImageOfPage\":{\"@id\":\"https:\\\/\\\/skishop.no\\\/produkt\\\/nordim-w-rosa-9917660835187936\\\/#primaryimage\"},\"image\":{\"@id\":\"https:\\\/\\\/skishop.no\\\/produkt\\\/nordim-w-rosa-9917660835187936\\\/#primaryimage\"},\"thumbnailUrl\":\"https:\\\/\\\/skishop.no\\\/wp-content\\\/uploads\\\/2026\\\/03\\\/kilpi-nordim-w-2324-bezecka-bunda-7.webp\",\"datePublished\":\"2026-03-19T13:59:51+00:00\",\"dateModified\":\"2026-05-06T16:37:32+00:00\",\"description\":\"Nordim-W Rosa Trysil Skishop\",\"breadcrumb\":{\"@id\":\"https:\\\/\\\/skishop.no\\\/produkt\\\/nordim-w-rosa-9917660835187936\\\/#breadcrumb\"},\"inLanguage\":\"sv-SE\",\"potentialAction\":[{\"@type\":\"ReadAction\",\"target\":[\"https:\\\/\\\/skishop.no\\\/produkt\\\/nordim-w-rosa-9917660835187936\\\/\"]}]},{\"@type\":\"ImageObject\",\"inLanguage\":\"sv-SE\",\"@id\":\"https:\\\/\\\/skishop.no\\\/produkt\\\/nordim-w-rosa-9917660835187936\\\/#primaryimage\",\"url\":\"https:\\\/\\\/skishop.no\\\/wp-content\\\/uploads\\\/2026\\\/03\\\/kilpi-nordim-w-2324-bezecka-bunda-7.webp\",\"contentUrl\":\"https:\\\/\\\/skishop.no\\\/wp-content\\\/uploads\\\/2026\\\/03\\\/kilpi-nordim-w-2324-bezecka-bunda-7.webp\",\"width\":600,\"height\":600},{\"@type\":\"BreadcrumbList\",\"@id\":\"https:\\\/\\\/skishop.no\\\/produkt\\\/nordim-w-rosa-9917660835187936\\\/#breadcrumb\",\"itemListElement\":[{\"@type\":\"ListItem\",\"position\":1,\"name\":\"Hjem\",\"item\":\"https:\\\/\\\/skishop.no\\\/\"},{\"@type\":\"ListItem\",\"position\":2,\"name\":\"Butikk\",\"item\":\"https:\\\/\\\/skishop.no\\\/butikk\\\/\"},{\"@type\":\"ListItem\",\"position\":3,\"name\":\"Nordim-W Rosa\"}]},{\"@type\":\"WebSite\",\"@id\":\"https:\\\/\\\/skishop.no\\\/#website\",\"url\":\"https:\\\/\\\/skishop.no\\\/\",\"name\":\"Trysil Skishop\",\"description\":\"Trysils billigste skiutleie\",\"publisher\":{\"@id\":\"https:\\\/\\\/skishop.no\\\/#organization\"},\"alternateName\":\"Trysil ski leie\",\"potentialAction\":[{\"@type\":\"SearchAction\",\"target\":{\"@type\":\"EntryPoint\",\"urlTemplate\":\"https:\\\/\\\/skishop.no\\\/?s={search_term_string}\"},\"query-input\":{\"@type\":\"PropertyValueSpecification\",\"valueRequired\":true,\"valueName\":\"search_term_string\"}}],\"inLanguage\":\"sv-SE\"},{\"@type\":\"Organization\",\"@id\":\"https:\\\/\\\/skishop.no\\\/#organization\",\"name\":\"Trysil Skishop\",\"alternateName\":\"Trysil Skishop AS\",\"url\":\"https:\\\/\\\/skishop.no\\\/\",\"logo\":{\"@type\":\"ImageObject\",\"inLanguage\":\"sv-SE\",\"@id\":\"https:\\\/\\\/skishop.no\\\/#\\\/schema\\\/logo\\\/image\\\/\",\"url\":\"https:\\\/\\\/skishop.no\\\/wp-content\\\/uploads\\\/2025\\\/09\\\/Site-icon-1.webp\",\"contentUrl\":\"https:\\\/\\\/skishop.no\\\/wp-content\\\/uploads\\\/2025\\\/09\\\/Site-icon-1.webp\",\"width\":468,\"height\":389,\"caption\":\"Trysil Skishop\"},\"image\":{\"@id\":\"https:\\\/\\\/skishop.no\\\/#\\\/schema\\\/logo\\\/image\\\/\"},\"sameAs\":[\"https:\\\/\\\/www.facebook.com\\\/TrysilSkishop\\\/\",\"https:\\\/\\\/www.instagram.com\\\/skishop.no\"],\"description\":\"Trysil Skishop er Trysilfjellets rimeligste ski- og sykkelutleie, som tilbyr utleie av ski- og sykkelutstyr av h\u00f8y kvalitet til lave priser. De holder til p\u00e5 Trysil Shellsenter, ca. 2 km f\u00f8r Trysil Turistsenter, med enkel parkering rett utenfor. Skishop tilbyr ogs\u00e5 skiutstyrservice \u00e5ret rundt, hvor de forbereder ski til vintersesongen med profesjonell slipemaskin og erfarne teknikere. Stedet gir rask og effektiv service slik at kunder raskt kan komme seg ut i bakken eller p\u00e5 tur. Om sommeren kan man leie sykler av h\u00f8y kvalitet hos dem, og de har ogs\u00e5 en sportsbutikk med n\u00f8dvendig utstyr for ski- og sykkelturer. Trysil Skishop har ogs\u00e5 samarbeidspartnere som gir rabatter til deres gjester. De er kjent for \u00e5 kombinere lave priser med like h\u00f8y standard p\u00e5 utstyret som andre utleiesteder i omr\u00e5det.\",\"email\":\"Info@skishop.no\",\"telephone\":\"+4791929291\",\"legalName\":\"Trysil Skishop AS\",\"foundingDate\":\"1999-01-01\",\"vatID\":\"981 443 489\",\"numberOfEmployees\":{\"@type\":\"QuantitativeValue\",\"minValue\":\"11\",\"maxValue\":\"50\"},\"publishingPrinciples\":\"https:\\\/\\\/skishop.no\\\/ofte-stile-sporsmal\\\/\"}]}<\/script>\n<!-- \/ Yoast SEO Premium plugin. -->","yoast_head_json":{"title":"Nordim-W Pink - Trysil Skishop","description":"Nordim-W Rosa Trysil Skishop","robots":{"index":"index","follow":"follow","max-snippet":"max-snippet:-1","max-image-preview":"max-image-preview:large","max-video-preview":"max-video-preview:-1"},"canonical":"https:\/\/skishop.no\/sv\/product\/nordim-w-rosa-9917660835187936\/","og_locale":"sv_SE","og_type":"article","og_title":"Nordim-W Rosa % - Trysil Skishop","og_description":"-","og_url":"https:\/\/skishop.no\/sv\/product\/nordim-w-rosa-9917660835187936\/","og_site_name":"Trysil Skishop","article_publisher":"https:\/\/www.facebook.com\/TrysilSkishop\/","article_modified_time":"2026-05-06T16:37:32+00:00","og_image":[{"width":964,"height":643,"url":"https:\/\/skishop.no\/wp-content\/uploads\/2025\/09\/Skishop-e1773158831889.jpg","type":"image\/webp"}],"twitter_card":"summary_large_image","twitter_misc":{"Ber\u00e4knad l\u00e4stid":"2 minuter"},"schema":{"@context":"https:\/\/schema.org","@graph":[{"@type":"WebPage","@id":"https:\/\/skishop.no\/produkt\/nordim-w-rosa-9917660835187936\/","url":"https:\/\/skishop.no\/produkt\/nordim-w-rosa-9917660835187936\/","name":"Nordim-W Pink - Trysil Skishop","isPartOf":{"@id":"https:\/\/skishop.no\/#website"},"primaryImageOfPage":{"@id":"https:\/\/skishop.no\/produkt\/nordim-w-rosa-9917660835187936\/#primaryimage"},"image":{"@id":"https:\/\/skishop.no\/produkt\/nordim-w-rosa-9917660835187936\/#primaryimage"},"thumbnailUrl":"https:\/\/skishop.no\/wp-content\/uploads\/2026\/03\/kilpi-nordim-w-2324-bezecka-bunda-7.webp","datePublished":"2026-03-19T13:59:51+00:00","dateModified":"2026-05-06T16:37:32+00:00","description":"Nordim-W Rosa Trysil Skishop","breadcrumb":{"@id":"https:\/\/skishop.no\/produkt\/nordim-w-rosa-9917660835187936\/#breadcrumb"},"inLanguage":"sv-SE","potentialAction":[{"@type":"ReadAction","target":["https:\/\/skishop.no\/produkt\/nordim-w-rosa-9917660835187936\/"]}]},{"@type":"ImageObject","inLanguage":"sv-SE","@id":"https:\/\/skishop.no\/produkt\/nordim-w-rosa-9917660835187936\/#primaryimage","url":"https:\/\/skishop.no\/wp-content\/uploads\/2026\/03\/kilpi-nordim-w-2324-bezecka-bunda-7.webp","contentUrl":"https:\/\/skishop.no\/wp-content\/uploads\/2026\/03\/kilpi-nordim-w-2324-bezecka-bunda-7.webp","width":600,"height":600},{"@type":"BreadcrumbList","@id":"https:\/\/skishop.no\/produkt\/nordim-w-rosa-9917660835187936\/#breadcrumb","itemListElement":[{"@type":"ListItem","position":1,"name":"Hjem","item":"https:\/\/skishop.no\/"},{"@type":"ListItem","position":2,"name":"Butikk","item":"https:\/\/skishop.no\/butikk\/"},{"@type":"ListItem","position":3,"name":"Nordim-W Rosa"}]},{"@type":"WebSite","@id":"https:\/\/skishop.no\/#website","url":"https:\/\/skishop.no\/","name":"Trysil Skishop","description":"Trysils billigaste skiduthyrning","publisher":{"@id":"https:\/\/skishop.no\/#organization"},"alternateName":"Trysil ski leie","potentialAction":[{"@type":"SearchAction","target":{"@type":"EntryPoint","urlTemplate":"https:\/\/skishop.no\/?s={search_term_string}"},"query-input":{"@type":"PropertyValueSpecification","valueRequired":true,"valueName":"search_term_string"}}],"inLanguage":"sv-SE"},{"@type":"Organization","@id":"https:\/\/skishop.no\/#organization","name":"Trysil Skishop","alternateName":"Trysil Skishop AS","url":"https:\/\/skishop.no\/","logo":{"@type":"ImageObject","inLanguage":"sv-SE","@id":"https:\/\/skishop.no\/#\/schema\/logo\/image\/","url":"https:\/\/skishop.no\/wp-content\/uploads\/2025\/09\/Site-icon-1.webp","contentUrl":"https:\/\/skishop.no\/wp-content\/uploads\/2025\/09\/Site-icon-1.webp","width":468,"height":389,"caption":"Trysil Skishop"},"image":{"@id":"https:\/\/skishop.no\/#\/schema\/logo\/image\/"},"sameAs":["https:\/\/www.facebook.com\/TrysilSkishop\/","https:\/\/www.instagram.com\/skishop.no"],"description":"Trysil Skishop \u00e4r Trysilfjellets mest prisv\u00e4rda skid- och cykeluthyrningsf\u00f6retag, som erbjuder h\u00f6gkvalitativ skid- och cykelutrustning till l\u00e5ga priser. De ligger vid Trysil Shellsenter, ca 2 km f\u00f6re Trysil Turistsenter, med enkel parkering precis utanf\u00f6r. Skishop erbjuder ocks\u00e5 en skidutrustningsservice \u00e5ret runt, d\u00e4r de f\u00f6rbereder skidorna f\u00f6r vinters\u00e4songen med en professionell slipmaskin och erfarna tekniker. P\u00e5 plats finns snabb och effektiv service s\u00e5 att kunderna snabbt kan komma ut i backen eller p\u00e5 tur. P\u00e5 sommaren kan man hyra cyklar av h\u00f6g kvalitet hos dem, och de har ocks\u00e5 en sportbutik med n\u00f6dv\u00e4ndig utrustning f\u00f6r skid- och cykelturer. Trysil Skishop har ocks\u00e5 partners som erbjuder rabatter till sina g\u00e4ster. De \u00e4r k\u00e4nda f\u00f6r att kombinera l\u00e5ga priser med samma h\u00f6ga standard p\u00e5 utrustningen som andra uthyrningscenter i omr\u00e5det.","email":"Info@skishop.no","telephone":"+4791929291","legalName":"Trysil Skishop AS","foundingDate":"1999-01-01","vatID":"981 443 489","numberOfEmployees":{"@type":"QuantitativeValue","minValue":"11","maxValue":"50"},"publishingPrinciples":"https:\/\/skishop.no\/ofte-stile-sporsmal\/"}]}},"_links":{"self":[{"href":"https:\/\/skishop.no\/sv\/wp-json\/wp\/v2\/product\/8690","targetHints":{"allow":["GET"]}}],"collection":[{"href":"https:\/\/skishop.no\/sv\/wp-json\/wp\/v2\/product"}],"about":[{"href":"https:\/\/skishop.no\/sv\/wp-json\/wp\/v2\/types\/product"}],"version-history":[{"count":2,"href":"https:\/\/skishop.no\/sv\/wp-json\/wp\/v2\/product\/8690\/revisions"}],"predecessor-version":[{"id":8701,"href":"https:\/\/skishop.no\/sv\/wp-json\/wp\/v2\/product\/8690\/revisions\/8701"}],"wp:featuredmedia":[{"embeddable":true,"href":"https:\/\/skishop.no\/sv\/wp-json\/wp\/v2\/media\/8793"}],"wp:attachment":[{"href":"https:\/\/skishop.no\/sv\/wp-json\/wp\/v2\/media?parent=8690"}],"wp:term":[{"taxonomy":"product_brand","embeddable":true,"href":"https:\/\/skishop.no\/sv\/wp-json\/wp\/v2\/product_brand?post=8690"},{"taxonomy":"product_cat","embeddable":true,"href":"https:\/\/skishop.no\/sv\/wp-json\/wp\/v2\/product_cat?post=8690"},{"taxonomy":"product_tag","embeddable":true,"href":"https:\/\/skishop.no\/sv\/wp-json\/wp\/v2\/product_tag?post=8690"}],"curies":[{"name":"wp","href":"https:\/\/api.w.org\/{rel}","templated":true}]}}