{"id":4871,"date":"2026-03-13T18:50:04","date_gmt":"2026-03-13T17:50:04","guid":{"rendered":"https:\/\/skishop.no\/?page_id=4871"},"modified":"2026-03-13T18:53:43","modified_gmt":"2026-03-13T17:53:43","slug":"messaging-terms-for-sms","status":"publish","type":"page","link":"https:\/\/skishop.no\/zh\/\u9690\u79c1\/\u77ed\u4fe1\u672f\u8bed\/","title":{"rendered":"SMS \u77ed\u4fe1\u672f\u8bed\u3002."},"content":{"rendered":"<div data-elementor-type=\"wp-page\" data-elementor-id=\"4871\" class=\"elementor elementor-4871\" data-elementor-post-type=\"page\">\n\t\t\t\t<div data-particle_enable=\"false\" data-particle-mobile-disabled=\"false\" class=\"elementor-element elementor-element-c1569f6 e-flex e-con-boxed e-con e-parent\" data-id=\"c1569f6\" data-element_type=\"container\" data-e-type=\"container\">\n\t\t\t\t\t<div class=\"e-con-inner\">\n\t\t\t\t<div class=\"elementor-element elementor-element-8a8e893 elementor-widget elementor-widget-text-editor\" data-id=\"8a8e893\" data-element_type=\"widget\" data-e-type=\"widget\" data-widget_type=\"text-editor.default\">\n\t\t\t\t\t\t\t\t\t<p data-pm-slice=\"1 1 []\">Skishopno<\/p><p>24 Vestmovegen Trysil Innlandet NO 2420<\/p><p>Info@skishop.no<\/p><p><blockquote class=\"wp-embedded-content\" data-secret=\"imbWwW1TRB\"><a href=\"https:\/\/skishop.no\/zh\/\u9690\u79c1\/\">\u9690\u79c1\u653f\u7b56<\/a><\/blockquote><iframe loading=\"lazy\" class=\"wp-embedded-content\" sandbox=\"allow-scripts\" security=\"restricted\" style=\"position: absolute; visibility: hidden;\" title=\"\u00ab\u9690\u79c1\u653f\u7b56\u00bb - Trysil Skishop\" src=\"https:\/\/skishop.no\/personvern\/embed\/#?secret=7vV17KifiX#?secret=imbWwW1TRB\" data-secret=\"imbWwW1TRB\" width=\"500\" height=\"282\" frameborder=\"0\" marginwidth=\"0\" marginheight=\"0\" scrolling=\"no\"><\/iframe><\/p><h1>\u4fe1\u606f\u4f20\u9012\u6761\u6b3e\u4e0e\u6761\u4ef6<\/h1><p>Skishopno | 24 Vestmovegen Trysil Innlandet NO 2420<\/p><h2>\u4e00\u822c\u60c5\u51b5<\/h2><p>\u5f53\u60a8\u9009\u62e9\u4f7f\u7528\u8be5\u670d\u52a1\u65f6\uff0c\u6211\u4eec\u4f1a\u5411\u60a8\u53d1\u9001\u4e00\u6761\u4fe1\u606f\u4ee5\u786e\u8ba4\u60a8\u7684\u6ce8\u518c\u3002.<\/p><p>\u9009\u62e9\u63a5\u6536\u4fe1\u606f\uff0c\u5373\u8868\u793a\u60a8\u540c\u610f\u5b9a\u671f\u63a5\u6536\u6765\u81ea Skishopno \u7684\u81ea\u52a8\u8425\u9500\u548c\u4fe1\u606f\u77ed\u4fe1\u3002\u81ea\u52a8\u77ed\u4fe1\u53ef\u80fd\u4f1a\u901a\u8fc7\u81ea\u52a8\u62e8\u53f7\u7cfb\u7edf\u53d1\u9001\u5230\u60a8\u6ce8\u518c\u65f6\u63d0\u4f9b\u7684\u624b\u673a\u53f7\u7801\u6216\u60a8\u6307\u5b9a\u7684\u4efb\u4f55\u5176\u4ed6\u53f7\u7801\u3002.<\/p><p>\u6d88\u606f\u9891\u7387\u5404\u4e0d\u76f8\u540c\uff0c\u53ef\u80fd\u4f1a\u6839\u636e\u60a8\u4e0e Skishopno \u7684\u4e92\u52a8\u60c5\u51b5\u5b9a\u671f\u53d1\u9001\u989d\u5916\u7684\u79fb\u52a8\u6d88\u606f\u3002Skishopno\u4fdd\u7559\u968f\u65f6\u66f4\u6539\u4fe1\u606f\u53d1\u9001\u9891\u7387\u3001\u589e\u52a0\u6216\u51cf\u5c11\u53d1\u9001\u4fe1\u606f\u603b\u6570\u7684\u6743\u5229\u3002Skishopno\u8fd8\u6709\u6743\u66f4\u6539\u77ed\u4fe1\u53d1\u9001\u7684\u77ed\u4ee3\u7801\u3001\u7535\u8bdd\u53f7\u7801\u6216\u5b57\u6bcd\u6570\u5b57\u53d1\u4ef6\u4eba\u3002<\/p><p>\u60a8\u53ef\u80fd\u9700\u8981\u652f\u4ed8\u901a\u5e38\u7684\u77ed\u4fe1\u548c\u6570\u636e\u8d39\u7387\u3002\u5982\u679c\u60a8\u5bf9\u77ed\u4fe1\u8ba1\u5212\u6216\u6570\u636e\u8ba1\u5212\u6709\u4efb\u4f55\u7591\u95ee\uff0c\u6700\u597d\u8054\u7cfb\u60a8\u7684\u79fb\u52a8\u670d\u52a1\u63d0\u4f9b\u5546\u3002\u5bf9\u4e8e\u5ef6\u8fdf\u6216\u672a\u9001\u8fbe\u7684\u4fe1\u606f\uff0c\u60a8\u7684\u79fb\u52a8\u670d\u52a1\u63d0\u4f9b\u5546\u4e0d\u627f\u62c5\u4efb\u4f55\u8d23\u4efb\u3002.<\/p><p>\u60a8\u540c\u610f\u63a5\u6536\u8425\u9500\u4fe1\u606f\u5e76\u4e0d\u662f\u8d2d\u4e70\u7684\u6761\u4ef6\u3002.<\/p><h2>\u627f\u8fd0\u5546<\/h2><p>\u627f\u8fd0\u5546\u4e0d\u5bf9\u5ef6\u8bef\u6216\u672a\u6295\u9012\u7684\u90ae\u4ef6\u8d1f\u8d23\u3002.<\/p><h2>\u53d6\u6d88\u9884\u8ba2<\/h2><p>\u4fe1\u606f\u5c06\u63d0\u4f9b\u9000\u8ba2\u8bf4\u660e\uff0c\u60a8\u53ef\u4ee5\u53d1\u9001\u77ed\u4fe1 STOP \u6216\u901a\u8fc7\u5176\u4e2d\u7684\u94fe\u63a5\u8fdb\u884c\u9000\u8ba2\u3002\u9000\u8ba2\u540e\uff0c\u6211\u4eec\u4f1a\u5411\u60a8\u53d1\u9001\u4e00\u6761\u4fe1\u606f\uff0c\u786e\u8ba4\u60a8\u5df2\u9000\u8ba2\uff0c\u5e76\u4e14\u4e0d\u4f1a\u518d\u53d1\u9001\u4efb\u4f55\u4fe1\u606f\u3002\u5982\u679c\u60a8\u60f3\u518d\u6b21\u6536\u5230 Skishopno \u7684\u4fe1\u606f\uff0c\u53ea\u9700\u50cf\u7b2c\u4e00\u6b21\u4e00\u6837\u6ce8\u518c\uff0cSkishopno \u5c31\u4f1a\u91cd\u65b0\u5f00\u59cb\u5411\u60a8\u53d1\u9001\u4fe1\u606f\u3002.<\/p><h2>\u4fe1\u606f<\/h2><p>\u5982\u9700\u6709\u5173\u6211\u4eec\u670d\u52a1\u7684\u652f\u6301\uff0c\u8bf7\u53d1\u9001\u7535\u5b50\u90ae\u4ef6\u81f3 Info@skishop.no\uff0c\u6216\u5728\u652f\u6301\u7684\u60c5\u51b5\u4e0b\uff0c\u968f\u65f6\u5411\u6211\u4eec\u7684\u4fe1\u606f\u53d1\u9001\u6587\u672c \uff08\u00bbHELP\\\u00bb\uff09\uff0c\u6211\u4eec\u5c06\u56de\u590d\u6709\u5173\u5982\u4f55\u53d6\u6d88\u8ba2\u9605\u7684\u8bf4\u660e\u3002\u5982\u679c\u6211\u4eec\u5728\u4ece Skishopno \u53d1\u9001\u7ed9\u60a8\u7684\u4fe1\u606f\u4e2d\u5305\u542b\u4e00\u4e2a\u94fe\u63a5\uff0c\u60a8\u4e5f\u53ef\u4ee5\u901a\u8fc7\u8be5\u94fe\u63a5\u83b7\u53d6\u5982\u4f55\u53d6\u6d88\u8ba2\u9605\u7684\u8bf4\u660e\u548c\u6211\u4eec\u516c\u53f8\u7684\u4fe1\u606f\u3002.<\/p><h2>\u53f7\u7801\u8f6c\u79fb<\/h2><p>\u60a8\u540c\u610f\uff0c\u5728\u66f4\u6362\u60a8\u7684\u624b\u673a\u53f7\u7801\u6216\u5c06\u60a8\u7684\u624b\u673a\u53f7\u7801\u8f6c\u8ba9\u7ed9\u4ed6\u4eba\u4e4b\u524d\uff0c\u60a8\u5c06\u4ece\u539f\u53f7\u7801\u56de\u590d\uff08\u00bbSTOP\\\u00bb\uff09\uff0c\u4f7f\u7528\u6211\u4eec\u4fe1\u606f\u4e2d\u5305\u542b\u7684\u94fe\u63a5\uff08\u5982\u679c\u63d0\u4f9b\u94fe\u63a5\uff09\u53d6\u6d88\u8ba2\u9605\uff0c\u6216\u5c06\u60a8\u7684\u65e7\u53f7\u7801\u901a\u8fc7 Info@skishop.no \u901a\u77e5\u6211\u4eec\u3002\u6839\u636e\u4e0a\u8ff0\u4e8b\u4ef6\u901a\u77e5\u6211\u4eec\u7684\u4e49\u52a1\u662f\u4f7f\u7528\u6b64\u670d\u52a1\u63a5\u6536\u4fe1\u606f\u7684\u6761\u4ef6\u4e4b\u4e00\u3002.<\/p><h2>\u9690\u79c1\u653f\u7b56<\/h2><p>\u5982\u679c\u60a8\u5bf9\u60a8\u7684\u6570\u636e\u6216\u6211\u4eec\u7684\u9690\u79c1\u4fdd\u62a4\u63aa\u65bd\u6709\u4efb\u4f55\u7591\u95ee\uff0c\u8bf7\u8bbf\u95ee\u6211\u4eec\u7684\u7f51\u7ad9 https:\/\/skishop.no\/personvern\/\u3002.<\/p><h2>\u4fe1\u606f\u4f20\u9012\u6761\u6b3e\u53d8\u66f4<\/h2><p>\u6211\u4eec\u4fdd\u7559\u968f\u65f6\u66f4\u6539\u6216\u7ec8\u6b62\u4fe1\u606f\u8ba1\u5212\u7684\u6743\u5229\u3002\u6211\u4eec\u8fd8\u4fdd\u7559\u968f\u65f6\u66f4\u65b0\u8fd9\u4e9b\u4fe1\u606f\u6761\u6b3e\u7684\u6743\u5229\u3002\u6b64\u7c7b\u66f4\u6539\u4e00\u7ecf\u53d1\u5e03\u7acb\u5373\u751f\u6548\u3002\u5982\u679c\u60a8\u4e0d\u540c\u610f\u8fd9\u4e9b\u4fe1\u606f\u6761\u6b3e\u7684\u53d8\u66f4\uff0c\u60a8\u5e94\u53d6\u6d88\u6ce8\u518c\u6211\u4eec\u7684\u4fe1\u606f\u8ba1\u5212\u3002\u5982\u679c\u60a8\u5728\u6b64\u7c7b\u66f4\u6539\u540e\u7ee7\u7eed\u6ce8\u518c\uff0c\u5219\u8868\u793a\u60a8\u63a5\u53d7\u6b64\u7c7b\u66f4\u6539\u3002.<\/p><p>\u00a0<\/p>\t\t\t\t\t\t\t\t<\/div>\n\t\t\t\t\t<\/div>\n\t\t\t\t<\/div>\n\t\t\t\t<\/div>","protected":false},"excerpt":{"rendered":"<p>Skishopno 24 Vestmovegen Trysil Innlandet NO 2420 Info@skishop.no Personvern Messaging Terms &amp; Conditions Skishopno | 24 Vestmovegen Trysil Innlandet NO 2420 General When you opt-in to the service, we will send you a message to confirm your signup. By opting into messages, you agree to receive recurring automated marketing and informational text messages from Skishopno. [&hellip;]<\/p>\n","protected":false},"author":1,"featured_media":0,"parent":1833,"menu_order":0,"comment_status":"closed","ping_status":"closed","template":"","meta":{"site-sidebar-layout":"no-sidebar","site-content-layout":"page-builder","ast-site-content-layout":"full-width-container","site-content-style":"default","site-sidebar-style":"default","ast-global-header-display":"","ast-banner-title-visibility":"","ast-main-header-display":"","ast-hfb-above-header-display":"","ast-hfb-below-header-display":"","ast-hfb-mobile-header-display":"","site-post-title":"","ast-breadcrumbs-content":"","ast-featured-img":"disabled","footer-sml-layout":"","ast-disable-related-posts":"","theme-transparent-header-meta":"","adv-header-id-meta":"","stick-header-meta":"","header-above-stick-meta":"","header-main-stick-meta":"","header-below-stick-meta":"","astra-migrate-meta-layouts":"set","ast-page-background-enabled":"default","ast-page-background-meta":{"desktop":{"background-color":"var(--ast-global-color-4)","background-image":"","background-repeat":"repeat","background-position":"center center","background-size":"auto","background-attachment":"scroll","background-type":"","background-media":"","overlay-type":"","overlay-color":"","overlay-opacity":"","overlay-gradient":""},"tablet":{"background-color":"","background-image":"","background-repeat":"repeat","background-position":"center center","background-size":"auto","background-attachment":"scroll","background-type":"","background-media":"","overlay-type":"","overlay-color":"","overlay-opacity":"","overlay-gradient":""},"mobile":{"background-color":"","background-image":"","background-repeat":"repeat","background-position":"center center","background-size":"auto","background-attachment":"scroll","background-type":"","background-media":"","overlay-type":"","overlay-color":"","overlay-opacity":"","overlay-gradient":""}},"ast-content-background-meta":{"desktop":{"background-color":"var(--ast-global-color-5)","background-image":"","background-repeat":"repeat","background-position":"center center","background-size":"auto","background-attachment":"scroll","background-type":"","background-media":"","overlay-type":"","overlay-color":"","overlay-opacity":"","overlay-gradient":""},"tablet":{"background-color":"var(--ast-global-color-5)","background-image":"","background-repeat":"repeat","background-position":"center center","background-size":"auto","background-attachment":"scroll","background-type":"","background-media":"","overlay-type":"","overlay-color":"","overlay-opacity":"","overlay-gradient":""},"mobile":{"background-color":"var(--ast-global-color-5)","background-image":"","background-repeat":"repeat","background-position":"center center","background-size":"auto","background-attachment":"scroll","background-type":"","background-media":"","overlay-type":"","overlay-color":"","overlay-opacity":"","overlay-gradient":""}},"footnotes":""},"class_list":["post-4871","page","type-page","status-publish","hentry"],"yoast_head":"<!-- This site is optimized with the Yoast SEO Premium plugin v27.2 (Yoast SEO v27.5) - https:\/\/yoast.com\/product\/yoast-seo-premium-wordpress\/ -->\n<title>Messaging Terms for SMS. - Trysil Skishop<\/title>\n<meta name=\"description\" content=\"Trysil Skishop -\" \/>\n<meta name=\"robots\" content=\"index, follow, max-snippet:-1, max-image-preview:large, max-video-preview:-1\" \/>\n<link rel=\"canonical\" href=\"https:\/\/skishop.no\/zh\/\u9690\u79c1\/\u77ed\u4fe1\u672f\u8bed\/\" \/>\n<meta property=\"og:locale\" content=\"zh_CN\" \/>\n<meta property=\"og:type\" content=\"article\" \/>\n<meta property=\"og:title\" content=\"Messaging Terms for SMS.\" \/>\n<meta property=\"og:description\" content=\"Trysil Skishop -\" \/>\n<meta property=\"og:url\" content=\"https:\/\/skishop.no\/zh\/\u9690\u79c1\/\u77ed\u4fe1\u672f\u8bed\/\" \/>\n<meta property=\"og:site_name\" content=\"Trysil Skishop\" \/>\n<meta property=\"article:publisher\" content=\"https:\/\/www.facebook.com\/TrysilSkishop\/\" \/>\n<meta property=\"article:modified_time\" content=\"2026-03-13T17:53:43+00:00\" \/>\n<meta property=\"og:image\" content=\"https:\/\/skishop.no\/wp-content\/uploads\/2025\/09\/Skishop-e1773158831889.jpg\" \/>\n\t<meta property=\"og:image:width\" content=\"964\" \/>\n\t<meta property=\"og:image:height\" content=\"643\" \/>\n\t<meta property=\"og:image:type\" content=\"image\/webp\" \/>\n<meta name=\"twitter:card\" content=\"summary_large_image\" \/>\n<meta name=\"twitter:label1\" content=\"\u9884\u8ba1\u9605\u8bfb\u65f6\u95f4\" \/>\n\t<meta name=\"twitter:data1\" content=\"3 \u5206\" \/>\n<script type=\"application\/ld+json\" class=\"yoast-schema-graph\">{\"@context\":\"https:\\\/\\\/schema.org\",\"@graph\":[{\"@type\":\"Article\",\"@id\":\"https:\\\/\\\/skishop.no\\\/personvern\\\/messaging-terms-for-sms\\\/#article\",\"isPartOf\":{\"@id\":\"https:\\\/\\\/skishop.no\\\/personvern\\\/messaging-terms-for-sms\\\/\"},\"author\":{\"name\":\"\",\"@id\":\"https:\\\/\\\/skishop.no\\\/#\\\/schema\\\/person\\\/e1116c92488e263d9a1324f1bd5d2dcb\"},\"headline\":\"Messaging Terms for SMS.\",\"datePublished\":\"2026-03-13T17:50:04+00:00\",\"dateModified\":\"2026-03-13T17:53:43+00:00\",\"mainEntityOfPage\":{\"@id\":\"https:\\\/\\\/skishop.no\\\/personvern\\\/messaging-terms-for-sms\\\/\"},\"wordCount\":501,\"publisher\":{\"@id\":\"https:\\\/\\\/skishop.no\\\/#organization\"},\"inLanguage\":\"zh-Hans\"},{\"@type\":\"WebPage\",\"@id\":\"https:\\\/\\\/skishop.no\\\/personvern\\\/messaging-terms-for-sms\\\/\",\"url\":\"https:\\\/\\\/skishop.no\\\/personvern\\\/messaging-terms-for-sms\\\/\",\"name\":\"Messaging Terms for SMS. - Trysil Skishop\",\"isPartOf\":{\"@id\":\"https:\\\/\\\/skishop.no\\\/#website\"},\"datePublished\":\"2026-03-13T17:50:04+00:00\",\"dateModified\":\"2026-03-13T17:53:43+00:00\",\"description\":\"Trysil Skishop -\",\"breadcrumb\":{\"@id\":\"https:\\\/\\\/skishop.no\\\/personvern\\\/messaging-terms-for-sms\\\/#breadcrumb\"},\"inLanguage\":\"zh-Hans\",\"potentialAction\":[{\"@type\":\"ReadAction\",\"target\":[\"https:\\\/\\\/skishop.no\\\/personvern\\\/messaging-terms-for-sms\\\/\"]}]},{\"@type\":\"BreadcrumbList\",\"@id\":\"https:\\\/\\\/skishop.no\\\/personvern\\\/messaging-terms-for-sms\\\/#breadcrumb\",\"itemListElement\":[{\"@type\":\"ListItem\",\"position\":1,\"name\":\"Hjem\",\"item\":\"https:\\\/\\\/skishop.no\\\/\"},{\"@type\":\"ListItem\",\"position\":2,\"name\":\"Personvern\",\"item\":\"https:\\\/\\\/skishop.no\\\/da\\\/privatlivets-fred\\\/\"},{\"@type\":\"ListItem\",\"position\":3,\"name\":\"Messaging Terms for SMS.\"}]},{\"@type\":\"WebSite\",\"@id\":\"https:\\\/\\\/skishop.no\\\/#website\",\"url\":\"https:\\\/\\\/skishop.no\\\/\",\"name\":\"Trysil Skishop\",\"description\":\"Trysils billigste skiutleie\",\"publisher\":{\"@id\":\"https:\\\/\\\/skishop.no\\\/#organization\"},\"alternateName\":\"Trysil ski leie\",\"potentialAction\":[{\"@type\":\"SearchAction\",\"target\":{\"@type\":\"EntryPoint\",\"urlTemplate\":\"https:\\\/\\\/skishop.no\\\/?s={search_term_string}\"},\"query-input\":{\"@type\":\"PropertyValueSpecification\",\"valueRequired\":true,\"valueName\":\"search_term_string\"}}],\"inLanguage\":\"zh-Hans\"},{\"@type\":\"Organization\",\"@id\":\"https:\\\/\\\/skishop.no\\\/#organization\",\"name\":\"Trysil Skishop\",\"alternateName\":\"Trysil Skishop AS\",\"url\":\"https:\\\/\\\/skishop.no\\\/\",\"logo\":{\"@type\":\"ImageObject\",\"inLanguage\":\"zh-Hans\",\"@id\":\"https:\\\/\\\/skishop.no\\\/#\\\/schema\\\/logo\\\/image\\\/\",\"url\":\"https:\\\/\\\/skishop.no\\\/wp-content\\\/uploads\\\/2025\\\/09\\\/Site-icon-1.webp\",\"contentUrl\":\"https:\\\/\\\/skishop.no\\\/wp-content\\\/uploads\\\/2025\\\/09\\\/Site-icon-1.webp\",\"width\":468,\"height\":389,\"caption\":\"Trysil Skishop\"},\"image\":{\"@id\":\"https:\\\/\\\/skishop.no\\\/#\\\/schema\\\/logo\\\/image\\\/\"},\"sameAs\":[\"https:\\\/\\\/www.facebook.com\\\/TrysilSkishop\\\/\",\"https:\\\/\\\/www.instagram.com\\\/skishop.no\"],\"description\":\"Trysil Skishop er Trysilfjellets rimeligste ski- og sykkelutleie, som tilbyr utleie av ski- og sykkelutstyr av h\u00f8y kvalitet til lave priser. De holder til p\u00e5 Trysil Shellsenter, ca. 2 km f\u00f8r Trysil Turistsenter, med enkel parkering rett utenfor. Skishop tilbyr ogs\u00e5 skiutstyrservice \u00e5ret rundt, hvor de forbereder ski til vintersesongen med profesjonell slipemaskin og erfarne teknikere. Stedet gir rask og effektiv service slik at kunder raskt kan komme seg ut i bakken eller p\u00e5 tur. Om sommeren kan man leie sykler av h\u00f8y kvalitet hos dem, og de har ogs\u00e5 en sportsbutikk med n\u00f8dvendig utstyr for ski- og sykkelturer. Trysil Skishop har ogs\u00e5 samarbeidspartnere som gir rabatter til deres gjester. De er kjent for \u00e5 kombinere lave priser med like h\u00f8y standard p\u00e5 utstyret som andre utleiesteder i omr\u00e5det.\",\"email\":\"Info@skishop.no\",\"telephone\":\"+4791929291\",\"legalName\":\"Trysil Skishop AS\",\"foundingDate\":\"1999-01-01\",\"vatID\":\"981 443 489\",\"numberOfEmployees\":{\"@type\":\"QuantitativeValue\",\"minValue\":\"11\",\"maxValue\":\"50\"},\"publishingPrinciples\":\"https:\\\/\\\/skishop.no\\\/ofte-stile-sporsmal\\\/\"},{\"@type\":\"Person\",\"@id\":\"https:\\\/\\\/skishop.no\\\/#\\\/schema\\\/person\\\/e1116c92488e263d9a1324f1bd5d2dcb\",\"name\":\"\",\"sameAs\":[\"https:\\\/\\\/skishop.no\"],\"url\":\"https:\\\/\\\/skishop.no\\\/zh\\\/author\\\/infoskishop-no\\\/\"}]}<\/script>\n<!-- \/ Yoast SEO Premium plugin. -->","yoast_head_json":{"title":"SMS \u77ed\u4fe1\u672f\u8bed\u3002- Trysil Skishop","description":"Trysil Skishop -","robots":{"index":"index","follow":"follow","max-snippet":"max-snippet:-1","max-image-preview":"max-image-preview:large","max-video-preview":"max-video-preview:-1"},"canonical":"https:\/\/skishop.no\/zh\/\u9690\u79c1\/\u77ed\u4fe1\u672f\u8bed\/","og_locale":"zh_CN","og_type":"article","og_title":"Messaging Terms for SMS.","og_description":"Trysil Skishop -","og_url":"https:\/\/skishop.no\/zh\/\u9690\u79c1\/\u77ed\u4fe1\u672f\u8bed\/","og_site_name":"Trysil Skishop","article_publisher":"https:\/\/www.facebook.com\/TrysilSkishop\/","article_modified_time":"2026-03-13T17:53:43+00:00","og_image":[{"width":964,"height":643,"url":"https:\/\/skishop.no\/wp-content\/uploads\/2025\/09\/Skishop-e1773158831889.jpg","type":"image\/webp"}],"twitter_card":"summary_large_image","twitter_misc":{"\u9884\u8ba1\u9605\u8bfb\u65f6\u95f4":"3 \u5206"},"schema":{"@context":"https:\/\/schema.org","@graph":[{"@type":"Article","@id":"https:\/\/skishop.no\/personvern\/messaging-terms-for-sms\/#article","isPartOf":{"@id":"https:\/\/skishop.no\/personvern\/messaging-terms-for-sms\/"},"author":{"name":"","@id":"https:\/\/skishop.no\/#\/schema\/person\/e1116c92488e263d9a1324f1bd5d2dcb"},"headline":"Messaging Terms for SMS.","datePublished":"2026-03-13T17:50:04+00:00","dateModified":"2026-03-13T17:53:43+00:00","mainEntityOfPage":{"@id":"https:\/\/skishop.no\/personvern\/messaging-terms-for-sms\/"},"wordCount":501,"publisher":{"@id":"https:\/\/skishop.no\/#organization"},"inLanguage":"zh-Hans"},{"@type":"WebPage","@id":"https:\/\/skishop.no\/personvern\/messaging-terms-for-sms\/","url":"https:\/\/skishop.no\/personvern\/messaging-terms-for-sms\/","name":"SMS \u77ed\u4fe1\u672f\u8bed\u3002- Trysil Skishop","isPartOf":{"@id":"https:\/\/skishop.no\/#website"},"datePublished":"2026-03-13T17:50:04+00:00","dateModified":"2026-03-13T17:53:43+00:00","description":"Trysil Skishop -","breadcrumb":{"@id":"https:\/\/skishop.no\/personvern\/messaging-terms-for-sms\/#breadcrumb"},"inLanguage":"zh-Hans","potentialAction":[{"@type":"ReadAction","target":["https:\/\/skishop.no\/personvern\/messaging-terms-for-sms\/"]}]},{"@type":"BreadcrumbList","@id":"https:\/\/skishop.no\/personvern\/messaging-terms-for-sms\/#breadcrumb","itemListElement":[{"@type":"ListItem","position":1,"name":"Hjem","item":"https:\/\/skishop.no\/"},{"@type":"ListItem","position":2,"name":"Personvern","item":"https:\/\/skishop.no\/da\/privatlivets-fred\/"},{"@type":"ListItem","position":3,"name":"Messaging Terms for SMS."}]},{"@type":"WebSite","@id":"https:\/\/skishop.no\/#website","url":"https:\/\/skishop.no\/","name":"Trysil Skishop","description":"\u7279\u91cc\u897f\u5c14\u6700\u4fbf\u5b9c\u7684\u6ed1\u96ea\u51fa\u79df","publisher":{"@id":"https:\/\/skishop.no\/#organization"},"alternateName":"Trysil ski leie","potentialAction":[{"@type":"SearchAction","target":{"@type":"EntryPoint","urlTemplate":"https:\/\/skishop.no\/?s={search_term_string}"},"query-input":{"@type":"PropertyValueSpecification","valueRequired":true,"valueName":"search_term_string"}}],"inLanguage":"zh-Hans"},{"@type":"Organization","@id":"https:\/\/skishop.no\/#organization","name":"Trysil Skishop","alternateName":"Trysil Skishop AS","url":"https:\/\/skishop.no\/","logo":{"@type":"ImageObject","inLanguage":"zh-Hans","@id":"https:\/\/skishop.no\/#\/schema\/logo\/image\/","url":"https:\/\/skishop.no\/wp-content\/uploads\/2025\/09\/Site-icon-1.webp","contentUrl":"https:\/\/skishop.no\/wp-content\/uploads\/2025\/09\/Site-icon-1.webp","width":468,"height":389,"caption":"Trysil Skishop"},"image":{"@id":"https:\/\/skishop.no\/#\/schema\/logo\/image\/"},"sameAs":["https:\/\/www.facebook.com\/TrysilSkishop\/","https:\/\/www.instagram.com\/skishop.no"],"description":"Trysil Skishop \u662f Trysilfjellet \u6700\u5b9e\u60e0\u7684\u6ed1\u96ea\u548c\u81ea\u884c\u8f66\u79df\u8d41\u516c\u53f8\uff0c\u4ee5\u4f4e\u5ec9\u7684\u4ef7\u683c\u63d0\u4f9b\u9ad8\u8d28\u91cf\u7684\u6ed1\u96ea\u548c\u81ea\u884c\u8f66\u8bbe\u5907\u79df\u8d41\u670d\u52a1\u3002\u516c\u53f8\u4f4d\u4e8e Trysil Shellsenter\uff0c\u8ddd Trysil Turistsenter \u5927\u7ea6 2 \u516c\u91cc\uff0c\u95e8\u5916\u505c\u8f66\u65b9\u4fbf\u3002Skishop \u8fd8\u63d0\u4f9b\u5168\u5e74\u7684\u6ed1\u96ea\u88c5\u5907\u670d\u52a1\uff0c\u4ed6\u4eec\u4f7f\u7528\u4e13\u4e1a\u7684\u6253\u78e8\u673a\u548c\u7ecf\u9a8c\u4e30\u5bcc\u7684\u6280\u672f\u4eba\u5458\u4e3a\u51ac\u5b63\u6ed1\u96ea\u505a\u597d\u51c6\u5907\u3002\u8be5\u670d\u52a1\u70b9\u63d0\u4f9b\u5feb\u901f\u9ad8\u6548\u7684\u670d\u52a1\uff0c\u8ba9\u987e\u5ba2\u53ef\u4ee5\u5feb\u901f\u4e0a\u5c71\u6ed1\u96ea\u6216\u65c5\u6e38\u3002\u5728\u590f\u5b63\uff0c\u60a8\u53ef\u4ee5\u79df\u7528\u9ad8\u54c1\u8d28\u7684\u81ea\u884c\u8f66\uff0c\u8fd9\u91cc\u8fd8\u6709\u4e00\u5bb6\u4f53\u80b2\u7528\u54c1\u5546\u5e97\uff0c\u4e3a\u6ed1\u96ea\u548c\u9a91\u81ea\u884c\u8f66\u65c5\u884c\u63d0\u4f9b\u5fc5\u8981\u7684\u88c5\u5907\u3002Trysil Skishop \u8fd8\u6709\u5408\u4f5c\u4f19\u4f34\u4e3a\u5ba2\u4eba\u63d0\u4f9b\u6298\u6263\u3002\u4ed6\u4eec\u4e0e\u8be5\u5730\u533a\u7684\u5176\u4ed6\u79df\u8d41\u4e2d\u5fc3\u4e00\u6837\uff0c\u4ee5\u4f4e\u5ec9\u7684\u4ef7\u683c\u548c\u9ad8\u6807\u51c6\u7684\u8bbe\u5907\u800c\u95fb\u540d\u3002.","email":"Info@skishop.no","telephone":"+4791929291","legalName":"Trysil Skishop AS","foundingDate":"1999-01-01","vatID":"981 443 489","numberOfEmployees":{"@type":"QuantitativeValue","minValue":"11","maxValue":"50"},"publishingPrinciples":"https:\/\/skishop.no\/ofte-stile-sporsmal\/"},{"@type":"Person","@id":"https:\/\/skishop.no\/#\/schema\/person\/e1116c92488e263d9a1324f1bd5d2dcb","name":"","sameAs":["https:\/\/skishop.no"],"url":"https:\/\/skishop.no\/zh\/author\/infoskishop-no\/"}]}},"_links":{"self":[{"href":"https:\/\/skishop.no\/zh\/wp-json\/wp\/v2\/pages\/4871","targetHints":{"allow":["GET"]}}],"collection":[{"href":"https:\/\/skishop.no\/zh\/wp-json\/wp\/v2\/pages"}],"about":[{"href":"https:\/\/skishop.no\/zh\/wp-json\/wp\/v2\/types\/page"}],"author":[{"embeddable":true,"href":"https:\/\/skishop.no\/zh\/wp-json\/wp\/v2\/users\/1"}],"replies":[{"embeddable":true,"href":"https:\/\/skishop.no\/zh\/wp-json\/wp\/v2\/comments?post=4871"}],"version-history":[{"count":5,"href":"https:\/\/skishop.no\/zh\/wp-json\/wp\/v2\/pages\/4871\/revisions"}],"predecessor-version":[{"id":4878,"href":"https:\/\/skishop.no\/zh\/wp-json\/wp\/v2\/pages\/4871\/revisions\/4878"}],"up":[{"embeddable":true,"href":"https:\/\/skishop.no\/zh\/wp-json\/wp\/v2\/pages\/1833"}],"wp:attachment":[{"href":"https:\/\/skishop.no\/zh\/wp-json\/wp\/v2\/media?parent=4871"}],"curies":[{"name":"wp","href":"https:\/\/api.w.org\/{rel}","templated":true}]}}