{"id":8099,"date":"2026-03-16T15:07:22","date_gmt":"2026-03-16T14:07:22","guid":{"rendered":"https:\/\/skishop.no\/?post_type=product&#038;p=8099"},"modified":"2026-05-06T17:54:01","modified_gmt":"2026-05-06T16:54:01","slug":"almeri-m-64385228019611","status":"publish","type":"product","link":"https:\/\/skishop.no\/zh\/product\/almeri-m-64385228019611\/","title":{"rendered":"\u963f\u5c14\u6885\u91cc-M"},"content":{"rendered":"","protected":false},"excerpt":{"rendered":"","protected":false},"featured_media":8812,"template":"","meta":{"site-sidebar-layout":"default","site-content-layout":"","ast-site-content-layout":"default","site-content-style":"default","site-sidebar-style":"default","ast-global-header-display":"","ast-banner-title-visibility":"","ast-main-header-display":"","ast-hfb-above-header-display":"","ast-hfb-below-header-display":"","ast-hfb-mobile-header-display":"","site-post-title":"","ast-breadcrumbs-content":"","ast-featured-img":"","footer-sml-layout":"","ast-disable-related-posts":"","theme-transparent-header-meta":"default","adv-header-id-meta":"","stick-header-meta":"","header-above-stick-meta":"","header-main-stick-meta":"","header-below-stick-meta":"","astra-migrate-meta-layouts":"set","ast-page-background-enabled":"default","ast-page-background-meta":{"desktop":{"background-color":"var(--ast-global-color-4)","background-image":"","background-repeat":"repeat","background-position":"center center","background-size":"auto","background-attachment":"scroll","background-type":"","background-media":"","overlay-type":"","overlay-color":"","overlay-opacity":"","overlay-gradient":""},"tablet":{"background-color":"","background-image":"","background-repeat":"repeat","background-position":"center center","background-size":"auto","background-attachment":"scroll","background-type":"","background-media":"","overlay-type":"","overlay-color":"","overlay-opacity":"","overlay-gradient":""},"mobile":{"background-color":"","background-image":"","background-repeat":"repeat","background-position":"center center","background-size":"auto","background-attachment":"scroll","background-type":"","background-media":"","overlay-type":"","overlay-color":"","overlay-opacity":"","overlay-gradient":""}},"ast-content-background-meta":{"desktop":{"background-color":"var(--ast-global-color-5)","background-image":"","background-repeat":"repeat","background-position":"center center","background-size":"auto","background-attachment":"scroll","background-type":"","background-media":"","overlay-type":"","overlay-color":"","overlay-opacity":"","overlay-gradient":""},"tablet":{"background-color":"var(--ast-global-color-5)","background-image":"","background-repeat":"repeat","background-position":"center center","background-size":"auto","background-attachment":"scroll","background-type":"","background-media":"","overlay-type":"","overlay-color":"","overlay-opacity":"","overlay-gradient":""},"mobile":{"background-color":"var(--ast-global-color-5)","background-image":"","background-repeat":"repeat","background-position":"center center","background-size":"auto","background-attachment":"scroll","background-type":"","background-media":"","overlay-type":"","overlay-color":"","overlay-opacity":"","overlay-gradient":""}}},"product_brand":[921],"product_cat":[211],"product_tag":[],"class_list":{"0":"post-8099","1":"product","2":"type-product","3":"status-publish","4":"has-post-thumbnail","6":"product_brand-kilpi","7":"product_cat-10050-fleece","8":"pa_8369-bla-l","9":"pa_8369-bla-m","10":"pa_8369-bla-s","11":"pa_8369-bla-xl","12":"pa_8369-bla-xxl","13":"pa_8369-blk-3xl","14":"pa_8369-blk-l","15":"pa_8369-blk-m","16":"pa_8369-blk-s","17":"pa_8369-blk-xl","18":"pa_8369-blk-xxl","19":"pa_8369-morkebla-l","20":"pa_8369-morkebla-m","21":"pa_8369-morkebla-s","22":"pa_8369-morkebla-xl","23":"pa_8369-morkebla-xxl","24":"pa_8369-red-l","25":"pa_8369-red-m","26":"pa_8369-red-s","27":"pa_8369-red-xl","28":"pa_variant-bla-l","29":"pa_variant-bla-m","30":"pa_variant-bla-s","31":"pa_variant-bla-xl","32":"pa_variant-bla-xxl","33":"pa_variant-blk-3xl","34":"pa_variant-blk-l","35":"pa_variant-blk-m","36":"pa_variant-blk-s","37":"pa_variant-blk-xl","38":"pa_variant-blk-xxl","39":"pa_variant-morkebla-l","40":"pa_variant-morkebla-m","41":"pa_variant-morkebla-s","42":"pa_variant-morkebla-xl","43":"pa_variant-morkebla-xxl","44":"pa_variant-red-l","45":"pa_variant-red-m","46":"pa_variant-red-s","47":"pa_variant-red-xl","48":"desktop-align-center","49":"tablet-align-left","50":"mobile-align-left","52":"first","53":"instock","54":"sale","55":"taxable","56":"shipping-taxable","57":"purchasable","58":"product-type-variable"},"yoast_head":"<!-- This site is optimized with the Yoast SEO Premium plugin v27.2 (Yoast SEO v27.5) - https:\/\/yoast.com\/product\/yoast-seo-premium-wordpress\/ -->\n<title>Almeri-M - Trysil Skishop<\/title>\n<meta name=\"description\" content=\"Almeri-M Trysil Skishop\" \/>\n<meta name=\"robots\" content=\"index, follow, max-snippet:-1, max-image-preview:large, max-video-preview:-1\" \/>\n<link rel=\"canonical\" href=\"https:\/\/skishop.no\/zh\/product\/almeri-m-64385228019611\/\" \/>\n<meta property=\"og:locale\" content=\"zh_CN\" \/>\n<meta property=\"og:type\" content=\"article\" \/>\n<meta property=\"og:title\" content=\"Almeri-M % - Trysil Skishop\" \/>\n<meta property=\"og:description\" content=\"-\" \/>\n<meta property=\"og:url\" content=\"https:\/\/skishop.no\/zh\/product\/almeri-m-64385228019611\/\" \/>\n<meta property=\"og:site_name\" content=\"Trysil Skishop\" \/>\n<meta property=\"article:publisher\" content=\"https:\/\/www.facebook.com\/TrysilSkishop\/\" \/>\n<meta property=\"article:modified_time\" content=\"2026-05-06T16:54:01+00:00\" \/>\n<meta property=\"og:image\" content=\"https:\/\/skishop.no\/wp-content\/uploads\/2025\/09\/Skishop-e1773158831889.jpg\" \/>\n\t<meta property=\"og:image:width\" content=\"964\" \/>\n\t<meta property=\"og:image:height\" content=\"643\" \/>\n\t<meta property=\"og:image:type\" content=\"image\/webp\" \/>\n<meta name=\"twitter:card\" content=\"summary_large_image\" \/>\n<script type=\"application\/ld+json\" class=\"yoast-schema-graph\">{\"@context\":\"https:\\\/\\\/schema.org\",\"@graph\":[{\"@type\":\"WebPage\",\"@id\":\"https:\\\/\\\/skishop.no\\\/produkt\\\/almeri-m-64385228019611\\\/\",\"url\":\"https:\\\/\\\/skishop.no\\\/produkt\\\/almeri-m-64385228019611\\\/\",\"name\":\"Almeri-M - Trysil Skishop\",\"isPartOf\":{\"@id\":\"https:\\\/\\\/skishop.no\\\/#website\"},\"primaryImageOfPage\":{\"@id\":\"https:\\\/\\\/skishop.no\\\/produkt\\\/almeri-m-64385228019611\\\/#primaryimage\"},\"image\":{\"@id\":\"https:\\\/\\\/skishop.no\\\/produkt\\\/almeri-m-64385228019611\\\/#primaryimage\"},\"thumbnailUrl\":\"https:\\\/\\\/skishop.no\\\/wp-content\\\/uploads\\\/2026\\\/03\\\/1_zdk3-m8.webp\",\"datePublished\":\"2026-03-16T14:07:22+00:00\",\"dateModified\":\"2026-05-06T16:54:01+00:00\",\"description\":\"Almeri-M Trysil Skishop\",\"breadcrumb\":{\"@id\":\"https:\\\/\\\/skishop.no\\\/produkt\\\/almeri-m-64385228019611\\\/#breadcrumb\"},\"inLanguage\":\"zh-Hans\",\"potentialAction\":[{\"@type\":\"ReadAction\",\"target\":[\"https:\\\/\\\/skishop.no\\\/produkt\\\/almeri-m-64385228019611\\\/\"]}]},{\"@type\":\"ImageObject\",\"inLanguage\":\"zh-Hans\",\"@id\":\"https:\\\/\\\/skishop.no\\\/produkt\\\/almeri-m-64385228019611\\\/#primaryimage\",\"url\":\"https:\\\/\\\/skishop.no\\\/wp-content\\\/uploads\\\/2026\\\/03\\\/1_zdk3-m8.webp\",\"contentUrl\":\"https:\\\/\\\/skishop.no\\\/wp-content\\\/uploads\\\/2026\\\/03\\\/1_zdk3-m8.webp\",\"width\":599,\"height\":788},{\"@type\":\"BreadcrumbList\",\"@id\":\"https:\\\/\\\/skishop.no\\\/produkt\\\/almeri-m-64385228019611\\\/#breadcrumb\",\"itemListElement\":[{\"@type\":\"ListItem\",\"position\":1,\"name\":\"Hjem\",\"item\":\"https:\\\/\\\/skishop.no\\\/\"},{\"@type\":\"ListItem\",\"position\":2,\"name\":\"Butikk\",\"item\":\"https:\\\/\\\/skishop.no\\\/butikk\\\/\"},{\"@type\":\"ListItem\",\"position\":3,\"name\":\"Almeri-M\"}]},{\"@type\":\"WebSite\",\"@id\":\"https:\\\/\\\/skishop.no\\\/#website\",\"url\":\"https:\\\/\\\/skishop.no\\\/\",\"name\":\"Trysil Skishop\",\"description\":\"Trysils billigste skiutleie\",\"publisher\":{\"@id\":\"https:\\\/\\\/skishop.no\\\/#organization\"},\"alternateName\":\"Trysil ski leie\",\"potentialAction\":[{\"@type\":\"SearchAction\",\"target\":{\"@type\":\"EntryPoint\",\"urlTemplate\":\"https:\\\/\\\/skishop.no\\\/?s={search_term_string}\"},\"query-input\":{\"@type\":\"PropertyValueSpecification\",\"valueRequired\":true,\"valueName\":\"search_term_string\"}}],\"inLanguage\":\"zh-Hans\"},{\"@type\":\"Organization\",\"@id\":\"https:\\\/\\\/skishop.no\\\/#organization\",\"name\":\"Trysil Skishop\",\"alternateName\":\"Trysil Skishop AS\",\"url\":\"https:\\\/\\\/skishop.no\\\/\",\"logo\":{\"@type\":\"ImageObject\",\"inLanguage\":\"zh-Hans\",\"@id\":\"https:\\\/\\\/skishop.no\\\/#\\\/schema\\\/logo\\\/image\\\/\",\"url\":\"https:\\\/\\\/skishop.no\\\/wp-content\\\/uploads\\\/2025\\\/09\\\/Site-icon-1.webp\",\"contentUrl\":\"https:\\\/\\\/skishop.no\\\/wp-content\\\/uploads\\\/2025\\\/09\\\/Site-icon-1.webp\",\"width\":468,\"height\":389,\"caption\":\"Trysil Skishop\"},\"image\":{\"@id\":\"https:\\\/\\\/skishop.no\\\/#\\\/schema\\\/logo\\\/image\\\/\"},\"sameAs\":[\"https:\\\/\\\/www.facebook.com\\\/TrysilSkishop\\\/\",\"https:\\\/\\\/www.instagram.com\\\/skishop.no\"],\"description\":\"Trysil Skishop er Trysilfjellets rimeligste ski- og sykkelutleie, som tilbyr utleie av ski- og sykkelutstyr av h\u00f8y kvalitet til lave priser. De holder til p\u00e5 Trysil Shellsenter, ca. 2 km f\u00f8r Trysil Turistsenter, med enkel parkering rett utenfor. Skishop tilbyr ogs\u00e5 skiutstyrservice \u00e5ret rundt, hvor de forbereder ski til vintersesongen med profesjonell slipemaskin og erfarne teknikere. Stedet gir rask og effektiv service slik at kunder raskt kan komme seg ut i bakken eller p\u00e5 tur. Om sommeren kan man leie sykler av h\u00f8y kvalitet hos dem, og de har ogs\u00e5 en sportsbutikk med n\u00f8dvendig utstyr for ski- og sykkelturer. Trysil Skishop har ogs\u00e5 samarbeidspartnere som gir rabatter til deres gjester. De er kjent for \u00e5 kombinere lave priser med like h\u00f8y standard p\u00e5 utstyret som andre utleiesteder i omr\u00e5det.\",\"email\":\"Info@skishop.no\",\"telephone\":\"+4791929291\",\"legalName\":\"Trysil Skishop AS\",\"foundingDate\":\"1999-01-01\",\"vatID\":\"981 443 489\",\"numberOfEmployees\":{\"@type\":\"QuantitativeValue\",\"minValue\":\"11\",\"maxValue\":\"50\"},\"publishingPrinciples\":\"https:\\\/\\\/skishop.no\\\/ofte-stile-sporsmal\\\/\"}]}<\/script>\n<!-- \/ Yoast SEO Premium plugin. -->","yoast_head_json":{"title":"Almeri-M - Trysil Skishop","description":"Almeri-M Trysil \u6ed1\u96ea\u5546\u5e97","robots":{"index":"index","follow":"follow","max-snippet":"max-snippet:-1","max-image-preview":"max-image-preview:large","max-video-preview":"max-video-preview:-1"},"canonical":"https:\/\/skishop.no\/zh\/product\/almeri-m-64385228019611\/","og_locale":"zh_CN","og_type":"article","og_title":"Almeri-M % - Trysil Skishop","og_description":"-","og_url":"https:\/\/skishop.no\/zh\/product\/almeri-m-64385228019611\/","og_site_name":"Trysil Skishop","article_publisher":"https:\/\/www.facebook.com\/TrysilSkishop\/","article_modified_time":"2026-05-06T16:54:01+00:00","og_image":[{"width":964,"height":643,"url":"https:\/\/skishop.no\/wp-content\/uploads\/2025\/09\/Skishop-e1773158831889.jpg","type":"image\/webp"}],"twitter_card":"summary_large_image","schema":{"@context":"https:\/\/schema.org","@graph":[{"@type":"WebPage","@id":"https:\/\/skishop.no\/produkt\/almeri-m-64385228019611\/","url":"https:\/\/skishop.no\/produkt\/almeri-m-64385228019611\/","name":"Almeri-M - Trysil Skishop","isPartOf":{"@id":"https:\/\/skishop.no\/#website"},"primaryImageOfPage":{"@id":"https:\/\/skishop.no\/produkt\/almeri-m-64385228019611\/#primaryimage"},"image":{"@id":"https:\/\/skishop.no\/produkt\/almeri-m-64385228019611\/#primaryimage"},"thumbnailUrl":"https:\/\/skishop.no\/wp-content\/uploads\/2026\/03\/1_zdk3-m8.webp","datePublished":"2026-03-16T14:07:22+00:00","dateModified":"2026-05-06T16:54:01+00:00","description":"Almeri-M Trysil \u6ed1\u96ea\u5546\u5e97","breadcrumb":{"@id":"https:\/\/skishop.no\/produkt\/almeri-m-64385228019611\/#breadcrumb"},"inLanguage":"zh-Hans","potentialAction":[{"@type":"ReadAction","target":["https:\/\/skishop.no\/produkt\/almeri-m-64385228019611\/"]}]},{"@type":"ImageObject","inLanguage":"zh-Hans","@id":"https:\/\/skishop.no\/produkt\/almeri-m-64385228019611\/#primaryimage","url":"https:\/\/skishop.no\/wp-content\/uploads\/2026\/03\/1_zdk3-m8.webp","contentUrl":"https:\/\/skishop.no\/wp-content\/uploads\/2026\/03\/1_zdk3-m8.webp","width":599,"height":788},{"@type":"BreadcrumbList","@id":"https:\/\/skishop.no\/produkt\/almeri-m-64385228019611\/#breadcrumb","itemListElement":[{"@type":"ListItem","position":1,"name":"Hjem","item":"https:\/\/skishop.no\/"},{"@type":"ListItem","position":2,"name":"Butikk","item":"https:\/\/skishop.no\/butikk\/"},{"@type":"ListItem","position":3,"name":"Almeri-M"}]},{"@type":"WebSite","@id":"https:\/\/skishop.no\/#website","url":"https:\/\/skishop.no\/","name":"Trysil Skishop","description":"\u7279\u91cc\u897f\u5c14\u6700\u4fbf\u5b9c\u7684\u6ed1\u96ea\u51fa\u79df","publisher":{"@id":"https:\/\/skishop.no\/#organization"},"alternateName":"Trysil ski leie","potentialAction":[{"@type":"SearchAction","target":{"@type":"EntryPoint","urlTemplate":"https:\/\/skishop.no\/?s={search_term_string}"},"query-input":{"@type":"PropertyValueSpecification","valueRequired":true,"valueName":"search_term_string"}}],"inLanguage":"zh-Hans"},{"@type":"Organization","@id":"https:\/\/skishop.no\/#organization","name":"Trysil Skishop","alternateName":"Trysil Skishop AS","url":"https:\/\/skishop.no\/","logo":{"@type":"ImageObject","inLanguage":"zh-Hans","@id":"https:\/\/skishop.no\/#\/schema\/logo\/image\/","url":"https:\/\/skishop.no\/wp-content\/uploads\/2025\/09\/Site-icon-1.webp","contentUrl":"https:\/\/skishop.no\/wp-content\/uploads\/2025\/09\/Site-icon-1.webp","width":468,"height":389,"caption":"Trysil Skishop"},"image":{"@id":"https:\/\/skishop.no\/#\/schema\/logo\/image\/"},"sameAs":["https:\/\/www.facebook.com\/TrysilSkishop\/","https:\/\/www.instagram.com\/skishop.no"],"description":"Trysil Skishop \u662f Trysilfjellet \u6700\u5b9e\u60e0\u7684\u6ed1\u96ea\u548c\u81ea\u884c\u8f66\u79df\u8d41\u516c\u53f8\uff0c\u4ee5\u4f4e\u5ec9\u7684\u4ef7\u683c\u63d0\u4f9b\u9ad8\u8d28\u91cf\u7684\u6ed1\u96ea\u548c\u81ea\u884c\u8f66\u8bbe\u5907\u79df\u8d41\u670d\u52a1\u3002\u516c\u53f8\u4f4d\u4e8e Trysil Shellsenter\uff0c\u8ddd Trysil Turistsenter \u5927\u7ea6 2 \u516c\u91cc\uff0c\u95e8\u5916\u505c\u8f66\u65b9\u4fbf\u3002Skishop \u8fd8\u63d0\u4f9b\u5168\u5e74\u7684\u6ed1\u96ea\u88c5\u5907\u670d\u52a1\uff0c\u4ed6\u4eec\u4f7f\u7528\u4e13\u4e1a\u7684\u6253\u78e8\u673a\u548c\u7ecf\u9a8c\u4e30\u5bcc\u7684\u6280\u672f\u4eba\u5458\u4e3a\u51ac\u5b63\u6ed1\u96ea\u505a\u597d\u51c6\u5907\u3002\u8be5\u670d\u52a1\u70b9\u63d0\u4f9b\u5feb\u901f\u9ad8\u6548\u7684\u670d\u52a1\uff0c\u8ba9\u987e\u5ba2\u53ef\u4ee5\u5feb\u901f\u4e0a\u5c71\u6ed1\u96ea\u6216\u65c5\u6e38\u3002\u5728\u590f\u5b63\uff0c\u60a8\u53ef\u4ee5\u79df\u7528\u9ad8\u54c1\u8d28\u7684\u81ea\u884c\u8f66\uff0c\u8fd9\u91cc\u8fd8\u6709\u4e00\u5bb6\u4f53\u80b2\u7528\u54c1\u5546\u5e97\uff0c\u4e3a\u6ed1\u96ea\u548c\u9a91\u81ea\u884c\u8f66\u65c5\u884c\u63d0\u4f9b\u5fc5\u8981\u7684\u88c5\u5907\u3002Trysil Skishop \u8fd8\u6709\u5408\u4f5c\u4f19\u4f34\u4e3a\u5ba2\u4eba\u63d0\u4f9b\u6298\u6263\u3002\u4ed6\u4eec\u4e0e\u8be5\u5730\u533a\u7684\u5176\u4ed6\u79df\u8d41\u4e2d\u5fc3\u4e00\u6837\uff0c\u4ee5\u4f4e\u5ec9\u7684\u4ef7\u683c\u548c\u9ad8\u6807\u51c6\u7684\u8bbe\u5907\u800c\u95fb\u540d\u3002.","email":"Info@skishop.no","telephone":"+4791929291","legalName":"Trysil Skishop AS","foundingDate":"1999-01-01","vatID":"981 443 489","numberOfEmployees":{"@type":"QuantitativeValue","minValue":"11","maxValue":"50"},"publishingPrinciples":"https:\/\/skishop.no\/ofte-stile-sporsmal\/"}]}},"_links":{"self":[{"href":"https:\/\/skishop.no\/zh\/wp-json\/wp\/v2\/product\/8099","targetHints":{"allow":["GET"]}}],"collection":[{"href":"https:\/\/skishop.no\/zh\/wp-json\/wp\/v2\/product"}],"about":[{"href":"https:\/\/skishop.no\/zh\/wp-json\/wp\/v2\/types\/product"}],"version-history":[{"count":1,"href":"https:\/\/skishop.no\/zh\/wp-json\/wp\/v2\/product\/8099\/revisions"}],"predecessor-version":[{"id":8726,"href":"https:\/\/skishop.no\/zh\/wp-json\/wp\/v2\/product\/8099\/revisions\/8726"}],"wp:featuredmedia":[{"embeddable":true,"href":"https:\/\/skishop.no\/zh\/wp-json\/wp\/v2\/media\/8812"}],"wp:attachment":[{"href":"https:\/\/skishop.no\/zh\/wp-json\/wp\/v2\/media?parent=8099"}],"wp:term":[{"taxonomy":"product_brand","embeddable":true,"href":"https:\/\/skishop.no\/zh\/wp-json\/wp\/v2\/product_brand?post=8099"},{"taxonomy":"product_cat","embeddable":true,"href":"https:\/\/skishop.no\/zh\/wp-json\/wp\/v2\/product_cat?post=8099"},{"taxonomy":"product_tag","embeddable":true,"href":"https:\/\/skishop.no\/zh\/wp-json\/wp\/v2\/product_tag?post=8099"}],"curies":[{"name":"wp","href":"https:\/\/api.w.org\/{rel}","templated":true}]}}