{"id":8560,"date":"2026-03-18T13:46:40","date_gmt":"2026-03-18T12:46:40","guid":{"rendered":"https:\/\/skishop.no\/?post_type=product&#038;p=8560"},"modified":"2026-05-06T17:32:12","modified_gmt":"2026-05-06T16:32:12","slug":"pyramiden-m-m-rkebla-9917660835187879","status":"publish","type":"product","link":"https:\/\/skishop.no\/zh\/product\/pyramiden-m-m-rkebla-9917660835187879\/","title":{"rendered":"\u6df1\u84dd\u8272"},"content":{"rendered":"<p>KILPI PYRAMIDEN-M \u7537\u58eb\u7fbd\u7ed2\u670d\u662f\u6240\u6709\u6237\u5916\u548c\u51ac\u5b63\u6d3b\u52a8\u7684\u7edd\u4f73\u4fdd\u6696\u548c\u8212\u9002\u4e4b\u9009\u3002\u9e45\u7ed2\u548c SIBERIUM DWR WB \u6750\u6599\u5177\u6709\u9632\u98ce\u3001\u9632\u6c34\u548c\u9ad8\u5ea6\u900f\u6c14\u7684\u529f\u80fd\uff0c\u53ef\u62b5\u5fa1\u5bd2\u51b7\u548c\u971c\u51bb\u3002\u7531\u4e8e\u91cd\u91cf\u8f7b\uff0c\u60a8\u51e0\u4e4e\u4e0d\u4f1a\u6ce8\u610f\u5230\u81ea\u5df1\u7a7f\u7740\u8fd9\u4ef6\u5939\u514b\u3002\u5728\u65c5\u884c\u548c\u4f53\u80b2\u6d3b\u52a8\u4e2d\uff0c\u5b83\u80fd\u5f88\u597d\u5730\u4fdd\u6301\u70ed\u91cf\uff0c\u800c\u4e14\u5f88\u5bb9\u6613\u88c5\u8fdb\u5c0f\u5305\u91cc\u3002\u5939\u514b\u7684\u62c9\u94fe\u4e00\u76f4\u62c9\u5230\u9888\u90e8\uff0c\u6709\u53ef\u8c03\u8282\u7684\u515c\u5e3d\u3001\u4e24\u4e2a\u62c9\u94fe\u53e3\u888b\u3001\u677e\u7d27\u8896\u53e3\u548c\u53ef\u8c03\u8282\u4e0b\u6446\u3002\u5939\u514b\u91cd\u91cf\u8f7b\uff0c\u6613\u4e8e\u5b58\u653e\uff0c\u7279\u522b\u9002\u5408\u65c5\u884c\u548c\u957f\u9014\u65c5\u884c\u3002\u9644\u5e26\u6536\u7eb3\u888b\u3002.<\/p>","protected":false},"excerpt":{"rendered":"<p>\u8fd9\u662f\u4e00\u6b3e\u8f7b\u4fbf\u4fdd\u6696\u7684\u7537\u58eb\u7fbd\u7ed2\u670d\uff0c\u65e2\u9002\u5408\u5f92\u6b65\u65c5\u884c\uff0c\u4e5f\u9002\u5408\u51ac\u5b63\u6d3b\u52a8\uff0c\u5177\u6709\u826f\u597d\u7684\u9694\u70ed\u6027\u80fd\uff0c\u7a7f\u7740\u8212\u9002\uff0c\u4fbf\u4e8e\u65c5\u884c\u6253\u5305\u3002.<\/p>","protected":false},"featured_media":8821,"template":"","meta":{"site-sidebar-layout":"default","site-content-layout":"","ast-site-content-layout":"default","site-content-style":"default","site-sidebar-style":"default","ast-global-header-display":"","ast-banner-title-visibility":"","ast-main-header-display":"","ast-hfb-above-header-display":"","ast-hfb-below-header-display":"","ast-hfb-mobile-header-display":"","site-post-title":"","ast-breadcrumbs-content":"","ast-featured-img":"","footer-sml-layout":"","ast-disable-related-posts":"","theme-transparent-header-meta":"default","adv-header-id-meta":"","stick-header-meta":"","header-above-stick-meta":"","header-main-stick-meta":"","header-below-stick-meta":"","astra-migrate-meta-layouts":"set","ast-page-background-enabled":"default","ast-page-background-meta":{"desktop":{"background-color":"var(--ast-global-color-4)","background-image":"","background-repeat":"repeat","background-position":"center center","background-size":"auto","background-attachment":"scroll","background-type":"","background-media":"","overlay-type":"","overlay-color":"","overlay-opacity":"","overlay-gradient":""},"tablet":{"background-color":"","background-image":"","background-repeat":"repeat","background-position":"center center","background-size":"auto","background-attachment":"scroll","background-type":"","background-media":"","overlay-type":"","overlay-color":"","overlay-opacity":"","overlay-gradient":""},"mobile":{"background-color":"","background-image":"","background-repeat":"repeat","background-position":"center center","background-size":"auto","background-attachment":"scroll","background-type":"","background-media":"","overlay-type":"","overlay-color":"","overlay-opacity":"","overlay-gradient":""}},"ast-content-background-meta":{"desktop":{"background-color":"var(--ast-global-color-5)","background-image":"","background-repeat":"repeat","background-position":"center center","background-size":"auto","background-attachment":"scroll","background-type":"","background-media":"","overlay-type":"","overlay-color":"","overlay-opacity":"","overlay-gradient":""},"tablet":{"background-color":"var(--ast-global-color-5)","background-image":"","background-repeat":"repeat","background-position":"center center","background-size":"auto","background-attachment":"scroll","background-type":"","background-media":"","overlay-type":"","overlay-color":"","overlay-opacity":"","overlay-gradient":""},"mobile":{"background-color":"var(--ast-global-color-5)","background-image":"","background-repeat":"repeat","background-position":"center center","background-size":"auto","background-attachment":"scroll","background-type":"","background-media":"","overlay-type":"","overlay-color":"","overlay-opacity":"","overlay-gradient":""}}},"product_brand":[921],"product_cat":[85,86],"product_tag":[],"class_list":{"0":"post-8560","1":"product","2":"type-product","3":"status-publish","4":"has-post-thumbnail","6":"product_brand-kilpi","7":"product_cat-10001-jakker","8":"product_cat-herre","9":"pa_8369-l","10":"pa_8369-m","11":"pa_8369-s","12":"pa_8369-xl","13":"pa_variant-l","14":"pa_variant-m","15":"pa_variant-s","16":"pa_variant-xl","17":"desktop-align-center","18":"tablet-align-left","19":"mobile-align-left","21":"first","22":"instock","23":"sale","24":"taxable","25":"shipping-taxable","26":"purchasable","27":"product-type-variable"},"yoast_head":"<!-- This site is optimized with the Yoast SEO Premium plugin v27.2 (Yoast SEO v27.6) - https:\/\/yoast.com\/product\/yoast-seo-premium-wordpress\/ -->\n<title>Pyramiden M M\u00f8rkebl\u00e5 - Trysil Skishop<\/title>\n<meta name=\"description\" content=\"Pyramiden M M\u00f8rkebl\u00e5 Trysil Skishop\" \/>\n<meta name=\"robots\" content=\"index, follow, max-snippet:-1, max-image-preview:large, max-video-preview:-1\" \/>\n<link rel=\"canonical\" href=\"https:\/\/skishop.no\/zh\/product\/pyramiden-m-m-rkebla-9917660835187879\/\" \/>\n<meta property=\"og:locale\" content=\"zh_CN\" \/>\n<meta property=\"og:type\" content=\"article\" \/>\n<meta property=\"og:title\" content=\"Pyramiden M M\u00f8rkebl\u00e5 % - Trysil Skishop\" \/>\n<meta property=\"og:description\" content=\"-\" \/>\n<meta property=\"og:url\" content=\"https:\/\/skishop.no\/zh\/product\/pyramiden-m-m-rkebla-9917660835187879\/\" \/>\n<meta property=\"og:site_name\" content=\"Trysil Skishop\" \/>\n<meta property=\"article:publisher\" content=\"https:\/\/www.facebook.com\/TrysilSkishop\/\" \/>\n<meta property=\"article:modified_time\" content=\"2026-05-06T16:32:12+00:00\" \/>\n<meta property=\"og:image\" content=\"https:\/\/skishop.no\/wp-content\/uploads\/2026\/03\/ZM0116KIDBL_PYRAMIDEN-M_01.webp\" \/>\n\t<meta property=\"og:image:width\" content=\"640\" \/>\n\t<meta property=\"og:image:height\" content=\"800\" \/>\n\t<meta property=\"og:image:type\" content=\"image\/webp\" \/>\n<meta name=\"twitter:card\" content=\"summary_large_image\" \/>\n<meta name=\"twitter:label1\" content=\"\u9884\u8ba1\u9605\u8bfb\u65f6\u95f4\" \/>\n\t<meta name=\"twitter:data1\" content=\"1 \u5206\" \/>\n<script type=\"application\/ld+json\" class=\"yoast-schema-graph\">{\"@context\":\"https:\\\/\\\/schema.org\",\"@graph\":[{\"@type\":\"WebPage\",\"@id\":\"https:\\\/\\\/skishop.no\\\/produkt\\\/pyramiden-m-m-rkebla-9917660835187879\\\/\",\"url\":\"https:\\\/\\\/skishop.no\\\/produkt\\\/pyramiden-m-m-rkebla-9917660835187879\\\/\",\"name\":\"Pyramiden M M\u00f8rkebl\u00e5 - Trysil Skishop\",\"isPartOf\":{\"@id\":\"https:\\\/\\\/skishop.no\\\/#website\"},\"primaryImageOfPage\":{\"@id\":\"https:\\\/\\\/skishop.no\\\/produkt\\\/pyramiden-m-m-rkebla-9917660835187879\\\/#primaryimage\"},\"image\":{\"@id\":\"https:\\\/\\\/skishop.no\\\/produkt\\\/pyramiden-m-m-rkebla-9917660835187879\\\/#primaryimage\"},\"thumbnailUrl\":\"https:\\\/\\\/skishop.no\\\/wp-content\\\/uploads\\\/2026\\\/03\\\/ZM0116KIDBL_PYRAMIDEN-M_01-2-scaled.webp\",\"datePublished\":\"2026-03-18T12:46:40+00:00\",\"dateModified\":\"2026-05-06T16:32:12+00:00\",\"description\":\"Pyramiden M M\u00f8rkebl\u00e5 Trysil Skishop\",\"breadcrumb\":{\"@id\":\"https:\\\/\\\/skishop.no\\\/produkt\\\/pyramiden-m-m-rkebla-9917660835187879\\\/#breadcrumb\"},\"inLanguage\":\"zh-Hans\",\"potentialAction\":[{\"@type\":\"ReadAction\",\"target\":[\"https:\\\/\\\/skishop.no\\\/produkt\\\/pyramiden-m-m-rkebla-9917660835187879\\\/\"]}]},{\"@type\":\"ImageObject\",\"inLanguage\":\"zh-Hans\",\"@id\":\"https:\\\/\\\/skishop.no\\\/produkt\\\/pyramiden-m-m-rkebla-9917660835187879\\\/#primaryimage\",\"url\":\"https:\\\/\\\/skishop.no\\\/wp-content\\\/uploads\\\/2026\\\/03\\\/ZM0116KIDBL_PYRAMIDEN-M_01-2-scaled.webp\",\"contentUrl\":\"https:\\\/\\\/skishop.no\\\/wp-content\\\/uploads\\\/2026\\\/03\\\/ZM0116KIDBL_PYRAMIDEN-M_01-2-scaled.webp\",\"width\":1536,\"height\":1920},{\"@type\":\"BreadcrumbList\",\"@id\":\"https:\\\/\\\/skishop.no\\\/produkt\\\/pyramiden-m-m-rkebla-9917660835187879\\\/#breadcrumb\",\"itemListElement\":[{\"@type\":\"ListItem\",\"position\":1,\"name\":\"Hjem\",\"item\":\"https:\\\/\\\/skishop.no\\\/\"},{\"@type\":\"ListItem\",\"position\":2,\"name\":\"Butikk\",\"item\":\"https:\\\/\\\/skishop.no\\\/butikk\\\/\"},{\"@type\":\"ListItem\",\"position\":3,\"name\":\"Pyramiden M M\u00f8rkebl\u00e5\"}]},{\"@type\":\"WebSite\",\"@id\":\"https:\\\/\\\/skishop.no\\\/#website\",\"url\":\"https:\\\/\\\/skishop.no\\\/\",\"name\":\"Trysil Skishop\",\"description\":\"Trysils billigste skiutleie\",\"publisher\":{\"@id\":\"https:\\\/\\\/skishop.no\\\/#organization\"},\"alternateName\":\"Trysil ski leie\",\"potentialAction\":[{\"@type\":\"SearchAction\",\"target\":{\"@type\":\"EntryPoint\",\"urlTemplate\":\"https:\\\/\\\/skishop.no\\\/?s={search_term_string}\"},\"query-input\":{\"@type\":\"PropertyValueSpecification\",\"valueRequired\":true,\"valueName\":\"search_term_string\"}}],\"inLanguage\":\"zh-Hans\"},{\"@type\":\"Organization\",\"@id\":\"https:\\\/\\\/skishop.no\\\/#organization\",\"name\":\"Trysil Skishop\",\"alternateName\":\"Trysil Skishop AS\",\"url\":\"https:\\\/\\\/skishop.no\\\/\",\"logo\":{\"@type\":\"ImageObject\",\"inLanguage\":\"zh-Hans\",\"@id\":\"https:\\\/\\\/skishop.no\\\/#\\\/schema\\\/logo\\\/image\\\/\",\"url\":\"https:\\\/\\\/skishop.no\\\/wp-content\\\/uploads\\\/2025\\\/09\\\/Site-icon-1.webp\",\"contentUrl\":\"https:\\\/\\\/skishop.no\\\/wp-content\\\/uploads\\\/2025\\\/09\\\/Site-icon-1.webp\",\"width\":468,\"height\":389,\"caption\":\"Trysil Skishop\"},\"image\":{\"@id\":\"https:\\\/\\\/skishop.no\\\/#\\\/schema\\\/logo\\\/image\\\/\"},\"sameAs\":[\"https:\\\/\\\/www.facebook.com\\\/TrysilSkishop\\\/\",\"https:\\\/\\\/www.instagram.com\\\/skishop.no\"],\"description\":\"Trysil Skishop er Trysilfjellets rimeligste ski- og sykkelutleie, som tilbyr utleie av ski- og sykkelutstyr av h\u00f8y kvalitet til lave priser. De holder til p\u00e5 Trysil Shellsenter, ca. 2 km f\u00f8r Trysil Turistsenter, med enkel parkering rett utenfor. Skishop tilbyr ogs\u00e5 skiutstyrservice \u00e5ret rundt, hvor de forbereder ski til vintersesongen med profesjonell slipemaskin og erfarne teknikere. Stedet gir rask og effektiv service slik at kunder raskt kan komme seg ut i bakken eller p\u00e5 tur. Om sommeren kan man leie sykler av h\u00f8y kvalitet hos dem, og de har ogs\u00e5 en sportsbutikk med n\u00f8dvendig utstyr for ski- og sykkelturer. Trysil Skishop har ogs\u00e5 samarbeidspartnere som gir rabatter til deres gjester. De er kjent for \u00e5 kombinere lave priser med like h\u00f8y standard p\u00e5 utstyret som andre utleiesteder i omr\u00e5det.\",\"email\":\"Info@skishop.no\",\"telephone\":\"+4791929291\",\"legalName\":\"Trysil Skishop AS\",\"foundingDate\":\"1999-01-01\",\"vatID\":\"981 443 489\",\"numberOfEmployees\":{\"@type\":\"QuantitativeValue\",\"minValue\":\"11\",\"maxValue\":\"50\"},\"publishingPrinciples\":\"https:\\\/\\\/skishop.no\\\/ofte-stile-sporsmal\\\/\"}]}<\/script>\n<!-- \/ Yoast SEO Premium plugin. -->","yoast_head_json":{"title":"\u6df1\u84dd\u8272 Pyramiden M - Trysil Skishop","description":"\u76ae\u62c9\u7c73\u767b M \u6df1\u84dd\u8272 Trysil Skishop","robots":{"index":"index","follow":"follow","max-snippet":"max-snippet:-1","max-image-preview":"max-image-preview:large","max-video-preview":"max-video-preview:-1"},"canonical":"https:\/\/skishop.no\/zh\/product\/pyramiden-m-m-rkebla-9917660835187879\/","og_locale":"zh_CN","og_type":"article","og_title":"Pyramiden M M\u00f8rkebl\u00e5 % - Trysil Skishop","og_description":"-","og_url":"https:\/\/skishop.no\/zh\/product\/pyramiden-m-m-rkebla-9917660835187879\/","og_site_name":"Trysil Skishop","article_publisher":"https:\/\/www.facebook.com\/TrysilSkishop\/","article_modified_time":"2026-05-06T16:32:12+00:00","og_image":[{"width":640,"height":800,"url":"https:\/\/skishop.no\/wp-content\/uploads\/2026\/03\/ZM0116KIDBL_PYRAMIDEN-M_01.webp","type":"image\/webp"}],"twitter_card":"summary_large_image","twitter_misc":{"\u9884\u8ba1\u9605\u8bfb\u65f6\u95f4":"1 \u5206"},"schema":{"@context":"https:\/\/schema.org","@graph":[{"@type":"WebPage","@id":"https:\/\/skishop.no\/produkt\/pyramiden-m-m-rkebla-9917660835187879\/","url":"https:\/\/skishop.no\/produkt\/pyramiden-m-m-rkebla-9917660835187879\/","name":"\u6df1\u84dd\u8272 Pyramiden M - Trysil Skishop","isPartOf":{"@id":"https:\/\/skishop.no\/#website"},"primaryImageOfPage":{"@id":"https:\/\/skishop.no\/produkt\/pyramiden-m-m-rkebla-9917660835187879\/#primaryimage"},"image":{"@id":"https:\/\/skishop.no\/produkt\/pyramiden-m-m-rkebla-9917660835187879\/#primaryimage"},"thumbnailUrl":"https:\/\/skishop.no\/wp-content\/uploads\/2026\/03\/ZM0116KIDBL_PYRAMIDEN-M_01-2-scaled.webp","datePublished":"2026-03-18T12:46:40+00:00","dateModified":"2026-05-06T16:32:12+00:00","description":"\u76ae\u62c9\u7c73\u767b M \u6df1\u84dd\u8272 Trysil Skishop","breadcrumb":{"@id":"https:\/\/skishop.no\/produkt\/pyramiden-m-m-rkebla-9917660835187879\/#breadcrumb"},"inLanguage":"zh-Hans","potentialAction":[{"@type":"ReadAction","target":["https:\/\/skishop.no\/produkt\/pyramiden-m-m-rkebla-9917660835187879\/"]}]},{"@type":"ImageObject","inLanguage":"zh-Hans","@id":"https:\/\/skishop.no\/produkt\/pyramiden-m-m-rkebla-9917660835187879\/#primaryimage","url":"https:\/\/skishop.no\/wp-content\/uploads\/2026\/03\/ZM0116KIDBL_PYRAMIDEN-M_01-2-scaled.webp","contentUrl":"https:\/\/skishop.no\/wp-content\/uploads\/2026\/03\/ZM0116KIDBL_PYRAMIDEN-M_01-2-scaled.webp","width":1536,"height":1920},{"@type":"BreadcrumbList","@id":"https:\/\/skishop.no\/produkt\/pyramiden-m-m-rkebla-9917660835187879\/#breadcrumb","itemListElement":[{"@type":"ListItem","position":1,"name":"Hjem","item":"https:\/\/skishop.no\/"},{"@type":"ListItem","position":2,"name":"Butikk","item":"https:\/\/skishop.no\/butikk\/"},{"@type":"ListItem","position":3,"name":"Pyramiden M M\u00f8rkebl\u00e5"}]},{"@type":"WebSite","@id":"https:\/\/skishop.no\/#website","url":"https:\/\/skishop.no\/","name":"Trysil Skishop","description":"\u7279\u91cc\u897f\u5c14\u6700\u4fbf\u5b9c\u7684\u6ed1\u96ea\u51fa\u79df","publisher":{"@id":"https:\/\/skishop.no\/#organization"},"alternateName":"Trysil ski leie","potentialAction":[{"@type":"SearchAction","target":{"@type":"EntryPoint","urlTemplate":"https:\/\/skishop.no\/?s={search_term_string}"},"query-input":{"@type":"PropertyValueSpecification","valueRequired":true,"valueName":"search_term_string"}}],"inLanguage":"zh-Hans"},{"@type":"Organization","@id":"https:\/\/skishop.no\/#organization","name":"Trysil Skishop","alternateName":"Trysil Skishop AS","url":"https:\/\/skishop.no\/","logo":{"@type":"ImageObject","inLanguage":"zh-Hans","@id":"https:\/\/skishop.no\/#\/schema\/logo\/image\/","url":"https:\/\/skishop.no\/wp-content\/uploads\/2025\/09\/Site-icon-1.webp","contentUrl":"https:\/\/skishop.no\/wp-content\/uploads\/2025\/09\/Site-icon-1.webp","width":468,"height":389,"caption":"Trysil Skishop"},"image":{"@id":"https:\/\/skishop.no\/#\/schema\/logo\/image\/"},"sameAs":["https:\/\/www.facebook.com\/TrysilSkishop\/","https:\/\/www.instagram.com\/skishop.no"],"description":"Trysil Skishop \u662f Trysilfjellet \u6700\u5b9e\u60e0\u7684\u6ed1\u96ea\u548c\u81ea\u884c\u8f66\u79df\u8d41\u516c\u53f8\uff0c\u4ee5\u4f4e\u5ec9\u7684\u4ef7\u683c\u63d0\u4f9b\u9ad8\u8d28\u91cf\u7684\u6ed1\u96ea\u548c\u81ea\u884c\u8f66\u8bbe\u5907\u79df\u8d41\u670d\u52a1\u3002\u516c\u53f8\u4f4d\u4e8e Trysil Shellsenter\uff0c\u8ddd Trysil Turistsenter \u5927\u7ea6 2 \u516c\u91cc\uff0c\u95e8\u5916\u505c\u8f66\u65b9\u4fbf\u3002Skishop \u8fd8\u63d0\u4f9b\u5168\u5e74\u7684\u6ed1\u96ea\u88c5\u5907\u670d\u52a1\uff0c\u4ed6\u4eec\u4f7f\u7528\u4e13\u4e1a\u7684\u6253\u78e8\u673a\u548c\u7ecf\u9a8c\u4e30\u5bcc\u7684\u6280\u672f\u4eba\u5458\u4e3a\u51ac\u5b63\u6ed1\u96ea\u505a\u597d\u51c6\u5907\u3002\u8be5\u670d\u52a1\u70b9\u63d0\u4f9b\u5feb\u901f\u9ad8\u6548\u7684\u670d\u52a1\uff0c\u8ba9\u987e\u5ba2\u53ef\u4ee5\u5feb\u901f\u4e0a\u5c71\u6ed1\u96ea\u6216\u65c5\u6e38\u3002\u5728\u590f\u5b63\uff0c\u60a8\u53ef\u4ee5\u79df\u7528\u9ad8\u54c1\u8d28\u7684\u81ea\u884c\u8f66\uff0c\u8fd9\u91cc\u8fd8\u6709\u4e00\u5bb6\u4f53\u80b2\u7528\u54c1\u5546\u5e97\uff0c\u4e3a\u6ed1\u96ea\u548c\u9a91\u81ea\u884c\u8f66\u65c5\u884c\u63d0\u4f9b\u5fc5\u8981\u7684\u88c5\u5907\u3002Trysil Skishop \u8fd8\u6709\u5408\u4f5c\u4f19\u4f34\u4e3a\u5ba2\u4eba\u63d0\u4f9b\u6298\u6263\u3002\u4ed6\u4eec\u4e0e\u8be5\u5730\u533a\u7684\u5176\u4ed6\u79df\u8d41\u4e2d\u5fc3\u4e00\u6837\uff0c\u4ee5\u4f4e\u5ec9\u7684\u4ef7\u683c\u548c\u9ad8\u6807\u51c6\u7684\u8bbe\u5907\u800c\u95fb\u540d\u3002.","email":"Info@skishop.no","telephone":"+4791929291","legalName":"Trysil Skishop AS","foundingDate":"1999-01-01","vatID":"981 443 489","numberOfEmployees":{"@type":"QuantitativeValue","minValue":"11","maxValue":"50"},"publishingPrinciples":"https:\/\/skishop.no\/ofte-stile-sporsmal\/"}]}},"_links":{"self":[{"href":"https:\/\/skishop.no\/zh\/wp-json\/wp\/v2\/product\/8560","targetHints":{"allow":["GET"]}}],"collection":[{"href":"https:\/\/skishop.no\/zh\/wp-json\/wp\/v2\/product"}],"about":[{"href":"https:\/\/skishop.no\/zh\/wp-json\/wp\/v2\/types\/product"}],"version-history":[{"count":2,"href":"https:\/\/skishop.no\/zh\/wp-json\/wp\/v2\/product\/8560\/revisions"}],"predecessor-version":[{"id":8570,"href":"https:\/\/skishop.no\/zh\/wp-json\/wp\/v2\/product\/8560\/revisions\/8570"}],"wp:featuredmedia":[{"embeddable":true,"href":"https:\/\/skishop.no\/zh\/wp-json\/wp\/v2\/media\/8821"}],"wp:attachment":[{"href":"https:\/\/skishop.no\/zh\/wp-json\/wp\/v2\/media?parent=8560"}],"wp:term":[{"taxonomy":"product_brand","embeddable":true,"href":"https:\/\/skishop.no\/zh\/wp-json\/wp\/v2\/product_brand?post=8560"},{"taxonomy":"product_cat","embeddable":true,"href":"https:\/\/skishop.no\/zh\/wp-json\/wp\/v2\/product_cat?post=8560"},{"taxonomy":"product_tag","embeddable":true,"href":"https:\/\/skishop.no\/zh\/wp-json\/wp\/v2\/product_tag?post=8560"}],"curies":[{"name":"wp","href":"https:\/\/api.w.org\/{rel}","templated":true}]}}