{"id":8619,"date":"2026-03-18T15:32:52","date_gmt":"2026-03-18T14:32:52","guid":{"rendered":"https:\/\/skishop.no\/?post_type=product&#038;p=8619"},"modified":"2026-05-06T17:37:17","modified_gmt":"2026-05-06T16:37:17","slug":"ravia-w-m-rkebla-9917660835187903","status":"publish","type":"product","link":"https:\/\/skishop.no\/zh\/product\/ravia-w-m-rkebla-9917660835187903\/","title":{"rendered":"\u6df1\u84dd\u8272"},"content":{"rendered":"<p data-start=\"29\" data-end=\"226\">Kilpi RAVIA-W \u8f6f\u58f3\u5973\u5f0f\u5939\u514b\u91c7\u7528\u7ecf\u4e45\u8010\u7528\u7684 SIBERIUM 10000 SRC SS \u8f6f\u58f3\u6750\u6599\u5236\u6210\uff0c\u5185\u91cc\u4e3a\u4fdd\u6696\u7f8a\u6bdb\u886c\u91cc\uff0c\u8584\u819c\u53ef\u6709\u6548\u62b5\u5fa1\u98ce\u5bd2\u3002.<\/p>\n<p data-start=\"228\" data-end=\"400\">\u8fd9\u6b3e\u5939\u514b\u7279\u522b\u9002\u5408\u6625\u79cb\u5b63\u6563\u6b65\u3001\u4f11\u95f2\u8fdc\u8db3\u6216\u57ce\u5e02\u65e5\u5e38\u4f7f\u7528\u3002\u53ef\u62c6\u5378\u7684\u9ad8\u9886\u515c\u5e3d\u53ef\u4ee5\u7528\u7ef3\u7d22\u548c\u5c3c\u9f99\u642d\u6263\u8c03\u8282\u3002.<\/p>\n<p data-start=\"402\" data-end=\"556\">\u5939\u514b\u6709\u4e24\u4e2a\u62c9\u94fe\u53e3\u888b\u3002\u8896\u5b50\u7684\u5bbd\u5ea6\u53ef\u4ee5\u7528\u5c3c\u9f99\u642d\u6263\u8c03\u8282\uff0c\u4e0b\u6446\u6709\u62bd\u7ef3\u56fa\u5b9a\u3002Kilpi RAVIA-W \u6709\u591a\u79cd\u989c\u8272\u53ef\u4f9b\u9009\u62e9\u3002.<\/p>\n<p data-start=\"558\" data-end=\"651\">\u56fe\u7247\u4e2d\u7684\u6a21\u7279\uff1a36 \u7801\uff0c\u8eab\u9ad8 177 \u5398\u7c73\uff0c\u80f8\u56f4 91 \u5398\u7c73\uff0c\u8170\u56f4 66 \u5398\u7c73\uff0c\u81c0\u56f4 96 \u5398\u7c73\u3002.<\/p>","protected":false},"excerpt":{"rendered":"<p>\u8fd9\u662f\u4e00\u6b3e\u591a\u529f\u80fd\u8010\u7528\u8f6f\u58f3\u5973\u5f0f\u5939\u514b\uff0c\u5185\u6709\u4fdd\u6696\u7f8a\u6bdb\uff0c\u5177\u6709\u826f\u597d\u7684\u9632\u98ce\u548c\u964d\u6e29\u6027\u80fd\uff0c\u975e\u5e38\u9002\u5408\u8fdc\u8db3\u548c\u65e5\u5e38\u4f7f\u7528\u3002.<\/p>","protected":false},"featured_media":8807,"template":"","meta":{"site-sidebar-layout":"default","site-content-layout":"","ast-site-content-layout":"default","site-content-style":"default","site-sidebar-style":"default","ast-global-header-display":"","ast-banner-title-visibility":"","ast-main-header-display":"","ast-hfb-above-header-display":"","ast-hfb-below-header-display":"","ast-hfb-mobile-header-display":"","site-post-title":"","ast-breadcrumbs-content":"","ast-featured-img":"","footer-sml-layout":"","ast-disable-related-posts":"","theme-transparent-header-meta":"default","adv-header-id-meta":"","stick-header-meta":"","header-above-stick-meta":"","header-main-stick-meta":"","header-below-stick-meta":"","astra-migrate-meta-layouts":"set","ast-page-background-enabled":"default","ast-page-background-meta":{"desktop":{"background-color":"var(--ast-global-color-4)","background-image":"","background-repeat":"repeat","background-position":"center center","background-size":"auto","background-attachment":"scroll","background-type":"","background-media":"","overlay-type":"","overlay-color":"","overlay-opacity":"","overlay-gradient":""},"tablet":{"background-color":"","background-image":"","background-repeat":"repeat","background-position":"center center","background-size":"auto","background-attachment":"scroll","background-type":"","background-media":"","overlay-type":"","overlay-color":"","overlay-opacity":"","overlay-gradient":""},"mobile":{"background-color":"","background-image":"","background-repeat":"repeat","background-position":"center center","background-size":"auto","background-attachment":"scroll","background-type":"","background-media":"","overlay-type":"","overlay-color":"","overlay-opacity":"","overlay-gradient":""}},"ast-content-background-meta":{"desktop":{"background-color":"var(--ast-global-color-5)","background-image":"","background-repeat":"repeat","background-position":"center center","background-size":"auto","background-attachment":"scroll","background-type":"","background-media":"","overlay-type":"","overlay-color":"","overlay-opacity":"","overlay-gradient":""},"tablet":{"background-color":"var(--ast-global-color-5)","background-image":"","background-repeat":"repeat","background-position":"center center","background-size":"auto","background-attachment":"scroll","background-type":"","background-media":"","overlay-type":"","overlay-color":"","overlay-opacity":"","overlay-gradient":""},"mobile":{"background-color":"var(--ast-global-color-5)","background-image":"","background-repeat":"repeat","background-position":"center center","background-size":"auto","background-attachment":"scroll","background-type":"","background-media":"","overlay-type":"","overlay-color":"","overlay-opacity":"","overlay-gradient":""}}},"product_brand":[921],"product_cat":[85,88],"product_tag":[],"class_list":{"0":"post-8619","1":"product","2":"type-product","3":"status-publish","4":"has-post-thumbnail","6":"product_brand-kilpi","7":"product_cat-10001-jakker","8":"product_cat-dame","9":"pa_8369-90","10":"pa_8369-92","11":"pa_8369-94","12":"pa_8369-95","13":"pa_8369-96","14":"pa_8369-97","15":"pa_variant-1103","16":"pa_variant-1104","17":"pa_variant-1105","18":"pa_variant-1106","19":"pa_variant-1112","20":"pa_variant-1113","21":"desktop-align-center","22":"tablet-align-left","23":"mobile-align-left","25":"first","26":"instock","27":"sale","28":"taxable","29":"shipping-taxable","30":"purchasable","31":"product-type-variable"},"yoast_head":"<!-- This site is optimized with the Yoast SEO Premium plugin v27.2 (Yoast SEO v27.5) - https:\/\/yoast.com\/product\/yoast-seo-premium-wordpress\/ -->\n<title>Ravia-W M\u00f8rkebl\u00e5 - Trysil Skishop<\/title>\n<meta name=\"description\" content=\"Ravia-W M\u00f8rkebl\u00e5 Trysil Skishop\" \/>\n<meta name=\"robots\" content=\"index, follow, max-snippet:-1, max-image-preview:large, max-video-preview:-1\" \/>\n<link rel=\"canonical\" href=\"https:\/\/skishop.no\/zh\/product\/ravia-w-m-rkebla-9917660835187903\/\" \/>\n<meta property=\"og:locale\" content=\"zh_CN\" \/>\n<meta property=\"og:type\" content=\"article\" \/>\n<meta property=\"og:title\" content=\"Ravia-W M\u00f8rkebl\u00e5 % - Trysil Skishop\" \/>\n<meta property=\"og:description\" content=\"-\" \/>\n<meta property=\"og:url\" content=\"https:\/\/skishop.no\/zh\/product\/ravia-w-m-rkebla-9917660835187903\/\" \/>\n<meta property=\"og:site_name\" content=\"Trysil Skishop\" \/>\n<meta property=\"article:publisher\" content=\"https:\/\/www.facebook.com\/TrysilSkishop\/\" \/>\n<meta property=\"article:modified_time\" content=\"2026-05-06T16:37:17+00:00\" \/>\n<meta property=\"og:image\" content=\"https:\/\/skishop.no\/wp-content\/uploads\/2026\/03\/TL0109KIDBL_RAVIA-W_01_75adb3dd-c1ea-4cc4-a44f-93af2fd4c541.webp\" \/>\n\t<meta property=\"og:image:width\" content=\"640\" \/>\n\t<meta property=\"og:image:height\" content=\"800\" \/>\n\t<meta property=\"og:image:type\" content=\"image\/webp\" \/>\n<meta name=\"twitter:card\" content=\"summary_large_image\" \/>\n<meta name=\"twitter:label1\" content=\"\u9884\u8ba1\u9605\u8bfb\u65f6\u95f4\" \/>\n\t<meta name=\"twitter:data1\" content=\"1 \u5206\" \/>\n<script type=\"application\/ld+json\" class=\"yoast-schema-graph\">{\"@context\":\"https:\\\/\\\/schema.org\",\"@graph\":[{\"@type\":\"WebPage\",\"@id\":\"https:\\\/\\\/skishop.no\\\/produkt\\\/ravia-w-m-rkebla-9917660835187903\\\/\",\"url\":\"https:\\\/\\\/skishop.no\\\/produkt\\\/ravia-w-m-rkebla-9917660835187903\\\/\",\"name\":\"Ravia-W M\u00f8rkebl\u00e5 - Trysil Skishop\",\"isPartOf\":{\"@id\":\"https:\\\/\\\/skishop.no\\\/#website\"},\"primaryImageOfPage\":{\"@id\":\"https:\\\/\\\/skishop.no\\\/produkt\\\/ravia-w-m-rkebla-9917660835187903\\\/#primaryimage\"},\"image\":{\"@id\":\"https:\\\/\\\/skishop.no\\\/produkt\\\/ravia-w-m-rkebla-9917660835187903\\\/#primaryimage\"},\"thumbnailUrl\":\"https:\\\/\\\/skishop.no\\\/wp-content\\\/uploads\\\/2026\\\/03\\\/WL0129KIDBL_RAVIA-W_01.webp\",\"datePublished\":\"2026-03-18T14:32:52+00:00\",\"dateModified\":\"2026-05-06T16:37:17+00:00\",\"description\":\"Ravia-W M\u00f8rkebl\u00e5 Trysil Skishop\",\"breadcrumb\":{\"@id\":\"https:\\\/\\\/skishop.no\\\/produkt\\\/ravia-w-m-rkebla-9917660835187903\\\/#breadcrumb\"},\"inLanguage\":\"zh-Hans\",\"potentialAction\":[{\"@type\":\"ReadAction\",\"target\":[\"https:\\\/\\\/skishop.no\\\/produkt\\\/ravia-w-m-rkebla-9917660835187903\\\/\"]}]},{\"@type\":\"ImageObject\",\"inLanguage\":\"zh-Hans\",\"@id\":\"https:\\\/\\\/skishop.no\\\/produkt\\\/ravia-w-m-rkebla-9917660835187903\\\/#primaryimage\",\"url\":\"https:\\\/\\\/skishop.no\\\/wp-content\\\/uploads\\\/2026\\\/03\\\/WL0129KIDBL_RAVIA-W_01.webp\",\"contentUrl\":\"https:\\\/\\\/skishop.no\\\/wp-content\\\/uploads\\\/2026\\\/03\\\/WL0129KIDBL_RAVIA-W_01.webp\",\"width\":960,\"height\":1200},{\"@type\":\"BreadcrumbList\",\"@id\":\"https:\\\/\\\/skishop.no\\\/produkt\\\/ravia-w-m-rkebla-9917660835187903\\\/#breadcrumb\",\"itemListElement\":[{\"@type\":\"ListItem\",\"position\":1,\"name\":\"Hjem\",\"item\":\"https:\\\/\\\/skishop.no\\\/\"},{\"@type\":\"ListItem\",\"position\":2,\"name\":\"Butikk\",\"item\":\"https:\\\/\\\/skishop.no\\\/butikk\\\/\"},{\"@type\":\"ListItem\",\"position\":3,\"name\":\"Ravia-W M\u00f8rkebl\u00e5\"}]},{\"@type\":\"WebSite\",\"@id\":\"https:\\\/\\\/skishop.no\\\/#website\",\"url\":\"https:\\\/\\\/skishop.no\\\/\",\"name\":\"Trysil Skishop\",\"description\":\"Trysils billigste skiutleie\",\"publisher\":{\"@id\":\"https:\\\/\\\/skishop.no\\\/#organization\"},\"alternateName\":\"Trysil ski leie\",\"potentialAction\":[{\"@type\":\"SearchAction\",\"target\":{\"@type\":\"EntryPoint\",\"urlTemplate\":\"https:\\\/\\\/skishop.no\\\/?s={search_term_string}\"},\"query-input\":{\"@type\":\"PropertyValueSpecification\",\"valueRequired\":true,\"valueName\":\"search_term_string\"}}],\"inLanguage\":\"zh-Hans\"},{\"@type\":\"Organization\",\"@id\":\"https:\\\/\\\/skishop.no\\\/#organization\",\"name\":\"Trysil Skishop\",\"alternateName\":\"Trysil Skishop AS\",\"url\":\"https:\\\/\\\/skishop.no\\\/\",\"logo\":{\"@type\":\"ImageObject\",\"inLanguage\":\"zh-Hans\",\"@id\":\"https:\\\/\\\/skishop.no\\\/#\\\/schema\\\/logo\\\/image\\\/\",\"url\":\"https:\\\/\\\/skishop.no\\\/wp-content\\\/uploads\\\/2025\\\/09\\\/Site-icon-1.webp\",\"contentUrl\":\"https:\\\/\\\/skishop.no\\\/wp-content\\\/uploads\\\/2025\\\/09\\\/Site-icon-1.webp\",\"width\":468,\"height\":389,\"caption\":\"Trysil Skishop\"},\"image\":{\"@id\":\"https:\\\/\\\/skishop.no\\\/#\\\/schema\\\/logo\\\/image\\\/\"},\"sameAs\":[\"https:\\\/\\\/www.facebook.com\\\/TrysilSkishop\\\/\",\"https:\\\/\\\/www.instagram.com\\\/skishop.no\"],\"description\":\"Trysil Skishop er Trysilfjellets rimeligste ski- og sykkelutleie, som tilbyr utleie av ski- og sykkelutstyr av h\u00f8y kvalitet til lave priser. De holder til p\u00e5 Trysil Shellsenter, ca. 2 km f\u00f8r Trysil Turistsenter, med enkel parkering rett utenfor. Skishop tilbyr ogs\u00e5 skiutstyrservice \u00e5ret rundt, hvor de forbereder ski til vintersesongen med profesjonell slipemaskin og erfarne teknikere. Stedet gir rask og effektiv service slik at kunder raskt kan komme seg ut i bakken eller p\u00e5 tur. Om sommeren kan man leie sykler av h\u00f8y kvalitet hos dem, og de har ogs\u00e5 en sportsbutikk med n\u00f8dvendig utstyr for ski- og sykkelturer. Trysil Skishop har ogs\u00e5 samarbeidspartnere som gir rabatter til deres gjester. De er kjent for \u00e5 kombinere lave priser med like h\u00f8y standard p\u00e5 utstyret som andre utleiesteder i omr\u00e5det.\",\"email\":\"Info@skishop.no\",\"telephone\":\"+4791929291\",\"legalName\":\"Trysil Skishop AS\",\"foundingDate\":\"1999-01-01\",\"vatID\":\"981 443 489\",\"numberOfEmployees\":{\"@type\":\"QuantitativeValue\",\"minValue\":\"11\",\"maxValue\":\"50\"},\"publishingPrinciples\":\"https:\\\/\\\/skishop.no\\\/ofte-stile-sporsmal\\\/\"}]}<\/script>\n<!-- \/ Yoast SEO Premium plugin. -->","yoast_head_json":{"title":"Ravia-W \u6df1\u84dd\u8272 - Trysil Skishop","description":"\u62c9\u7ef4\u4e9a-W \u6df1\u84dd\u8272\u7279\u91cc\u897f\u5c14-\u65af\u57fa\u8096\u666e","robots":{"index":"index","follow":"follow","max-snippet":"max-snippet:-1","max-image-preview":"max-image-preview:large","max-video-preview":"max-video-preview:-1"},"canonical":"https:\/\/skishop.no\/zh\/product\/ravia-w-m-rkebla-9917660835187903\/","og_locale":"zh_CN","og_type":"article","og_title":"Ravia-W M\u00f8rkebl\u00e5 % - Trysil Skishop","og_description":"-","og_url":"https:\/\/skishop.no\/zh\/product\/ravia-w-m-rkebla-9917660835187903\/","og_site_name":"Trysil Skishop","article_publisher":"https:\/\/www.facebook.com\/TrysilSkishop\/","article_modified_time":"2026-05-06T16:37:17+00:00","og_image":[{"width":640,"height":800,"url":"https:\/\/skishop.no\/wp-content\/uploads\/2026\/03\/TL0109KIDBL_RAVIA-W_01_75adb3dd-c1ea-4cc4-a44f-93af2fd4c541.webp","type":"image\/webp"}],"twitter_card":"summary_large_image","twitter_misc":{"\u9884\u8ba1\u9605\u8bfb\u65f6\u95f4":"1 \u5206"},"schema":{"@context":"https:\/\/schema.org","@graph":[{"@type":"WebPage","@id":"https:\/\/skishop.no\/produkt\/ravia-w-m-rkebla-9917660835187903\/","url":"https:\/\/skishop.no\/produkt\/ravia-w-m-rkebla-9917660835187903\/","name":"Ravia-W \u6df1\u84dd\u8272 - Trysil Skishop","isPartOf":{"@id":"https:\/\/skishop.no\/#website"},"primaryImageOfPage":{"@id":"https:\/\/skishop.no\/produkt\/ravia-w-m-rkebla-9917660835187903\/#primaryimage"},"image":{"@id":"https:\/\/skishop.no\/produkt\/ravia-w-m-rkebla-9917660835187903\/#primaryimage"},"thumbnailUrl":"https:\/\/skishop.no\/wp-content\/uploads\/2026\/03\/WL0129KIDBL_RAVIA-W_01.webp","datePublished":"2026-03-18T14:32:52+00:00","dateModified":"2026-05-06T16:37:17+00:00","description":"\u62c9\u7ef4\u4e9a-W \u6df1\u84dd\u8272\u7279\u91cc\u897f\u5c14-\u65af\u57fa\u8096\u666e","breadcrumb":{"@id":"https:\/\/skishop.no\/produkt\/ravia-w-m-rkebla-9917660835187903\/#breadcrumb"},"inLanguage":"zh-Hans","potentialAction":[{"@type":"ReadAction","target":["https:\/\/skishop.no\/produkt\/ravia-w-m-rkebla-9917660835187903\/"]}]},{"@type":"ImageObject","inLanguage":"zh-Hans","@id":"https:\/\/skishop.no\/produkt\/ravia-w-m-rkebla-9917660835187903\/#primaryimage","url":"https:\/\/skishop.no\/wp-content\/uploads\/2026\/03\/WL0129KIDBL_RAVIA-W_01.webp","contentUrl":"https:\/\/skishop.no\/wp-content\/uploads\/2026\/03\/WL0129KIDBL_RAVIA-W_01.webp","width":960,"height":1200},{"@type":"BreadcrumbList","@id":"https:\/\/skishop.no\/produkt\/ravia-w-m-rkebla-9917660835187903\/#breadcrumb","itemListElement":[{"@type":"ListItem","position":1,"name":"Hjem","item":"https:\/\/skishop.no\/"},{"@type":"ListItem","position":2,"name":"Butikk","item":"https:\/\/skishop.no\/butikk\/"},{"@type":"ListItem","position":3,"name":"Ravia-W M\u00f8rkebl\u00e5"}]},{"@type":"WebSite","@id":"https:\/\/skishop.no\/#website","url":"https:\/\/skishop.no\/","name":"Trysil Skishop","description":"\u7279\u91cc\u897f\u5c14\u6700\u4fbf\u5b9c\u7684\u6ed1\u96ea\u51fa\u79df","publisher":{"@id":"https:\/\/skishop.no\/#organization"},"alternateName":"Trysil ski leie","potentialAction":[{"@type":"SearchAction","target":{"@type":"EntryPoint","urlTemplate":"https:\/\/skishop.no\/?s={search_term_string}"},"query-input":{"@type":"PropertyValueSpecification","valueRequired":true,"valueName":"search_term_string"}}],"inLanguage":"zh-Hans"},{"@type":"Organization","@id":"https:\/\/skishop.no\/#organization","name":"Trysil Skishop","alternateName":"Trysil Skishop AS","url":"https:\/\/skishop.no\/","logo":{"@type":"ImageObject","inLanguage":"zh-Hans","@id":"https:\/\/skishop.no\/#\/schema\/logo\/image\/","url":"https:\/\/skishop.no\/wp-content\/uploads\/2025\/09\/Site-icon-1.webp","contentUrl":"https:\/\/skishop.no\/wp-content\/uploads\/2025\/09\/Site-icon-1.webp","width":468,"height":389,"caption":"Trysil Skishop"},"image":{"@id":"https:\/\/skishop.no\/#\/schema\/logo\/image\/"},"sameAs":["https:\/\/www.facebook.com\/TrysilSkishop\/","https:\/\/www.instagram.com\/skishop.no"],"description":"Trysil Skishop \u662f Trysilfjellet \u6700\u5b9e\u60e0\u7684\u6ed1\u96ea\u548c\u81ea\u884c\u8f66\u79df\u8d41\u516c\u53f8\uff0c\u4ee5\u4f4e\u5ec9\u7684\u4ef7\u683c\u63d0\u4f9b\u9ad8\u8d28\u91cf\u7684\u6ed1\u96ea\u548c\u81ea\u884c\u8f66\u8bbe\u5907\u79df\u8d41\u670d\u52a1\u3002\u516c\u53f8\u4f4d\u4e8e Trysil Shellsenter\uff0c\u8ddd Trysil Turistsenter \u5927\u7ea6 2 \u516c\u91cc\uff0c\u95e8\u5916\u505c\u8f66\u65b9\u4fbf\u3002Skishop \u8fd8\u63d0\u4f9b\u5168\u5e74\u7684\u6ed1\u96ea\u88c5\u5907\u670d\u52a1\uff0c\u4ed6\u4eec\u4f7f\u7528\u4e13\u4e1a\u7684\u6253\u78e8\u673a\u548c\u7ecf\u9a8c\u4e30\u5bcc\u7684\u6280\u672f\u4eba\u5458\u4e3a\u51ac\u5b63\u6ed1\u96ea\u505a\u597d\u51c6\u5907\u3002\u8be5\u670d\u52a1\u70b9\u63d0\u4f9b\u5feb\u901f\u9ad8\u6548\u7684\u670d\u52a1\uff0c\u8ba9\u987e\u5ba2\u53ef\u4ee5\u5feb\u901f\u4e0a\u5c71\u6ed1\u96ea\u6216\u65c5\u6e38\u3002\u5728\u590f\u5b63\uff0c\u60a8\u53ef\u4ee5\u79df\u7528\u9ad8\u54c1\u8d28\u7684\u81ea\u884c\u8f66\uff0c\u8fd9\u91cc\u8fd8\u6709\u4e00\u5bb6\u4f53\u80b2\u7528\u54c1\u5546\u5e97\uff0c\u4e3a\u6ed1\u96ea\u548c\u9a91\u81ea\u884c\u8f66\u65c5\u884c\u63d0\u4f9b\u5fc5\u8981\u7684\u88c5\u5907\u3002Trysil Skishop \u8fd8\u6709\u5408\u4f5c\u4f19\u4f34\u4e3a\u5ba2\u4eba\u63d0\u4f9b\u6298\u6263\u3002\u4ed6\u4eec\u4e0e\u8be5\u5730\u533a\u7684\u5176\u4ed6\u79df\u8d41\u4e2d\u5fc3\u4e00\u6837\uff0c\u4ee5\u4f4e\u5ec9\u7684\u4ef7\u683c\u548c\u9ad8\u6807\u51c6\u7684\u8bbe\u5907\u800c\u95fb\u540d\u3002.","email":"Info@skishop.no","telephone":"+4791929291","legalName":"Trysil Skishop AS","foundingDate":"1999-01-01","vatID":"981 443 489","numberOfEmployees":{"@type":"QuantitativeValue","minValue":"11","maxValue":"50"},"publishingPrinciples":"https:\/\/skishop.no\/ofte-stile-sporsmal\/"}]}},"_links":{"self":[{"href":"https:\/\/skishop.no\/zh\/wp-json\/wp\/v2\/product\/8619","targetHints":{"allow":["GET"]}}],"collection":[{"href":"https:\/\/skishop.no\/zh\/wp-json\/wp\/v2\/product"}],"about":[{"href":"https:\/\/skishop.no\/zh\/wp-json\/wp\/v2\/types\/product"}],"version-history":[{"count":2,"href":"https:\/\/skishop.no\/zh\/wp-json\/wp\/v2\/product\/8619\/revisions"}],"predecessor-version":[{"id":8639,"href":"https:\/\/skishop.no\/zh\/wp-json\/wp\/v2\/product\/8619\/revisions\/8639"}],"wp:featuredmedia":[{"embeddable":true,"href":"https:\/\/skishop.no\/zh\/wp-json\/wp\/v2\/media\/8807"}],"wp:attachment":[{"href":"https:\/\/skishop.no\/zh\/wp-json\/wp\/v2\/media?parent=8619"}],"wp:term":[{"taxonomy":"product_brand","embeddable":true,"href":"https:\/\/skishop.no\/zh\/wp-json\/wp\/v2\/product_brand?post=8619"},{"taxonomy":"product_cat","embeddable":true,"href":"https:\/\/skishop.no\/zh\/wp-json\/wp\/v2\/product_cat?post=8619"},{"taxonomy":"product_tag","embeddable":true,"href":"https:\/\/skishop.no\/zh\/wp-json\/wp\/v2\/product_tag?post=8619"}],"curies":[{"name":"wp","href":"https:\/\/api.w.org\/{rel}","templated":true}]}}