{"id":8670,"date":"2026-03-19T13:51:09","date_gmt":"2026-03-19T12:51:09","guid":{"rendered":"https:\/\/skishop.no\/?post_type=product&#038;p=8670"},"modified":"2026-05-06T17:37:28","modified_gmt":"2026-05-06T16:37:28","slug":"lago-w-light-blue-9917660835187930","status":"publish","type":"product","link":"https:\/\/skishop.no\/zh\/product\/\u6cfb\u6e56-w-\u6de1\u84dd\u8272-9917660835187930\/","title":{"rendered":"\u6d45\u84dd\u8272"},"content":{"rendered":"<p data-start=\"29\" data-end=\"199\">Kilpi LAGO-W \u5973\u58eb\u5f92\u6b65\u957f\u88e4\u91c7\u7528\u7ecf\u4e45\u8010\u7528\u7684 SIBERIUM SRC WB \u7f16\u7ec7\u6750\u6599\u5236\u6210\uff0c\u5f39\u6027\u8212\u9002\u3002\u53cc\u5c42\u63a5\u7f1d\u589e\u52a0\u4e86\u88e4\u5b50\u7684\u5f3a\u5ea6\u548c\u8010\u7528\u6027\u3002.<\/p>\n<p data-start=\"201\" data-end=\"390\">\u88e4\u5b50\u4e0a\u6709\u4e24\u4e2a\u62c9\u94fe\u53e3\u888b\uff0c\u7528\u4e8e\u5b58\u653e\u8d35\u91cd\u7269\u54c1\uff0c\u8fd8\u6709\u8170\u5e26\u73af\u3002LAGO-W \u662f\u6237\u5916\u6d3b\u52a8\u3001\u8fdc\u8db3\u548c\u6b65\u884c\u7684\u7406\u60f3\u9009\u62e9\u3002\u6709\u4e24\u79cd\u989c\u8272\u53ef\u4f9b\u9009\u62e9\u3002.<\/p>\n<p data-start=\"392\" data-end=\"487\">\u56fe\u4e2d\u6a21\u7279\uff1a36 \u7801\uff0c\u8eab\u9ad8 169 \u5398\u7c73\uff0c\u80f8\u56f4 75 \u5398\u7c73\uff0c\u8170\u56f4 65 \u5398\u7c73\uff0c\u81c0\u56f4 87 \u5398\u7c73\u3002.<\/p>","protected":false},"excerpt":{"rendered":"<p>\u8010\u7528\u3001\u7075\u6d3b\u7684\u5973\u5f0f\u8fdc\u8db3\u957f\u88e4\uff0c\u5177\u6709\u826f\u597d\u7684\u8212\u9002\u6027\u548c\u5b9e\u7528\u7684\u7ec6\u8282\uff0c\u975e\u5e38\u9002\u5408\u8fdc\u8db3\u548c\u65e5\u5e38\u6237\u5916\u6d3b\u52a8\u3002.<\/p>","protected":false},"featured_media":8796,"template":"","meta":{"site-sidebar-layout":"default","site-content-layout":"","ast-site-content-layout":"default","site-content-style":"default","site-sidebar-style":"default","ast-global-header-display":"","ast-banner-title-visibility":"","ast-main-header-display":"","ast-hfb-above-header-display":"","ast-hfb-below-header-display":"","ast-hfb-mobile-header-display":"","site-post-title":"","ast-breadcrumbs-content":"","ast-featured-img":"","footer-sml-layout":"","ast-disable-related-posts":"","theme-transparent-header-meta":"default","adv-header-id-meta":"","stick-header-meta":"","header-above-stick-meta":"","header-main-stick-meta":"","header-below-stick-meta":"","astra-migrate-meta-layouts":"set","ast-page-background-enabled":"default","ast-page-background-meta":{"desktop":{"background-color":"var(--ast-global-color-4)","background-image":"","background-repeat":"repeat","background-position":"center center","background-size":"auto","background-attachment":"scroll","background-type":"","background-media":"","overlay-type":"","overlay-color":"","overlay-opacity":"","overlay-gradient":""},"tablet":{"background-color":"","background-image":"","background-repeat":"repeat","background-position":"center center","background-size":"auto","background-attachment":"scroll","background-type":"","background-media":"","overlay-type":"","overlay-color":"","overlay-opacity":"","overlay-gradient":""},"mobile":{"background-color":"","background-image":"","background-repeat":"repeat","background-position":"center center","background-size":"auto","background-attachment":"scroll","background-type":"","background-media":"","overlay-type":"","overlay-color":"","overlay-opacity":"","overlay-gradient":""}},"ast-content-background-meta":{"desktop":{"background-color":"var(--ast-global-color-5)","background-image":"","background-repeat":"repeat","background-position":"center center","background-size":"auto","background-attachment":"scroll","background-type":"","background-media":"","overlay-type":"","overlay-color":"","overlay-opacity":"","overlay-gradient":""},"tablet":{"background-color":"var(--ast-global-color-5)","background-image":"","background-repeat":"repeat","background-position":"center center","background-size":"auto","background-attachment":"scroll","background-type":"","background-media":"","overlay-type":"","overlay-color":"","overlay-opacity":"","overlay-gradient":""},"mobile":{"background-color":"var(--ast-global-color-5)","background-image":"","background-repeat":"repeat","background-position":"center center","background-size":"auto","background-attachment":"scroll","background-type":"","background-media":"","overlay-type":"","overlay-color":"","overlay-opacity":"","overlay-gradient":""}}},"product_brand":[921],"product_cat":[144,929],"product_tag":[],"class_list":{"0":"post-8670","1":"product","2":"type-product","3":"status-publish","4":"has-post-thumbnail","6":"product_brand-kilpi","7":"product_cat-10002-bukser","8":"product_cat-dame-10002-bukser-4","9":"pa_8369-90","10":"pa_8369-92","11":"pa_8369-94","12":"pa_8369-95","13":"pa_8369-96","14":"pa_variant-1103","15":"pa_variant-1104","16":"pa_variant-1105","17":"pa_variant-1106","18":"pa_variant-1112","19":"desktop-align-center","20":"tablet-align-left","21":"mobile-align-left","23":"first","24":"instock","25":"sale","26":"taxable","27":"shipping-taxable","28":"purchasable","29":"product-type-variable"},"yoast_head":"<!-- This site is optimized with the Yoast SEO Premium plugin v27.2 (Yoast SEO v27.5) - https:\/\/yoast.com\/product\/yoast-seo-premium-wordpress\/ -->\n<title>Lago-W Light blue - Trysil Skishop<\/title>\n<meta name=\"description\" content=\"Lago-W Light blue Trysil Skishop\" \/>\n<meta name=\"robots\" content=\"index, follow, max-snippet:-1, max-image-preview:large, max-video-preview:-1\" \/>\n<link rel=\"canonical\" href=\"https:\/\/skishop.no\/zh\/product\/\u6cfb\u6e56-w-\u6de1\u84dd\u8272-9917660835187930\/\" \/>\n<meta property=\"og:locale\" content=\"zh_CN\" \/>\n<meta property=\"og:type\" content=\"article\" \/>\n<meta property=\"og:title\" content=\"Lago-W Light blue % - Trysil Skishop\" \/>\n<meta property=\"og:description\" content=\"-\" \/>\n<meta property=\"og:url\" content=\"https:\/\/skishop.no\/zh\/product\/\u6cfb\u6e56-w-\u6de1\u84dd\u8272-9917660835187930\/\" \/>\n<meta property=\"og:site_name\" content=\"Trysil Skishop\" \/>\n<meta property=\"article:publisher\" content=\"https:\/\/www.facebook.com\/TrysilSkishop\/\" \/>\n<meta property=\"article:modified_time\" content=\"2026-05-06T16:37:28+00:00\" \/>\n<meta property=\"og:image\" content=\"https:\/\/skishop.no\/wp-content\/uploads\/2026\/03\/SL0414KIDGN_LAGO-W_01.webp\" \/>\n\t<meta property=\"og:image:width\" content=\"640\" \/>\n\t<meta property=\"og:image:height\" content=\"800\" \/>\n\t<meta property=\"og:image:type\" content=\"image\/webp\" \/>\n<meta name=\"twitter:card\" content=\"summary_large_image\" \/>\n<meta name=\"twitter:label1\" content=\"\u9884\u8ba1\u9605\u8bfb\u65f6\u95f4\" \/>\n\t<meta name=\"twitter:data1\" content=\"1 \u5206\" \/>\n<script type=\"application\/ld+json\" class=\"yoast-schema-graph\">{\"@context\":\"https:\\\/\\\/schema.org\",\"@graph\":[{\"@type\":\"WebPage\",\"@id\":\"https:\\\/\\\/skishop.no\\\/produkt\\\/lago-w-light-blue-9917660835187930\\\/\",\"url\":\"https:\\\/\\\/skishop.no\\\/produkt\\\/lago-w-light-blue-9917660835187930\\\/\",\"name\":\"Lago-W Light blue - Trysil Skishop\",\"isPartOf\":{\"@id\":\"https:\\\/\\\/skishop.no\\\/#website\"},\"primaryImageOfPage\":{\"@id\":\"https:\\\/\\\/skishop.no\\\/produkt\\\/lago-w-light-blue-9917660835187930\\\/#primaryimage\"},\"image\":{\"@id\":\"https:\\\/\\\/skishop.no\\\/produkt\\\/lago-w-light-blue-9917660835187930\\\/#primaryimage\"},\"thumbnailUrl\":\"https:\\\/\\\/skishop.no\\\/wp-content\\\/uploads\\\/2026\\\/03\\\/QL0204KILBL_LAGO-W_01_d9644c4c-c699-47bd-82f3-ea4c501b482b-2-scaled.webp\",\"datePublished\":\"2026-03-19T12:51:09+00:00\",\"dateModified\":\"2026-05-06T16:37:28+00:00\",\"description\":\"Lago-W Light blue Trysil Skishop\",\"breadcrumb\":{\"@id\":\"https:\\\/\\\/skishop.no\\\/produkt\\\/lago-w-light-blue-9917660835187930\\\/#breadcrumb\"},\"inLanguage\":\"zh-Hans\",\"potentialAction\":[{\"@type\":\"ReadAction\",\"target\":[\"https:\\\/\\\/skishop.no\\\/produkt\\\/lago-w-light-blue-9917660835187930\\\/\"]}]},{\"@type\":\"ImageObject\",\"inLanguage\":\"zh-Hans\",\"@id\":\"https:\\\/\\\/skishop.no\\\/produkt\\\/lago-w-light-blue-9917660835187930\\\/#primaryimage\",\"url\":\"https:\\\/\\\/skishop.no\\\/wp-content\\\/uploads\\\/2026\\\/03\\\/QL0204KILBL_LAGO-W_01_d9644c4c-c699-47bd-82f3-ea4c501b482b-2-scaled.webp\",\"contentUrl\":\"https:\\\/\\\/skishop.no\\\/wp-content\\\/uploads\\\/2026\\\/03\\\/QL0204KILBL_LAGO-W_01_d9644c4c-c699-47bd-82f3-ea4c501b482b-2-scaled.webp\",\"width\":710,\"height\":1920},{\"@type\":\"BreadcrumbList\",\"@id\":\"https:\\\/\\\/skishop.no\\\/produkt\\\/lago-w-light-blue-9917660835187930\\\/#breadcrumb\",\"itemListElement\":[{\"@type\":\"ListItem\",\"position\":1,\"name\":\"Hjem\",\"item\":\"https:\\\/\\\/skishop.no\\\/\"},{\"@type\":\"ListItem\",\"position\":2,\"name\":\"Butikk\",\"item\":\"https:\\\/\\\/skishop.no\\\/butikk\\\/\"},{\"@type\":\"ListItem\",\"position\":3,\"name\":\"Lago-W Light blue\"}]},{\"@type\":\"WebSite\",\"@id\":\"https:\\\/\\\/skishop.no\\\/#website\",\"url\":\"https:\\\/\\\/skishop.no\\\/\",\"name\":\"Trysil Skishop\",\"description\":\"Trysils billigste skiutleie\",\"publisher\":{\"@id\":\"https:\\\/\\\/skishop.no\\\/#organization\"},\"alternateName\":\"Trysil ski leie\",\"potentialAction\":[{\"@type\":\"SearchAction\",\"target\":{\"@type\":\"EntryPoint\",\"urlTemplate\":\"https:\\\/\\\/skishop.no\\\/?s={search_term_string}\"},\"query-input\":{\"@type\":\"PropertyValueSpecification\",\"valueRequired\":true,\"valueName\":\"search_term_string\"}}],\"inLanguage\":\"zh-Hans\"},{\"@type\":\"Organization\",\"@id\":\"https:\\\/\\\/skishop.no\\\/#organization\",\"name\":\"Trysil Skishop\",\"alternateName\":\"Trysil Skishop AS\",\"url\":\"https:\\\/\\\/skishop.no\\\/\",\"logo\":{\"@type\":\"ImageObject\",\"inLanguage\":\"zh-Hans\",\"@id\":\"https:\\\/\\\/skishop.no\\\/#\\\/schema\\\/logo\\\/image\\\/\",\"url\":\"https:\\\/\\\/skishop.no\\\/wp-content\\\/uploads\\\/2025\\\/09\\\/Site-icon-1.webp\",\"contentUrl\":\"https:\\\/\\\/skishop.no\\\/wp-content\\\/uploads\\\/2025\\\/09\\\/Site-icon-1.webp\",\"width\":468,\"height\":389,\"caption\":\"Trysil Skishop\"},\"image\":{\"@id\":\"https:\\\/\\\/skishop.no\\\/#\\\/schema\\\/logo\\\/image\\\/\"},\"sameAs\":[\"https:\\\/\\\/www.facebook.com\\\/TrysilSkishop\\\/\",\"https:\\\/\\\/www.instagram.com\\\/skishop.no\"],\"description\":\"Trysil Skishop er Trysilfjellets rimeligste ski- og sykkelutleie, som tilbyr utleie av ski- og sykkelutstyr av h\u00f8y kvalitet til lave priser. De holder til p\u00e5 Trysil Shellsenter, ca. 2 km f\u00f8r Trysil Turistsenter, med enkel parkering rett utenfor. Skishop tilbyr ogs\u00e5 skiutstyrservice \u00e5ret rundt, hvor de forbereder ski til vintersesongen med profesjonell slipemaskin og erfarne teknikere. Stedet gir rask og effektiv service slik at kunder raskt kan komme seg ut i bakken eller p\u00e5 tur. Om sommeren kan man leie sykler av h\u00f8y kvalitet hos dem, og de har ogs\u00e5 en sportsbutikk med n\u00f8dvendig utstyr for ski- og sykkelturer. Trysil Skishop har ogs\u00e5 samarbeidspartnere som gir rabatter til deres gjester. De er kjent for \u00e5 kombinere lave priser med like h\u00f8y standard p\u00e5 utstyret som andre utleiesteder i omr\u00e5det.\",\"email\":\"Info@skishop.no\",\"telephone\":\"+4791929291\",\"legalName\":\"Trysil Skishop AS\",\"foundingDate\":\"1999-01-01\",\"vatID\":\"981 443 489\",\"numberOfEmployees\":{\"@type\":\"QuantitativeValue\",\"minValue\":\"11\",\"maxValue\":\"50\"},\"publishingPrinciples\":\"https:\\\/\\\/skishop.no\\\/ofte-stile-sporsmal\\\/\"}]}<\/script>\n<!-- \/ Yoast SEO Premium plugin. -->","yoast_head_json":{"title":"Lago-W \u6d45\u84dd\u8272 - Trysil Skishop","description":"Lago-W \u6d45\u84dd\u8272 Trysil Skishop","robots":{"index":"index","follow":"follow","max-snippet":"max-snippet:-1","max-image-preview":"max-image-preview:large","max-video-preview":"max-video-preview:-1"},"canonical":"https:\/\/skishop.no\/zh\/product\/\u6cfb\u6e56-w-\u6de1\u84dd\u8272-9917660835187930\/","og_locale":"zh_CN","og_type":"article","og_title":"Lago-W Light blue % - Trysil Skishop","og_description":"-","og_url":"https:\/\/skishop.no\/zh\/product\/\u6cfb\u6e56-w-\u6de1\u84dd\u8272-9917660835187930\/","og_site_name":"Trysil Skishop","article_publisher":"https:\/\/www.facebook.com\/TrysilSkishop\/","article_modified_time":"2026-05-06T16:37:28+00:00","og_image":[{"width":640,"height":800,"url":"https:\/\/skishop.no\/wp-content\/uploads\/2026\/03\/SL0414KIDGN_LAGO-W_01.webp","type":"image\/webp"}],"twitter_card":"summary_large_image","twitter_misc":{"\u9884\u8ba1\u9605\u8bfb\u65f6\u95f4":"1 \u5206"},"schema":{"@context":"https:\/\/schema.org","@graph":[{"@type":"WebPage","@id":"https:\/\/skishop.no\/produkt\/lago-w-light-blue-9917660835187930\/","url":"https:\/\/skishop.no\/produkt\/lago-w-light-blue-9917660835187930\/","name":"Lago-W \u6d45\u84dd\u8272 - Trysil Skishop","isPartOf":{"@id":"https:\/\/skishop.no\/#website"},"primaryImageOfPage":{"@id":"https:\/\/skishop.no\/produkt\/lago-w-light-blue-9917660835187930\/#primaryimage"},"image":{"@id":"https:\/\/skishop.no\/produkt\/lago-w-light-blue-9917660835187930\/#primaryimage"},"thumbnailUrl":"https:\/\/skishop.no\/wp-content\/uploads\/2026\/03\/QL0204KILBL_LAGO-W_01_d9644c4c-c699-47bd-82f3-ea4c501b482b-2-scaled.webp","datePublished":"2026-03-19T12:51:09+00:00","dateModified":"2026-05-06T16:37:28+00:00","description":"Lago-W \u6d45\u84dd\u8272 Trysil Skishop","breadcrumb":{"@id":"https:\/\/skishop.no\/produkt\/lago-w-light-blue-9917660835187930\/#breadcrumb"},"inLanguage":"zh-Hans","potentialAction":[{"@type":"ReadAction","target":["https:\/\/skishop.no\/produkt\/lago-w-light-blue-9917660835187930\/"]}]},{"@type":"ImageObject","inLanguage":"zh-Hans","@id":"https:\/\/skishop.no\/produkt\/lago-w-light-blue-9917660835187930\/#primaryimage","url":"https:\/\/skishop.no\/wp-content\/uploads\/2026\/03\/QL0204KILBL_LAGO-W_01_d9644c4c-c699-47bd-82f3-ea4c501b482b-2-scaled.webp","contentUrl":"https:\/\/skishop.no\/wp-content\/uploads\/2026\/03\/QL0204KILBL_LAGO-W_01_d9644c4c-c699-47bd-82f3-ea4c501b482b-2-scaled.webp","width":710,"height":1920},{"@type":"BreadcrumbList","@id":"https:\/\/skishop.no\/produkt\/lago-w-light-blue-9917660835187930\/#breadcrumb","itemListElement":[{"@type":"ListItem","position":1,"name":"Hjem","item":"https:\/\/skishop.no\/"},{"@type":"ListItem","position":2,"name":"Butikk","item":"https:\/\/skishop.no\/butikk\/"},{"@type":"ListItem","position":3,"name":"Lago-W Light blue"}]},{"@type":"WebSite","@id":"https:\/\/skishop.no\/#website","url":"https:\/\/skishop.no\/","name":"Trysil Skishop","description":"\u7279\u91cc\u897f\u5c14\u6700\u4fbf\u5b9c\u7684\u6ed1\u96ea\u51fa\u79df","publisher":{"@id":"https:\/\/skishop.no\/#organization"},"alternateName":"Trysil ski leie","potentialAction":[{"@type":"SearchAction","target":{"@type":"EntryPoint","urlTemplate":"https:\/\/skishop.no\/?s={search_term_string}"},"query-input":{"@type":"PropertyValueSpecification","valueRequired":true,"valueName":"search_term_string"}}],"inLanguage":"zh-Hans"},{"@type":"Organization","@id":"https:\/\/skishop.no\/#organization","name":"Trysil Skishop","alternateName":"Trysil Skishop AS","url":"https:\/\/skishop.no\/","logo":{"@type":"ImageObject","inLanguage":"zh-Hans","@id":"https:\/\/skishop.no\/#\/schema\/logo\/image\/","url":"https:\/\/skishop.no\/wp-content\/uploads\/2025\/09\/Site-icon-1.webp","contentUrl":"https:\/\/skishop.no\/wp-content\/uploads\/2025\/09\/Site-icon-1.webp","width":468,"height":389,"caption":"Trysil Skishop"},"image":{"@id":"https:\/\/skishop.no\/#\/schema\/logo\/image\/"},"sameAs":["https:\/\/www.facebook.com\/TrysilSkishop\/","https:\/\/www.instagram.com\/skishop.no"],"description":"Trysil Skishop \u662f Trysilfjellet \u6700\u5b9e\u60e0\u7684\u6ed1\u96ea\u548c\u81ea\u884c\u8f66\u79df\u8d41\u516c\u53f8\uff0c\u4ee5\u4f4e\u5ec9\u7684\u4ef7\u683c\u63d0\u4f9b\u9ad8\u8d28\u91cf\u7684\u6ed1\u96ea\u548c\u81ea\u884c\u8f66\u8bbe\u5907\u79df\u8d41\u670d\u52a1\u3002\u516c\u53f8\u4f4d\u4e8e Trysil Shellsenter\uff0c\u8ddd Trysil Turistsenter \u5927\u7ea6 2 \u516c\u91cc\uff0c\u95e8\u5916\u505c\u8f66\u65b9\u4fbf\u3002Skishop \u8fd8\u63d0\u4f9b\u5168\u5e74\u7684\u6ed1\u96ea\u88c5\u5907\u670d\u52a1\uff0c\u4ed6\u4eec\u4f7f\u7528\u4e13\u4e1a\u7684\u6253\u78e8\u673a\u548c\u7ecf\u9a8c\u4e30\u5bcc\u7684\u6280\u672f\u4eba\u5458\u4e3a\u51ac\u5b63\u6ed1\u96ea\u505a\u597d\u51c6\u5907\u3002\u8be5\u670d\u52a1\u70b9\u63d0\u4f9b\u5feb\u901f\u9ad8\u6548\u7684\u670d\u52a1\uff0c\u8ba9\u987e\u5ba2\u53ef\u4ee5\u5feb\u901f\u4e0a\u5c71\u6ed1\u96ea\u6216\u65c5\u6e38\u3002\u5728\u590f\u5b63\uff0c\u60a8\u53ef\u4ee5\u79df\u7528\u9ad8\u54c1\u8d28\u7684\u81ea\u884c\u8f66\uff0c\u8fd9\u91cc\u8fd8\u6709\u4e00\u5bb6\u4f53\u80b2\u7528\u54c1\u5546\u5e97\uff0c\u4e3a\u6ed1\u96ea\u548c\u9a91\u81ea\u884c\u8f66\u65c5\u884c\u63d0\u4f9b\u5fc5\u8981\u7684\u88c5\u5907\u3002Trysil Skishop \u8fd8\u6709\u5408\u4f5c\u4f19\u4f34\u4e3a\u5ba2\u4eba\u63d0\u4f9b\u6298\u6263\u3002\u4ed6\u4eec\u4e0e\u8be5\u5730\u533a\u7684\u5176\u4ed6\u79df\u8d41\u4e2d\u5fc3\u4e00\u6837\uff0c\u4ee5\u4f4e\u5ec9\u7684\u4ef7\u683c\u548c\u9ad8\u6807\u51c6\u7684\u8bbe\u5907\u800c\u95fb\u540d\u3002.","email":"Info@skishop.no","telephone":"+4791929291","legalName":"Trysil Skishop AS","foundingDate":"1999-01-01","vatID":"981 443 489","numberOfEmployees":{"@type":"QuantitativeValue","minValue":"11","maxValue":"50"},"publishingPrinciples":"https:\/\/skishop.no\/ofte-stile-sporsmal\/"}]}},"_links":{"self":[{"href":"https:\/\/skishop.no\/zh\/wp-json\/wp\/v2\/product\/8670","targetHints":{"allow":["GET"]}}],"collection":[{"href":"https:\/\/skishop.no\/zh\/wp-json\/wp\/v2\/product"}],"about":[{"href":"https:\/\/skishop.no\/zh\/wp-json\/wp\/v2\/types\/product"}],"version-history":[{"count":1,"href":"https:\/\/skishop.no\/zh\/wp-json\/wp\/v2\/product\/8670\/revisions"}],"predecessor-version":[{"id":8689,"href":"https:\/\/skishop.no\/zh\/wp-json\/wp\/v2\/product\/8670\/revisions\/8689"}],"wp:featuredmedia":[{"embeddable":true,"href":"https:\/\/skishop.no\/zh\/wp-json\/wp\/v2\/media\/8796"}],"wp:attachment":[{"href":"https:\/\/skishop.no\/zh\/wp-json\/wp\/v2\/media?parent=8670"}],"wp:term":[{"taxonomy":"product_brand","embeddable":true,"href":"https:\/\/skishop.no\/zh\/wp-json\/wp\/v2\/product_brand?post=8670"},{"taxonomy":"product_cat","embeddable":true,"href":"https:\/\/skishop.no\/zh\/wp-json\/wp\/v2\/product_cat?post=8670"},{"taxonomy":"product_tag","embeddable":true,"href":"https:\/\/skishop.no\/zh\/wp-json\/wp\/v2\/product_tag?post=8670"}],"curies":[{"name":"wp","href":"https:\/\/api.w.org\/{rel}","templated":true}]}}